{"id":480,"date":"2022-11-06T13:08:11","date_gmt":"2022-11-06T13:08:11","guid":{"rendered":"https:\/\/buygoogleadsaccounts.com\/?post_type=product&#038;p=480"},"modified":"2023-12-13T11:01:31","modified_gmt":"2023-12-13T11:01:31","slug":"google-ads-tuccar-merkezi-hesabi","status":"publish","type":"product","link":"https:\/\/buygoogleadsaccounts.com\/tr\/googleads\/google-ads-tuccar-merkezi-hesabi\/","title":{"rendered":"Google Ads Merchant Center Hesab\u0131"},"content":{"rendered":"<p><span style=\"font-size: 120%;\">Do\u011frulanm\u0131\u015f Google Merchant Center hesaplar\u0131m\u0131zla \u00fcr\u00fcnlerinizi Google Al\u0131\u015fveri\u015f'te sat\u0131n. Google Merchant Center, ma\u011faza ve \u00fcr\u00fcn verilerinizi Google'a y\u00fcklemenize ve bunlar\u0131 Al\u0131\u015fveri\u015f reklamlar\u0131 ve di\u011fer Google hizmetleri i\u00e7in kullan\u0131labilir hale getirmenize yard\u0131mc\u0131 olan bir ara\u00e7t\u0131r. <\/span><\/p>\n<p><span style=\"font-size: 120%;\">T\u00fcm hesaplar \u0130\u015fletme ve Kimlik do\u011frulamal\u0131d\u0131r ve 2018'de olu\u015fturulan ajanslard\u0131r. Bu hesaplar hi\u00e7bir zaman ask\u0131ya al\u0131nmam\u0131\u015f ve t\u00fcm \u00fcr\u00fcnler onaylanm\u0131\u015ft\u0131r.<\/span><\/p>\n<p><span style=\"font-size: 120%;\">Google sizi Arama, Al\u0131\u015fveri\u015f, YouTube ve web \u00fczerinden do\u011fru m\u00fc\u015fterilerle bulu\u015fturacak. <\/span><\/p>\n<p><span style=\"font-size: 120%;\">Hesap ba\u015f\u0131na fiyat.<\/span><\/p>\n<h2>Google Ads Merchant Center'\u0131n \u00d6nemi<\/h2>\n<p>Bir Google Ads Merchant Center hesab\u0131na sahip olmak, \u00e7evrimi\u00e7i g\u00f6r\u00fcn\u00fcrl\u00fcklerini en \u00fcst d\u00fczeye \u00e7\u0131karmak ve daha fazla sat\u0131\u015f yapmak isteyen i\u015fletmeler i\u00e7in \u00e7ok \u00f6nemlidir. \u00dcr\u00fcnlerinizi do\u011frudan Google'\u0131n arama sonu\u00e7lar\u0131 sayfas\u0131nda sergilemenize olanak tan\u0131yarak potansiyel m\u00fc\u015fterilerin \u00fcr\u00fcnlerinizi bulmas\u0131n\u0131 ve sat\u0131n almas\u0131n\u0131 kolayla\u015ft\u0131r\u0131r.<\/p>\n<p>Ancak Google Ads Merchant Center hesab\u0131 almak zorlu bir s\u00fcre\u00e7 olabilir. Google'\u0131n, i\u015fletmelerin hesaplar\u0131n\u0131n onaylanabilmesi i\u00e7in yerine getirmeleri gereken kat\u0131 y\u00f6nergeleri ve gereksinimleri vard\u0131r. Bu, \u00f6zellikle k\u00fc\u00e7\u00fck i\u015fletmeler veya \u00e7evrimi\u00e7i reklamc\u0131l\u0131\u011fa yeni ba\u015flayanlar i\u00e7in zaman al\u0131c\u0131 ve sinir bozucu olabilir.<\/p>\n<h2>\u00c7\u00f6z\u00fcm yolu: Google Ads Merchant Center Hesaplar\u0131 Sat\u0131n Al\u0131n<\/h2>\n<p>Google Ads Merchant Center hesab\u0131 edinmenin zorluklar\u0131n\u0131n \u00fcstesinden gelmenin bir yolu da bir hesap sat\u0131n almakt\u0131r. Kullan\u0131ma haz\u0131r, \u00f6nceden onaylanm\u0131\u015f hesaplar sunan sayg\u0131n sat\u0131c\u0131lar vard\u0131r. Bu se\u00e7enek i\u015fletmeler i\u00e7in \u00e7e\u015fitli avantajlar sa\u011flar:<\/p>\n<h3>1. Zaman ve \u00c7aba Tasarrufu<\/h3>\n<p>\u0130\u015fletmeler, \u00f6nceden onaylanm\u0131\u015f bir Google Ads Merchant Center hesab\u0131 sat\u0131n alarak uzun onay s\u00fcrecini atlayabilir ve \u00fcr\u00fcnlerinin reklam\u0131n\u0131 yapmaya hemen ba\u015flayabilir. Bu, i\u015fletmenin di\u011fer alanlar\u0131nda daha iyi kullan\u0131labilecek de\u011ferli zaman ve \u00e7abadan tasarruf sa\u011flar.<\/p>\n<h3>2. Google Al\u0131\u015fveri\u015f'e Eri\u015fim<\/h3>\n<p>Google Al\u0131\u015fveri\u015f, i\u015fletmelerin \u00fcr\u00fcnlerini g\u00f6rseller, fiyatlar ve di\u011fer ilgili ayr\u0131nt\u0131larla sergilemelerine olanak tan\u0131yan g\u00fc\u00e7l\u00fc bir reklam platformudur. \u0130\u015fletmeler, \u00f6nceden onaylanm\u0131\u015f bir Merchant Center hesab\u0131yla Google Al\u0131\u015fveri\u015f'in geni\u015f potansiyelinden yararlanabilir ve milyonlarca potansiyel m\u00fc\u015fteriye ula\u015fabilir.<\/p>\n<h3>3. Uzmanl\u0131k ve Destek<\/h3>\n<p>Google Ads Merchant Center hesaplar\u0131n\u0131n sayg\u0131n sat\u0131c\u0131lar\u0131, i\u015fletmelerin hesaplar\u0131ndan en iyi \u015fekilde yararlanmalar\u0131na yard\u0131mc\u0131 olmak i\u00e7in genellikle ek destek ve rehberlik sa\u011flar. Bu destek, \u00fcr\u00fcn veri ak\u0131\u015flar\u0131n\u0131 optimize etme, etkili reklam kampanyalar\u0131 olu\u015fturma ve yat\u0131r\u0131m getirisini en \u00fcst d\u00fczeye \u00e7\u0131karma konusunda ipu\u00e7lar\u0131 i\u00e7erebilir.<\/p>\n<h3>4. Artan \u00c7evrimi\u00e7i G\u00f6r\u00fcn\u00fcrl\u00fck<\/h3>\n<p>Bir Google Ads Merchant Center hesab\u0131 ile i\u015fletmeler \u00e7evrimi\u00e7i g\u00f6r\u00fcn\u00fcrl\u00fcklerini art\u0131rabilir ve daha geni\u015f bir kitleye ula\u015fabilir. \u0130\u015fletmeler, \u00fcr\u00fcnlerini do\u011frudan Google'\u0131n arama sonu\u00e7lar\u0131 sayfas\u0131nda sergileyerek daha fazla potansiyel m\u00fc\u015fteri \u00e7ekebilir ve web sitelerine daha fazla trafik \u00e7ekebilir.<\/p>\n<h3>5. Rekabet Avantaj\u0131<\/h3>\n<p>\u00d6nceden onaylanm\u0131\u015f bir Google Ads Merchant Center hesab\u0131 sat\u0131n almak i\u015fletmelere rekabet avantaj\u0131 sa\u011flayabilir. Rakipleri hesaplar\u0131n\u0131 onaylatmak i\u00e7in h\u00e2l\u00e2 u\u011fra\u015f\u0131yor olabilirken, Google Al\u0131\u015fveri\u015f'te hemen reklam vermeye ba\u015flamalar\u0131n\u0131 sa\u011flar. Pazara bu erken giri\u015f, sat\u0131\u015flar\u0131n ve marka bilinirli\u011finin artmas\u0131n\u0131 sa\u011flayabilir.<\/p>\n<h2>Sonu\u00e7<\/h2>\n<p>Google Ads Merchant Center hesab\u0131 almak zorlu bir s\u00fcre\u00e7 olabilir, ancak \u00f6nceden onaylanm\u0131\u015f bir hesap sat\u0131n almak i\u015fletmelere ba\u015far\u0131ya giden k\u0131sa bir yol sa\u011flayabilir. Zaman ve emek tasarrufu sa\u011flar, Google Al\u0131\u015fveri\u015f'e eri\u015fim sa\u011flar, uzmanl\u0131k ve destek sunar, \u00e7evrimi\u00e7i g\u00f6r\u00fcn\u00fcrl\u00fc\u011f\u00fc art\u0131r\u0131r ve rekabet avantaj\u0131 sa\u011flar. \u00c7evrimi\u00e7i reklamc\u0131l\u0131k \u00e7al\u0131\u015fmalar\u0131n\u0131z\u0131 en \u00fcst d\u00fczeye \u00e7\u0131karmak ve daha geni\u015f bir kitleye ula\u015fmak istiyorsan\u0131z, bir Google Ads Merchant Center hesab\u0131 sat\u0131n almak i\u015fletmeniz i\u00e7in do\u011fru se\u00e7im olabilir.<\/p>","protected":false},"excerpt":{"rendered":"<p>Sell your products on Google Shopping with our Verified Google Merchant Center accounts. Google Merchant Center is a tool that helps you upload your shop and product data to Google and make it available for Shopping ads and other Google services. All accounts are Business and Identity verified and are agency created in 2018. These [&#8230;]\n","protected":false},"featured_media":418,"template":"","meta":[],"product_brand":[],"product_cat":[78],"product_tag":[211,209,114,210,207,208],"class_list":{"0":"post-480","1":"product","2":"type-product","3":"status-publish","4":"has-post-thumbnail","6":"product_cat-buy-google-ads-services","7":"product_tag-buy-google-ads-merchant-center","8":"product_tag-google-ads-merchant-account","9":"product_tag-google-ads-merchant-center","10":"product_tag-google-ads-merchant-center-accounts","11":"product_tag-google-merchant-center","12":"product_tag-google-merchant-center-accounts","14":"first","15":"instock","16":"shipping-taxable","17":"purchasable","18":"product-type-simple"},"yoast_head":"<!-- This site is optimized with the Yoast SEO Premium plugin v27.2 (Yoast SEO v27.4) - https:\/\/yoast.com\/product\/yoast-seo-premium-wordpress\/ -->\n<title>Google Ads Merchant Center Account - Buy Google Ads Accounts<\/title>\n<meta name=\"description\" content=\"Buy a Verified Google Merchant Center Account and advertise your products instantly. Run ads on Google Ads with our Google Merchant Center accounts.\" \/>\n<meta name=\"robots\" content=\"index, follow, max-snippet:-1, max-image-preview:large, max-video-preview:-1\" \/>\n<link rel=\"canonical\" href=\"https:\/\/buygoogleadsaccounts.com\/tr\/googleads\/google-ads-tuccar-merkezi-hesabi\/\" \/>\n<meta property=\"og:locale\" content=\"tr_TR\" \/>\n<meta property=\"og:type\" content=\"article\" \/>\n<meta property=\"og:title\" content=\"Google Ads Merchant Center Account\" \/>\n<meta property=\"og:description\" content=\"Buy a Verified Google Merchant Center Account and advertise your products instantly. Run ads on Google Ads with our Google Merchant Center accounts.\" \/>\n<meta property=\"og:url\" content=\"https:\/\/buygoogleadsaccounts.com\/tr\/googleads\/google-ads-tuccar-merkezi-hesabi\/\" \/>\n<meta property=\"og:site_name\" content=\"Buy Google Ads Accounts\" \/>\n<meta property=\"article:modified_time\" content=\"2023-12-13T11:01:31+00:00\" \/>\n<meta property=\"og:image\" content=\"http:\/\/buygoogleadsaccounts.com\/wp-content\/uploads\/2022\/11\/google-ads-accounts-sale.png\" \/>\n\t<meta property=\"og:image:width\" content=\"500\" \/>\n\t<meta property=\"og:image:height\" content=\"500\" \/>\n\t<meta property=\"og:image:type\" content=\"image\/png\" \/>\n<meta name=\"twitter:card\" content=\"summary_large_image\" \/>\n<meta name=\"twitter:label1\" content=\"Tahmini okuma s\u00fcresi\" \/>\n\t<meta name=\"twitter:data1\" content=\"3 dakika\" \/>\n<script type=\"application\/ld+json\" class=\"yoast-schema-graph\">{\"@context\":\"https:\\\/\\\/schema.org\",\"@graph\":[{\"@type\":\"WebPage\",\"@id\":\"https:\\\/\\\/buygoogleadsaccounts.com\\\/googleads\\\/google-ads-merchant-center-account\\\/\",\"url\":\"https:\\\/\\\/buygoogleadsaccounts.com\\\/googleads\\\/google-ads-merchant-center-account\\\/\",\"name\":\"Google Ads Merchant Center Account - Buy Google Ads Accounts\",\"isPartOf\":{\"@id\":\"https:\\\/\\\/buygoogleadsaccounts.com\\\/#website\"},\"primaryImageOfPage\":{\"@id\":\"https:\\\/\\\/buygoogleadsaccounts.com\\\/googleads\\\/google-ads-merchant-center-account\\\/#primaryimage\"},\"image\":{\"@id\":\"https:\\\/\\\/buygoogleadsaccounts.com\\\/googleads\\\/google-ads-merchant-center-account\\\/#primaryimage\"},\"thumbnailUrl\":\"https:\\\/\\\/buygoogleadsaccounts.com\\\/wp-content\\\/uploads\\\/2022\\\/11\\\/google-ads-accounts-sale.png\",\"datePublished\":\"2022-11-06T13:08:11+00:00\",\"dateModified\":\"2023-12-13T11:01:31+00:00\",\"description\":\"Buy a Verified Google Merchant Center Account and advertise your products instantly. Run ads on Google Ads with our Google Merchant Center accounts.\",\"breadcrumb\":{\"@id\":\"https:\\\/\\\/buygoogleadsaccounts.com\\\/googleads\\\/google-ads-merchant-center-account\\\/#breadcrumb\"},\"inLanguage\":\"tr\",\"potentialAction\":[{\"@type\":\"ReadAction\",\"target\":[\"https:\\\/\\\/buygoogleadsaccounts.com\\\/googleads\\\/google-ads-merchant-center-account\\\/\"]}]},{\"@type\":\"ImageObject\",\"inLanguage\":\"tr\",\"@id\":\"https:\\\/\\\/buygoogleadsaccounts.com\\\/googleads\\\/google-ads-merchant-center-account\\\/#primaryimage\",\"url\":\"https:\\\/\\\/buygoogleadsaccounts.com\\\/wp-content\\\/uploads\\\/2022\\\/11\\\/google-ads-accounts-sale.png\",\"contentUrl\":\"https:\\\/\\\/buygoogleadsaccounts.com\\\/wp-content\\\/uploads\\\/2022\\\/11\\\/google-ads-accounts-sale.png\",\"width\":500,\"height\":500},{\"@type\":\"BreadcrumbList\",\"@id\":\"https:\\\/\\\/buygoogleadsaccounts.com\\\/googleads\\\/google-ads-merchant-center-account\\\/#breadcrumb\",\"itemListElement\":[{\"@type\":\"ListItem\",\"position\":1,\"name\":\"Home\",\"item\":\"https:\\\/\\\/buygoogleadsaccounts.com\\\/\"},{\"@type\":\"ListItem\",\"position\":2,\"name\":\"Shop\",\"item\":\"https:\\\/\\\/buygoogleadsaccounts.com\\\/el\\\/%ce%ba%ce%b1%cf%84%ce%ac%cf%83%cf%84%ce%b7%ce%bc%ce%b1\\\/\"},{\"@type\":\"ListItem\",\"position\":3,\"name\":\"Google Ads Merchant Center Account\"}]},{\"@type\":\"WebSite\",\"@id\":\"https:\\\/\\\/buygoogleadsaccounts.com\\\/#website\",\"url\":\"https:\\\/\\\/buygoogleadsaccounts.com\\\/\",\"name\":\"Buy Google Ads Accounts\",\"description\":\"\",\"publisher\":{\"@id\":\"https:\\\/\\\/buygoogleadsaccounts.com\\\/#organization\"},\"potentialAction\":[{\"@type\":\"SearchAction\",\"target\":{\"@type\":\"EntryPoint\",\"urlTemplate\":\"https:\\\/\\\/buygoogleadsaccounts.com\\\/?s={search_term_string}\"},\"query-input\":{\"@type\":\"PropertyValueSpecification\",\"valueRequired\":true,\"valueName\":\"search_term_string\"}}],\"inLanguage\":\"tr\"},{\"@type\":\"Organization\",\"@id\":\"https:\\\/\\\/buygoogleadsaccounts.com\\\/#organization\",\"name\":\"Buy Google Ads Accounts\",\"url\":\"https:\\\/\\\/buygoogleadsaccounts.com\\\/\",\"logo\":{\"@type\":\"ImageObject\",\"inLanguage\":\"tr\",\"@id\":\"https:\\\/\\\/buygoogleadsaccounts.com\\\/#\\\/schema\\\/logo\\\/image\\\/\",\"url\":\"https:\\\/\\\/buygoogleadsaccounts.com\\\/wp-content\\\/uploads\\\/2022\\\/11\\\/cropped-fav.jpg\",\"contentUrl\":\"https:\\\/\\\/buygoogleadsaccounts.com\\\/wp-content\\\/uploads\\\/2022\\\/11\\\/cropped-fav.jpg\",\"width\":512,\"height\":512,\"caption\":\"Buy Google Ads Accounts\"},\"image\":{\"@id\":\"https:\\\/\\\/buygoogleadsaccounts.com\\\/#\\\/schema\\\/logo\\\/image\\\/\"}}]}<\/script>\n<!-- \/ Yoast SEO Premium plugin. -->","yoast_head_json":{"title":"Google Ads Merchant Center Hesab\u0131 - Google Ads Hesaplar\u0131 Sat\u0131n Al\u0131n","description":"Do\u011frulanm\u0131\u015f bir Google Merchant Center Hesab\u0131 sat\u0131n al\u0131n ve \u00fcr\u00fcnlerinizin reklam\u0131n\u0131 an\u0131nda yap\u0131n. Google Merchant Center hesaplar\u0131m\u0131z ile Google Ads'de reklam yay\u0131nlay\u0131n.","robots":{"index":"index","follow":"follow","max-snippet":"max-snippet:-1","max-image-preview":"max-image-preview:large","max-video-preview":"max-video-preview:-1"},"canonical":"https:\/\/buygoogleadsaccounts.com\/tr\/googleads\/google-ads-tuccar-merkezi-hesabi\/","og_locale":"tr_TR","og_type":"article","og_title":"Google Ads Merchant Center Account","og_description":"Buy a Verified Google Merchant Center Account and advertise your products instantly. Run ads on Google Ads with our Google Merchant Center accounts.","og_url":"https:\/\/buygoogleadsaccounts.com\/tr\/googleads\/google-ads-tuccar-merkezi-hesabi\/","og_site_name":"Buy Google Ads Accounts","article_modified_time":"2023-12-13T11:01:31+00:00","og_image":[{"width":500,"height":500,"url":"http:\/\/buygoogleadsaccounts.com\/wp-content\/uploads\/2022\/11\/google-ads-accounts-sale.png","type":"image\/png"}],"twitter_card":"summary_large_image","twitter_misc":{"Tahmini okuma s\u00fcresi":"3 dakika"},"schema":{"@context":"https:\/\/schema.org","@graph":[{"@type":"WebPage","@id":"https:\/\/buygoogleadsaccounts.com\/googleads\/google-ads-merchant-center-account\/","url":"https:\/\/buygoogleadsaccounts.com\/googleads\/google-ads-merchant-center-account\/","name":"Google Ads Merchant Center Hesab\u0131 - Google Ads Hesaplar\u0131 Sat\u0131n Al\u0131n","isPartOf":{"@id":"https:\/\/buygoogleadsaccounts.com\/#website"},"primaryImageOfPage":{"@id":"https:\/\/buygoogleadsaccounts.com\/googleads\/google-ads-merchant-center-account\/#primaryimage"},"image":{"@id":"https:\/\/buygoogleadsaccounts.com\/googleads\/google-ads-merchant-center-account\/#primaryimage"},"thumbnailUrl":"https:\/\/buygoogleadsaccounts.com\/wp-content\/uploads\/2022\/11\/google-ads-accounts-sale.png","datePublished":"2022-11-06T13:08:11+00:00","dateModified":"2023-12-13T11:01:31+00:00","description":"Do\u011frulanm\u0131\u015f bir Google Merchant Center Hesab\u0131 sat\u0131n al\u0131n ve \u00fcr\u00fcnlerinizin reklam\u0131n\u0131 an\u0131nda yap\u0131n. Google Merchant Center hesaplar\u0131m\u0131z ile Google Ads'de reklam yay\u0131nlay\u0131n.","breadcrumb":{"@id":"https:\/\/buygoogleadsaccounts.com\/googleads\/google-ads-merchant-center-account\/#breadcrumb"},"inLanguage":"tr","potentialAction":[{"@type":"ReadAction","target":["https:\/\/buygoogleadsaccounts.com\/googleads\/google-ads-merchant-center-account\/"]}]},{"@type":"ImageObject","inLanguage":"tr","@id":"https:\/\/buygoogleadsaccounts.com\/googleads\/google-ads-merchant-center-account\/#primaryimage","url":"https:\/\/buygoogleadsaccounts.com\/wp-content\/uploads\/2022\/11\/google-ads-accounts-sale.png","contentUrl":"https:\/\/buygoogleadsaccounts.com\/wp-content\/uploads\/2022\/11\/google-ads-accounts-sale.png","width":500,"height":500},{"@type":"BreadcrumbList","@id":"https:\/\/buygoogleadsaccounts.com\/googleads\/google-ads-merchant-center-account\/#breadcrumb","itemListElement":[{"@type":"ListItem","position":1,"name":"Home","item":"https:\/\/buygoogleadsaccounts.com\/"},{"@type":"ListItem","position":2,"name":"Shop","item":"https:\/\/buygoogleadsaccounts.com\/el\/%ce%ba%ce%b1%cf%84%ce%ac%cf%83%cf%84%ce%b7%ce%bc%ce%b1\/"},{"@type":"ListItem","position":3,"name":"Google Ads Merchant Center Account"}]},{"@type":"WebSite","@id":"https:\/\/buygoogleadsaccounts.com\/#website","url":"https:\/\/buygoogleadsaccounts.com\/","name":"Google Ads Hesaplar\u0131 Sat\u0131n Al\u0131n","description":"","publisher":{"@id":"https:\/\/buygoogleadsaccounts.com\/#organization"},"potentialAction":[{"@type":"SearchAction","target":{"@type":"EntryPoint","urlTemplate":"https:\/\/buygoogleadsaccounts.com\/?s={search_term_string}"},"query-input":{"@type":"PropertyValueSpecification","valueRequired":true,"valueName":"search_term_string"}}],"inLanguage":"tr"},{"@type":"Organization","@id":"https:\/\/buygoogleadsaccounts.com\/#organization","name":"Google Ads Hesaplar\u0131 Sat\u0131n Al\u0131n","url":"https:\/\/buygoogleadsaccounts.com\/","logo":{"@type":"ImageObject","inLanguage":"tr","@id":"https:\/\/buygoogleadsaccounts.com\/#\/schema\/logo\/image\/","url":"https:\/\/buygoogleadsaccounts.com\/wp-content\/uploads\/2022\/11\/cropped-fav.jpg","contentUrl":"https:\/\/buygoogleadsaccounts.com\/wp-content\/uploads\/2022\/11\/cropped-fav.jpg","width":512,"height":512,"caption":"Buy Google Ads Accounts"},"image":{"@id":"https:\/\/buygoogleadsaccounts.com\/#\/schema\/logo\/image\/"}}]}},"_links":{"self":[{"href":"https:\/\/buygoogleadsaccounts.com\/tr\/wp-json\/wp\/v2\/product\/480","targetHints":{"allow":["GET"]}}],"collection":[{"href":"https:\/\/buygoogleadsaccounts.com\/tr\/wp-json\/wp\/v2\/product"}],"about":[{"href":"https:\/\/buygoogleadsaccounts.com\/tr\/wp-json\/wp\/v2\/types\/product"}],"wp:featuredmedia":[{"embeddable":true,"href":"https:\/\/buygoogleadsaccounts.com\/tr\/wp-json\/wp\/v2\/media\/418"}],"wp:attachment":[{"href":"https:\/\/buygoogleadsaccounts.com\/tr\/wp-json\/wp\/v2\/media?parent=480"}],"wp:term":[{"taxonomy":"product_brand","embeddable":true,"href":"https:\/\/buygoogleadsaccounts.com\/tr\/wp-json\/wp\/v2\/product_brand?post=480"},{"taxonomy":"product_cat","embeddable":true,"href":"https:\/\/buygoogleadsaccounts.com\/tr\/wp-json\/wp\/v2\/product_cat?post=480"},{"taxonomy":"product_tag","embeddable":true,"href":"https:\/\/buygoogleadsaccounts.com\/tr\/wp-json\/wp\/v2\/product_tag?post=480"}],"curies":[{"name":"wp","href":"https:\/\/api.w.org\/{rel}","templated":true}]}}