{"id":634,"date":"2022-11-17T07:15:46","date_gmt":"2022-11-17T07:15:46","guid":{"rendered":"https:\/\/buygoogleadsaccounts.com\/?post_type=product&#038;p=634"},"modified":"2025-10-26T10:20:40","modified_gmt":"2025-10-26T10:20:40","slug":"google-ads-konto-2017-cn-spenderade-38350","status":"publish","type":"product","link":"https:\/\/buygoogleadsaccounts.com\/sv\/googleads\/google-ads-konto-2017-cn-spenderade-38350\/","title":{"rendered":"Google Ads-konto 2017 CN spenderat $38350"},"content":{"rendered":"<p><span style=\"font-size: 120%;\">K\u00f6p ett verifierat Google Ads-konto som skapades i Kina 2017 med 273450 \u00a5 pengar som spenderats p\u00e5 annonser. Publicera omedelbart kampanjer p\u00e5 Google S\u00f6k, Google Display-n\u00e4tverket, Google Shopping, YouTube, Google Play och mer. <\/span><\/p>\n<p><span style=\"font-size: 120%;\">Du beh\u00f6ver inte oroa dig f\u00f6r annonsrecensioner, kontorevisioner med det h\u00e4r kontot. Kontot hade aldrig n\u00e5gra problem med avst\u00e4ngningar tidigare.<\/span><\/p>\n<p><span style=\"font-size: 120%;\">V\u00e4lj en kontoansvarig som hanterar dina kampanjer och maximerar din budget.<\/span><\/p>\n<p><span style=\"font-size: 17.28px;\"><strong>L\u00e4gg till faktureringsmetod<\/strong> - Vi kommer att tillhandah\u00e5lla faktureringsmetoden f\u00f6r ditt konto. <\/span><\/p>","protected":false},"excerpt":{"rendered":"<p>Buy a Verified Google Ads Account created in China in 2017 with \u00a5273450 money spent on ads. Instantly publish campaigns on Google Search, Google Display Network, Google Shopping, YouTube, Google Play and more. You won&#8217;t have to worry about ads reviews, account reviews with this account. Account never had any suspensions issues in the past. [&#8230;]\n","protected":false},"featured_media":418,"template":"","meta":[],"product_brand":[],"product_cat":[15],"product_tag":[85,80,92,288,79,285,180,287,81,183,96,184,97,103,74,289,286,121,129,284,181,142,144,147],"class_list":{"0":"post-634","1":"product","2":"type-product","3":"status-publish","4":"has-post-thumbnail","6":"product_cat-buy-google-ads-accounts","7":"product_tag-account-suspended-google-ads","8":"product_tag-aged-google-ads-accounts","9":"product_tag-buy-ads-accounts","10":"product_tag-buy-china-google-ads-accounts","11":"product_tag-buy-google-ads-accounts","12":"product_tag-buy-japan-google-ads-accounts","13":"product_tag-buy-uk-google-ads-account","14":"product_tag-china-google-ads-accounts","15":"product_tag-cloaking-google-ads","16":"product_tag-cloaking-google-ads-account","17":"product_tag-crypto-ads-google","18":"product_tag-crypto-google-ads","19":"product_tag-gambling-google-ads","20":"product_tag-google-ads-account-suspended-suspicious-payments","21":"product_tag-google-ads-accounts","22":"product_tag-google-ads-china","23":"product_tag-google-ads-japan","24":"product_tag-google-ads-suspended-account","25":"product_tag-google-ads-your-account-is-suspended","26":"product_tag-japan-google-ads-accounts","27":"product_tag-old-google-ads-account","28":"product_tag-suspicious-payment-activity-google-ads","29":"product_tag-suspicious-payments-google-ads","30":"product_tag-uk-google-ads-account","32":"first","33":"instock","34":"shipping-taxable","35":"purchasable","36":"product-type-simple"},"yoast_head":"<!-- This site is optimized with the Yoast SEO Premium plugin v27.2 (Yoast SEO v27.4) - https:\/\/yoast.com\/product\/yoast-seo-premium-wordpress\/ -->\n<title>Google Ads Account 2017 CN Spent $38350 - Buy Google Ads Accounts<\/title>\n<meta name=\"description\" content=\"Buy China Google Ads Account created in 2018 with history. All our Google Ads Accounts are verified and can run ads instantly with no review.\" \/>\n<meta name=\"robots\" content=\"index, follow, max-snippet:-1, max-image-preview:large, max-video-preview:-1\" \/>\n<link rel=\"canonical\" href=\"https:\/\/buygoogleadsaccounts.com\/sv\/googleads\/google-ads-konto-2017-cn-spenderade-38350\/\" \/>\n<meta property=\"og:locale\" content=\"sv_SE\" \/>\n<meta property=\"og:type\" content=\"article\" \/>\n<meta property=\"og:title\" content=\"Google Ads Account 2017 CN Spent $38350\" \/>\n<meta property=\"og:description\" content=\"Buy China Google Ads Account created in 2018 with history. All our Google Ads Accounts are verified and can run ads instantly with no review.\" \/>\n<meta property=\"og:url\" content=\"https:\/\/buygoogleadsaccounts.com\/sv\/googleads\/google-ads-konto-2017-cn-spenderade-38350\/\" \/>\n<meta property=\"og:site_name\" content=\"Buy Google Ads Accounts\" \/>\n<meta property=\"article:modified_time\" content=\"2025-10-26T10:20:40+00:00\" \/>\n<meta property=\"og:image\" content=\"http:\/\/buygoogleadsaccounts.com\/wp-content\/uploads\/2022\/11\/google-ads-accounts-sale.png\" \/>\n\t<meta property=\"og:image:width\" content=\"500\" \/>\n\t<meta property=\"og:image:height\" content=\"500\" \/>\n\t<meta property=\"og:image:type\" content=\"image\/png\" \/>\n<meta name=\"twitter:card\" content=\"summary_large_image\" \/>\n<meta name=\"twitter:label1\" content=\"Ber\u00e4knad l\u00e4stid\" \/>\n\t<meta name=\"twitter:data1\" content=\"1 minut\" \/>\n<script type=\"application\/ld+json\" class=\"yoast-schema-graph\">{\"@context\":\"https:\\\/\\\/schema.org\",\"@graph\":[{\"@type\":\"WebPage\",\"@id\":\"https:\\\/\\\/buygoogleadsaccounts.com\\\/googleads\\\/google-ads-account-2017-cn-spent-38350\\\/\",\"url\":\"https:\\\/\\\/buygoogleadsaccounts.com\\\/googleads\\\/google-ads-account-2017-cn-spent-38350\\\/\",\"name\":\"Google Ads Account 2017 CN Spent $38350 - Buy Google Ads Accounts\",\"isPartOf\":{\"@id\":\"https:\\\/\\\/buygoogleadsaccounts.com\\\/#website\"},\"primaryImageOfPage\":{\"@id\":\"https:\\\/\\\/buygoogleadsaccounts.com\\\/googleads\\\/google-ads-account-2017-cn-spent-38350\\\/#primaryimage\"},\"image\":{\"@id\":\"https:\\\/\\\/buygoogleadsaccounts.com\\\/googleads\\\/google-ads-account-2017-cn-spent-38350\\\/#primaryimage\"},\"thumbnailUrl\":\"https:\\\/\\\/buygoogleadsaccounts.com\\\/wp-content\\\/uploads\\\/2022\\\/11\\\/google-ads-accounts-sale.png\",\"datePublished\":\"2022-11-17T07:15:46+00:00\",\"dateModified\":\"2025-10-26T10:20:40+00:00\",\"description\":\"Buy China Google Ads Account created in 2018 with history. All our Google Ads Accounts are verified and can run ads instantly with no review.\",\"breadcrumb\":{\"@id\":\"https:\\\/\\\/buygoogleadsaccounts.com\\\/googleads\\\/google-ads-account-2017-cn-spent-38350\\\/#breadcrumb\"},\"inLanguage\":\"sv-SE\",\"potentialAction\":[{\"@type\":\"ReadAction\",\"target\":[\"https:\\\/\\\/buygoogleadsaccounts.com\\\/googleads\\\/google-ads-account-2017-cn-spent-38350\\\/\"]}]},{\"@type\":\"ImageObject\",\"inLanguage\":\"sv-SE\",\"@id\":\"https:\\\/\\\/buygoogleadsaccounts.com\\\/googleads\\\/google-ads-account-2017-cn-spent-38350\\\/#primaryimage\",\"url\":\"https:\\\/\\\/buygoogleadsaccounts.com\\\/wp-content\\\/uploads\\\/2022\\\/11\\\/google-ads-accounts-sale.png\",\"contentUrl\":\"https:\\\/\\\/buygoogleadsaccounts.com\\\/wp-content\\\/uploads\\\/2022\\\/11\\\/google-ads-accounts-sale.png\",\"width\":500,\"height\":500},{\"@type\":\"BreadcrumbList\",\"@id\":\"https:\\\/\\\/buygoogleadsaccounts.com\\\/googleads\\\/google-ads-account-2017-cn-spent-38350\\\/#breadcrumb\",\"itemListElement\":[{\"@type\":\"ListItem\",\"position\":1,\"name\":\"Home\",\"item\":\"https:\\\/\\\/buygoogleadsaccounts.com\\\/\"},{\"@type\":\"ListItem\",\"position\":2,\"name\":\"Shop\",\"item\":\"https:\\\/\\\/buygoogleadsaccounts.com\\\/el\\\/%ce%ba%ce%b1%cf%84%ce%ac%cf%83%cf%84%ce%b7%ce%bc%ce%b1\\\/\"},{\"@type\":\"ListItem\",\"position\":3,\"name\":\"Google Ads Account 2017 CN Spent $38350\"}]},{\"@type\":\"WebSite\",\"@id\":\"https:\\\/\\\/buygoogleadsaccounts.com\\\/#website\",\"url\":\"https:\\\/\\\/buygoogleadsaccounts.com\\\/\",\"name\":\"Buy Google Ads Accounts\",\"description\":\"\",\"publisher\":{\"@id\":\"https:\\\/\\\/buygoogleadsaccounts.com\\\/#organization\"},\"potentialAction\":[{\"@type\":\"SearchAction\",\"target\":{\"@type\":\"EntryPoint\",\"urlTemplate\":\"https:\\\/\\\/buygoogleadsaccounts.com\\\/?s={search_term_string}\"},\"query-input\":{\"@type\":\"PropertyValueSpecification\",\"valueRequired\":true,\"valueName\":\"search_term_string\"}}],\"inLanguage\":\"sv-SE\"},{\"@type\":\"Organization\",\"@id\":\"https:\\\/\\\/buygoogleadsaccounts.com\\\/#organization\",\"name\":\"Buy Google Ads Accounts\",\"url\":\"https:\\\/\\\/buygoogleadsaccounts.com\\\/\",\"logo\":{\"@type\":\"ImageObject\",\"inLanguage\":\"sv-SE\",\"@id\":\"https:\\\/\\\/buygoogleadsaccounts.com\\\/#\\\/schema\\\/logo\\\/image\\\/\",\"url\":\"https:\\\/\\\/buygoogleadsaccounts.com\\\/wp-content\\\/uploads\\\/2022\\\/11\\\/cropped-fav.jpg\",\"contentUrl\":\"https:\\\/\\\/buygoogleadsaccounts.com\\\/wp-content\\\/uploads\\\/2022\\\/11\\\/cropped-fav.jpg\",\"width\":512,\"height\":512,\"caption\":\"Buy Google Ads Accounts\"},\"image\":{\"@id\":\"https:\\\/\\\/buygoogleadsaccounts.com\\\/#\\\/schema\\\/logo\\\/image\\\/\"}}]}<\/script>\n<!-- \/ Yoast SEO Premium plugin. -->","yoast_head_json":{"title":"Google Ads-konto 2017 CN spenderat $38350 - K\u00f6p Google Ads-konton","description":"K\u00f6p Kina Google Ads-konto skapat 2018 med historia. Alla v\u00e5ra Google Ads-konton \u00e4r verifierade och kan k\u00f6ra annonser direkt utan granskning.","robots":{"index":"index","follow":"follow","max-snippet":"max-snippet:-1","max-image-preview":"max-image-preview:large","max-video-preview":"max-video-preview:-1"},"canonical":"https:\/\/buygoogleadsaccounts.com\/sv\/googleads\/google-ads-konto-2017-cn-spenderade-38350\/","og_locale":"sv_SE","og_type":"article","og_title":"Google Ads Account 2017 CN Spent $38350","og_description":"Buy China Google Ads Account created in 2018 with history. All our Google Ads Accounts are verified and can run ads instantly with no review.","og_url":"https:\/\/buygoogleadsaccounts.com\/sv\/googleads\/google-ads-konto-2017-cn-spenderade-38350\/","og_site_name":"Buy Google Ads Accounts","article_modified_time":"2025-10-26T10:20:40+00:00","og_image":[{"width":500,"height":500,"url":"http:\/\/buygoogleadsaccounts.com\/wp-content\/uploads\/2022\/11\/google-ads-accounts-sale.png","type":"image\/png"}],"twitter_card":"summary_large_image","twitter_misc":{"Ber\u00e4knad l\u00e4stid":"1 minut"},"schema":{"@context":"https:\/\/schema.org","@graph":[{"@type":"WebPage","@id":"https:\/\/buygoogleadsaccounts.com\/googleads\/google-ads-account-2017-cn-spent-38350\/","url":"https:\/\/buygoogleadsaccounts.com\/googleads\/google-ads-account-2017-cn-spent-38350\/","name":"Google Ads-konto 2017 CN spenderat $38350 - K\u00f6p Google Ads-konton","isPartOf":{"@id":"https:\/\/buygoogleadsaccounts.com\/#website"},"primaryImageOfPage":{"@id":"https:\/\/buygoogleadsaccounts.com\/googleads\/google-ads-account-2017-cn-spent-38350\/#primaryimage"},"image":{"@id":"https:\/\/buygoogleadsaccounts.com\/googleads\/google-ads-account-2017-cn-spent-38350\/#primaryimage"},"thumbnailUrl":"https:\/\/buygoogleadsaccounts.com\/wp-content\/uploads\/2022\/11\/google-ads-accounts-sale.png","datePublished":"2022-11-17T07:15:46+00:00","dateModified":"2025-10-26T10:20:40+00:00","description":"K\u00f6p Kina Google Ads-konto skapat 2018 med historia. Alla v\u00e5ra Google Ads-konton \u00e4r verifierade och kan k\u00f6ra annonser direkt utan granskning.","breadcrumb":{"@id":"https:\/\/buygoogleadsaccounts.com\/googleads\/google-ads-account-2017-cn-spent-38350\/#breadcrumb"},"inLanguage":"sv-SE","potentialAction":[{"@type":"ReadAction","target":["https:\/\/buygoogleadsaccounts.com\/googleads\/google-ads-account-2017-cn-spent-38350\/"]}]},{"@type":"ImageObject","inLanguage":"sv-SE","@id":"https:\/\/buygoogleadsaccounts.com\/googleads\/google-ads-account-2017-cn-spent-38350\/#primaryimage","url":"https:\/\/buygoogleadsaccounts.com\/wp-content\/uploads\/2022\/11\/google-ads-accounts-sale.png","contentUrl":"https:\/\/buygoogleadsaccounts.com\/wp-content\/uploads\/2022\/11\/google-ads-accounts-sale.png","width":500,"height":500},{"@type":"BreadcrumbList","@id":"https:\/\/buygoogleadsaccounts.com\/googleads\/google-ads-account-2017-cn-spent-38350\/#breadcrumb","itemListElement":[{"@type":"ListItem","position":1,"name":"Home","item":"https:\/\/buygoogleadsaccounts.com\/"},{"@type":"ListItem","position":2,"name":"Shop","item":"https:\/\/buygoogleadsaccounts.com\/el\/%ce%ba%ce%b1%cf%84%ce%ac%cf%83%cf%84%ce%b7%ce%bc%ce%b1\/"},{"@type":"ListItem","position":3,"name":"Google Ads Account 2017 CN Spent $38350"}]},{"@type":"WebSite","@id":"https:\/\/buygoogleadsaccounts.com\/#website","url":"https:\/\/buygoogleadsaccounts.com\/","name":"K\u00f6pa Google Ads-konton","description":"","publisher":{"@id":"https:\/\/buygoogleadsaccounts.com\/#organization"},"potentialAction":[{"@type":"SearchAction","target":{"@type":"EntryPoint","urlTemplate":"https:\/\/buygoogleadsaccounts.com\/?s={search_term_string}"},"query-input":{"@type":"PropertyValueSpecification","valueRequired":true,"valueName":"search_term_string"}}],"inLanguage":"sv-SE"},{"@type":"Organization","@id":"https:\/\/buygoogleadsaccounts.com\/#organization","name":"K\u00f6pa Google Ads-konton","url":"https:\/\/buygoogleadsaccounts.com\/","logo":{"@type":"ImageObject","inLanguage":"sv-SE","@id":"https:\/\/buygoogleadsaccounts.com\/#\/schema\/logo\/image\/","url":"https:\/\/buygoogleadsaccounts.com\/wp-content\/uploads\/2022\/11\/cropped-fav.jpg","contentUrl":"https:\/\/buygoogleadsaccounts.com\/wp-content\/uploads\/2022\/11\/cropped-fav.jpg","width":512,"height":512,"caption":"Buy Google Ads Accounts"},"image":{"@id":"https:\/\/buygoogleadsaccounts.com\/#\/schema\/logo\/image\/"}}]}},"_links":{"self":[{"href":"https:\/\/buygoogleadsaccounts.com\/sv\/wp-json\/wp\/v2\/product\/634","targetHints":{"allow":["GET"]}}],"collection":[{"href":"https:\/\/buygoogleadsaccounts.com\/sv\/wp-json\/wp\/v2\/product"}],"about":[{"href":"https:\/\/buygoogleadsaccounts.com\/sv\/wp-json\/wp\/v2\/types\/product"}],"wp:featuredmedia":[{"embeddable":true,"href":"https:\/\/buygoogleadsaccounts.com\/sv\/wp-json\/wp\/v2\/media\/418"}],"wp:attachment":[{"href":"https:\/\/buygoogleadsaccounts.com\/sv\/wp-json\/wp\/v2\/media?parent=634"}],"wp:term":[{"taxonomy":"product_brand","embeddable":true,"href":"https:\/\/buygoogleadsaccounts.com\/sv\/wp-json\/wp\/v2\/product_brand?post=634"},{"taxonomy":"product_cat","embeddable":true,"href":"https:\/\/buygoogleadsaccounts.com\/sv\/wp-json\/wp\/v2\/product_cat?post=634"},{"taxonomy":"product_tag","embeddable":true,"href":"https:\/\/buygoogleadsaccounts.com\/sv\/wp-json\/wp\/v2\/product_tag?post=634"}],"curies":[{"name":"wp","href":"https:\/\/api.w.org\/{rel}","templated":true}]}}