{"id":478,"date":"2022-11-05T18:29:56","date_gmt":"2022-11-05T18:29:56","guid":{"rendered":"https:\/\/buygoogleadsaccounts.com\/?post_type=product&#038;p=478"},"modified":"2025-12-29T05:49:07","modified_gmt":"2025-12-29T05:49:07","slug":"google-ads-account-manager","status":"publish","type":"product","link":"https:\/\/buygoogleadsaccounts.com\/sv\/googleads\/google-ads-account-manager\/","title":{"rendered":"Google Ads-kontoansvarig"},"content":{"rendered":"<p><span style=\"font-size: 120%;\">V\u00e5ra experter kommer att skapa dina kampanjer och ge dig alla tips f\u00f6r ditt konto. Undvik avst\u00e4ngningar och maximera din annonsbudget. Vi skapar h\u00f6gkonverterande Google Ads-kampanjer f\u00f6r mer f\u00f6rs\u00e4ljning, vinst och kunder.<\/span><\/p>\n<p><span style=\"font-size: 120%;\">Vi planerar, startar och optimerar B2B Google Ads-kampanjer f\u00f6r fler leads. Vi har erfarenheten och expertisen f\u00f6r att g\u00f6ra din B2B Google Ads-kampanj till en succ\u00e9. Med hundratals framg\u00e5ngsrika kampanjer i bagaget kan vi hj\u00e4lpa dig att f\u00e5 de resultat du vill ha. <\/span><\/p>\n<p><span style=\"font-size: 120%;\">Vi \u00e4r specialister inom Search, Shopping, Display, Apps och YouTube. Vi utvecklar kampanjer s\u00e5 att v\u00e5ra kunder f\u00e5r visningar, engagemang och f\u00f6rs\u00e4ljning.<\/span><\/p>\n<p><span style=\"font-size: 120%;\">Price is per month for up to 20 campaigns with max 3 ads per campaign.<\/span><\/p>\n<p>&nbsp;<\/p>\n<p>&nbsp;<\/p>","protected":false},"excerpt":{"rendered":"<p>Our experts will create your campaigns and give you all the tips for your account. Avoid suspensions and maximize your ad budget. We create high-converting Google Ads campaigns for more sales, profits and customers. We plan, start and optimize B2B Google Ads campaigns for more leads. We have the experience and expertise to make your [&#8230;]\n","protected":false},"featured_media":418,"template":"","meta":[],"product_brand":[],"product_cat":[78],"product_tag":[79,201,199,200,110],"class_list":{"0":"post-478","1":"product","2":"type-product","3":"status-publish","4":"has-post-thumbnail","6":"product_cat-buy-google-ads-services","7":"product_tag-buy-google-ads-accounts","8":"product_tag-google-ads-account-manager","9":"product_tag-google-ads-agency","10":"product_tag-google-ads-campaign-manager","11":"product_tag-google-ads-campaigns","13":"first","14":"instock","15":"shipping-taxable","16":"purchasable","17":"product-type-simple"},"yoast_head":"<!-- This site is optimized with the Yoast SEO Premium plugin v27.2 (Yoast SEO v27.3) - https:\/\/yoast.com\/product\/yoast-seo-premium-wordpress\/ -->\n<title>Google Ads Account Manager - Buy Google Ads Accounts<\/title>\n<meta name=\"description\" content=\"Professional Google Ads Account Manager service to optimize campaigns, reduce suspensions, improve ROI, and scale ad spend safely with expert oversight.\" \/>\n<meta name=\"robots\" content=\"index, follow, max-snippet:-1, max-image-preview:large, max-video-preview:-1\" \/>\n<link rel=\"canonical\" href=\"https:\/\/buygoogleadsaccounts.com\/sv\/googleads\/google-ads-account-manager\/\" \/>\n<meta property=\"og:locale\" content=\"sv_SE\" \/>\n<meta property=\"og:type\" content=\"article\" \/>\n<meta property=\"og:title\" content=\"Google Ads Account Manager\" \/>\n<meta property=\"og:description\" content=\"Professional Google Ads Account Manager service to optimize campaigns, reduce suspensions, improve ROI, and scale ad spend safely with expert oversight.\" \/>\n<meta property=\"og:url\" content=\"https:\/\/buygoogleadsaccounts.com\/sv\/googleads\/google-ads-account-manager\/\" \/>\n<meta property=\"og:site_name\" content=\"Buy Google Ads Accounts\" \/>\n<meta property=\"article:modified_time\" content=\"2025-12-29T05:49:07+00:00\" \/>\n<meta property=\"og:image\" content=\"http:\/\/buygoogleadsaccounts.com\/wp-content\/uploads\/2022\/11\/google-ads-accounts-sale.png\" \/>\n\t<meta property=\"og:image:width\" content=\"500\" \/>\n\t<meta property=\"og:image:height\" content=\"500\" \/>\n\t<meta property=\"og:image:type\" content=\"image\/png\" \/>\n<meta name=\"twitter:card\" content=\"summary_large_image\" \/>\n<meta name=\"twitter:label1\" content=\"Ber\u00e4knad l\u00e4stid\" \/>\n\t<meta name=\"twitter:data1\" content=\"1 minut\" \/>\n<script type=\"application\/ld+json\" class=\"yoast-schema-graph\">{\"@context\":\"https:\\\/\\\/schema.org\",\"@graph\":[{\"@type\":\"WebPage\",\"@id\":\"https:\\\/\\\/buygoogleadsaccounts.com\\\/googleads\\\/google-ads-account-manager\\\/\",\"url\":\"https:\\\/\\\/buygoogleadsaccounts.com\\\/googleads\\\/google-ads-account-manager\\\/\",\"name\":\"Google Ads Account Manager - Buy Google Ads Accounts\",\"isPartOf\":{\"@id\":\"https:\\\/\\\/buygoogleadsaccounts.com\\\/#website\"},\"primaryImageOfPage\":{\"@id\":\"https:\\\/\\\/buygoogleadsaccounts.com\\\/googleads\\\/google-ads-account-manager\\\/#primaryimage\"},\"image\":{\"@id\":\"https:\\\/\\\/buygoogleadsaccounts.com\\\/googleads\\\/google-ads-account-manager\\\/#primaryimage\"},\"thumbnailUrl\":\"https:\\\/\\\/buygoogleadsaccounts.com\\\/wp-content\\\/uploads\\\/2022\\\/11\\\/google-ads-accounts-sale.png\",\"datePublished\":\"2022-11-05T18:29:56+00:00\",\"dateModified\":\"2025-12-29T05:49:07+00:00\",\"description\":\"Professional Google Ads Account Manager service to optimize campaigns, reduce suspensions, improve ROI, and scale ad spend safely with expert oversight.\",\"breadcrumb\":{\"@id\":\"https:\\\/\\\/buygoogleadsaccounts.com\\\/googleads\\\/google-ads-account-manager\\\/#breadcrumb\"},\"inLanguage\":\"sv-SE\",\"potentialAction\":[{\"@type\":\"ReadAction\",\"target\":[\"https:\\\/\\\/buygoogleadsaccounts.com\\\/googleads\\\/google-ads-account-manager\\\/\"]}]},{\"@type\":\"ImageObject\",\"inLanguage\":\"sv-SE\",\"@id\":\"https:\\\/\\\/buygoogleadsaccounts.com\\\/googleads\\\/google-ads-account-manager\\\/#primaryimage\",\"url\":\"https:\\\/\\\/buygoogleadsaccounts.com\\\/wp-content\\\/uploads\\\/2022\\\/11\\\/google-ads-accounts-sale.png\",\"contentUrl\":\"https:\\\/\\\/buygoogleadsaccounts.com\\\/wp-content\\\/uploads\\\/2022\\\/11\\\/google-ads-accounts-sale.png\",\"width\":500,\"height\":500},{\"@type\":\"BreadcrumbList\",\"@id\":\"https:\\\/\\\/buygoogleadsaccounts.com\\\/googleads\\\/google-ads-account-manager\\\/#breadcrumb\",\"itemListElement\":[{\"@type\":\"ListItem\",\"position\":1,\"name\":\"Home\",\"item\":\"https:\\\/\\\/buygoogleadsaccounts.com\\\/\"},{\"@type\":\"ListItem\",\"position\":2,\"name\":\"Shop\",\"item\":\"https:\\\/\\\/buygoogleadsaccounts.com\\\/el\\\/%ce%ba%ce%b1%cf%84%ce%ac%cf%83%cf%84%ce%b7%ce%bc%ce%b1\\\/\"},{\"@type\":\"ListItem\",\"position\":3,\"name\":\"Google Ads Account Manager\"}]},{\"@type\":\"WebSite\",\"@id\":\"https:\\\/\\\/buygoogleadsaccounts.com\\\/#website\",\"url\":\"https:\\\/\\\/buygoogleadsaccounts.com\\\/\",\"name\":\"Buy Google Ads Accounts\",\"description\":\"\",\"publisher\":{\"@id\":\"https:\\\/\\\/buygoogleadsaccounts.com\\\/#organization\"},\"potentialAction\":[{\"@type\":\"SearchAction\",\"target\":{\"@type\":\"EntryPoint\",\"urlTemplate\":\"https:\\\/\\\/buygoogleadsaccounts.com\\\/?s={search_term_string}\"},\"query-input\":{\"@type\":\"PropertyValueSpecification\",\"valueRequired\":true,\"valueName\":\"search_term_string\"}}],\"inLanguage\":\"sv-SE\"},{\"@type\":\"Organization\",\"@id\":\"https:\\\/\\\/buygoogleadsaccounts.com\\\/#organization\",\"name\":\"Buy Google Ads Accounts\",\"url\":\"https:\\\/\\\/buygoogleadsaccounts.com\\\/\",\"logo\":{\"@type\":\"ImageObject\",\"inLanguage\":\"sv-SE\",\"@id\":\"https:\\\/\\\/buygoogleadsaccounts.com\\\/#\\\/schema\\\/logo\\\/image\\\/\",\"url\":\"https:\\\/\\\/buygoogleadsaccounts.com\\\/wp-content\\\/uploads\\\/2022\\\/11\\\/cropped-fav.jpg\",\"contentUrl\":\"https:\\\/\\\/buygoogleadsaccounts.com\\\/wp-content\\\/uploads\\\/2022\\\/11\\\/cropped-fav.jpg\",\"width\":512,\"height\":512,\"caption\":\"Buy Google Ads Accounts\"},\"image\":{\"@id\":\"https:\\\/\\\/buygoogleadsaccounts.com\\\/#\\\/schema\\\/logo\\\/image\\\/\"}}]}<\/script>\n<!-- \/ Yoast SEO Premium plugin. -->","yoast_head_json":{"title":"Google Ads-kontohanterare - K\u00f6p Google Ads-konton","description":"Professional Google Ads Account Manager service to optimize campaigns, reduce suspensions, improve ROI, and scale ad spend safely with expert oversight.","robots":{"index":"index","follow":"follow","max-snippet":"max-snippet:-1","max-image-preview":"max-image-preview:large","max-video-preview":"max-video-preview:-1"},"canonical":"https:\/\/buygoogleadsaccounts.com\/sv\/googleads\/google-ads-account-manager\/","og_locale":"sv_SE","og_type":"article","og_title":"Google Ads Account Manager","og_description":"Professional Google Ads Account Manager service to optimize campaigns, reduce suspensions, improve ROI, and scale ad spend safely with expert oversight.","og_url":"https:\/\/buygoogleadsaccounts.com\/sv\/googleads\/google-ads-account-manager\/","og_site_name":"Buy Google Ads Accounts","article_modified_time":"2025-12-29T05:49:07+00:00","og_image":[{"width":500,"height":500,"url":"http:\/\/buygoogleadsaccounts.com\/wp-content\/uploads\/2022\/11\/google-ads-accounts-sale.png","type":"image\/png"}],"twitter_card":"summary_large_image","twitter_misc":{"Ber\u00e4knad l\u00e4stid":"1 minut"},"schema":{"@context":"https:\/\/schema.org","@graph":[{"@type":"WebPage","@id":"https:\/\/buygoogleadsaccounts.com\/googleads\/google-ads-account-manager\/","url":"https:\/\/buygoogleadsaccounts.com\/googleads\/google-ads-account-manager\/","name":"Google Ads-kontohanterare - K\u00f6p Google Ads-konton","isPartOf":{"@id":"https:\/\/buygoogleadsaccounts.com\/#website"},"primaryImageOfPage":{"@id":"https:\/\/buygoogleadsaccounts.com\/googleads\/google-ads-account-manager\/#primaryimage"},"image":{"@id":"https:\/\/buygoogleadsaccounts.com\/googleads\/google-ads-account-manager\/#primaryimage"},"thumbnailUrl":"https:\/\/buygoogleadsaccounts.com\/wp-content\/uploads\/2022\/11\/google-ads-accounts-sale.png","datePublished":"2022-11-05T18:29:56+00:00","dateModified":"2025-12-29T05:49:07+00:00","description":"Professional Google Ads Account Manager service to optimize campaigns, reduce suspensions, improve ROI, and scale ad spend safely with expert oversight.","breadcrumb":{"@id":"https:\/\/buygoogleadsaccounts.com\/googleads\/google-ads-account-manager\/#breadcrumb"},"inLanguage":"sv-SE","potentialAction":[{"@type":"ReadAction","target":["https:\/\/buygoogleadsaccounts.com\/googleads\/google-ads-account-manager\/"]}]},{"@type":"ImageObject","inLanguage":"sv-SE","@id":"https:\/\/buygoogleadsaccounts.com\/googleads\/google-ads-account-manager\/#primaryimage","url":"https:\/\/buygoogleadsaccounts.com\/wp-content\/uploads\/2022\/11\/google-ads-accounts-sale.png","contentUrl":"https:\/\/buygoogleadsaccounts.com\/wp-content\/uploads\/2022\/11\/google-ads-accounts-sale.png","width":500,"height":500},{"@type":"BreadcrumbList","@id":"https:\/\/buygoogleadsaccounts.com\/googleads\/google-ads-account-manager\/#breadcrumb","itemListElement":[{"@type":"ListItem","position":1,"name":"Home","item":"https:\/\/buygoogleadsaccounts.com\/"},{"@type":"ListItem","position":2,"name":"Shop","item":"https:\/\/buygoogleadsaccounts.com\/el\/%ce%ba%ce%b1%cf%84%ce%ac%cf%83%cf%84%ce%b7%ce%bc%ce%b1\/"},{"@type":"ListItem","position":3,"name":"Google Ads Account Manager"}]},{"@type":"WebSite","@id":"https:\/\/buygoogleadsaccounts.com\/#website","url":"https:\/\/buygoogleadsaccounts.com\/","name":"K\u00f6pa Google Ads-konton","description":"","publisher":{"@id":"https:\/\/buygoogleadsaccounts.com\/#organization"},"potentialAction":[{"@type":"SearchAction","target":{"@type":"EntryPoint","urlTemplate":"https:\/\/buygoogleadsaccounts.com\/?s={search_term_string}"},"query-input":{"@type":"PropertyValueSpecification","valueRequired":true,"valueName":"search_term_string"}}],"inLanguage":"sv-SE"},{"@type":"Organization","@id":"https:\/\/buygoogleadsaccounts.com\/#organization","name":"K\u00f6pa Google Ads-konton","url":"https:\/\/buygoogleadsaccounts.com\/","logo":{"@type":"ImageObject","inLanguage":"sv-SE","@id":"https:\/\/buygoogleadsaccounts.com\/#\/schema\/logo\/image\/","url":"https:\/\/buygoogleadsaccounts.com\/wp-content\/uploads\/2022\/11\/cropped-fav.jpg","contentUrl":"https:\/\/buygoogleadsaccounts.com\/wp-content\/uploads\/2022\/11\/cropped-fav.jpg","width":512,"height":512,"caption":"Buy Google Ads Accounts"},"image":{"@id":"https:\/\/buygoogleadsaccounts.com\/#\/schema\/logo\/image\/"}}]}},"_links":{"self":[{"href":"https:\/\/buygoogleadsaccounts.com\/sv\/wp-json\/wp\/v2\/product\/478","targetHints":{"allow":["GET"]}}],"collection":[{"href":"https:\/\/buygoogleadsaccounts.com\/sv\/wp-json\/wp\/v2\/product"}],"about":[{"href":"https:\/\/buygoogleadsaccounts.com\/sv\/wp-json\/wp\/v2\/types\/product"}],"wp:featuredmedia":[{"embeddable":true,"href":"https:\/\/buygoogleadsaccounts.com\/sv\/wp-json\/wp\/v2\/media\/418"}],"wp:attachment":[{"href":"https:\/\/buygoogleadsaccounts.com\/sv\/wp-json\/wp\/v2\/media?parent=478"}],"wp:term":[{"taxonomy":"product_brand","embeddable":true,"href":"https:\/\/buygoogleadsaccounts.com\/sv\/wp-json\/wp\/v2\/product_brand?post=478"},{"taxonomy":"product_cat","embeddable":true,"href":"https:\/\/buygoogleadsaccounts.com\/sv\/wp-json\/wp\/v2\/product_cat?post=478"},{"taxonomy":"product_tag","embeddable":true,"href":"https:\/\/buygoogleadsaccounts.com\/sv\/wp-json\/wp\/v2\/product_tag?post=478"}],"curies":[{"name":"wp","href":"https:\/\/api.w.org\/{rel}","templated":true}]}}