{"id":587,"date":"2022-11-08T15:20:59","date_gmt":"2022-11-08T15:20:59","guid":{"rendered":"https:\/\/buygoogleadsaccounts.com\/?post_type=product&#038;p=587"},"modified":"2025-10-26T10:19:39","modified_gmt":"2025-10-26T10:19:39","slug":"blackhat-prikrivanje-google-oglasi-racun","status":"publish","type":"product","link":"https:\/\/buygoogleadsaccounts.com\/sl\/googleads\/blackhat-prikrivanje-google-oglasi-racun\/","title":{"rendered":"Google Ads Account 2020 Cloaking"},"content":{"rendered":"<p><span style=\"font-size: 120%;\">Kupite preverjen ra\u010dun Google Ads Black Hat, ustvarjen leta 2020, z $7000 - $10000 denarja, porabljenega za oglase. Takoj objavite kampanje Black Hat v iskalniku Google, prikaznem omre\u017eju Google, nakupovanju Google in YouTubu. Na tem ra\u010dunu lahko izvajate kampanje, kot so Forex, blagovne znamke, kriptovalute, igre na sre\u010do, igralnice in druge.<\/span><\/p>\n<p><span style=\"font-size: 120%;\">S tem ra\u010dunom vam ne bo treba skrbeti za preglede oglasov in ra\u010dunov. Ra\u010dun v preteklosti nikoli ni imel te\u017eav z za\u010dasnimi prekinitvami.<\/span><\/p>\n<p><span style=\"font-size: 17.28px;\"><strong>Dodaj na\u010din zara\u010dunavanja<\/strong> - Zagotovili bomo na\u010din zara\u010dunavanja za va\u0161 ra\u010dun. <\/span><\/p>\n<p><span style=\"font-size: 17.28px;\"><strong>Storitve prikrivanja<\/strong> - Najbolje, \u010de \u017eelite objaviti kriptovalute, igre na sre\u010do, Forex, trgovanje, blagovne znamke ali kakr\u0161ne koli ob\u010dutljive kampanje. <\/span><\/p>\n<p>&nbsp;<\/p>","protected":false},"excerpt":{"rendered":"<p>Buy a Verified Google Ads Black Hat Account created in 2020 with $7000 &#8211; $10000 money spent on ads. Instantly publish Black Hat campaigns on Google Search, Google Display Network, Google Shopping, YouTube. This account can run campaigns like Forex, Brands, Crypto Currency, Gambling, Casino and more. You won&#8217;t have to worry about ads reviews, [&#8230;]\n","protected":false},"featured_media":418,"template":"","meta":[],"product_brand":[],"product_cat":[15],"product_tag":[241,240,79,180,81,183,96,184,238,239,97,237,103,74,121,129,181,142,144,147],"class_list":{"0":"post-587","1":"product","2":"type-product","3":"status-publish","4":"has-post-thumbnail","6":"product_cat-buy-google-ads-accounts","7":"product_tag-black-hat-google-ads-account","8":"product_tag-brands-google-ads-account","9":"product_tag-buy-google-ads-accounts","10":"product_tag-buy-uk-google-ads-account","11":"product_tag-cloaking-google-ads","12":"product_tag-cloaking-google-ads-account","13":"product_tag-crypto-ads-google","14":"product_tag-crypto-google-ads","15":"product_tag-crypto-google-ads-account","16":"product_tag-forex-google-ads-account","17":"product_tag-gambling-google-ads","18":"product_tag-gambling-google-ads-account","19":"product_tag-google-ads-account-suspended-suspicious-payments","20":"product_tag-google-ads-accounts","21":"product_tag-google-ads-suspended-account","22":"product_tag-google-ads-your-account-is-suspended","23":"product_tag-old-google-ads-account","24":"product_tag-suspicious-payment-activity-google-ads","25":"product_tag-suspicious-payments-google-ads","26":"product_tag-uk-google-ads-account","28":"first","29":"instock","30":"shipping-taxable","31":"purchasable","32":"product-type-simple"},"yoast_head":"<!-- This site is optimized with the Yoast SEO Premium plugin v27.2 (Yoast SEO v27.3) - https:\/\/yoast.com\/product\/yoast-seo-premium-wordpress\/ -->\n<title>Google Ads Account 2020 Cloaking - Buy Google Ads Accounts<\/title>\n<meta name=\"description\" content=\"Buy Cloaking Google Ads Account for Forex, Gambling, Crypto, Brands, Casino campaigns. Run Google Ads Campaigns instantly worldwide.\" \/>\n<meta name=\"robots\" content=\"index, follow, max-snippet:-1, max-image-preview:large, max-video-preview:-1\" \/>\n<link rel=\"canonical\" href=\"https:\/\/buygoogleadsaccounts.com\/sl\/googleads\/blackhat-prikrivanje-google-oglasi-racun\/\" \/>\n<meta property=\"og:locale\" content=\"sl_SI\" \/>\n<meta property=\"og:type\" content=\"article\" \/>\n<meta property=\"og:title\" content=\"Google Ads Account 2020 Cloaking\" \/>\n<meta property=\"og:description\" content=\"Buy Cloaking Google Ads Account for Forex, Gambling, Crypto, Brands, Casino campaigns. Run Google Ads Campaigns instantly worldwide.\" \/>\n<meta property=\"og:url\" content=\"https:\/\/buygoogleadsaccounts.com\/sl\/googleads\/blackhat-prikrivanje-google-oglasi-racun\/\" \/>\n<meta property=\"og:site_name\" content=\"Buy Google Ads Accounts\" \/>\n<meta property=\"article:modified_time\" content=\"2025-10-26T10:19:39+00:00\" \/>\n<meta property=\"og:image\" content=\"http:\/\/buygoogleadsaccounts.com\/wp-content\/uploads\/2022\/11\/google-ads-accounts-sale.png\" \/>\n\t<meta property=\"og:image:width\" content=\"500\" \/>\n\t<meta property=\"og:image:height\" content=\"500\" \/>\n\t<meta property=\"og:image:type\" content=\"image\/png\" \/>\n<meta name=\"twitter:card\" content=\"summary_large_image\" \/>\n<meta name=\"twitter:label1\" content=\"Est. reading time\" \/>\n\t<meta name=\"twitter:data1\" content=\"1 minuta\" \/>\n<script type=\"application\/ld+json\" class=\"yoast-schema-graph\">{\"@context\":\"https:\\\/\\\/schema.org\",\"@graph\":[{\"@type\":\"WebPage\",\"@id\":\"https:\\\/\\\/buygoogleadsaccounts.com\\\/googleads\\\/blackhat-cloaking-google-ads-account\\\/\",\"url\":\"https:\\\/\\\/buygoogleadsaccounts.com\\\/googleads\\\/blackhat-cloaking-google-ads-account\\\/\",\"name\":\"Google Ads Account 2020 Cloaking - Buy Google Ads Accounts\",\"isPartOf\":{\"@id\":\"https:\\\/\\\/buygoogleadsaccounts.com\\\/#website\"},\"primaryImageOfPage\":{\"@id\":\"https:\\\/\\\/buygoogleadsaccounts.com\\\/googleads\\\/blackhat-cloaking-google-ads-account\\\/#primaryimage\"},\"image\":{\"@id\":\"https:\\\/\\\/buygoogleadsaccounts.com\\\/googleads\\\/blackhat-cloaking-google-ads-account\\\/#primaryimage\"},\"thumbnailUrl\":\"https:\\\/\\\/buygoogleadsaccounts.com\\\/wp-content\\\/uploads\\\/2022\\\/11\\\/google-ads-accounts-sale.png\",\"datePublished\":\"2022-11-08T15:20:59+00:00\",\"dateModified\":\"2025-10-26T10:19:39+00:00\",\"description\":\"Buy Cloaking Google Ads Account for Forex, Gambling, Crypto, Brands, Casino campaigns. Run Google Ads Campaigns instantly worldwide.\",\"breadcrumb\":{\"@id\":\"https:\\\/\\\/buygoogleadsaccounts.com\\\/googleads\\\/blackhat-cloaking-google-ads-account\\\/#breadcrumb\"},\"inLanguage\":\"sl-SI\",\"potentialAction\":[{\"@type\":\"ReadAction\",\"target\":[\"https:\\\/\\\/buygoogleadsaccounts.com\\\/googleads\\\/blackhat-cloaking-google-ads-account\\\/\"]}]},{\"@type\":\"ImageObject\",\"inLanguage\":\"sl-SI\",\"@id\":\"https:\\\/\\\/buygoogleadsaccounts.com\\\/googleads\\\/blackhat-cloaking-google-ads-account\\\/#primaryimage\",\"url\":\"https:\\\/\\\/buygoogleadsaccounts.com\\\/wp-content\\\/uploads\\\/2022\\\/11\\\/google-ads-accounts-sale.png\",\"contentUrl\":\"https:\\\/\\\/buygoogleadsaccounts.com\\\/wp-content\\\/uploads\\\/2022\\\/11\\\/google-ads-accounts-sale.png\",\"width\":500,\"height\":500},{\"@type\":\"BreadcrumbList\",\"@id\":\"https:\\\/\\\/buygoogleadsaccounts.com\\\/googleads\\\/blackhat-cloaking-google-ads-account\\\/#breadcrumb\",\"itemListElement\":[{\"@type\":\"ListItem\",\"position\":1,\"name\":\"Home\",\"item\":\"https:\\\/\\\/buygoogleadsaccounts.com\\\/\"},{\"@type\":\"ListItem\",\"position\":2,\"name\":\"Shop\",\"item\":\"https:\\\/\\\/buygoogleadsaccounts.com\\\/el\\\/%ce%ba%ce%b1%cf%84%ce%ac%cf%83%cf%84%ce%b7%ce%bc%ce%b1\\\/\"},{\"@type\":\"ListItem\",\"position\":3,\"name\":\"Google Ads Account 2020 Cloaking\"}]},{\"@type\":\"WebSite\",\"@id\":\"https:\\\/\\\/buygoogleadsaccounts.com\\\/#website\",\"url\":\"https:\\\/\\\/buygoogleadsaccounts.com\\\/\",\"name\":\"Buy Google Ads Accounts\",\"description\":\"\",\"publisher\":{\"@id\":\"https:\\\/\\\/buygoogleadsaccounts.com\\\/#organization\"},\"potentialAction\":[{\"@type\":\"SearchAction\",\"target\":{\"@type\":\"EntryPoint\",\"urlTemplate\":\"https:\\\/\\\/buygoogleadsaccounts.com\\\/?s={search_term_string}\"},\"query-input\":{\"@type\":\"PropertyValueSpecification\",\"valueRequired\":true,\"valueName\":\"search_term_string\"}}],\"inLanguage\":\"sl-SI\"},{\"@type\":\"Organization\",\"@id\":\"https:\\\/\\\/buygoogleadsaccounts.com\\\/#organization\",\"name\":\"Buy Google Ads Accounts\",\"url\":\"https:\\\/\\\/buygoogleadsaccounts.com\\\/\",\"logo\":{\"@type\":\"ImageObject\",\"inLanguage\":\"sl-SI\",\"@id\":\"https:\\\/\\\/buygoogleadsaccounts.com\\\/#\\\/schema\\\/logo\\\/image\\\/\",\"url\":\"https:\\\/\\\/buygoogleadsaccounts.com\\\/wp-content\\\/uploads\\\/2022\\\/11\\\/cropped-fav.jpg\",\"contentUrl\":\"https:\\\/\\\/buygoogleadsaccounts.com\\\/wp-content\\\/uploads\\\/2022\\\/11\\\/cropped-fav.jpg\",\"width\":512,\"height\":512,\"caption\":\"Buy Google Ads Accounts\"},\"image\":{\"@id\":\"https:\\\/\\\/buygoogleadsaccounts.com\\\/#\\\/schema\\\/logo\\\/image\\\/\"}}]}<\/script>\n<!-- \/ Yoast SEO Premium plugin. -->","yoast_head_json":{"title":"Google Ads Account 2020 Cloaking - Buy Google Ads Accounts","description":"Nakup Prikrivanje Google Ads ra\u010dun za Forex, Igre na sre\u010do, kripto, blagovne znamke, Casino kampanje. Izvedite Google Ads kampanje takoj po vsem svetu.","robots":{"index":"index","follow":"follow","max-snippet":"max-snippet:-1","max-image-preview":"max-image-preview:large","max-video-preview":"max-video-preview:-1"},"canonical":"https:\/\/buygoogleadsaccounts.com\/sl\/googleads\/blackhat-prikrivanje-google-oglasi-racun\/","og_locale":"sl_SI","og_type":"article","og_title":"Google Ads Account 2020 Cloaking","og_description":"Buy Cloaking Google Ads Account for Forex, Gambling, Crypto, Brands, Casino campaigns. Run Google Ads Campaigns instantly worldwide.","og_url":"https:\/\/buygoogleadsaccounts.com\/sl\/googleads\/blackhat-prikrivanje-google-oglasi-racun\/","og_site_name":"Buy Google Ads Accounts","article_modified_time":"2025-10-26T10:19:39+00:00","og_image":[{"width":500,"height":500,"url":"http:\/\/buygoogleadsaccounts.com\/wp-content\/uploads\/2022\/11\/google-ads-accounts-sale.png","type":"image\/png"}],"twitter_card":"summary_large_image","twitter_misc":{"Est. reading time":"1 minuta"},"schema":{"@context":"https:\/\/schema.org","@graph":[{"@type":"WebPage","@id":"https:\/\/buygoogleadsaccounts.com\/googleads\/blackhat-cloaking-google-ads-account\/","url":"https:\/\/buygoogleadsaccounts.com\/googleads\/blackhat-cloaking-google-ads-account\/","name":"Google Ads Account 2020 Cloaking - Buy Google Ads Accounts","isPartOf":{"@id":"https:\/\/buygoogleadsaccounts.com\/#website"},"primaryImageOfPage":{"@id":"https:\/\/buygoogleadsaccounts.com\/googleads\/blackhat-cloaking-google-ads-account\/#primaryimage"},"image":{"@id":"https:\/\/buygoogleadsaccounts.com\/googleads\/blackhat-cloaking-google-ads-account\/#primaryimage"},"thumbnailUrl":"https:\/\/buygoogleadsaccounts.com\/wp-content\/uploads\/2022\/11\/google-ads-accounts-sale.png","datePublished":"2022-11-08T15:20:59+00:00","dateModified":"2025-10-26T10:19:39+00:00","description":"Nakup Prikrivanje Google Ads ra\u010dun za Forex, Igre na sre\u010do, kripto, blagovne znamke, Casino kampanje. Izvedite Google Ads kampanje takoj po vsem svetu.","breadcrumb":{"@id":"https:\/\/buygoogleadsaccounts.com\/googleads\/blackhat-cloaking-google-ads-account\/#breadcrumb"},"inLanguage":"sl-SI","potentialAction":[{"@type":"ReadAction","target":["https:\/\/buygoogleadsaccounts.com\/googleads\/blackhat-cloaking-google-ads-account\/"]}]},{"@type":"ImageObject","inLanguage":"sl-SI","@id":"https:\/\/buygoogleadsaccounts.com\/googleads\/blackhat-cloaking-google-ads-account\/#primaryimage","url":"https:\/\/buygoogleadsaccounts.com\/wp-content\/uploads\/2022\/11\/google-ads-accounts-sale.png","contentUrl":"https:\/\/buygoogleadsaccounts.com\/wp-content\/uploads\/2022\/11\/google-ads-accounts-sale.png","width":500,"height":500},{"@type":"BreadcrumbList","@id":"https:\/\/buygoogleadsaccounts.com\/googleads\/blackhat-cloaking-google-ads-account\/#breadcrumb","itemListElement":[{"@type":"ListItem","position":1,"name":"Home","item":"https:\/\/buygoogleadsaccounts.com\/"},{"@type":"ListItem","position":2,"name":"Shop","item":"https:\/\/buygoogleadsaccounts.com\/el\/%ce%ba%ce%b1%cf%84%ce%ac%cf%83%cf%84%ce%b7%ce%bc%ce%b1\/"},{"@type":"ListItem","position":3,"name":"Google Ads Account 2020 Cloaking"}]},{"@type":"WebSite","@id":"https:\/\/buygoogleadsaccounts.com\/#website","url":"https:\/\/buygoogleadsaccounts.com\/","name":"Nakup Google Ads ra\u010dunov","description":"","publisher":{"@id":"https:\/\/buygoogleadsaccounts.com\/#organization"},"potentialAction":[{"@type":"SearchAction","target":{"@type":"EntryPoint","urlTemplate":"https:\/\/buygoogleadsaccounts.com\/?s={search_term_string}"},"query-input":{"@type":"PropertyValueSpecification","valueRequired":true,"valueName":"search_term_string"}}],"inLanguage":"sl-SI"},{"@type":"Organization","@id":"https:\/\/buygoogleadsaccounts.com\/#organization","name":"Nakup Google Ads ra\u010dunov","url":"https:\/\/buygoogleadsaccounts.com\/","logo":{"@type":"ImageObject","inLanguage":"sl-SI","@id":"https:\/\/buygoogleadsaccounts.com\/#\/schema\/logo\/image\/","url":"https:\/\/buygoogleadsaccounts.com\/wp-content\/uploads\/2022\/11\/cropped-fav.jpg","contentUrl":"https:\/\/buygoogleadsaccounts.com\/wp-content\/uploads\/2022\/11\/cropped-fav.jpg","width":512,"height":512,"caption":"Buy Google Ads Accounts"},"image":{"@id":"https:\/\/buygoogleadsaccounts.com\/#\/schema\/logo\/image\/"}}]}},"_links":{"self":[{"href":"https:\/\/buygoogleadsaccounts.com\/sl\/wp-json\/wp\/v2\/product\/587","targetHints":{"allow":["GET"]}}],"collection":[{"href":"https:\/\/buygoogleadsaccounts.com\/sl\/wp-json\/wp\/v2\/product"}],"about":[{"href":"https:\/\/buygoogleadsaccounts.com\/sl\/wp-json\/wp\/v2\/types\/product"}],"wp:featuredmedia":[{"embeddable":true,"href":"https:\/\/buygoogleadsaccounts.com\/sl\/wp-json\/wp\/v2\/media\/418"}],"wp:attachment":[{"href":"https:\/\/buygoogleadsaccounts.com\/sl\/wp-json\/wp\/v2\/media?parent=587"}],"wp:term":[{"taxonomy":"product_brand","embeddable":true,"href":"https:\/\/buygoogleadsaccounts.com\/sl\/wp-json\/wp\/v2\/product_brand?post=587"},{"taxonomy":"product_cat","embeddable":true,"href":"https:\/\/buygoogleadsaccounts.com\/sl\/wp-json\/wp\/v2\/product_cat?post=587"},{"taxonomy":"product_tag","embeddable":true,"href":"https:\/\/buygoogleadsaccounts.com\/sl\/wp-json\/wp\/v2\/product_tag?post=587"}],"curies":[{"name":"wp","href":"https:\/\/api.w.org\/{rel}","templated":true}]}}