{"id":596,"date":"2022-11-09T09:46:10","date_gmt":"2022-11-09T09:46:10","guid":{"rendered":"https:\/\/buygoogleadsaccounts.com\/?post_type=product&#038;p=596"},"modified":"2025-10-26T10:22:14","modified_gmt":"2025-10-26T10:22:14","slug":"ucet-google-ads-2019-francuzsko","status":"publish","type":"product","link":"https:\/\/buygoogleadsaccounts.com\/sk\/googleads\/ucet-google-ads-2019-francuzsko\/","title":{"rendered":"\u00da\u010det rekl\u00e1m Google 2019 FR Utraten\u00fdch 12800 \u20ac"},"content":{"rendered":"<p><span style=\"font-size: 120%;\">Pred\u00e1m overen\u00fd \u00fa\u010det Google Ads vytvoren\u00fd vo Franc\u00fazsku v roku 2019 s 12800 EUR vynalo\u017een\u00fdmi na reklamy. Okam\u017eite publikujte kampane vo vyh\u013ead\u00e1van\u00ed Google, v sieti Google Display Network, v N\u00e1kupoch Google, YouTube, Google Play a \u010fal\u0161\u00edch slu\u017eb\u00e1ch. <\/span><\/p>\n<p><span style=\"font-size: 120%;\">S t\u00fdmto \u00fa\u010dtom sa nemus\u00edte ob\u00e1va\u0165 recenzi\u00ed rekl\u00e1m, recenzi\u00ed \u00fa\u010dtov. \u00da\u010det nikdy v minulosti nemal \u017eiadne probl\u00e9my s pozastaven\u00edm.<\/span><\/p>\n<p><span style=\"font-size: 17.28px;\"><strong>Prida\u0165 sp\u00f4sob faktur\u00e1cie<\/strong> - Poskytneme v\u00e1m sp\u00f4sob faktur\u00e1cie v\u00e1\u0161ho \u00fa\u010dtu. <\/span><\/p>\n<p>&nbsp;<\/p>","protected":false},"excerpt":{"rendered":"<p>Buy a Verified Google Ads Account created in France in 2019 with \u20ac12800 money spent on ads. Instantly publish campaigns on Google Search, Google Display Network, Google Shopping, YouTube, Google Play and more. You won&#8217;t have to worry about ads reviews, account reviews with this account. Account never had any suspensions issues in the past. [&#8230;]\n","protected":false},"featured_media":418,"template":"","meta":[],"product_brand":[],"product_cat":[15],"product_tag":[182,85,80,243,247,248,249,250,92,246,245,251,79,180,244,81,183,96,184,97,103,74,121,129,181,142,144,147],"class_list":{"0":"post-596","1":"product","2":"type-product","3":"status-publish","4":"has-post-thumbnail","6":"product_cat-buy-google-ads-accounts","7":"product_tag-2020-google-ads-account","8":"product_tag-account-suspended-google-ads","9":"product_tag-aged-google-ads-accounts","10":"product_tag-australia-google-ads-account","11":"product_tag-austria-google-ads","12":"product_tag-belgium-google-ads-account","13":"product_tag-brazil-google-ads-accounts","14":"product_tag-bulgaria-google-ads-account","15":"product_tag-buy-ads-accounts","16":"product_tag-buy-austria-google-ads-account","17":"product_tag-buy-canada-google-ads-account","18":"product_tag-buy-france-google-ads-account","19":"product_tag-buy-google-ads-accounts","20":"product_tag-buy-uk-google-ads-account","21":"product_tag-canada-google-ads-account","22":"product_tag-cloaking-google-ads","23":"product_tag-cloaking-google-ads-account","24":"product_tag-crypto-ads-google","25":"product_tag-crypto-google-ads","26":"product_tag-gambling-google-ads","27":"product_tag-google-ads-account-suspended-suspicious-payments","28":"product_tag-google-ads-accounts","29":"product_tag-google-ads-suspended-account","30":"product_tag-google-ads-your-account-is-suspended","31":"product_tag-old-google-ads-account","32":"product_tag-suspicious-payment-activity-google-ads","33":"product_tag-suspicious-payments-google-ads","34":"product_tag-uk-google-ads-account","36":"first","37":"instock","38":"shipping-taxable","39":"purchasable","40":"product-type-simple"},"yoast_head":"<!-- This site is optimized with the Yoast SEO Premium plugin v27.2 (Yoast SEO v27.6) - https:\/\/yoast.com\/product\/yoast-seo-premium-wordpress\/ -->\n<title>Google Ads Account 2019 FR Spent \u20ac12800 - Buy Google Ads Accounts<\/title>\n<meta name=\"description\" content=\"Buy France Google Ads Account with VCC, Cloaking and Account Manager. Run ads on Google Ads Search, YouTube, Google Shopping and more.\" \/>\n<meta name=\"robots\" content=\"index, follow, max-snippet:-1, max-image-preview:large, max-video-preview:-1\" \/>\n<link rel=\"canonical\" href=\"https:\/\/buygoogleadsaccounts.com\/sk\/googleads\/ucet-google-ads-2019-francuzsko\/\" \/>\n<meta property=\"og:locale\" content=\"sk_SK\" \/>\n<meta property=\"og:type\" content=\"article\" \/>\n<meta property=\"og:title\" content=\"Google Ads Account 2019 FR Spent \u20ac12800\" \/>\n<meta property=\"og:description\" content=\"Buy France Google Ads Account with VCC, Cloaking and Account Manager. Run ads on Google Ads Search, YouTube, Google Shopping and more.\" \/>\n<meta property=\"og:url\" content=\"https:\/\/buygoogleadsaccounts.com\/sk\/googleads\/ucet-google-ads-2019-francuzsko\/\" \/>\n<meta property=\"og:site_name\" content=\"Buy Google Ads Accounts\" \/>\n<meta property=\"article:modified_time\" content=\"2025-10-26T10:22:14+00:00\" \/>\n<meta property=\"og:image\" content=\"http:\/\/buygoogleadsaccounts.com\/wp-content\/uploads\/2022\/11\/google-ads-accounts-sale.png\" \/>\n\t<meta property=\"og:image:width\" content=\"500\" \/>\n\t<meta property=\"og:image:height\" content=\"500\" \/>\n\t<meta property=\"og:image:type\" content=\"image\/png\" \/>\n<meta name=\"twitter:card\" content=\"summary_large_image\" \/>\n<meta name=\"twitter:label1\" content=\"Predpokladan\u00fd \u010das \u010d\u00edtania\" \/>\n\t<meta name=\"twitter:data1\" content=\"1 min\u00fata\" \/>\n<script type=\"application\/ld+json\" class=\"yoast-schema-graph\">{\"@context\":\"https:\\\/\\\/schema.org\",\"@graph\":[{\"@type\":\"WebPage\",\"@id\":\"https:\\\/\\\/buygoogleadsaccounts.com\\\/googleads\\\/google-ads-account-2019-france\\\/\",\"url\":\"https:\\\/\\\/buygoogleadsaccounts.com\\\/googleads\\\/google-ads-account-2019-france\\\/\",\"name\":\"Google Ads Account 2019 FR Spent \u20ac12800 - Buy Google Ads Accounts\",\"isPartOf\":{\"@id\":\"https:\\\/\\\/buygoogleadsaccounts.com\\\/#website\"},\"primaryImageOfPage\":{\"@id\":\"https:\\\/\\\/buygoogleadsaccounts.com\\\/googleads\\\/google-ads-account-2019-france\\\/#primaryimage\"},\"image\":{\"@id\":\"https:\\\/\\\/buygoogleadsaccounts.com\\\/googleads\\\/google-ads-account-2019-france\\\/#primaryimage\"},\"thumbnailUrl\":\"https:\\\/\\\/buygoogleadsaccounts.com\\\/wp-content\\\/uploads\\\/2022\\\/11\\\/google-ads-accounts-sale.png\",\"datePublished\":\"2022-11-09T09:46:10+00:00\",\"dateModified\":\"2025-10-26T10:22:14+00:00\",\"description\":\"Buy France Google Ads Account with VCC, Cloaking and Account Manager. Run ads on Google Ads Search, YouTube, Google Shopping and more.\",\"breadcrumb\":{\"@id\":\"https:\\\/\\\/buygoogleadsaccounts.com\\\/googleads\\\/google-ads-account-2019-france\\\/#breadcrumb\"},\"inLanguage\":\"sk-SK\",\"potentialAction\":[{\"@type\":\"ReadAction\",\"target\":[\"https:\\\/\\\/buygoogleadsaccounts.com\\\/googleads\\\/google-ads-account-2019-france\\\/\"]}]},{\"@type\":\"ImageObject\",\"inLanguage\":\"sk-SK\",\"@id\":\"https:\\\/\\\/buygoogleadsaccounts.com\\\/googleads\\\/google-ads-account-2019-france\\\/#primaryimage\",\"url\":\"https:\\\/\\\/buygoogleadsaccounts.com\\\/wp-content\\\/uploads\\\/2022\\\/11\\\/google-ads-accounts-sale.png\",\"contentUrl\":\"https:\\\/\\\/buygoogleadsaccounts.com\\\/wp-content\\\/uploads\\\/2022\\\/11\\\/google-ads-accounts-sale.png\",\"width\":500,\"height\":500},{\"@type\":\"BreadcrumbList\",\"@id\":\"https:\\\/\\\/buygoogleadsaccounts.com\\\/googleads\\\/google-ads-account-2019-france\\\/#breadcrumb\",\"itemListElement\":[{\"@type\":\"ListItem\",\"position\":1,\"name\":\"Home\",\"item\":\"https:\\\/\\\/buygoogleadsaccounts.com\\\/\"},{\"@type\":\"ListItem\",\"position\":2,\"name\":\"Shop\",\"item\":\"https:\\\/\\\/buygoogleadsaccounts.com\\\/el\\\/%ce%ba%ce%b1%cf%84%ce%ac%cf%83%cf%84%ce%b7%ce%bc%ce%b1\\\/\"},{\"@type\":\"ListItem\",\"position\":3,\"name\":\"Google Ads Account 2019 FR Spent \u20ac12800\"}]},{\"@type\":\"WebSite\",\"@id\":\"https:\\\/\\\/buygoogleadsaccounts.com\\\/#website\",\"url\":\"https:\\\/\\\/buygoogleadsaccounts.com\\\/\",\"name\":\"Buy Google Ads Accounts\",\"description\":\"\",\"publisher\":{\"@id\":\"https:\\\/\\\/buygoogleadsaccounts.com\\\/#organization\"},\"potentialAction\":[{\"@type\":\"SearchAction\",\"target\":{\"@type\":\"EntryPoint\",\"urlTemplate\":\"https:\\\/\\\/buygoogleadsaccounts.com\\\/?s={search_term_string}\"},\"query-input\":{\"@type\":\"PropertyValueSpecification\",\"valueRequired\":true,\"valueName\":\"search_term_string\"}}],\"inLanguage\":\"sk-SK\"},{\"@type\":\"Organization\",\"@id\":\"https:\\\/\\\/buygoogleadsaccounts.com\\\/#organization\",\"name\":\"Buy Google Ads Accounts\",\"url\":\"https:\\\/\\\/buygoogleadsaccounts.com\\\/\",\"logo\":{\"@type\":\"ImageObject\",\"inLanguage\":\"sk-SK\",\"@id\":\"https:\\\/\\\/buygoogleadsaccounts.com\\\/#\\\/schema\\\/logo\\\/image\\\/\",\"url\":\"https:\\\/\\\/buygoogleadsaccounts.com\\\/wp-content\\\/uploads\\\/2022\\\/11\\\/cropped-fav.jpg\",\"contentUrl\":\"https:\\\/\\\/buygoogleadsaccounts.com\\\/wp-content\\\/uploads\\\/2022\\\/11\\\/cropped-fav.jpg\",\"width\":512,\"height\":512,\"caption\":\"Buy Google Ads Accounts\"},\"image\":{\"@id\":\"https:\\\/\\\/buygoogleadsaccounts.com\\\/#\\\/schema\\\/logo\\\/image\\\/\"}}]}<\/script>\n<!-- \/ Yoast SEO Premium plugin. -->","yoast_head_json":{"title":"\u00da\u010det rekl\u00e1m Google 2019 FR minuli 12800 \u20ac - K\u00fapi\u0165 \u00fa\u010dty rekl\u00e1m Google","description":"Pred\u00e1m Franc\u00fazsko Google Ads \u00fa\u010det s VCC, Cloaking a Spr\u00e1vca \u00fa\u010dtu. Sp\u00fa\u0161\u0165ajte reklamy v slu\u017eb\u00e1ch Google Ads Search, YouTube, Google Shopping a \u010fal\u0161\u00edch.","robots":{"index":"index","follow":"follow","max-snippet":"max-snippet:-1","max-image-preview":"max-image-preview:large","max-video-preview":"max-video-preview:-1"},"canonical":"https:\/\/buygoogleadsaccounts.com\/sk\/googleads\/ucet-google-ads-2019-francuzsko\/","og_locale":"sk_SK","og_type":"article","og_title":"Google Ads Account 2019 FR Spent \u20ac12800","og_description":"Buy France Google Ads Account with VCC, Cloaking and Account Manager. Run ads on Google Ads Search, YouTube, Google Shopping and more.","og_url":"https:\/\/buygoogleadsaccounts.com\/sk\/googleads\/ucet-google-ads-2019-francuzsko\/","og_site_name":"Buy Google Ads Accounts","article_modified_time":"2025-10-26T10:22:14+00:00","og_image":[{"width":500,"height":500,"url":"http:\/\/buygoogleadsaccounts.com\/wp-content\/uploads\/2022\/11\/google-ads-accounts-sale.png","type":"image\/png"}],"twitter_card":"summary_large_image","twitter_misc":{"Predpokladan\u00fd \u010das \u010d\u00edtania":"1 min\u00fata"},"schema":{"@context":"https:\/\/schema.org","@graph":[{"@type":"WebPage","@id":"https:\/\/buygoogleadsaccounts.com\/googleads\/google-ads-account-2019-france\/","url":"https:\/\/buygoogleadsaccounts.com\/googleads\/google-ads-account-2019-france\/","name":"\u00da\u010det rekl\u00e1m Google 2019 FR minuli 12800 \u20ac - K\u00fapi\u0165 \u00fa\u010dty rekl\u00e1m Google","isPartOf":{"@id":"https:\/\/buygoogleadsaccounts.com\/#website"},"primaryImageOfPage":{"@id":"https:\/\/buygoogleadsaccounts.com\/googleads\/google-ads-account-2019-france\/#primaryimage"},"image":{"@id":"https:\/\/buygoogleadsaccounts.com\/googleads\/google-ads-account-2019-france\/#primaryimage"},"thumbnailUrl":"https:\/\/buygoogleadsaccounts.com\/wp-content\/uploads\/2022\/11\/google-ads-accounts-sale.png","datePublished":"2022-11-09T09:46:10+00:00","dateModified":"2025-10-26T10:22:14+00:00","description":"Pred\u00e1m Franc\u00fazsko Google Ads \u00fa\u010det s VCC, Cloaking a Spr\u00e1vca \u00fa\u010dtu. Sp\u00fa\u0161\u0165ajte reklamy v slu\u017eb\u00e1ch Google Ads Search, YouTube, Google Shopping a \u010fal\u0161\u00edch.","breadcrumb":{"@id":"https:\/\/buygoogleadsaccounts.com\/googleads\/google-ads-account-2019-france\/#breadcrumb"},"inLanguage":"sk-SK","potentialAction":[{"@type":"ReadAction","target":["https:\/\/buygoogleadsaccounts.com\/googleads\/google-ads-account-2019-france\/"]}]},{"@type":"ImageObject","inLanguage":"sk-SK","@id":"https:\/\/buygoogleadsaccounts.com\/googleads\/google-ads-account-2019-france\/#primaryimage","url":"https:\/\/buygoogleadsaccounts.com\/wp-content\/uploads\/2022\/11\/google-ads-accounts-sale.png","contentUrl":"https:\/\/buygoogleadsaccounts.com\/wp-content\/uploads\/2022\/11\/google-ads-accounts-sale.png","width":500,"height":500},{"@type":"BreadcrumbList","@id":"https:\/\/buygoogleadsaccounts.com\/googleads\/google-ads-account-2019-france\/#breadcrumb","itemListElement":[{"@type":"ListItem","position":1,"name":"Home","item":"https:\/\/buygoogleadsaccounts.com\/"},{"@type":"ListItem","position":2,"name":"Shop","item":"https:\/\/buygoogleadsaccounts.com\/el\/%ce%ba%ce%b1%cf%84%ce%ac%cf%83%cf%84%ce%b7%ce%bc%ce%b1\/"},{"@type":"ListItem","position":3,"name":"Google Ads Account 2019 FR Spent \u20ac12800"}]},{"@type":"WebSite","@id":"https:\/\/buygoogleadsaccounts.com\/#website","url":"https:\/\/buygoogleadsaccounts.com\/","name":"K\u00fapi\u0165 \u00fa\u010dty Google Ads","description":"","publisher":{"@id":"https:\/\/buygoogleadsaccounts.com\/#organization"},"potentialAction":[{"@type":"SearchAction","target":{"@type":"EntryPoint","urlTemplate":"https:\/\/buygoogleadsaccounts.com\/?s={search_term_string}"},"query-input":{"@type":"PropertyValueSpecification","valueRequired":true,"valueName":"search_term_string"}}],"inLanguage":"sk-SK"},{"@type":"Organization","@id":"https:\/\/buygoogleadsaccounts.com\/#organization","name":"K\u00fapi\u0165 \u00fa\u010dty Google Ads","url":"https:\/\/buygoogleadsaccounts.com\/","logo":{"@type":"ImageObject","inLanguage":"sk-SK","@id":"https:\/\/buygoogleadsaccounts.com\/#\/schema\/logo\/image\/","url":"https:\/\/buygoogleadsaccounts.com\/wp-content\/uploads\/2022\/11\/cropped-fav.jpg","contentUrl":"https:\/\/buygoogleadsaccounts.com\/wp-content\/uploads\/2022\/11\/cropped-fav.jpg","width":512,"height":512,"caption":"Buy Google Ads Accounts"},"image":{"@id":"https:\/\/buygoogleadsaccounts.com\/#\/schema\/logo\/image\/"}}]}},"_links":{"self":[{"href":"https:\/\/buygoogleadsaccounts.com\/sk\/wp-json\/wp\/v2\/product\/596","targetHints":{"allow":["GET"]}}],"collection":[{"href":"https:\/\/buygoogleadsaccounts.com\/sk\/wp-json\/wp\/v2\/product"}],"about":[{"href":"https:\/\/buygoogleadsaccounts.com\/sk\/wp-json\/wp\/v2\/types\/product"}],"wp:featuredmedia":[{"embeddable":true,"href":"https:\/\/buygoogleadsaccounts.com\/sk\/wp-json\/wp\/v2\/media\/418"}],"wp:attachment":[{"href":"https:\/\/buygoogleadsaccounts.com\/sk\/wp-json\/wp\/v2\/media?parent=596"}],"wp:term":[{"taxonomy":"product_brand","embeddable":true,"href":"https:\/\/buygoogleadsaccounts.com\/sk\/wp-json\/wp\/v2\/product_brand?post=596"},{"taxonomy":"product_cat","embeddable":true,"href":"https:\/\/buygoogleadsaccounts.com\/sk\/wp-json\/wp\/v2\/product_cat?post=596"},{"taxonomy":"product_tag","embeddable":true,"href":"https:\/\/buygoogleadsaccounts.com\/sk\/wp-json\/wp\/v2\/product_tag?post=596"}],"curies":[{"name":"wp","href":"https:\/\/api.w.org\/{rel}","templated":true}]}}