{"id":480,"date":"2022-11-06T13:08:11","date_gmt":"2022-11-06T13:08:11","guid":{"rendered":"https:\/\/buygoogleadsaccounts.com\/?post_type=product&#038;p=480"},"modified":"2023-12-13T11:01:31","modified_gmt":"2023-12-13T11:01:31","slug":"konto-obchodneho-centra-google-ads","status":"publish","type":"product","link":"https:\/\/buygoogleadsaccounts.com\/sk\/googleads\/konto-obchodneho-centra-google-ads\/","title":{"rendered":"\u00da\u010det Google Ads Merchant Center"},"content":{"rendered":"<p><span style=\"font-size: 120%;\">Pred\u00e1vajte svoje produkty v slu\u017ebe Google Shopping pomocou na\u0161ich overen\u00fdch \u00fa\u010dtov Google Merchant Center. Google Merchant Center je n\u00e1stroj, ktor\u00fd v\u00e1m pom\u00f4\u017ee nahra\u0165 v\u00e1\u0161 obchod a \u00fadaje o produktoch do Google a spr\u00edstupni\u0165 ich pre reklamy v N\u00e1kupoch a \u010fal\u0161ie slu\u017eby Google. <\/span><\/p>\n<p><span style=\"font-size: 120%;\">V\u0161etky \u00fa\u010dty s\u00fa overen\u00e9 ako \u00fa\u010dty Business a Identity a s\u00fa vytvoren\u00e9 agent\u00farou v roku 2018. Tieto \u00fa\u010dty neboli nikdy pozastaven\u00e9 a v\u0161etky produkty boli schv\u00e1len\u00e9.<\/span><\/p>\n<p><span style=\"font-size: 120%;\">Google v\u00e1s spoj\u00ed so spr\u00e1vnymi z\u00e1kazn\u00edkmi vo vyh\u013ead\u00e1van\u00ed, nakupovan\u00ed, slu\u017ebe YouTube a na webe. <\/span><\/p>\n<p><span style=\"font-size: 120%;\">Cena za \u00fa\u010det.<\/span><\/p>\n<h2>V\u00fdznam slu\u017eby Google Ads Merchant Center<\/h2>\n<p>\u00da\u010det Google Ads Merchant Center je k\u013e\u00fa\u010dov\u00fd pre podniky, ktor\u00e9 chc\u00fa maximalizova\u0165 svoju vidite\u013enos\u0165 online a zv\u00fd\u0161i\u0165 predaj. Umo\u017e\u0148uje v\u00e1m prezentova\u0165 va\u0161e produkty priamo na str\u00e1nke s v\u00fdsledkami vyh\u013ead\u00e1vania Google, \u010do potenci\u00e1lnym z\u00e1kazn\u00edkom u\u013eah\u010duje vyh\u013ead\u00e1vanie a n\u00e1kup va\u0161ich produktov.<\/p>\n<p>Z\u00edskanie \u00fa\u010dtu Google Ads Merchant Center v\u0161ak m\u00f4\u017ee by\u0165 n\u00e1ro\u010dn\u00fd proces. Spolo\u010dnos\u0165 Google m\u00e1 pr\u00edsne usmernenia a po\u017eiadavky, ktor\u00e9 musia podniky splni\u0165, aby mohli by\u0165 ich \u00fa\u010dty schv\u00e1len\u00e9. To m\u00f4\u017ee by\u0165 \u010dasovo n\u00e1ro\u010dn\u00e9 a frustruj\u00face, najm\u00e4 pre mal\u00e9 podniky alebo pre t\u00fdch, ktor\u00ed s online reklamou za\u010d\u00ednaj\u00fa.<\/p>\n<h2>Rie\u0161enie: K\u00fapte si \u00fa\u010dty Google Ads Merchant Center<\/h2>\n<p>Jedn\u00fdm zo sp\u00f4sobov, ako prekona\u0165 probl\u00e9my spojen\u00e9 so z\u00edskan\u00edm \u00fa\u010dtu Google Ads Merchant Center, je k\u00fapi\u0165 si ho. Existuj\u00fa renomovan\u00ed predajcovia, ktor\u00ed pon\u00fakaj\u00fa predschv\u00e1len\u00e9 \u00fa\u010dty pripraven\u00e9 na pou\u017e\u00edvanie. T\u00e1to mo\u017enos\u0165 poskytuje podnikom nieko\u013eko v\u00fdhod:<\/p>\n<h3>1. \u00daspora \u010dasu a \u00fasilia<\/h3>\n<p>Zak\u00fapen\u00edm vopred schv\u00e1len\u00e9ho \u00fa\u010dtu Google Ads Merchant Center m\u00f4\u017eu podniky presko\u010di\u0165 zd\u013ahav\u00fd schva\u013eovac\u00ed proces a hne\u010f za\u010da\u0165 inzerova\u0165 svoje produkty. U\u0161etr\u00edte tak cenn\u00fd \u010das a \u00fasilie, ktor\u00e9 m\u00f4\u017eete lep\u0161ie vyu\u017ei\u0165 v in\u00fdch oblastiach podnikania.<\/p>\n<h3>2. Pr\u00edstup k slu\u017ebe Google Shopping<\/h3>\n<p>N\u00e1kupy Google je v\u00fdkonn\u00e1 reklamn\u00e1 platforma, ktor\u00e1 umo\u017e\u0148uje podnikom prezentova\u0165 svoje produkty s obr\u00e1zkami, cenami a \u010fal\u0161\u00edmi relevantn\u00fdmi \u00fadajmi. S vopred schv\u00e1len\u00fdm \u00fa\u010dtom Merchant Center m\u00f4\u017eu podniky vyu\u017ei\u0165 obrovsk\u00fd potenci\u00e1l slu\u017eby Google Shopping a oslovi\u0165 mili\u00f3ny potenci\u00e1lnych z\u00e1kazn\u00edkov.<\/p>\n<h3>3. Odbornos\u0165 a podpora<\/h3>\n<p>Renomovan\u00ed predajcovia \u00fa\u010dtov Google Ads Merchant Center \u010dasto poskytuj\u00fa \u010fal\u0161iu podporu a poradenstvo, aby pomohli podnikom \u010do najlep\u0161ie vyu\u017ei\u0165 svoje \u00fa\u010dty. M\u00f4\u017ee \u00eds\u0165 o tipy na optimaliz\u00e1ciu d\u00e1tov\u00fdch kan\u00e1lov produktov, nastavenie efekt\u00edvnych reklamn\u00fdch kampan\u00ed a maximaliz\u00e1ciu n\u00e1vratnosti invest\u00edci\u00ed.<\/p>\n<h3>4. Zv\u00fd\u0161en\u00e1 vidite\u013enos\u0165 online<\/h3>\n<p>V\u010faka \u00fa\u010dtu Google Ads Merchant Center m\u00f4\u017eu podniky zv\u00fd\u0161i\u0165 svoju vidite\u013enos\u0165 online a oslovi\u0165 \u0161ir\u0161ie publikum. Prezentovan\u00edm produktov priamo na str\u00e1nke s v\u00fdsledkami vyh\u013ead\u00e1vania Google m\u00f4\u017eu podniky pril\u00e1ka\u0165 viac potenci\u00e1lnych z\u00e1kazn\u00edkov a zv\u00fd\u0161i\u0165 n\u00e1v\u0161tevnos\u0165 svojich webov\u00fdch str\u00e1nok.<\/p>\n<h3>5. Konkuren\u010dn\u00e1 v\u00fdhoda<\/h3>\n<p>K\u00fapou vopred schv\u00e1len\u00e9ho \u00fa\u010dtu Google Ads Merchant Center m\u00f4\u017eu podniky z\u00edska\u0165 konkuren\u010dn\u00fa v\u00fdhodu. Umo\u017en\u00ed im okam\u017eite za\u010da\u0165 inzerova\u0165 v slu\u017ebe N\u00e1kupy Google, zatia\u013e \u010do ich konkurenti m\u00f4\u017eu e\u0161te st\u00e1le bojova\u0165 o schv\u00e1lenie svojich \u00fa\u010dtov. Tento skor\u00fd vstup na trh m\u00f4\u017ee vies\u0165 k zv\u00fd\u0161eniu predaja a rozpoznate\u013enosti zna\u010dky.<\/p>\n<h2>Z\u00e1ver<\/h2>\n<p>Z\u00edskanie \u00fa\u010dtu Google Ads Merchant Center m\u00f4\u017ee by\u0165 n\u00e1ro\u010dn\u00fd proces, ale zak\u00fapenie vopred schv\u00e1len\u00e9ho \u00fa\u010dtu m\u00f4\u017ee podnikom poskytn\u00fa\u0165 skratku k \u00faspechu. U\u0161etr\u00ed \u010das a \u00fasilie, poskytne pr\u00edstup k slu\u017ebe N\u00e1kupy Google, pon\u00fakne odborn\u00e9 znalosti a podporu, zv\u00fd\u0161i vidite\u013enos\u0165 online a poskytne konkuren\u010dn\u00fa v\u00fdhodu. Ak chcete maximalizova\u0165 svoje \u00fasilie v oblasti online reklamy a oslovi\u0165 \u0161ir\u0161ie publikum, zak\u00fapenie \u00fa\u010dtu Google Ads Merchant Center m\u00f4\u017ee by\u0165 pre va\u0161u firmu tou spr\u00e1vnou vo\u013ebou.<\/p>","protected":false},"excerpt":{"rendered":"<p>Sell your products on Google Shopping with our Verified Google Merchant Center accounts. Google Merchant Center is a tool that helps you upload your shop and product data to Google and make it available for Shopping ads and other Google services. All accounts are Business and Identity verified and are agency created in 2018. These [&#8230;]\n","protected":false},"featured_media":418,"template":"","meta":[],"product_brand":[],"product_cat":[78],"product_tag":[211,209,114,210,207,208],"class_list":{"0":"post-480","1":"product","2":"type-product","3":"status-publish","4":"has-post-thumbnail","6":"product_cat-buy-google-ads-services","7":"product_tag-buy-google-ads-merchant-center","8":"product_tag-google-ads-merchant-account","9":"product_tag-google-ads-merchant-center","10":"product_tag-google-ads-merchant-center-accounts","11":"product_tag-google-merchant-center","12":"product_tag-google-merchant-center-accounts","14":"first","15":"instock","16":"shipping-taxable","17":"purchasable","18":"product-type-simple"},"yoast_head":"<!-- This site is optimized with the Yoast SEO Premium plugin v27.2 (Yoast SEO v27.5) - https:\/\/yoast.com\/product\/yoast-seo-premium-wordpress\/ -->\n<title>Google Ads Merchant Center Account - Buy Google Ads Accounts<\/title>\n<meta name=\"description\" content=\"Buy a Verified Google Merchant Center Account and advertise your products instantly. Run ads on Google Ads with our Google Merchant Center accounts.\" \/>\n<meta name=\"robots\" content=\"index, follow, max-snippet:-1, max-image-preview:large, max-video-preview:-1\" \/>\n<link rel=\"canonical\" href=\"https:\/\/buygoogleadsaccounts.com\/sk\/googleads\/konto-obchodneho-centra-google-ads\/\" \/>\n<meta property=\"og:locale\" content=\"sk_SK\" \/>\n<meta property=\"og:type\" content=\"article\" \/>\n<meta property=\"og:title\" content=\"Google Ads Merchant Center Account\" \/>\n<meta property=\"og:description\" content=\"Buy a Verified Google Merchant Center Account and advertise your products instantly. Run ads on Google Ads with our Google Merchant Center accounts.\" \/>\n<meta property=\"og:url\" content=\"https:\/\/buygoogleadsaccounts.com\/sk\/googleads\/konto-obchodneho-centra-google-ads\/\" \/>\n<meta property=\"og:site_name\" content=\"Buy Google Ads Accounts\" \/>\n<meta property=\"article:modified_time\" content=\"2023-12-13T11:01:31+00:00\" \/>\n<meta property=\"og:image\" content=\"http:\/\/buygoogleadsaccounts.com\/wp-content\/uploads\/2022\/11\/google-ads-accounts-sale.png\" \/>\n\t<meta property=\"og:image:width\" content=\"500\" \/>\n\t<meta property=\"og:image:height\" content=\"500\" \/>\n\t<meta property=\"og:image:type\" content=\"image\/png\" \/>\n<meta name=\"twitter:card\" content=\"summary_large_image\" \/>\n<meta name=\"twitter:label1\" content=\"Predpokladan\u00fd \u010das \u010d\u00edtania\" \/>\n\t<meta name=\"twitter:data1\" content=\"3 min\u00faty\" \/>\n<script type=\"application\/ld+json\" class=\"yoast-schema-graph\">{\"@context\":\"https:\\\/\\\/schema.org\",\"@graph\":[{\"@type\":\"WebPage\",\"@id\":\"https:\\\/\\\/buygoogleadsaccounts.com\\\/googleads\\\/google-ads-merchant-center-account\\\/\",\"url\":\"https:\\\/\\\/buygoogleadsaccounts.com\\\/googleads\\\/google-ads-merchant-center-account\\\/\",\"name\":\"Google Ads Merchant Center Account - Buy Google Ads Accounts\",\"isPartOf\":{\"@id\":\"https:\\\/\\\/buygoogleadsaccounts.com\\\/#website\"},\"primaryImageOfPage\":{\"@id\":\"https:\\\/\\\/buygoogleadsaccounts.com\\\/googleads\\\/google-ads-merchant-center-account\\\/#primaryimage\"},\"image\":{\"@id\":\"https:\\\/\\\/buygoogleadsaccounts.com\\\/googleads\\\/google-ads-merchant-center-account\\\/#primaryimage\"},\"thumbnailUrl\":\"https:\\\/\\\/buygoogleadsaccounts.com\\\/wp-content\\\/uploads\\\/2022\\\/11\\\/google-ads-accounts-sale.png\",\"datePublished\":\"2022-11-06T13:08:11+00:00\",\"dateModified\":\"2023-12-13T11:01:31+00:00\",\"description\":\"Buy a Verified Google Merchant Center Account and advertise your products instantly. Run ads on Google Ads with our Google Merchant Center accounts.\",\"breadcrumb\":{\"@id\":\"https:\\\/\\\/buygoogleadsaccounts.com\\\/googleads\\\/google-ads-merchant-center-account\\\/#breadcrumb\"},\"inLanguage\":\"sk-SK\",\"potentialAction\":[{\"@type\":\"ReadAction\",\"target\":[\"https:\\\/\\\/buygoogleadsaccounts.com\\\/googleads\\\/google-ads-merchant-center-account\\\/\"]}]},{\"@type\":\"ImageObject\",\"inLanguage\":\"sk-SK\",\"@id\":\"https:\\\/\\\/buygoogleadsaccounts.com\\\/googleads\\\/google-ads-merchant-center-account\\\/#primaryimage\",\"url\":\"https:\\\/\\\/buygoogleadsaccounts.com\\\/wp-content\\\/uploads\\\/2022\\\/11\\\/google-ads-accounts-sale.png\",\"contentUrl\":\"https:\\\/\\\/buygoogleadsaccounts.com\\\/wp-content\\\/uploads\\\/2022\\\/11\\\/google-ads-accounts-sale.png\",\"width\":500,\"height\":500},{\"@type\":\"BreadcrumbList\",\"@id\":\"https:\\\/\\\/buygoogleadsaccounts.com\\\/googleads\\\/google-ads-merchant-center-account\\\/#breadcrumb\",\"itemListElement\":[{\"@type\":\"ListItem\",\"position\":1,\"name\":\"Home\",\"item\":\"https:\\\/\\\/buygoogleadsaccounts.com\\\/\"},{\"@type\":\"ListItem\",\"position\":2,\"name\":\"Shop\",\"item\":\"https:\\\/\\\/buygoogleadsaccounts.com\\\/el\\\/%ce%ba%ce%b1%cf%84%ce%ac%cf%83%cf%84%ce%b7%ce%bc%ce%b1\\\/\"},{\"@type\":\"ListItem\",\"position\":3,\"name\":\"Google Ads Merchant Center Account\"}]},{\"@type\":\"WebSite\",\"@id\":\"https:\\\/\\\/buygoogleadsaccounts.com\\\/#website\",\"url\":\"https:\\\/\\\/buygoogleadsaccounts.com\\\/\",\"name\":\"Buy Google Ads Accounts\",\"description\":\"\",\"publisher\":{\"@id\":\"https:\\\/\\\/buygoogleadsaccounts.com\\\/#organization\"},\"potentialAction\":[{\"@type\":\"SearchAction\",\"target\":{\"@type\":\"EntryPoint\",\"urlTemplate\":\"https:\\\/\\\/buygoogleadsaccounts.com\\\/?s={search_term_string}\"},\"query-input\":{\"@type\":\"PropertyValueSpecification\",\"valueRequired\":true,\"valueName\":\"search_term_string\"}}],\"inLanguage\":\"sk-SK\"},{\"@type\":\"Organization\",\"@id\":\"https:\\\/\\\/buygoogleadsaccounts.com\\\/#organization\",\"name\":\"Buy Google Ads Accounts\",\"url\":\"https:\\\/\\\/buygoogleadsaccounts.com\\\/\",\"logo\":{\"@type\":\"ImageObject\",\"inLanguage\":\"sk-SK\",\"@id\":\"https:\\\/\\\/buygoogleadsaccounts.com\\\/#\\\/schema\\\/logo\\\/image\\\/\",\"url\":\"https:\\\/\\\/buygoogleadsaccounts.com\\\/wp-content\\\/uploads\\\/2022\\\/11\\\/cropped-fav.jpg\",\"contentUrl\":\"https:\\\/\\\/buygoogleadsaccounts.com\\\/wp-content\\\/uploads\\\/2022\\\/11\\\/cropped-fav.jpg\",\"width\":512,\"height\":512,\"caption\":\"Buy Google Ads Accounts\"},\"image\":{\"@id\":\"https:\\\/\\\/buygoogleadsaccounts.com\\\/#\\\/schema\\\/logo\\\/image\\\/\"}}]}<\/script>\n<!-- \/ Yoast SEO Premium plugin. -->","yoast_head_json":{"title":"\u00da\u010det Google Ads Merchant Center - K\u00fapi\u0165 \u00fa\u010dty Google Ads","description":"K\u00fapte si overen\u00e9 konto Google Merchant Center a okam\u017eite inzerujte svoje produkty. Sp\u00fa\u0161\u0165ajte reklamy v slu\u017ebe Google Ads pomocou na\u0161ich \u00fa\u010dtov Google Merchant Center.","robots":{"index":"index","follow":"follow","max-snippet":"max-snippet:-1","max-image-preview":"max-image-preview:large","max-video-preview":"max-video-preview:-1"},"canonical":"https:\/\/buygoogleadsaccounts.com\/sk\/googleads\/konto-obchodneho-centra-google-ads\/","og_locale":"sk_SK","og_type":"article","og_title":"Google Ads Merchant Center Account","og_description":"Buy a Verified Google Merchant Center Account and advertise your products instantly. Run ads on Google Ads with our Google Merchant Center accounts.","og_url":"https:\/\/buygoogleadsaccounts.com\/sk\/googleads\/konto-obchodneho-centra-google-ads\/","og_site_name":"Buy Google Ads Accounts","article_modified_time":"2023-12-13T11:01:31+00:00","og_image":[{"width":500,"height":500,"url":"http:\/\/buygoogleadsaccounts.com\/wp-content\/uploads\/2022\/11\/google-ads-accounts-sale.png","type":"image\/png"}],"twitter_card":"summary_large_image","twitter_misc":{"Predpokladan\u00fd \u010das \u010d\u00edtania":"3 min\u00faty"},"schema":{"@context":"https:\/\/schema.org","@graph":[{"@type":"WebPage","@id":"https:\/\/buygoogleadsaccounts.com\/googleads\/google-ads-merchant-center-account\/","url":"https:\/\/buygoogleadsaccounts.com\/googleads\/google-ads-merchant-center-account\/","name":"\u00da\u010det Google Ads Merchant Center - K\u00fapi\u0165 \u00fa\u010dty Google Ads","isPartOf":{"@id":"https:\/\/buygoogleadsaccounts.com\/#website"},"primaryImageOfPage":{"@id":"https:\/\/buygoogleadsaccounts.com\/googleads\/google-ads-merchant-center-account\/#primaryimage"},"image":{"@id":"https:\/\/buygoogleadsaccounts.com\/googleads\/google-ads-merchant-center-account\/#primaryimage"},"thumbnailUrl":"https:\/\/buygoogleadsaccounts.com\/wp-content\/uploads\/2022\/11\/google-ads-accounts-sale.png","datePublished":"2022-11-06T13:08:11+00:00","dateModified":"2023-12-13T11:01:31+00:00","description":"K\u00fapte si overen\u00e9 konto Google Merchant Center a okam\u017eite inzerujte svoje produkty. Sp\u00fa\u0161\u0165ajte reklamy v slu\u017ebe Google Ads pomocou na\u0161ich \u00fa\u010dtov Google Merchant Center.","breadcrumb":{"@id":"https:\/\/buygoogleadsaccounts.com\/googleads\/google-ads-merchant-center-account\/#breadcrumb"},"inLanguage":"sk-SK","potentialAction":[{"@type":"ReadAction","target":["https:\/\/buygoogleadsaccounts.com\/googleads\/google-ads-merchant-center-account\/"]}]},{"@type":"ImageObject","inLanguage":"sk-SK","@id":"https:\/\/buygoogleadsaccounts.com\/googleads\/google-ads-merchant-center-account\/#primaryimage","url":"https:\/\/buygoogleadsaccounts.com\/wp-content\/uploads\/2022\/11\/google-ads-accounts-sale.png","contentUrl":"https:\/\/buygoogleadsaccounts.com\/wp-content\/uploads\/2022\/11\/google-ads-accounts-sale.png","width":500,"height":500},{"@type":"BreadcrumbList","@id":"https:\/\/buygoogleadsaccounts.com\/googleads\/google-ads-merchant-center-account\/#breadcrumb","itemListElement":[{"@type":"ListItem","position":1,"name":"Home","item":"https:\/\/buygoogleadsaccounts.com\/"},{"@type":"ListItem","position":2,"name":"Shop","item":"https:\/\/buygoogleadsaccounts.com\/el\/%ce%ba%ce%b1%cf%84%ce%ac%cf%83%cf%84%ce%b7%ce%bc%ce%b1\/"},{"@type":"ListItem","position":3,"name":"Google Ads Merchant Center Account"}]},{"@type":"WebSite","@id":"https:\/\/buygoogleadsaccounts.com\/#website","url":"https:\/\/buygoogleadsaccounts.com\/","name":"K\u00fapi\u0165 \u00fa\u010dty Google Ads","description":"","publisher":{"@id":"https:\/\/buygoogleadsaccounts.com\/#organization"},"potentialAction":[{"@type":"SearchAction","target":{"@type":"EntryPoint","urlTemplate":"https:\/\/buygoogleadsaccounts.com\/?s={search_term_string}"},"query-input":{"@type":"PropertyValueSpecification","valueRequired":true,"valueName":"search_term_string"}}],"inLanguage":"sk-SK"},{"@type":"Organization","@id":"https:\/\/buygoogleadsaccounts.com\/#organization","name":"K\u00fapi\u0165 \u00fa\u010dty Google Ads","url":"https:\/\/buygoogleadsaccounts.com\/","logo":{"@type":"ImageObject","inLanguage":"sk-SK","@id":"https:\/\/buygoogleadsaccounts.com\/#\/schema\/logo\/image\/","url":"https:\/\/buygoogleadsaccounts.com\/wp-content\/uploads\/2022\/11\/cropped-fav.jpg","contentUrl":"https:\/\/buygoogleadsaccounts.com\/wp-content\/uploads\/2022\/11\/cropped-fav.jpg","width":512,"height":512,"caption":"Buy Google Ads Accounts"},"image":{"@id":"https:\/\/buygoogleadsaccounts.com\/#\/schema\/logo\/image\/"}}]}},"_links":{"self":[{"href":"https:\/\/buygoogleadsaccounts.com\/sk\/wp-json\/wp\/v2\/product\/480","targetHints":{"allow":["GET"]}}],"collection":[{"href":"https:\/\/buygoogleadsaccounts.com\/sk\/wp-json\/wp\/v2\/product"}],"about":[{"href":"https:\/\/buygoogleadsaccounts.com\/sk\/wp-json\/wp\/v2\/types\/product"}],"wp:featuredmedia":[{"embeddable":true,"href":"https:\/\/buygoogleadsaccounts.com\/sk\/wp-json\/wp\/v2\/media\/418"}],"wp:attachment":[{"href":"https:\/\/buygoogleadsaccounts.com\/sk\/wp-json\/wp\/v2\/media?parent=480"}],"wp:term":[{"taxonomy":"product_brand","embeddable":true,"href":"https:\/\/buygoogleadsaccounts.com\/sk\/wp-json\/wp\/v2\/product_brand?post=480"},{"taxonomy":"product_cat","embeddable":true,"href":"https:\/\/buygoogleadsaccounts.com\/sk\/wp-json\/wp\/v2\/product_cat?post=480"},{"taxonomy":"product_tag","embeddable":true,"href":"https:\/\/buygoogleadsaccounts.com\/sk\/wp-json\/wp\/v2\/product_tag?post=480"}],"curies":[{"name":"wp","href":"https:\/\/api.w.org\/{rel}","templated":true}]}}