{"id":480,"date":"2022-11-06T13:08:11","date_gmt":"2022-11-06T13:08:11","guid":{"rendered":"https:\/\/buygoogleadsaccounts.com\/?post_type=product&#038;p=480"},"modified":"2023-12-13T11:01:31","modified_gmt":"2023-12-13T11:01:31","slug":"google-ads-cont-centru-comercial","status":"publish","type":"product","link":"https:\/\/buygoogleadsaccounts.com\/ro\/googleads\/google-ads-cont-centru-comercial\/","title":{"rendered":"Contul Google Ads Merchant Center"},"content":{"rendered":"<p><span style=\"font-size: 120%;\">Vinde\u021bi-v\u0103 produsele pe Google Shopping cu conturile noastre verificate Google Merchant Center. Google Merchant Center este un instrument care v\u0103 ajut\u0103 s\u0103 \u00eenc\u0103rca\u021bi datele magazinului \u0219i ale produselor dvs. la Google \u0219i s\u0103 le face\u021bi disponibile pentru anun\u021burile Shopping \u0219i alte servicii Google. <\/span><\/p>\n<p><span style=\"font-size: 120%;\">Toate conturile sunt verificate din punct de vedere al afacerii \u0219i al identit\u0103\u021bii \u0219i sunt create de agen\u021bii \u00een 2018. Aceste conturi nu au fost niciodat\u0103 suspendate \u0219i toate produsele au fost aprobate.<\/span><\/p>\n<p><span style=\"font-size: 120%;\">Google v\u0103 va pune \u00een leg\u0103tur\u0103 cu clien\u021bii potrivi\u021bi \u00een C\u0103utare, Cump\u0103r\u0103turi, YouTube \u0219i pe web. <\/span><\/p>\n<p><span style=\"font-size: 120%;\">Pre\u021b per cont.<\/span><\/p>\n<h2>Importan\u021ba Google Ads Merchant Center<\/h2>\n<p>De\u021binerea unui cont Google Ads Merchant Center este esen\u021bial\u0103 pentru \u00eentreprinderile care doresc s\u0103 \u00ee\u0219i maximizeze vizibilitatea online \u0219i s\u0103 genereze mai multe v\u00e2nz\u0103ri. Acesta v\u0103 permite s\u0103 v\u0103 prezenta\u021bi produsele direct pe pagina de rezultate ale c\u0103ut\u0103rii Google, facilit\u00e2nd g\u0103sirea \u0219i achizi\u021bionarea produselor de c\u0103tre poten\u021bialii clien\u021bi.<\/p>\n<p>Cu toate acestea, ob\u021binerea unui cont Google Ads Merchant Center poate fi un proces dificil. Google are orient\u0103ri \u0219i cerin\u021be stricte pe care \u00eentreprinderile trebuie s\u0103 le \u00eendeplineasc\u0103 \u00eenainte ca conturile lor s\u0103 poat\u0103 fi aprobate. Acest lucru poate fi consumator de timp \u0219i frustrant, \u00een special pentru \u00eentreprinderile mici sau pentru cele noi \u00een domeniul publicit\u0103\u021bii online.<\/p>\n<h2>Solu\u021bia: Cump\u0103ra\u021bi conturi Google Ads Merchant Center<\/h2>\n<p>O modalitate de a dep\u0103\u0219i provoc\u0103rile legate de ob\u021binerea unui cont Google Ads Merchant Center este s\u0103 cump\u0103ra\u021bi unul. Exist\u0103 v\u00e2nz\u0103tori de renume care ofer\u0103 conturi preaprobate care sunt gata de utilizare. Aceast\u0103 op\u021biune ofer\u0103 mai multe beneficii pentru \u00eentreprinderi:<\/p>\n<h3>1. Economii de timp \u0219i efort<\/h3>\n<p>Prin achizi\u021bionarea unui cont preaprobat Google Ads Merchant Center, \u00eentreprinderile pot s\u0103ri peste procesul lung de aprobare \u0219i pot \u00eencepe imediat s\u0103 \u00ee\u0219i promoveze produsele. Acest lucru economise\u0219te timp \u0219i efort valoros, care poate fi utilizat mai bine \u00een alte domenii ale afacerii.<\/p>\n<h3>2. Acces la Google Shopping<\/h3>\n<p>Google Shopping este o platform\u0103 puternic\u0103 de publicitate care permite \u00eentreprinderilor s\u0103 \u00ee\u0219i prezinte produsele cu imagini, pre\u021buri \u0219i alte detalii relevante. Cu un cont preaprobat Merchant Center, \u00eentreprinderile pot profita de poten\u021bialul vast al Google Shopping \u0219i pot ajunge la milioane de clien\u021bi poten\u021biali.<\/p>\n<h3>3. Expertiz\u0103 \u0219i sprijin<\/h3>\n<p>V\u00e2nz\u0103torii de renume de conturi Google Ads Merchant Center ofer\u0103 adesea asisten\u021b\u0103 \u0219i \u00eendrumare suplimentare pentru a ajuta companiile s\u0103 \u00ee\u0219i utilizeze la maximum conturile. Acestea pot include sfaturi privind optimizarea fluxurilor de date despre produse, configurarea unor campanii publicitare eficiente \u0219i maximizarea randamentului investi\u021biilor.<\/p>\n<h3>4. Vizibilitate online crescut\u0103<\/h3>\n<p>Cu un cont Google Ads Merchant Center, \u00eentreprinderile \u00ee\u0219i pot cre\u0219te vizibilitatea online \u0219i pot ajunge la un public mai larg. Prin prezentarea produselor direct pe pagina de rezultate ale c\u0103ut\u0103rii Google, \u00eentreprinderile pot atrage mai mul\u021bi clien\u021bi poten\u021biali \u0219i pot direc\u021biona mai mult trafic c\u0103tre site-urile lor web.<\/p>\n<h3>5. Avantaj concuren\u021bial<\/h3>\n<p>Cump\u0103rarea unui cont preaprobat Google Ads Merchant Center poate oferi \u00eentreprinderilor un avantaj competitiv. Acest lucru le permite s\u0103 \u00eenceap\u0103 imediat s\u0103 fac\u0103 publicitate pe Google Shopping, \u00een timp ce concuren\u021bii lor \u00eenc\u0103 se chinuie s\u0103 ob\u021bin\u0103 aprobarea conturilor lor. Aceast\u0103 intrare timpurie pe pia\u021b\u0103 poate duce la cre\u0219terea v\u00e2nz\u0103rilor \u0219i a recunoa\u0219terii m\u0103rcii.<\/p>\n<h2>Concluzie<\/h2>\n<p>Ob\u021binerea unui cont Google Ads Merchant Center poate fi un proces dificil, \u00eens\u0103 achizi\u021bionarea unui cont preaprobat poate oferi \u00eentreprinderilor o scurt\u0103tur\u0103 c\u0103tre succes. Aceasta economise\u0219te timp \u0219i efort, ofer\u0103 acces la Google Shopping, ofer\u0103 expertiz\u0103 \u0219i asisten\u021b\u0103, cre\u0219te vizibilitatea online \u0219i ofer\u0103 un avantaj competitiv. Dac\u0103 dori\u021bi s\u0103 v\u0103 maximiza\u021bi eforturile de publicitate online \u0219i s\u0103 ajunge\u021bi la un public mai larg, achizi\u021bionarea unui cont Google Ads Merchant Center poate fi alegerea potrivit\u0103 pentru afacerea dvs.<\/p>","protected":false},"excerpt":{"rendered":"<p>Sell your products on Google Shopping with our Verified Google Merchant Center accounts. Google Merchant Center is a tool that helps you upload your shop and product data to Google and make it available for Shopping ads and other Google services. All accounts are Business and Identity verified and are agency created in 2018. These [&#8230;]\n","protected":false},"featured_media":418,"template":"","meta":[],"product_brand":[],"product_cat":[78],"product_tag":[211,209,114,210,207,208],"class_list":{"0":"post-480","1":"product","2":"type-product","3":"status-publish","4":"has-post-thumbnail","6":"product_cat-buy-google-ads-services","7":"product_tag-buy-google-ads-merchant-center","8":"product_tag-google-ads-merchant-account","9":"product_tag-google-ads-merchant-center","10":"product_tag-google-ads-merchant-center-accounts","11":"product_tag-google-merchant-center","12":"product_tag-google-merchant-center-accounts","14":"first","15":"instock","16":"shipping-taxable","17":"purchasable","18":"product-type-simple"},"yoast_head":"<!-- This site is optimized with the Yoast SEO Premium plugin v27.2 (Yoast SEO v27.4) - https:\/\/yoast.com\/product\/yoast-seo-premium-wordpress\/ -->\n<title>Google Ads Merchant Center Account - Buy Google Ads Accounts<\/title>\n<meta name=\"description\" content=\"Buy a Verified Google Merchant Center Account and advertise your products instantly. Run ads on Google Ads with our Google Merchant Center accounts.\" \/>\n<meta name=\"robots\" content=\"index, follow, max-snippet:-1, max-image-preview:large, max-video-preview:-1\" \/>\n<link rel=\"canonical\" href=\"https:\/\/buygoogleadsaccounts.com\/ro\/googleads\/google-ads-cont-centru-comercial\/\" \/>\n<meta property=\"og:locale\" content=\"ro_RO\" \/>\n<meta property=\"og:type\" content=\"article\" \/>\n<meta property=\"og:title\" content=\"Google Ads Merchant Center Account\" \/>\n<meta property=\"og:description\" content=\"Buy a Verified Google Merchant Center Account and advertise your products instantly. Run ads on Google Ads with our Google Merchant Center accounts.\" \/>\n<meta property=\"og:url\" content=\"https:\/\/buygoogleadsaccounts.com\/ro\/googleads\/google-ads-cont-centru-comercial\/\" \/>\n<meta property=\"og:site_name\" content=\"Buy Google Ads Accounts\" \/>\n<meta property=\"article:modified_time\" content=\"2023-12-13T11:01:31+00:00\" \/>\n<meta property=\"og:image\" content=\"http:\/\/buygoogleadsaccounts.com\/wp-content\/uploads\/2022\/11\/google-ads-accounts-sale.png\" \/>\n\t<meta property=\"og:image:width\" content=\"500\" \/>\n\t<meta property=\"og:image:height\" content=\"500\" \/>\n\t<meta property=\"og:image:type\" content=\"image\/png\" \/>\n<meta name=\"twitter:card\" content=\"summary_large_image\" \/>\n<meta name=\"twitter:label1\" content=\"Timp estimat pentru citire\" \/>\n\t<meta name=\"twitter:data1\" content=\"3 minute\" \/>\n<script type=\"application\/ld+json\" class=\"yoast-schema-graph\">{\"@context\":\"https:\\\/\\\/schema.org\",\"@graph\":[{\"@type\":\"WebPage\",\"@id\":\"https:\\\/\\\/buygoogleadsaccounts.com\\\/googleads\\\/google-ads-merchant-center-account\\\/\",\"url\":\"https:\\\/\\\/buygoogleadsaccounts.com\\\/googleads\\\/google-ads-merchant-center-account\\\/\",\"name\":\"Google Ads Merchant Center Account - Buy Google Ads Accounts\",\"isPartOf\":{\"@id\":\"https:\\\/\\\/buygoogleadsaccounts.com\\\/#website\"},\"primaryImageOfPage\":{\"@id\":\"https:\\\/\\\/buygoogleadsaccounts.com\\\/googleads\\\/google-ads-merchant-center-account\\\/#primaryimage\"},\"image\":{\"@id\":\"https:\\\/\\\/buygoogleadsaccounts.com\\\/googleads\\\/google-ads-merchant-center-account\\\/#primaryimage\"},\"thumbnailUrl\":\"https:\\\/\\\/buygoogleadsaccounts.com\\\/wp-content\\\/uploads\\\/2022\\\/11\\\/google-ads-accounts-sale.png\",\"datePublished\":\"2022-11-06T13:08:11+00:00\",\"dateModified\":\"2023-12-13T11:01:31+00:00\",\"description\":\"Buy a Verified Google Merchant Center Account and advertise your products instantly. Run ads on Google Ads with our Google Merchant Center accounts.\",\"breadcrumb\":{\"@id\":\"https:\\\/\\\/buygoogleadsaccounts.com\\\/googleads\\\/google-ads-merchant-center-account\\\/#breadcrumb\"},\"inLanguage\":\"ro-RO\",\"potentialAction\":[{\"@type\":\"ReadAction\",\"target\":[\"https:\\\/\\\/buygoogleadsaccounts.com\\\/googleads\\\/google-ads-merchant-center-account\\\/\"]}]},{\"@type\":\"ImageObject\",\"inLanguage\":\"ro-RO\",\"@id\":\"https:\\\/\\\/buygoogleadsaccounts.com\\\/googleads\\\/google-ads-merchant-center-account\\\/#primaryimage\",\"url\":\"https:\\\/\\\/buygoogleadsaccounts.com\\\/wp-content\\\/uploads\\\/2022\\\/11\\\/google-ads-accounts-sale.png\",\"contentUrl\":\"https:\\\/\\\/buygoogleadsaccounts.com\\\/wp-content\\\/uploads\\\/2022\\\/11\\\/google-ads-accounts-sale.png\",\"width\":500,\"height\":500},{\"@type\":\"BreadcrumbList\",\"@id\":\"https:\\\/\\\/buygoogleadsaccounts.com\\\/googleads\\\/google-ads-merchant-center-account\\\/#breadcrumb\",\"itemListElement\":[{\"@type\":\"ListItem\",\"position\":1,\"name\":\"Home\",\"item\":\"https:\\\/\\\/buygoogleadsaccounts.com\\\/\"},{\"@type\":\"ListItem\",\"position\":2,\"name\":\"Shop\",\"item\":\"https:\\\/\\\/buygoogleadsaccounts.com\\\/el\\\/%ce%ba%ce%b1%cf%84%ce%ac%cf%83%cf%84%ce%b7%ce%bc%ce%b1\\\/\"},{\"@type\":\"ListItem\",\"position\":3,\"name\":\"Google Ads Merchant Center Account\"}]},{\"@type\":\"WebSite\",\"@id\":\"https:\\\/\\\/buygoogleadsaccounts.com\\\/#website\",\"url\":\"https:\\\/\\\/buygoogleadsaccounts.com\\\/\",\"name\":\"Buy Google Ads Accounts\",\"description\":\"\",\"publisher\":{\"@id\":\"https:\\\/\\\/buygoogleadsaccounts.com\\\/#organization\"},\"potentialAction\":[{\"@type\":\"SearchAction\",\"target\":{\"@type\":\"EntryPoint\",\"urlTemplate\":\"https:\\\/\\\/buygoogleadsaccounts.com\\\/?s={search_term_string}\"},\"query-input\":{\"@type\":\"PropertyValueSpecification\",\"valueRequired\":true,\"valueName\":\"search_term_string\"}}],\"inLanguage\":\"ro-RO\"},{\"@type\":\"Organization\",\"@id\":\"https:\\\/\\\/buygoogleadsaccounts.com\\\/#organization\",\"name\":\"Buy Google Ads Accounts\",\"url\":\"https:\\\/\\\/buygoogleadsaccounts.com\\\/\",\"logo\":{\"@type\":\"ImageObject\",\"inLanguage\":\"ro-RO\",\"@id\":\"https:\\\/\\\/buygoogleadsaccounts.com\\\/#\\\/schema\\\/logo\\\/image\\\/\",\"url\":\"https:\\\/\\\/buygoogleadsaccounts.com\\\/wp-content\\\/uploads\\\/2022\\\/11\\\/cropped-fav.jpg\",\"contentUrl\":\"https:\\\/\\\/buygoogleadsaccounts.com\\\/wp-content\\\/uploads\\\/2022\\\/11\\\/cropped-fav.jpg\",\"width\":512,\"height\":512,\"caption\":\"Buy Google Ads Accounts\"},\"image\":{\"@id\":\"https:\\\/\\\/buygoogleadsaccounts.com\\\/#\\\/schema\\\/logo\\\/image\\\/\"}}]}<\/script>\n<!-- \/ Yoast SEO Premium plugin. -->","yoast_head_json":{"title":"Cont Google Ads Merchant Center - Cump\u0103ra\u021bi conturi Google Ads","description":"Cump\u0103ra\u021bi un cont verificat Google Merchant Center \u0219i face\u021bi publicitate produselor dvs. instantaneu. Rula\u021bi anun\u021buri pe Google Ads cu conturile noastre Google Merchant Center.","robots":{"index":"index","follow":"follow","max-snippet":"max-snippet:-1","max-image-preview":"max-image-preview:large","max-video-preview":"max-video-preview:-1"},"canonical":"https:\/\/buygoogleadsaccounts.com\/ro\/googleads\/google-ads-cont-centru-comercial\/","og_locale":"ro_RO","og_type":"article","og_title":"Google Ads Merchant Center Account","og_description":"Buy a Verified Google Merchant Center Account and advertise your products instantly. Run ads on Google Ads with our Google Merchant Center accounts.","og_url":"https:\/\/buygoogleadsaccounts.com\/ro\/googleads\/google-ads-cont-centru-comercial\/","og_site_name":"Buy Google Ads Accounts","article_modified_time":"2023-12-13T11:01:31+00:00","og_image":[{"width":500,"height":500,"url":"http:\/\/buygoogleadsaccounts.com\/wp-content\/uploads\/2022\/11\/google-ads-accounts-sale.png","type":"image\/png"}],"twitter_card":"summary_large_image","twitter_misc":{"Timp estimat pentru citire":"3 minute"},"schema":{"@context":"https:\/\/schema.org","@graph":[{"@type":"WebPage","@id":"https:\/\/buygoogleadsaccounts.com\/googleads\/google-ads-merchant-center-account\/","url":"https:\/\/buygoogleadsaccounts.com\/googleads\/google-ads-merchant-center-account\/","name":"Cont Google Ads Merchant Center - Cump\u0103ra\u021bi conturi Google Ads","isPartOf":{"@id":"https:\/\/buygoogleadsaccounts.com\/#website"},"primaryImageOfPage":{"@id":"https:\/\/buygoogleadsaccounts.com\/googleads\/google-ads-merchant-center-account\/#primaryimage"},"image":{"@id":"https:\/\/buygoogleadsaccounts.com\/googleads\/google-ads-merchant-center-account\/#primaryimage"},"thumbnailUrl":"https:\/\/buygoogleadsaccounts.com\/wp-content\/uploads\/2022\/11\/google-ads-accounts-sale.png","datePublished":"2022-11-06T13:08:11+00:00","dateModified":"2023-12-13T11:01:31+00:00","description":"Cump\u0103ra\u021bi un cont verificat Google Merchant Center \u0219i face\u021bi publicitate produselor dvs. instantaneu. Rula\u021bi anun\u021buri pe Google Ads cu conturile noastre Google Merchant Center.","breadcrumb":{"@id":"https:\/\/buygoogleadsaccounts.com\/googleads\/google-ads-merchant-center-account\/#breadcrumb"},"inLanguage":"ro-RO","potentialAction":[{"@type":"ReadAction","target":["https:\/\/buygoogleadsaccounts.com\/googleads\/google-ads-merchant-center-account\/"]}]},{"@type":"ImageObject","inLanguage":"ro-RO","@id":"https:\/\/buygoogleadsaccounts.com\/googleads\/google-ads-merchant-center-account\/#primaryimage","url":"https:\/\/buygoogleadsaccounts.com\/wp-content\/uploads\/2022\/11\/google-ads-accounts-sale.png","contentUrl":"https:\/\/buygoogleadsaccounts.com\/wp-content\/uploads\/2022\/11\/google-ads-accounts-sale.png","width":500,"height":500},{"@type":"BreadcrumbList","@id":"https:\/\/buygoogleadsaccounts.com\/googleads\/google-ads-merchant-center-account\/#breadcrumb","itemListElement":[{"@type":"ListItem","position":1,"name":"Home","item":"https:\/\/buygoogleadsaccounts.com\/"},{"@type":"ListItem","position":2,"name":"Shop","item":"https:\/\/buygoogleadsaccounts.com\/el\/%ce%ba%ce%b1%cf%84%ce%ac%cf%83%cf%84%ce%b7%ce%bc%ce%b1\/"},{"@type":"ListItem","position":3,"name":"Google Ads Merchant Center Account"}]},{"@type":"WebSite","@id":"https:\/\/buygoogleadsaccounts.com\/#website","url":"https:\/\/buygoogleadsaccounts.com\/","name":"Cump\u0103ra\u021bi conturi Google Ads","description":"","publisher":{"@id":"https:\/\/buygoogleadsaccounts.com\/#organization"},"potentialAction":[{"@type":"SearchAction","target":{"@type":"EntryPoint","urlTemplate":"https:\/\/buygoogleadsaccounts.com\/?s={search_term_string}"},"query-input":{"@type":"PropertyValueSpecification","valueRequired":true,"valueName":"search_term_string"}}],"inLanguage":"ro-RO"},{"@type":"Organization","@id":"https:\/\/buygoogleadsaccounts.com\/#organization","name":"Cump\u0103ra\u021bi conturi Google Ads","url":"https:\/\/buygoogleadsaccounts.com\/","logo":{"@type":"ImageObject","inLanguage":"ro-RO","@id":"https:\/\/buygoogleadsaccounts.com\/#\/schema\/logo\/image\/","url":"https:\/\/buygoogleadsaccounts.com\/wp-content\/uploads\/2022\/11\/cropped-fav.jpg","contentUrl":"https:\/\/buygoogleadsaccounts.com\/wp-content\/uploads\/2022\/11\/cropped-fav.jpg","width":512,"height":512,"caption":"Buy Google Ads Accounts"},"image":{"@id":"https:\/\/buygoogleadsaccounts.com\/#\/schema\/logo\/image\/"}}]}},"_links":{"self":[{"href":"https:\/\/buygoogleadsaccounts.com\/ro\/wp-json\/wp\/v2\/product\/480","targetHints":{"allow":["GET"]}}],"collection":[{"href":"https:\/\/buygoogleadsaccounts.com\/ro\/wp-json\/wp\/v2\/product"}],"about":[{"href":"https:\/\/buygoogleadsaccounts.com\/ro\/wp-json\/wp\/v2\/types\/product"}],"wp:featuredmedia":[{"embeddable":true,"href":"https:\/\/buygoogleadsaccounts.com\/ro\/wp-json\/wp\/v2\/media\/418"}],"wp:attachment":[{"href":"https:\/\/buygoogleadsaccounts.com\/ro\/wp-json\/wp\/v2\/media?parent=480"}],"wp:term":[{"taxonomy":"product_brand","embeddable":true,"href":"https:\/\/buygoogleadsaccounts.com\/ro\/wp-json\/wp\/v2\/product_brand?post=480"},{"taxonomy":"product_cat","embeddable":true,"href":"https:\/\/buygoogleadsaccounts.com\/ro\/wp-json\/wp\/v2\/product_cat?post=480"},{"taxonomy":"product_tag","embeddable":true,"href":"https:\/\/buygoogleadsaccounts.com\/ro\/wp-json\/wp\/v2\/product_tag?post=480"}],"curies":[{"name":"wp","href":"https:\/\/api.w.org\/{rel}","templated":true}]}}