{"id":587,"date":"2022-11-08T15:20:59","date_gmt":"2022-11-08T15:20:59","guid":{"rendered":"https:\/\/buygoogleadsaccounts.com\/?post_type=product&#038;p=587"},"modified":"2025-10-26T10:19:39","modified_gmt":"2025-10-26T10:19:39","slug":"blackhat-cloaking-google-ads-konts","status":"publish","type":"product","link":"https:\/\/buygoogleadsaccounts.com\/lv\/googleads\/blackhat-cloaking-google-ads-konts\/","title":{"rendered":"Google Ads Account 2020 Cloaking"},"content":{"rendered":"<p><span style=\"font-size: 120%;\">Ieg\u0101d\u0101jieties p\u0101rbaud\u012btu Google rekl\u0101mu Black Hat kontu, kas izveidots 2020. gad\u0101 ar $7000 - $10000 rekl\u0101m\u0101s izt\u0113r\u0113to naudu. Uzreiz public\u0113jiet Black Hat kampa\u0146as Google mekl\u0113t\u0101j\u0101, Google displeju t\u012bkl\u0101, Google iepirk\u0161an\u0101s t\u012bkl\u0101, YouTube. \u0160aj\u0101 kont\u0101 var palaist t\u0101das kampa\u0146as k\u0101 Forex, z\u012bmolu, kriptoval\u016btu, azartsp\u0113\u013cu, kazino un citas.<\/span><\/p>\n<p><span style=\"font-size: 120%;\">Ar \u0161o kontu jums neb\u016bs j\u0101uztraucas par rekl\u0101mu p\u0101rskatiem, kontu p\u0101rskatiem. Iepriek\u0161 kontam nekad nav biju\u0161as aptur\u0113\u0161anas probl\u0113mas.<\/span><\/p>\n<p><span style=\"font-size: 17.28px;\"><strong>Pievienot nor\u0113\u0137inu metodi<\/strong> - M\u0113s nodro\u0161in\u0101sim j\u016bsu konta nor\u0113\u0137inu metodi. <\/span><\/p>\n<p><span style=\"font-size: 17.28px;\"><strong>Sl\u0113p\u0161anas pakalpojumi<\/strong> - Vislab\u0101k, ja v\u0113laties public\u0113t Crypto, Azartsp\u0113les, Forex, Tirdzniec\u012bba, Z\u012bmoli vai jebkuras sensit\u012bvas kampa\u0146as. <\/span><\/p>\n<p>&nbsp;<\/p>","protected":false},"excerpt":{"rendered":"<p>Buy a Verified Google Ads Black Hat Account created in 2020 with $7000 &#8211; $10000 money spent on ads. Instantly publish Black Hat campaigns on Google Search, Google Display Network, Google Shopping, YouTube. This account can run campaigns like Forex, Brands, Crypto Currency, Gambling, Casino and more. You won&#8217;t have to worry about ads reviews, [&#8230;]\n","protected":false},"featured_media":418,"template":"","meta":[],"product_brand":[],"product_cat":[15],"product_tag":[241,240,79,180,81,183,96,184,238,239,97,237,103,74,121,129,181,142,144,147],"class_list":{"0":"post-587","1":"product","2":"type-product","3":"status-publish","4":"has-post-thumbnail","6":"product_cat-buy-google-ads-accounts","7":"product_tag-black-hat-google-ads-account","8":"product_tag-brands-google-ads-account","9":"product_tag-buy-google-ads-accounts","10":"product_tag-buy-uk-google-ads-account","11":"product_tag-cloaking-google-ads","12":"product_tag-cloaking-google-ads-account","13":"product_tag-crypto-ads-google","14":"product_tag-crypto-google-ads","15":"product_tag-crypto-google-ads-account","16":"product_tag-forex-google-ads-account","17":"product_tag-gambling-google-ads","18":"product_tag-gambling-google-ads-account","19":"product_tag-google-ads-account-suspended-suspicious-payments","20":"product_tag-google-ads-accounts","21":"product_tag-google-ads-suspended-account","22":"product_tag-google-ads-your-account-is-suspended","23":"product_tag-old-google-ads-account","24":"product_tag-suspicious-payment-activity-google-ads","25":"product_tag-suspicious-payments-google-ads","26":"product_tag-uk-google-ads-account","28":"first","29":"instock","30":"shipping-taxable","31":"purchasable","32":"product-type-simple"},"yoast_head":"<!-- This site is optimized with the Yoast SEO Premium plugin v27.2 (Yoast SEO v27.4) - https:\/\/yoast.com\/product\/yoast-seo-premium-wordpress\/ -->\n<title>Google Ads Account 2020 Cloaking - Buy Google Ads Accounts<\/title>\n<meta name=\"description\" content=\"Buy Cloaking Google Ads Account for Forex, Gambling, Crypto, Brands, Casino campaigns. Run Google Ads Campaigns instantly worldwide.\" \/>\n<meta name=\"robots\" content=\"index, follow, max-snippet:-1, max-image-preview:large, max-video-preview:-1\" \/>\n<link rel=\"canonical\" href=\"https:\/\/buygoogleadsaccounts.com\/lv\/googleads\/blackhat-cloaking-google-ads-konts\/\" \/>\n<meta property=\"og:locale\" content=\"lv_LV\" \/>\n<meta property=\"og:type\" content=\"article\" \/>\n<meta property=\"og:title\" content=\"Google Ads Account 2020 Cloaking\" \/>\n<meta property=\"og:description\" content=\"Buy Cloaking Google Ads Account for Forex, Gambling, Crypto, Brands, Casino campaigns. Run Google Ads Campaigns instantly worldwide.\" \/>\n<meta property=\"og:url\" content=\"https:\/\/buygoogleadsaccounts.com\/lv\/googleads\/blackhat-cloaking-google-ads-konts\/\" \/>\n<meta property=\"og:site_name\" content=\"Buy Google Ads Accounts\" \/>\n<meta property=\"article:modified_time\" content=\"2025-10-26T10:19:39+00:00\" \/>\n<meta property=\"og:image\" content=\"http:\/\/buygoogleadsaccounts.com\/wp-content\/uploads\/2022\/11\/google-ads-accounts-sale.png\" \/>\n\t<meta property=\"og:image:width\" content=\"500\" \/>\n\t<meta property=\"og:image:height\" content=\"500\" \/>\n\t<meta property=\"og:image:type\" content=\"image\/png\" \/>\n<meta name=\"twitter:card\" content=\"summary_large_image\" \/>\n<meta name=\"twitter:label1\" content=\"Est. reading time\" \/>\n\t<meta name=\"twitter:data1\" content=\"1 min\u016bte\" \/>\n<script type=\"application\/ld+json\" class=\"yoast-schema-graph\">{\"@context\":\"https:\\\/\\\/schema.org\",\"@graph\":[{\"@type\":\"WebPage\",\"@id\":\"https:\\\/\\\/buygoogleadsaccounts.com\\\/googleads\\\/blackhat-cloaking-google-ads-account\\\/\",\"url\":\"https:\\\/\\\/buygoogleadsaccounts.com\\\/googleads\\\/blackhat-cloaking-google-ads-account\\\/\",\"name\":\"Google Ads Account 2020 Cloaking - Buy Google Ads Accounts\",\"isPartOf\":{\"@id\":\"https:\\\/\\\/buygoogleadsaccounts.com\\\/#website\"},\"primaryImageOfPage\":{\"@id\":\"https:\\\/\\\/buygoogleadsaccounts.com\\\/googleads\\\/blackhat-cloaking-google-ads-account\\\/#primaryimage\"},\"image\":{\"@id\":\"https:\\\/\\\/buygoogleadsaccounts.com\\\/googleads\\\/blackhat-cloaking-google-ads-account\\\/#primaryimage\"},\"thumbnailUrl\":\"https:\\\/\\\/buygoogleadsaccounts.com\\\/wp-content\\\/uploads\\\/2022\\\/11\\\/google-ads-accounts-sale.png\",\"datePublished\":\"2022-11-08T15:20:59+00:00\",\"dateModified\":\"2025-10-26T10:19:39+00:00\",\"description\":\"Buy Cloaking Google Ads Account for Forex, Gambling, Crypto, Brands, Casino campaigns. Run Google Ads Campaigns instantly worldwide.\",\"breadcrumb\":{\"@id\":\"https:\\\/\\\/buygoogleadsaccounts.com\\\/googleads\\\/blackhat-cloaking-google-ads-account\\\/#breadcrumb\"},\"inLanguage\":\"lv-LV\",\"potentialAction\":[{\"@type\":\"ReadAction\",\"target\":[\"https:\\\/\\\/buygoogleadsaccounts.com\\\/googleads\\\/blackhat-cloaking-google-ads-account\\\/\"]}]},{\"@type\":\"ImageObject\",\"inLanguage\":\"lv-LV\",\"@id\":\"https:\\\/\\\/buygoogleadsaccounts.com\\\/googleads\\\/blackhat-cloaking-google-ads-account\\\/#primaryimage\",\"url\":\"https:\\\/\\\/buygoogleadsaccounts.com\\\/wp-content\\\/uploads\\\/2022\\\/11\\\/google-ads-accounts-sale.png\",\"contentUrl\":\"https:\\\/\\\/buygoogleadsaccounts.com\\\/wp-content\\\/uploads\\\/2022\\\/11\\\/google-ads-accounts-sale.png\",\"width\":500,\"height\":500},{\"@type\":\"BreadcrumbList\",\"@id\":\"https:\\\/\\\/buygoogleadsaccounts.com\\\/googleads\\\/blackhat-cloaking-google-ads-account\\\/#breadcrumb\",\"itemListElement\":[{\"@type\":\"ListItem\",\"position\":1,\"name\":\"Home\",\"item\":\"https:\\\/\\\/buygoogleadsaccounts.com\\\/\"},{\"@type\":\"ListItem\",\"position\":2,\"name\":\"Shop\",\"item\":\"https:\\\/\\\/buygoogleadsaccounts.com\\\/el\\\/%ce%ba%ce%b1%cf%84%ce%ac%cf%83%cf%84%ce%b7%ce%bc%ce%b1\\\/\"},{\"@type\":\"ListItem\",\"position\":3,\"name\":\"Google Ads Account 2020 Cloaking\"}]},{\"@type\":\"WebSite\",\"@id\":\"https:\\\/\\\/buygoogleadsaccounts.com\\\/#website\",\"url\":\"https:\\\/\\\/buygoogleadsaccounts.com\\\/\",\"name\":\"Buy Google Ads Accounts\",\"description\":\"\",\"publisher\":{\"@id\":\"https:\\\/\\\/buygoogleadsaccounts.com\\\/#organization\"},\"potentialAction\":[{\"@type\":\"SearchAction\",\"target\":{\"@type\":\"EntryPoint\",\"urlTemplate\":\"https:\\\/\\\/buygoogleadsaccounts.com\\\/?s={search_term_string}\"},\"query-input\":{\"@type\":\"PropertyValueSpecification\",\"valueRequired\":true,\"valueName\":\"search_term_string\"}}],\"inLanguage\":\"lv-LV\"},{\"@type\":\"Organization\",\"@id\":\"https:\\\/\\\/buygoogleadsaccounts.com\\\/#organization\",\"name\":\"Buy Google Ads Accounts\",\"url\":\"https:\\\/\\\/buygoogleadsaccounts.com\\\/\",\"logo\":{\"@type\":\"ImageObject\",\"inLanguage\":\"lv-LV\",\"@id\":\"https:\\\/\\\/buygoogleadsaccounts.com\\\/#\\\/schema\\\/logo\\\/image\\\/\",\"url\":\"https:\\\/\\\/buygoogleadsaccounts.com\\\/wp-content\\\/uploads\\\/2022\\\/11\\\/cropped-fav.jpg\",\"contentUrl\":\"https:\\\/\\\/buygoogleadsaccounts.com\\\/wp-content\\\/uploads\\\/2022\\\/11\\\/cropped-fav.jpg\",\"width\":512,\"height\":512,\"caption\":\"Buy Google Ads Accounts\"},\"image\":{\"@id\":\"https:\\\/\\\/buygoogleadsaccounts.com\\\/#\\\/schema\\\/logo\\\/image\\\/\"}}]}<\/script>\n<!-- \/ Yoast SEO Premium plugin. -->","yoast_head_json":{"title":"Google Ads Account 2020 Cloaking - Buy Google Ads Accounts","description":"Nopirkt mask\u0113jo\u0161o Google rekl\u0101mu kontu Forex, azartsp\u0113\u013cu, kripto, z\u012bmolu, kazino kampa\u0146\u0101m. Palaist Google rekl\u0101mas kampa\u0146as uzreiz vis\u0101 pasaul\u0113.","robots":{"index":"index","follow":"follow","max-snippet":"max-snippet:-1","max-image-preview":"max-image-preview:large","max-video-preview":"max-video-preview:-1"},"canonical":"https:\/\/buygoogleadsaccounts.com\/lv\/googleads\/blackhat-cloaking-google-ads-konts\/","og_locale":"lv_LV","og_type":"article","og_title":"Google Ads Account 2020 Cloaking","og_description":"Buy Cloaking Google Ads Account for Forex, Gambling, Crypto, Brands, Casino campaigns. Run Google Ads Campaigns instantly worldwide.","og_url":"https:\/\/buygoogleadsaccounts.com\/lv\/googleads\/blackhat-cloaking-google-ads-konts\/","og_site_name":"Buy Google Ads Accounts","article_modified_time":"2025-10-26T10:19:39+00:00","og_image":[{"width":500,"height":500,"url":"http:\/\/buygoogleadsaccounts.com\/wp-content\/uploads\/2022\/11\/google-ads-accounts-sale.png","type":"image\/png"}],"twitter_card":"summary_large_image","twitter_misc":{"Est. reading time":"1 min\u016bte"},"schema":{"@context":"https:\/\/schema.org","@graph":[{"@type":"WebPage","@id":"https:\/\/buygoogleadsaccounts.com\/googleads\/blackhat-cloaking-google-ads-account\/","url":"https:\/\/buygoogleadsaccounts.com\/googleads\/blackhat-cloaking-google-ads-account\/","name":"Google Ads Account 2020 Cloaking - Buy Google Ads Accounts","isPartOf":{"@id":"https:\/\/buygoogleadsaccounts.com\/#website"},"primaryImageOfPage":{"@id":"https:\/\/buygoogleadsaccounts.com\/googleads\/blackhat-cloaking-google-ads-account\/#primaryimage"},"image":{"@id":"https:\/\/buygoogleadsaccounts.com\/googleads\/blackhat-cloaking-google-ads-account\/#primaryimage"},"thumbnailUrl":"https:\/\/buygoogleadsaccounts.com\/wp-content\/uploads\/2022\/11\/google-ads-accounts-sale.png","datePublished":"2022-11-08T15:20:59+00:00","dateModified":"2025-10-26T10:19:39+00:00","description":"Nopirkt mask\u0113jo\u0161o Google rekl\u0101mu kontu Forex, azartsp\u0113\u013cu, kripto, z\u012bmolu, kazino kampa\u0146\u0101m. Palaist Google rekl\u0101mas kampa\u0146as uzreiz vis\u0101 pasaul\u0113.","breadcrumb":{"@id":"https:\/\/buygoogleadsaccounts.com\/googleads\/blackhat-cloaking-google-ads-account\/#breadcrumb"},"inLanguage":"lv-LV","potentialAction":[{"@type":"ReadAction","target":["https:\/\/buygoogleadsaccounts.com\/googleads\/blackhat-cloaking-google-ads-account\/"]}]},{"@type":"ImageObject","inLanguage":"lv-LV","@id":"https:\/\/buygoogleadsaccounts.com\/googleads\/blackhat-cloaking-google-ads-account\/#primaryimage","url":"https:\/\/buygoogleadsaccounts.com\/wp-content\/uploads\/2022\/11\/google-ads-accounts-sale.png","contentUrl":"https:\/\/buygoogleadsaccounts.com\/wp-content\/uploads\/2022\/11\/google-ads-accounts-sale.png","width":500,"height":500},{"@type":"BreadcrumbList","@id":"https:\/\/buygoogleadsaccounts.com\/googleads\/blackhat-cloaking-google-ads-account\/#breadcrumb","itemListElement":[{"@type":"ListItem","position":1,"name":"Home","item":"https:\/\/buygoogleadsaccounts.com\/"},{"@type":"ListItem","position":2,"name":"Shop","item":"https:\/\/buygoogleadsaccounts.com\/el\/%ce%ba%ce%b1%cf%84%ce%ac%cf%83%cf%84%ce%b7%ce%bc%ce%b1\/"},{"@type":"ListItem","position":3,"name":"Google Ads Account 2020 Cloaking"}]},{"@type":"WebSite","@id":"https:\/\/buygoogleadsaccounts.com\/#website","url":"https:\/\/buygoogleadsaccounts.com\/","name":"Pirkt Google rekl\u0101mu kontus","description":"","publisher":{"@id":"https:\/\/buygoogleadsaccounts.com\/#organization"},"potentialAction":[{"@type":"SearchAction","target":{"@type":"EntryPoint","urlTemplate":"https:\/\/buygoogleadsaccounts.com\/?s={search_term_string}"},"query-input":{"@type":"PropertyValueSpecification","valueRequired":true,"valueName":"search_term_string"}}],"inLanguage":"lv-LV"},{"@type":"Organization","@id":"https:\/\/buygoogleadsaccounts.com\/#organization","name":"Pirkt Google rekl\u0101mu kontus","url":"https:\/\/buygoogleadsaccounts.com\/","logo":{"@type":"ImageObject","inLanguage":"lv-LV","@id":"https:\/\/buygoogleadsaccounts.com\/#\/schema\/logo\/image\/","url":"https:\/\/buygoogleadsaccounts.com\/wp-content\/uploads\/2022\/11\/cropped-fav.jpg","contentUrl":"https:\/\/buygoogleadsaccounts.com\/wp-content\/uploads\/2022\/11\/cropped-fav.jpg","width":512,"height":512,"caption":"Buy Google Ads Accounts"},"image":{"@id":"https:\/\/buygoogleadsaccounts.com\/#\/schema\/logo\/image\/"}}]}},"_links":{"self":[{"href":"https:\/\/buygoogleadsaccounts.com\/lv\/wp-json\/wp\/v2\/product\/587","targetHints":{"allow":["GET"]}}],"collection":[{"href":"https:\/\/buygoogleadsaccounts.com\/lv\/wp-json\/wp\/v2\/product"}],"about":[{"href":"https:\/\/buygoogleadsaccounts.com\/lv\/wp-json\/wp\/v2\/types\/product"}],"wp:featuredmedia":[{"embeddable":true,"href":"https:\/\/buygoogleadsaccounts.com\/lv\/wp-json\/wp\/v2\/media\/418"}],"wp:attachment":[{"href":"https:\/\/buygoogleadsaccounts.com\/lv\/wp-json\/wp\/v2\/media?parent=587"}],"wp:term":[{"taxonomy":"product_brand","embeddable":true,"href":"https:\/\/buygoogleadsaccounts.com\/lv\/wp-json\/wp\/v2\/product_brand?post=587"},{"taxonomy":"product_cat","embeddable":true,"href":"https:\/\/buygoogleadsaccounts.com\/lv\/wp-json\/wp\/v2\/product_cat?post=587"},{"taxonomy":"product_tag","embeddable":true,"href":"https:\/\/buygoogleadsaccounts.com\/lv\/wp-json\/wp\/v2\/product_tag?post=587"}],"curies":[{"name":"wp","href":"https:\/\/api.w.org\/{rel}","templated":true}]}}