{"id":480,"date":"2022-11-06T13:08:11","date_gmt":"2022-11-06T13:08:11","guid":{"rendered":"https:\/\/buygoogleadsaccounts.com\/?post_type=product&#038;p=480"},"modified":"2023-12-13T11:01:31","modified_gmt":"2023-12-13T11:01:31","slug":"google-reklamu-tirgotaja-centra-konts","status":"publish","type":"product","link":"https:\/\/buygoogleadsaccounts.com\/lv\/googleads\/google-reklamu-tirgotaja-centra-konts\/","title":{"rendered":"Google rekl\u0101mu tirgot\u0101ja centra konts"},"content":{"rendered":"<p><span style=\"font-size: 120%;\">P\u0101rdodiet savus produktus pakalpojum\u0101 Google Shopping, izmantojot m\u016bsu apstiprin\u0101tos Google Merchant Center kontus. Google Merchant Center ir r\u012bks, kas pal\u012bdz jums aug\u0161upiel\u0101d\u0113t sava veikala un produktu datus Google un padar\u012bt tos pieejamus iepirk\u0161an\u0101s rekl\u0101m\u0101m un citiem Google pakalpojumiem. <\/span><\/p>\n<p><span style=\"font-size: 120%;\">Visi konti ir verific\u0113ti un identit\u0101tes verific\u0113ti, un tie ir a\u0123ent\u016bras izveidoti 2018. gad\u0101. \u0160ie konti nekad nav tiku\u0161i aptur\u0113ti, un visi produkti ir apstiprin\u0101ti.<\/span><\/p>\n<p><span style=\"font-size: 120%;\">Google j\u016bs savienos ar pareizajiem klientiem mekl\u0113\u0161anas, iepirk\u0161an\u0101s, YouTube un t\u012bmekl\u012b. <\/span><\/p>\n<p><span style=\"font-size: 120%;\">Cena par kontu.<\/span><\/p>\n<h2>Google Ads Merchant Center noz\u012bme<\/h2>\n<p>Uz\u0146\u0113mumiem, kas v\u0113las palielin\u0101t savu redzam\u012bbu tie\u0161saist\u0113 un palielin\u0101t p\u0101rdo\u0161anas apjomu, ir \u013coti svar\u012bgi izveidot Google rekl\u0101mu tirdzniec\u012bbas centra kontu. Tas \u013cauj demonstr\u0113t savus produktus tie\u0161i Google mekl\u0113\u0161anas rezult\u0101tu lap\u0101, t\u0101d\u0113j\u0101di potenci\u0101lajiem klientiem ir viegl\u0101k atrast un ieg\u0101d\u0101ties j\u016bsu produktus.<\/p>\n<p>Tom\u0113r Google Rekl\u0101mu tirdzniec\u012bbas centra konta ieg\u016b\u0161ana var b\u016bt sare\u017e\u0123\u012bts process. Uz\u0146\u0113mumiem ir stingras vadl\u012bnijas un pras\u012bbas, kas j\u0101izpilda, pirms to konti tiek apstiprin\u0101ti. Tas var b\u016bt laikietilp\u012bgi un apgr\u016btino\u0161i, jo \u012bpa\u0161i mazajiem uz\u0146\u0113mumiem vai tiem, kas ir jauni tie\u0161saistes rekl\u0101mas jom\u0101.<\/p>\n<h2>Risin\u0101jums: Ieg\u0101d\u0101jieties Google rekl\u0101mu tirdzniec\u012bbas centra kontus<\/h2>\n<p>Viens no veidiem, k\u0101 p\u0101rvar\u0113t probl\u0113mas, kas saist\u012btas ar Google Ads Merchant Center konta ieg\u016b\u0161anu, ir to ieg\u0101d\u0101ties. Ir cien\u012bjami p\u0101rdev\u0113ji, kas pied\u0101v\u0101 iepriek\u0161 apstiprin\u0101tus kontus, kuri ir gatavi lieto\u0161anai. \u0160\u012b iesp\u0113ja uz\u0146\u0113mumiem sniedz vair\u0101kas priek\u0161roc\u012bbas:<\/p>\n<h3>1. Laika un p\u016b\u013cu ietaup\u012bjums<\/h3>\n<p>Ieg\u0101d\u0101joties iepriek\u0161 apstiprin\u0101tu Google Ads Merchant Center kontu, uz\u0146\u0113mumi var izlaist ilgo apstiprin\u0101\u0161anas procesu un uzreiz s\u0101kt reklam\u0113t savus produktus. T\u0101d\u0113j\u0101di tiek ietaup\u012bts v\u0113rt\u012bgs laiks un p\u016bles, ko var lab\u0101k izmantot cit\u0101s uz\u0146\u0113m\u0113jdarb\u012bbas jom\u0101s.<\/p>\n<h3>2. Piek\u013cuve pakalpojumam Google Shopping<\/h3>\n<p>Google Shopping ir jaud\u012bga rekl\u0101mas platforma, kas \u013cauj uz\u0146\u0113mumiem demonstr\u0113t savus produktus ar att\u0113liem, cen\u0101m un citu b\u016btisku inform\u0101ciju. Izmantojot iepriek\u0161 apstiprin\u0101tu Merchant Center kontu, uz\u0146\u0113mumi var izmantot pla\u0161\u0101s Google Shopping iesp\u0113jas un sasniegt miljoniem potenci\u0101lo klientu.<\/p>\n<h3>3. Ekspert\u012bze un atbalsts<\/h3>\n<p>God\u012bgi Google Ads Merchant Center kontu p\u0101rdev\u0113ji bie\u017ei sniedz papildu atbalstu un nor\u0101d\u012bjumus, lai pal\u012bdz\u0113tu uz\u0146\u0113mumiem maksim\u0101li izmantot savus kontus. Tas var ietvert padomus par produktu datu pl\u016bsmu optimiz\u0113\u0161anu, efekt\u012bvu rekl\u0101mas kampa\u0146u izveidi un maksim\u0101lu ieguld\u012bjumu atdeves palielin\u0101\u0161anu.<\/p>\n<h3>4. Liel\u0101ka atpaz\u012bstam\u012bba tie\u0161saist\u0113<\/h3>\n<p>Izmantojot Google Ads Merchant Center kontu, uz\u0146\u0113mumi var palielin\u0101t savu redzam\u012bbu tie\u0161saist\u0113 un sasniegt pla\u0161\u0101ku auditoriju. R\u0101dot produktus tie\u0161i Google mekl\u0113\u0161anas rezult\u0101tu lap\u0101, uz\u0146\u0113mumi var piesaist\u012bt vair\u0101k potenci\u0101lo klientu un palielin\u0101t savu viet\u0146u datpl\u016bsmu.<\/p>\n<h3>5. Konkurences priek\u0161roc\u012bbas<\/h3>\n<p>Ieg\u0101d\u0101joties iepriek\u0161 apstiprin\u0101tu Google Ads Merchant Center kontu, uz\u0146\u0113mumi var ieg\u016bt konkurences priek\u0161roc\u012bbas. Tas \u013cauj tiem nekav\u0113joties s\u0101kt reklam\u0113t Google Shopping, kam\u0113r konkurenti v\u0113l var c\u012bn\u012bties par savu kontu apstiprin\u0101\u0161anu. \u0160\u012b agr\u012bn\u0101 ien\u0101k\u0161ana tirg\u016b var palielin\u0101t p\u0101rdo\u0161anas apjomus un z\u012bmola atpaz\u012bstam\u012bbu.<\/p>\n<h2>Secin\u0101jums<\/h2>\n<p>Google Ads Merchant Center konta ieg\u016b\u0161ana var b\u016bt sare\u017e\u0123\u012bts process, ta\u010du, ieg\u0101d\u0101joties iepriek\u0161 apstiprin\u0101tu kontu, uz\u0146\u0113mumiem var b\u016bt \u012bs\u0101ks ce\u013c\u0161 uz pan\u0101kumiem. Tas ietaupa laiku un p\u016bles, nodro\u0161ina piek\u013cuvi pakalpojumam Google Shopping, pied\u0101v\u0101 zin\u0101\u0161anas un atbalstu, palielina redzam\u012bbu tie\u0161saist\u0113 un sniedz konkurences priek\u0161roc\u012bbas. Ja v\u0113laties maksim\u0101li palielin\u0101t savus tie\u0161saistes rekl\u0101mas centienus un sasniegt pla\u0161\u0101ku auditoriju, Google Ads Merchant Center konta ieg\u0101de var b\u016bt pareiz\u0101 izv\u0113le j\u016bsu uz\u0146\u0113mumam.<\/p>","protected":false},"excerpt":{"rendered":"<p>Sell your products on Google Shopping with our Verified Google Merchant Center accounts. Google Merchant Center is a tool that helps you upload your shop and product data to Google and make it available for Shopping ads and other Google services. All accounts are Business and Identity verified and are agency created in 2018. These [&#8230;]\n","protected":false},"featured_media":418,"template":"","meta":[],"product_brand":[],"product_cat":[78],"product_tag":[211,209,114,210,207,208],"class_list":{"0":"post-480","1":"product","2":"type-product","3":"status-publish","4":"has-post-thumbnail","6":"product_cat-buy-google-ads-services","7":"product_tag-buy-google-ads-merchant-center","8":"product_tag-google-ads-merchant-account","9":"product_tag-google-ads-merchant-center","10":"product_tag-google-ads-merchant-center-accounts","11":"product_tag-google-merchant-center","12":"product_tag-google-merchant-center-accounts","14":"first","15":"instock","16":"shipping-taxable","17":"purchasable","18":"product-type-simple"},"yoast_head":"<!-- This site is optimized with the Yoast SEO Premium plugin v27.2 (Yoast SEO v27.4) - https:\/\/yoast.com\/product\/yoast-seo-premium-wordpress\/ -->\n<title>Google Ads Merchant Center Account - Buy Google Ads Accounts<\/title>\n<meta name=\"description\" content=\"Buy a Verified Google Merchant Center Account and advertise your products instantly. Run ads on Google Ads with our Google Merchant Center accounts.\" \/>\n<meta name=\"robots\" content=\"index, follow, max-snippet:-1, max-image-preview:large, max-video-preview:-1\" \/>\n<link rel=\"canonical\" href=\"https:\/\/buygoogleadsaccounts.com\/lv\/googleads\/google-reklamu-tirgotaja-centra-konts\/\" \/>\n<meta property=\"og:locale\" content=\"lv_LV\" \/>\n<meta property=\"og:type\" content=\"article\" \/>\n<meta property=\"og:title\" content=\"Google Ads Merchant Center Account\" \/>\n<meta property=\"og:description\" content=\"Buy a Verified Google Merchant Center Account and advertise your products instantly. Run ads on Google Ads with our Google Merchant Center accounts.\" \/>\n<meta property=\"og:url\" content=\"https:\/\/buygoogleadsaccounts.com\/lv\/googleads\/google-reklamu-tirgotaja-centra-konts\/\" \/>\n<meta property=\"og:site_name\" content=\"Buy Google Ads Accounts\" \/>\n<meta property=\"article:modified_time\" content=\"2023-12-13T11:01:31+00:00\" \/>\n<meta property=\"og:image\" content=\"http:\/\/buygoogleadsaccounts.com\/wp-content\/uploads\/2022\/11\/google-ads-accounts-sale.png\" \/>\n\t<meta property=\"og:image:width\" content=\"500\" \/>\n\t<meta property=\"og:image:height\" content=\"500\" \/>\n\t<meta property=\"og:image:type\" content=\"image\/png\" \/>\n<meta name=\"twitter:card\" content=\"summary_large_image\" \/>\n<meta name=\"twitter:label1\" content=\"Est. reading time\" \/>\n\t<meta name=\"twitter:data1\" content=\"3 min\u016btes\" \/>\n<script type=\"application\/ld+json\" class=\"yoast-schema-graph\">{\"@context\":\"https:\\\/\\\/schema.org\",\"@graph\":[{\"@type\":\"WebPage\",\"@id\":\"https:\\\/\\\/buygoogleadsaccounts.com\\\/googleads\\\/google-ads-merchant-center-account\\\/\",\"url\":\"https:\\\/\\\/buygoogleadsaccounts.com\\\/googleads\\\/google-ads-merchant-center-account\\\/\",\"name\":\"Google Ads Merchant Center Account - Buy Google Ads Accounts\",\"isPartOf\":{\"@id\":\"https:\\\/\\\/buygoogleadsaccounts.com\\\/#website\"},\"primaryImageOfPage\":{\"@id\":\"https:\\\/\\\/buygoogleadsaccounts.com\\\/googleads\\\/google-ads-merchant-center-account\\\/#primaryimage\"},\"image\":{\"@id\":\"https:\\\/\\\/buygoogleadsaccounts.com\\\/googleads\\\/google-ads-merchant-center-account\\\/#primaryimage\"},\"thumbnailUrl\":\"https:\\\/\\\/buygoogleadsaccounts.com\\\/wp-content\\\/uploads\\\/2022\\\/11\\\/google-ads-accounts-sale.png\",\"datePublished\":\"2022-11-06T13:08:11+00:00\",\"dateModified\":\"2023-12-13T11:01:31+00:00\",\"description\":\"Buy a Verified Google Merchant Center Account and advertise your products instantly. Run ads on Google Ads with our Google Merchant Center accounts.\",\"breadcrumb\":{\"@id\":\"https:\\\/\\\/buygoogleadsaccounts.com\\\/googleads\\\/google-ads-merchant-center-account\\\/#breadcrumb\"},\"inLanguage\":\"lv-LV\",\"potentialAction\":[{\"@type\":\"ReadAction\",\"target\":[\"https:\\\/\\\/buygoogleadsaccounts.com\\\/googleads\\\/google-ads-merchant-center-account\\\/\"]}]},{\"@type\":\"ImageObject\",\"inLanguage\":\"lv-LV\",\"@id\":\"https:\\\/\\\/buygoogleadsaccounts.com\\\/googleads\\\/google-ads-merchant-center-account\\\/#primaryimage\",\"url\":\"https:\\\/\\\/buygoogleadsaccounts.com\\\/wp-content\\\/uploads\\\/2022\\\/11\\\/google-ads-accounts-sale.png\",\"contentUrl\":\"https:\\\/\\\/buygoogleadsaccounts.com\\\/wp-content\\\/uploads\\\/2022\\\/11\\\/google-ads-accounts-sale.png\",\"width\":500,\"height\":500},{\"@type\":\"BreadcrumbList\",\"@id\":\"https:\\\/\\\/buygoogleadsaccounts.com\\\/googleads\\\/google-ads-merchant-center-account\\\/#breadcrumb\",\"itemListElement\":[{\"@type\":\"ListItem\",\"position\":1,\"name\":\"Home\",\"item\":\"https:\\\/\\\/buygoogleadsaccounts.com\\\/\"},{\"@type\":\"ListItem\",\"position\":2,\"name\":\"Shop\",\"item\":\"https:\\\/\\\/buygoogleadsaccounts.com\\\/el\\\/%ce%ba%ce%b1%cf%84%ce%ac%cf%83%cf%84%ce%b7%ce%bc%ce%b1\\\/\"},{\"@type\":\"ListItem\",\"position\":3,\"name\":\"Google Ads Merchant Center Account\"}]},{\"@type\":\"WebSite\",\"@id\":\"https:\\\/\\\/buygoogleadsaccounts.com\\\/#website\",\"url\":\"https:\\\/\\\/buygoogleadsaccounts.com\\\/\",\"name\":\"Buy Google Ads Accounts\",\"description\":\"\",\"publisher\":{\"@id\":\"https:\\\/\\\/buygoogleadsaccounts.com\\\/#organization\"},\"potentialAction\":[{\"@type\":\"SearchAction\",\"target\":{\"@type\":\"EntryPoint\",\"urlTemplate\":\"https:\\\/\\\/buygoogleadsaccounts.com\\\/?s={search_term_string}\"},\"query-input\":{\"@type\":\"PropertyValueSpecification\",\"valueRequired\":true,\"valueName\":\"search_term_string\"}}],\"inLanguage\":\"lv-LV\"},{\"@type\":\"Organization\",\"@id\":\"https:\\\/\\\/buygoogleadsaccounts.com\\\/#organization\",\"name\":\"Buy Google Ads Accounts\",\"url\":\"https:\\\/\\\/buygoogleadsaccounts.com\\\/\",\"logo\":{\"@type\":\"ImageObject\",\"inLanguage\":\"lv-LV\",\"@id\":\"https:\\\/\\\/buygoogleadsaccounts.com\\\/#\\\/schema\\\/logo\\\/image\\\/\",\"url\":\"https:\\\/\\\/buygoogleadsaccounts.com\\\/wp-content\\\/uploads\\\/2022\\\/11\\\/cropped-fav.jpg\",\"contentUrl\":\"https:\\\/\\\/buygoogleadsaccounts.com\\\/wp-content\\\/uploads\\\/2022\\\/11\\\/cropped-fav.jpg\",\"width\":512,\"height\":512,\"caption\":\"Buy Google Ads Accounts\"},\"image\":{\"@id\":\"https:\\\/\\\/buygoogleadsaccounts.com\\\/#\\\/schema\\\/logo\\\/image\\\/\"}}]}<\/script>\n<!-- \/ Yoast SEO Premium plugin. -->","yoast_head_json":{"title":"Google Ads Merchant Center konts - Google rekl\u0101mu kontu pirk\u0161ana","description":"Ieg\u0101d\u0101jieties p\u0101rbaud\u012btu Google Merchant Center kontu un uzreiz reklam\u0113jiet savus produktus. Palaist rekl\u0101mas Google rekl\u0101m\u0101s, izmantojot m\u016bsu Google Merchant Center kontus.","robots":{"index":"index","follow":"follow","max-snippet":"max-snippet:-1","max-image-preview":"max-image-preview:large","max-video-preview":"max-video-preview:-1"},"canonical":"https:\/\/buygoogleadsaccounts.com\/lv\/googleads\/google-reklamu-tirgotaja-centra-konts\/","og_locale":"lv_LV","og_type":"article","og_title":"Google Ads Merchant Center Account","og_description":"Buy a Verified Google Merchant Center Account and advertise your products instantly. Run ads on Google Ads with our Google Merchant Center accounts.","og_url":"https:\/\/buygoogleadsaccounts.com\/lv\/googleads\/google-reklamu-tirgotaja-centra-konts\/","og_site_name":"Buy Google Ads Accounts","article_modified_time":"2023-12-13T11:01:31+00:00","og_image":[{"width":500,"height":500,"url":"http:\/\/buygoogleadsaccounts.com\/wp-content\/uploads\/2022\/11\/google-ads-accounts-sale.png","type":"image\/png"}],"twitter_card":"summary_large_image","twitter_misc":{"Est. reading time":"3 min\u016btes"},"schema":{"@context":"https:\/\/schema.org","@graph":[{"@type":"WebPage","@id":"https:\/\/buygoogleadsaccounts.com\/googleads\/google-ads-merchant-center-account\/","url":"https:\/\/buygoogleadsaccounts.com\/googleads\/google-ads-merchant-center-account\/","name":"Google Ads Merchant Center konts - Google rekl\u0101mu kontu pirk\u0161ana","isPartOf":{"@id":"https:\/\/buygoogleadsaccounts.com\/#website"},"primaryImageOfPage":{"@id":"https:\/\/buygoogleadsaccounts.com\/googleads\/google-ads-merchant-center-account\/#primaryimage"},"image":{"@id":"https:\/\/buygoogleadsaccounts.com\/googleads\/google-ads-merchant-center-account\/#primaryimage"},"thumbnailUrl":"https:\/\/buygoogleadsaccounts.com\/wp-content\/uploads\/2022\/11\/google-ads-accounts-sale.png","datePublished":"2022-11-06T13:08:11+00:00","dateModified":"2023-12-13T11:01:31+00:00","description":"Ieg\u0101d\u0101jieties p\u0101rbaud\u012btu Google Merchant Center kontu un uzreiz reklam\u0113jiet savus produktus. Palaist rekl\u0101mas Google rekl\u0101m\u0101s, izmantojot m\u016bsu Google Merchant Center kontus.","breadcrumb":{"@id":"https:\/\/buygoogleadsaccounts.com\/googleads\/google-ads-merchant-center-account\/#breadcrumb"},"inLanguage":"lv-LV","potentialAction":[{"@type":"ReadAction","target":["https:\/\/buygoogleadsaccounts.com\/googleads\/google-ads-merchant-center-account\/"]}]},{"@type":"ImageObject","inLanguage":"lv-LV","@id":"https:\/\/buygoogleadsaccounts.com\/googleads\/google-ads-merchant-center-account\/#primaryimage","url":"https:\/\/buygoogleadsaccounts.com\/wp-content\/uploads\/2022\/11\/google-ads-accounts-sale.png","contentUrl":"https:\/\/buygoogleadsaccounts.com\/wp-content\/uploads\/2022\/11\/google-ads-accounts-sale.png","width":500,"height":500},{"@type":"BreadcrumbList","@id":"https:\/\/buygoogleadsaccounts.com\/googleads\/google-ads-merchant-center-account\/#breadcrumb","itemListElement":[{"@type":"ListItem","position":1,"name":"Home","item":"https:\/\/buygoogleadsaccounts.com\/"},{"@type":"ListItem","position":2,"name":"Shop","item":"https:\/\/buygoogleadsaccounts.com\/el\/%ce%ba%ce%b1%cf%84%ce%ac%cf%83%cf%84%ce%b7%ce%bc%ce%b1\/"},{"@type":"ListItem","position":3,"name":"Google Ads Merchant Center Account"}]},{"@type":"WebSite","@id":"https:\/\/buygoogleadsaccounts.com\/#website","url":"https:\/\/buygoogleadsaccounts.com\/","name":"Pirkt Google rekl\u0101mu kontus","description":"","publisher":{"@id":"https:\/\/buygoogleadsaccounts.com\/#organization"},"potentialAction":[{"@type":"SearchAction","target":{"@type":"EntryPoint","urlTemplate":"https:\/\/buygoogleadsaccounts.com\/?s={search_term_string}"},"query-input":{"@type":"PropertyValueSpecification","valueRequired":true,"valueName":"search_term_string"}}],"inLanguage":"lv-LV"},{"@type":"Organization","@id":"https:\/\/buygoogleadsaccounts.com\/#organization","name":"Pirkt Google rekl\u0101mu kontus","url":"https:\/\/buygoogleadsaccounts.com\/","logo":{"@type":"ImageObject","inLanguage":"lv-LV","@id":"https:\/\/buygoogleadsaccounts.com\/#\/schema\/logo\/image\/","url":"https:\/\/buygoogleadsaccounts.com\/wp-content\/uploads\/2022\/11\/cropped-fav.jpg","contentUrl":"https:\/\/buygoogleadsaccounts.com\/wp-content\/uploads\/2022\/11\/cropped-fav.jpg","width":512,"height":512,"caption":"Buy Google Ads Accounts"},"image":{"@id":"https:\/\/buygoogleadsaccounts.com\/#\/schema\/logo\/image\/"}}]}},"_links":{"self":[{"href":"https:\/\/buygoogleadsaccounts.com\/lv\/wp-json\/wp\/v2\/product\/480","targetHints":{"allow":["GET"]}}],"collection":[{"href":"https:\/\/buygoogleadsaccounts.com\/lv\/wp-json\/wp\/v2\/product"}],"about":[{"href":"https:\/\/buygoogleadsaccounts.com\/lv\/wp-json\/wp\/v2\/types\/product"}],"wp:featuredmedia":[{"embeddable":true,"href":"https:\/\/buygoogleadsaccounts.com\/lv\/wp-json\/wp\/v2\/media\/418"}],"wp:attachment":[{"href":"https:\/\/buygoogleadsaccounts.com\/lv\/wp-json\/wp\/v2\/media?parent=480"}],"wp:term":[{"taxonomy":"product_brand","embeddable":true,"href":"https:\/\/buygoogleadsaccounts.com\/lv\/wp-json\/wp\/v2\/product_brand?post=480"},{"taxonomy":"product_cat","embeddable":true,"href":"https:\/\/buygoogleadsaccounts.com\/lv\/wp-json\/wp\/v2\/product_cat?post=480"},{"taxonomy":"product_tag","embeddable":true,"href":"https:\/\/buygoogleadsaccounts.com\/lv\/wp-json\/wp\/v2\/product_tag?post=480"}],"curies":[{"name":"wp","href":"https:\/\/api.w.org\/{rel}","templated":true}]}}