{"id":432,"date":"2022-11-04T14:35:39","date_gmt":"2022-11-04T14:35:39","guid":{"rendered":"https:\/\/buygoogleadsaccounts.com\/?post_type=product&#038;p=432"},"modified":"2025-10-26T10:24:35","modified_gmt":"2025-10-26T10:24:35","slug":"google-reklamu-konts-2018-uk-pavadija-28300","status":"publish","type":"product","link":"https:\/\/buygoogleadsaccounts.com\/lv\/googleads\/google-reklamu-konts-2018-uk-pavadija-28300\/","title":{"rendered":"Google Rekl\u0101mu konts 2018 Lielbrit\u0101nija Izt\u0113r\u0113ti \u00a328300"},"content":{"rendered":"<p><span style=\"font-size: 120%;\">Nopirkt p\u0101rbaud\u012btu Google rekl\u0101mu kontu, kas izveidots Apvienotaj\u0101 Karalist\u0113 2018. gad\u0101 ar 28300 \u00a3 naudas, kas izt\u0113r\u0113ta rekl\u0101m\u0101m. Uzreiz public\u0113jiet kampa\u0146as Google mekl\u0113\u0161anas, Google displeju t\u012bkl\u0101, Google iepirk\u0161an\u0101s, YouTube, Google Play un citur. <\/span><\/p>\n<p><span style=\"font-size: 120%;\">Ar \u0161o kontu jums neb\u016bs j\u0101uztraucas par rekl\u0101mu p\u0101rskatiem, kontu p\u0101rskatiem. Iepriek\u0161 kontam nekad nav biju\u0161as aptur\u0113\u0161anas probl\u0113mas.<\/span><\/p>\n<p><span style=\"font-size: 120%;\">Izv\u0113lieties konta p\u0101rvaldnieku, kas p\u0101rvald\u012bs j\u016bsu kampa\u0146as un maksim\u0101li izmantos j\u016bsu bud\u017eetu.<\/span><\/p>\n<p><span style=\"font-size: 17.28px;\"><strong>Pievienot nor\u0113\u0137inu metodi<\/strong> - M\u0113s nodro\u0161in\u0101sim j\u016bsu konta nor\u0113\u0137inu metodi. <\/span><\/p>\n<p>&nbsp;<\/p>","protected":false},"excerpt":{"rendered":"<p>Buy a Verified Google Ads Account created in United Kingdom in 2018 with \u00a328300 money spent on ads. Instantly publish campaigns on Google Search, Google Display Network, Google Shopping, YouTube, Google Play and more. You won&#8217;t have to worry about ads reviews, account reviews with this account. Account never had any suspensions issues in the [&#8230;]\n","protected":false},"featured_media":418,"template":"","meta":[],"product_brand":[],"product_cat":[15],"product_tag":[182,85,80,92,79,180,81,183,96,184,97,103,74,121,129,181,142,144,147],"class_list":{"0":"post-432","1":"product","2":"type-product","3":"status-publish","4":"has-post-thumbnail","6":"product_cat-buy-google-ads-accounts","7":"product_tag-2020-google-ads-account","8":"product_tag-account-suspended-google-ads","9":"product_tag-aged-google-ads-accounts","10":"product_tag-buy-ads-accounts","11":"product_tag-buy-google-ads-accounts","12":"product_tag-buy-uk-google-ads-account","13":"product_tag-cloaking-google-ads","14":"product_tag-cloaking-google-ads-account","15":"product_tag-crypto-ads-google","16":"product_tag-crypto-google-ads","17":"product_tag-gambling-google-ads","18":"product_tag-google-ads-account-suspended-suspicious-payments","19":"product_tag-google-ads-accounts","20":"product_tag-google-ads-suspended-account","21":"product_tag-google-ads-your-account-is-suspended","22":"product_tag-old-google-ads-account","23":"product_tag-suspicious-payment-activity-google-ads","24":"product_tag-suspicious-payments-google-ads","25":"product_tag-uk-google-ads-account","27":"first","28":"instock","29":"shipping-taxable","30":"purchasable","31":"product-type-simple"},"yoast_head":"<!-- This site is optimized with the Yoast SEO Premium plugin v27.2 (Yoast SEO v27.3) - https:\/\/yoast.com\/product\/yoast-seo-premium-wordpress\/ -->\n<title>Google Ads Account 2018 UK Spent \u00a328300 - Buy Google Ads Accounts<\/title>\n<meta name=\"description\" content=\"Buy UK Google Ads Account created in 2018 with history. All our Google Ads Accounts are verified and can run ads instantly with no review.\" \/>\n<meta name=\"robots\" content=\"index, follow, max-snippet:-1, max-image-preview:large, max-video-preview:-1\" \/>\n<link rel=\"canonical\" href=\"https:\/\/buygoogleadsaccounts.com\/lv\/googleads\/google-reklamu-konts-2018-uk-pavadija-28300\/\" \/>\n<meta property=\"og:locale\" content=\"lv_LV\" \/>\n<meta property=\"og:type\" content=\"article\" \/>\n<meta property=\"og:title\" content=\"Google Ads Account 2018 UK Spent \u00a328300\" \/>\n<meta property=\"og:description\" content=\"Buy UK Google Ads Account created in 2018 with history. All our Google Ads Accounts are verified and can run ads instantly with no review.\" \/>\n<meta property=\"og:url\" content=\"https:\/\/buygoogleadsaccounts.com\/lv\/googleads\/google-reklamu-konts-2018-uk-pavadija-28300\/\" \/>\n<meta property=\"og:site_name\" content=\"Buy Google Ads Accounts\" \/>\n<meta property=\"article:modified_time\" content=\"2025-10-26T10:24:35+00:00\" \/>\n<meta property=\"og:image\" content=\"http:\/\/buygoogleadsaccounts.com\/wp-content\/uploads\/2022\/11\/google-ads-accounts-sale.png\" \/>\n\t<meta property=\"og:image:width\" content=\"500\" \/>\n\t<meta property=\"og:image:height\" content=\"500\" \/>\n\t<meta property=\"og:image:type\" content=\"image\/png\" \/>\n<meta name=\"twitter:card\" content=\"summary_large_image\" \/>\n<meta name=\"twitter:label1\" content=\"Est. reading time\" \/>\n\t<meta name=\"twitter:data1\" content=\"1 min\u016bte\" \/>\n<script type=\"application\/ld+json\" class=\"yoast-schema-graph\">{\"@context\":\"https:\\\/\\\/schema.org\",\"@graph\":[{\"@type\":\"WebPage\",\"@id\":\"https:\\\/\\\/buygoogleadsaccounts.com\\\/googleads\\\/google-ads-account-2018-uk-spent-28300\\\/\",\"url\":\"https:\\\/\\\/buygoogleadsaccounts.com\\\/googleads\\\/google-ads-account-2018-uk-spent-28300\\\/\",\"name\":\"Google Ads Account 2018 UK Spent \u00a328300 - Buy Google Ads Accounts\",\"isPartOf\":{\"@id\":\"https:\\\/\\\/buygoogleadsaccounts.com\\\/#website\"},\"primaryImageOfPage\":{\"@id\":\"https:\\\/\\\/buygoogleadsaccounts.com\\\/googleads\\\/google-ads-account-2018-uk-spent-28300\\\/#primaryimage\"},\"image\":{\"@id\":\"https:\\\/\\\/buygoogleadsaccounts.com\\\/googleads\\\/google-ads-account-2018-uk-spent-28300\\\/#primaryimage\"},\"thumbnailUrl\":\"https:\\\/\\\/buygoogleadsaccounts.com\\\/wp-content\\\/uploads\\\/2022\\\/11\\\/google-ads-accounts-sale.png\",\"datePublished\":\"2022-11-04T14:35:39+00:00\",\"dateModified\":\"2025-10-26T10:24:35+00:00\",\"description\":\"Buy UK Google Ads Account created in 2018 with history. All our Google Ads Accounts are verified and can run ads instantly with no review.\",\"breadcrumb\":{\"@id\":\"https:\\\/\\\/buygoogleadsaccounts.com\\\/googleads\\\/google-ads-account-2018-uk-spent-28300\\\/#breadcrumb\"},\"inLanguage\":\"lv-LV\",\"potentialAction\":[{\"@type\":\"ReadAction\",\"target\":[\"https:\\\/\\\/buygoogleadsaccounts.com\\\/googleads\\\/google-ads-account-2018-uk-spent-28300\\\/\"]}]},{\"@type\":\"ImageObject\",\"inLanguage\":\"lv-LV\",\"@id\":\"https:\\\/\\\/buygoogleadsaccounts.com\\\/googleads\\\/google-ads-account-2018-uk-spent-28300\\\/#primaryimage\",\"url\":\"https:\\\/\\\/buygoogleadsaccounts.com\\\/wp-content\\\/uploads\\\/2022\\\/11\\\/google-ads-accounts-sale.png\",\"contentUrl\":\"https:\\\/\\\/buygoogleadsaccounts.com\\\/wp-content\\\/uploads\\\/2022\\\/11\\\/google-ads-accounts-sale.png\",\"width\":500,\"height\":500},{\"@type\":\"BreadcrumbList\",\"@id\":\"https:\\\/\\\/buygoogleadsaccounts.com\\\/googleads\\\/google-ads-account-2018-uk-spent-28300\\\/#breadcrumb\",\"itemListElement\":[{\"@type\":\"ListItem\",\"position\":1,\"name\":\"Home\",\"item\":\"https:\\\/\\\/buygoogleadsaccounts.com\\\/\"},{\"@type\":\"ListItem\",\"position\":2,\"name\":\"Shop\",\"item\":\"https:\\\/\\\/buygoogleadsaccounts.com\\\/el\\\/%ce%ba%ce%b1%cf%84%ce%ac%cf%83%cf%84%ce%b7%ce%bc%ce%b1\\\/\"},{\"@type\":\"ListItem\",\"position\":3,\"name\":\"Google Ads Account 2018 UK Spent \u00a328300\"}]},{\"@type\":\"WebSite\",\"@id\":\"https:\\\/\\\/buygoogleadsaccounts.com\\\/#website\",\"url\":\"https:\\\/\\\/buygoogleadsaccounts.com\\\/\",\"name\":\"Buy Google Ads Accounts\",\"description\":\"\",\"publisher\":{\"@id\":\"https:\\\/\\\/buygoogleadsaccounts.com\\\/#organization\"},\"potentialAction\":[{\"@type\":\"SearchAction\",\"target\":{\"@type\":\"EntryPoint\",\"urlTemplate\":\"https:\\\/\\\/buygoogleadsaccounts.com\\\/?s={search_term_string}\"},\"query-input\":{\"@type\":\"PropertyValueSpecification\",\"valueRequired\":true,\"valueName\":\"search_term_string\"}}],\"inLanguage\":\"lv-LV\"},{\"@type\":\"Organization\",\"@id\":\"https:\\\/\\\/buygoogleadsaccounts.com\\\/#organization\",\"name\":\"Buy Google Ads Accounts\",\"url\":\"https:\\\/\\\/buygoogleadsaccounts.com\\\/\",\"logo\":{\"@type\":\"ImageObject\",\"inLanguage\":\"lv-LV\",\"@id\":\"https:\\\/\\\/buygoogleadsaccounts.com\\\/#\\\/schema\\\/logo\\\/image\\\/\",\"url\":\"https:\\\/\\\/buygoogleadsaccounts.com\\\/wp-content\\\/uploads\\\/2022\\\/11\\\/cropped-fav.jpg\",\"contentUrl\":\"https:\\\/\\\/buygoogleadsaccounts.com\\\/wp-content\\\/uploads\\\/2022\\\/11\\\/cropped-fav.jpg\",\"width\":512,\"height\":512,\"caption\":\"Buy Google Ads Accounts\"},\"image\":{\"@id\":\"https:\\\/\\\/buygoogleadsaccounts.com\\\/#\\\/schema\\\/logo\\\/image\\\/\"}}]}<\/script>\n<!-- \/ Yoast SEO Premium plugin. -->","yoast_head_json":{"title":"Google Rekl\u0101mu konts 2018 Lielbrit\u0101nij\u0101 izt\u0113r\u0113ti \u00a328300 - Pirkt Google Rekl\u0101mu konti","description":"Nopirkt 2018. gad\u0101 izveidoto Apvienot\u0101s Karalistes Google rekl\u0101mu kontu ar v\u0113sturi. Visi m\u016bsu Google rekl\u0101mu konti ir p\u0101rbaud\u012bti un var uzreiz palaist rekl\u0101mas bez p\u0101rskat\u012b\u0161anas.","robots":{"index":"index","follow":"follow","max-snippet":"max-snippet:-1","max-image-preview":"max-image-preview:large","max-video-preview":"max-video-preview:-1"},"canonical":"https:\/\/buygoogleadsaccounts.com\/lv\/googleads\/google-reklamu-konts-2018-uk-pavadija-28300\/","og_locale":"lv_LV","og_type":"article","og_title":"Google Ads Account 2018 UK Spent \u00a328300","og_description":"Buy UK Google Ads Account created in 2018 with history. All our Google Ads Accounts are verified and can run ads instantly with no review.","og_url":"https:\/\/buygoogleadsaccounts.com\/lv\/googleads\/google-reklamu-konts-2018-uk-pavadija-28300\/","og_site_name":"Buy Google Ads Accounts","article_modified_time":"2025-10-26T10:24:35+00:00","og_image":[{"width":500,"height":500,"url":"http:\/\/buygoogleadsaccounts.com\/wp-content\/uploads\/2022\/11\/google-ads-accounts-sale.png","type":"image\/png"}],"twitter_card":"summary_large_image","twitter_misc":{"Est. reading time":"1 min\u016bte"},"schema":{"@context":"https:\/\/schema.org","@graph":[{"@type":"WebPage","@id":"https:\/\/buygoogleadsaccounts.com\/googleads\/google-ads-account-2018-uk-spent-28300\/","url":"https:\/\/buygoogleadsaccounts.com\/googleads\/google-ads-account-2018-uk-spent-28300\/","name":"Google Rekl\u0101mu konts 2018 Lielbrit\u0101nij\u0101 izt\u0113r\u0113ti \u00a328300 - Pirkt Google Rekl\u0101mu konti","isPartOf":{"@id":"https:\/\/buygoogleadsaccounts.com\/#website"},"primaryImageOfPage":{"@id":"https:\/\/buygoogleadsaccounts.com\/googleads\/google-ads-account-2018-uk-spent-28300\/#primaryimage"},"image":{"@id":"https:\/\/buygoogleadsaccounts.com\/googleads\/google-ads-account-2018-uk-spent-28300\/#primaryimage"},"thumbnailUrl":"https:\/\/buygoogleadsaccounts.com\/wp-content\/uploads\/2022\/11\/google-ads-accounts-sale.png","datePublished":"2022-11-04T14:35:39+00:00","dateModified":"2025-10-26T10:24:35+00:00","description":"Nopirkt 2018. gad\u0101 izveidoto Apvienot\u0101s Karalistes Google rekl\u0101mu kontu ar v\u0113sturi. Visi m\u016bsu Google rekl\u0101mu konti ir p\u0101rbaud\u012bti un var uzreiz palaist rekl\u0101mas bez p\u0101rskat\u012b\u0161anas.","breadcrumb":{"@id":"https:\/\/buygoogleadsaccounts.com\/googleads\/google-ads-account-2018-uk-spent-28300\/#breadcrumb"},"inLanguage":"lv-LV","potentialAction":[{"@type":"ReadAction","target":["https:\/\/buygoogleadsaccounts.com\/googleads\/google-ads-account-2018-uk-spent-28300\/"]}]},{"@type":"ImageObject","inLanguage":"lv-LV","@id":"https:\/\/buygoogleadsaccounts.com\/googleads\/google-ads-account-2018-uk-spent-28300\/#primaryimage","url":"https:\/\/buygoogleadsaccounts.com\/wp-content\/uploads\/2022\/11\/google-ads-accounts-sale.png","contentUrl":"https:\/\/buygoogleadsaccounts.com\/wp-content\/uploads\/2022\/11\/google-ads-accounts-sale.png","width":500,"height":500},{"@type":"BreadcrumbList","@id":"https:\/\/buygoogleadsaccounts.com\/googleads\/google-ads-account-2018-uk-spent-28300\/#breadcrumb","itemListElement":[{"@type":"ListItem","position":1,"name":"Home","item":"https:\/\/buygoogleadsaccounts.com\/"},{"@type":"ListItem","position":2,"name":"Shop","item":"https:\/\/buygoogleadsaccounts.com\/el\/%ce%ba%ce%b1%cf%84%ce%ac%cf%83%cf%84%ce%b7%ce%bc%ce%b1\/"},{"@type":"ListItem","position":3,"name":"Google Ads Account 2018 UK Spent \u00a328300"}]},{"@type":"WebSite","@id":"https:\/\/buygoogleadsaccounts.com\/#website","url":"https:\/\/buygoogleadsaccounts.com\/","name":"Pirkt Google rekl\u0101mu kontus","description":"","publisher":{"@id":"https:\/\/buygoogleadsaccounts.com\/#organization"},"potentialAction":[{"@type":"SearchAction","target":{"@type":"EntryPoint","urlTemplate":"https:\/\/buygoogleadsaccounts.com\/?s={search_term_string}"},"query-input":{"@type":"PropertyValueSpecification","valueRequired":true,"valueName":"search_term_string"}}],"inLanguage":"lv-LV"},{"@type":"Organization","@id":"https:\/\/buygoogleadsaccounts.com\/#organization","name":"Pirkt Google rekl\u0101mu kontus","url":"https:\/\/buygoogleadsaccounts.com\/","logo":{"@type":"ImageObject","inLanguage":"lv-LV","@id":"https:\/\/buygoogleadsaccounts.com\/#\/schema\/logo\/image\/","url":"https:\/\/buygoogleadsaccounts.com\/wp-content\/uploads\/2022\/11\/cropped-fav.jpg","contentUrl":"https:\/\/buygoogleadsaccounts.com\/wp-content\/uploads\/2022\/11\/cropped-fav.jpg","width":512,"height":512,"caption":"Buy Google Ads Accounts"},"image":{"@id":"https:\/\/buygoogleadsaccounts.com\/#\/schema\/logo\/image\/"}}]}},"_links":{"self":[{"href":"https:\/\/buygoogleadsaccounts.com\/lv\/wp-json\/wp\/v2\/product\/432","targetHints":{"allow":["GET"]}}],"collection":[{"href":"https:\/\/buygoogleadsaccounts.com\/lv\/wp-json\/wp\/v2\/product"}],"about":[{"href":"https:\/\/buygoogleadsaccounts.com\/lv\/wp-json\/wp\/v2\/types\/product"}],"wp:featuredmedia":[{"embeddable":true,"href":"https:\/\/buygoogleadsaccounts.com\/lv\/wp-json\/wp\/v2\/media\/418"}],"wp:attachment":[{"href":"https:\/\/buygoogleadsaccounts.com\/lv\/wp-json\/wp\/v2\/media?parent=432"}],"wp:term":[{"taxonomy":"product_brand","embeddable":true,"href":"https:\/\/buygoogleadsaccounts.com\/lv\/wp-json\/wp\/v2\/product_brand?post=432"},{"taxonomy":"product_cat","embeddable":true,"href":"https:\/\/buygoogleadsaccounts.com\/lv\/wp-json\/wp\/v2\/product_cat?post=432"},{"taxonomy":"product_tag","embeddable":true,"href":"https:\/\/buygoogleadsaccounts.com\/lv\/wp-json\/wp\/v2\/product_tag?post=432"}],"curies":[{"name":"wp","href":"https:\/\/api.w.org\/{rel}","templated":true}]}}