{"id":417,"date":"2022-11-04T12:13:21","date_gmt":"2022-11-04T12:13:21","guid":{"rendered":"https:\/\/buygoogleadsaccounts.com\/?post_type=product&#038;p=417"},"modified":"2025-10-26T10:24:46","modified_gmt":"2025-10-26T10:24:46","slug":"google-skelbimu-paskyra-2019-m-mums-isleista-14250","status":"publish","type":"product","link":"https:\/\/buygoogleadsaccounts.com\/lt\/googleads\/google-skelbimu-paskyra-2019-m-mums-isleista-14250\/","title":{"rendered":"\"Google\" skelbim\u0173 paskyra 2019 m. JAV i\u0161leista $14250"},"content":{"rendered":"<p><span style=\"font-size: 120%;\">Pirkite patikrint\u0105 \"Google\" skelbim\u0173 paskyr\u0105, sukurt\u0105 JAV 2019 m., su $14250 pinig\u0173, i\u0161leist\u0173 skelbimams. Akimirksniu paskelbkite kampanijas \"Google\" paie\u0161kos, \"Google Display Network\", \"Google Shopping\", \"YouTube\", \"Google Play\" ir kt. <\/span><\/p>\n<p><span style=\"font-size: 120%;\">Naudodamiesi \u0161ia paskyra netur\u0117site nerimauti d\u0117l skelbim\u0173 per\u017ei\u016br\u0173, paskyros per\u017ei\u016br\u0173. Paskyra niekada anks\u010diau nebuvo sustabdyta.<\/span><\/p>\n<p><span style=\"font-size: 120%;\">Pasirinkite paskyros tvarkytoj\u0105, kuris r\u016bpinsis j\u016bs\u0173 kampanijomis ir maksimaliai i\u0161naudos j\u016bs\u0173 biud\u017eet\u0105.<\/span><\/p>\n<p><span style=\"font-size: 17.28px;\"><strong>Prid\u0117ti atsiskaitymo metod\u0105<\/strong> - Pateiksime j\u016bs\u0173 paskyros s\u0105skaitos atsiskaitymo b\u016bd\u0105. <\/span><\/p>\n<p>&nbsp;<\/p>","protected":false},"excerpt":{"rendered":"<p>Buy a Verified Google Ads Account created in US in 2019 with $14250 money spent on ads. Instantly publish campaigns on Google Search, Google Display Network, Google Shopping, YouTube, Google Play and more. You won&#8217;t have to worry about ads reviews, account reviews with this account. Account never had any suspensions issues in the past. [&#8230;]\n","protected":false},"featured_media":418,"template":"","meta":[],"product_brand":[],"product_cat":[15],"product_tag":[182,85,80,92,79,187,81,183,96,184,97,103,74,121,129,181,142,144,188],"class_list":{"0":"post-417","1":"product","2":"type-product","3":"status-publish","4":"has-post-thumbnail","6":"product_cat-buy-google-ads-accounts","7":"product_tag-2020-google-ads-account","8":"product_tag-account-suspended-google-ads","9":"product_tag-aged-google-ads-accounts","10":"product_tag-buy-ads-accounts","11":"product_tag-buy-google-ads-accounts","12":"product_tag-buy-us-google-ads-account","13":"product_tag-cloaking-google-ads","14":"product_tag-cloaking-google-ads-account","15":"product_tag-crypto-ads-google","16":"product_tag-crypto-google-ads","17":"product_tag-gambling-google-ads","18":"product_tag-google-ads-account-suspended-suspicious-payments","19":"product_tag-google-ads-accounts","20":"product_tag-google-ads-suspended-account","21":"product_tag-google-ads-your-account-is-suspended","22":"product_tag-old-google-ads-account","23":"product_tag-suspicious-payment-activity-google-ads","24":"product_tag-suspicious-payments-google-ads","25":"product_tag-us-google-ads-account","27":"first","28":"instock","29":"shipping-taxable","30":"purchasable","31":"product-type-simple"},"yoast_head":"<!-- This site is optimized with the Yoast SEO Premium plugin v27.2 (Yoast SEO v27.3) - https:\/\/yoast.com\/product\/yoast-seo-premium-wordpress\/ -->\n<title>Google Ads Account 2019 US Spent $14250 - Buy Google Ads Accounts<\/title>\n<meta name=\"description\" content=\"Buy Google Ads Account Verified created in US. Buy old and aged Google Ads Accounts to run campaigns worldwide. VCC included and Cloaking.\" \/>\n<meta name=\"robots\" content=\"index, follow, max-snippet:-1, max-image-preview:large, max-video-preview:-1\" \/>\n<link rel=\"canonical\" href=\"https:\/\/buygoogleadsaccounts.com\/lt\/googleads\/google-skelbimu-paskyra-2019-m-mums-isleista-14250\/\" \/>\n<meta property=\"og:locale\" content=\"lt_LT\" \/>\n<meta property=\"og:type\" content=\"article\" \/>\n<meta property=\"og:title\" content=\"Google Ads Account 2019 US Spent $14250\" \/>\n<meta property=\"og:description\" content=\"Buy Google Ads Account Verified created in US. Buy old and aged Google Ads Accounts to run campaigns worldwide. VCC included and Cloaking.\" \/>\n<meta property=\"og:url\" content=\"https:\/\/buygoogleadsaccounts.com\/lt\/googleads\/google-skelbimu-paskyra-2019-m-mums-isleista-14250\/\" \/>\n<meta property=\"og:site_name\" content=\"Buy Google Ads Accounts\" \/>\n<meta property=\"article:modified_time\" content=\"2025-10-26T10:24:46+00:00\" \/>\n<meta property=\"og:image\" content=\"http:\/\/buygoogleadsaccounts.com\/wp-content\/uploads\/2022\/11\/google-ads-accounts-sale.png\" \/>\n\t<meta property=\"og:image:width\" content=\"500\" \/>\n\t<meta property=\"og:image:height\" content=\"500\" \/>\n\t<meta property=\"og:image:type\" content=\"image\/png\" \/>\n<meta name=\"twitter:card\" content=\"summary_large_image\" \/>\n<meta name=\"twitter:label1\" content=\"Est. reading time\" \/>\n\t<meta name=\"twitter:data1\" content=\"1 minut\u0117\" \/>\n<script type=\"application\/ld+json\" class=\"yoast-schema-graph\">{\"@context\":\"https:\\\/\\\/schema.org\",\"@graph\":[{\"@type\":\"WebPage\",\"@id\":\"https:\\\/\\\/buygoogleadsaccounts.com\\\/googleads\\\/google-ads-account-2019-us-spent-14250\\\/\",\"url\":\"https:\\\/\\\/buygoogleadsaccounts.com\\\/googleads\\\/google-ads-account-2019-us-spent-14250\\\/\",\"name\":\"Google Ads Account 2019 US Spent $14250 - Buy Google Ads Accounts\",\"isPartOf\":{\"@id\":\"https:\\\/\\\/buygoogleadsaccounts.com\\\/#website\"},\"primaryImageOfPage\":{\"@id\":\"https:\\\/\\\/buygoogleadsaccounts.com\\\/googleads\\\/google-ads-account-2019-us-spent-14250\\\/#primaryimage\"},\"image\":{\"@id\":\"https:\\\/\\\/buygoogleadsaccounts.com\\\/googleads\\\/google-ads-account-2019-us-spent-14250\\\/#primaryimage\"},\"thumbnailUrl\":\"https:\\\/\\\/buygoogleadsaccounts.com\\\/wp-content\\\/uploads\\\/2022\\\/11\\\/google-ads-accounts-sale.png\",\"datePublished\":\"2022-11-04T12:13:21+00:00\",\"dateModified\":\"2025-10-26T10:24:46+00:00\",\"description\":\"Buy Google Ads Account Verified created in US. Buy old and aged Google Ads Accounts to run campaigns worldwide. VCC included and Cloaking.\",\"breadcrumb\":{\"@id\":\"https:\\\/\\\/buygoogleadsaccounts.com\\\/googleads\\\/google-ads-account-2019-us-spent-14250\\\/#breadcrumb\"},\"inLanguage\":\"lt-LT\",\"potentialAction\":[{\"@type\":\"ReadAction\",\"target\":[\"https:\\\/\\\/buygoogleadsaccounts.com\\\/googleads\\\/google-ads-account-2019-us-spent-14250\\\/\"]}]},{\"@type\":\"ImageObject\",\"inLanguage\":\"lt-LT\",\"@id\":\"https:\\\/\\\/buygoogleadsaccounts.com\\\/googleads\\\/google-ads-account-2019-us-spent-14250\\\/#primaryimage\",\"url\":\"https:\\\/\\\/buygoogleadsaccounts.com\\\/wp-content\\\/uploads\\\/2022\\\/11\\\/google-ads-accounts-sale.png\",\"contentUrl\":\"https:\\\/\\\/buygoogleadsaccounts.com\\\/wp-content\\\/uploads\\\/2022\\\/11\\\/google-ads-accounts-sale.png\",\"width\":500,\"height\":500},{\"@type\":\"BreadcrumbList\",\"@id\":\"https:\\\/\\\/buygoogleadsaccounts.com\\\/googleads\\\/google-ads-account-2019-us-spent-14250\\\/#breadcrumb\",\"itemListElement\":[{\"@type\":\"ListItem\",\"position\":1,\"name\":\"Home\",\"item\":\"https:\\\/\\\/buygoogleadsaccounts.com\\\/\"},{\"@type\":\"ListItem\",\"position\":2,\"name\":\"Shop\",\"item\":\"https:\\\/\\\/buygoogleadsaccounts.com\\\/el\\\/%ce%ba%ce%b1%cf%84%ce%ac%cf%83%cf%84%ce%b7%ce%bc%ce%b1\\\/\"},{\"@type\":\"ListItem\",\"position\":3,\"name\":\"Google Ads Account 2019 US Spent $14250\"}]},{\"@type\":\"WebSite\",\"@id\":\"https:\\\/\\\/buygoogleadsaccounts.com\\\/#website\",\"url\":\"https:\\\/\\\/buygoogleadsaccounts.com\\\/\",\"name\":\"Buy Google Ads Accounts\",\"description\":\"\",\"publisher\":{\"@id\":\"https:\\\/\\\/buygoogleadsaccounts.com\\\/#organization\"},\"potentialAction\":[{\"@type\":\"SearchAction\",\"target\":{\"@type\":\"EntryPoint\",\"urlTemplate\":\"https:\\\/\\\/buygoogleadsaccounts.com\\\/?s={search_term_string}\"},\"query-input\":{\"@type\":\"PropertyValueSpecification\",\"valueRequired\":true,\"valueName\":\"search_term_string\"}}],\"inLanguage\":\"lt-LT\"},{\"@type\":\"Organization\",\"@id\":\"https:\\\/\\\/buygoogleadsaccounts.com\\\/#organization\",\"name\":\"Buy Google Ads Accounts\",\"url\":\"https:\\\/\\\/buygoogleadsaccounts.com\\\/\",\"logo\":{\"@type\":\"ImageObject\",\"inLanguage\":\"lt-LT\",\"@id\":\"https:\\\/\\\/buygoogleadsaccounts.com\\\/#\\\/schema\\\/logo\\\/image\\\/\",\"url\":\"https:\\\/\\\/buygoogleadsaccounts.com\\\/wp-content\\\/uploads\\\/2022\\\/11\\\/cropped-fav.jpg\",\"contentUrl\":\"https:\\\/\\\/buygoogleadsaccounts.com\\\/wp-content\\\/uploads\\\/2022\\\/11\\\/cropped-fav.jpg\",\"width\":512,\"height\":512,\"caption\":\"Buy Google Ads Accounts\"},\"image\":{\"@id\":\"https:\\\/\\\/buygoogleadsaccounts.com\\\/#\\\/schema\\\/logo\\\/image\\\/\"}}]}<\/script>\n<!-- \/ Yoast SEO Premium plugin. -->","yoast_head_json":{"title":"\"Google\" skelbim\u0173 paskyra 2019 m. JAV i\u0161leista $14250 - Pirkti \"Google\" skelbim\u0173 paskyras","description":"Pirkti \"Google Ads\" paskyr\u0105 Patikrinta sukurta JAV. Pirkite senas ir pasenusias \"Google Ads\" paskyras, kad gal\u0117tum\u0117te vykdyti kampanijas visame pasaulyje. \u012etrauktas VCC ir maskavimas.","robots":{"index":"index","follow":"follow","max-snippet":"max-snippet:-1","max-image-preview":"max-image-preview:large","max-video-preview":"max-video-preview:-1"},"canonical":"https:\/\/buygoogleadsaccounts.com\/lt\/googleads\/google-skelbimu-paskyra-2019-m-mums-isleista-14250\/","og_locale":"lt_LT","og_type":"article","og_title":"Google Ads Account 2019 US Spent $14250","og_description":"Buy Google Ads Account Verified created in US. Buy old and aged Google Ads Accounts to run campaigns worldwide. VCC included and Cloaking.","og_url":"https:\/\/buygoogleadsaccounts.com\/lt\/googleads\/google-skelbimu-paskyra-2019-m-mums-isleista-14250\/","og_site_name":"Buy Google Ads Accounts","article_modified_time":"2025-10-26T10:24:46+00:00","og_image":[{"width":500,"height":500,"url":"http:\/\/buygoogleadsaccounts.com\/wp-content\/uploads\/2022\/11\/google-ads-accounts-sale.png","type":"image\/png"}],"twitter_card":"summary_large_image","twitter_misc":{"Est. reading time":"1 minut\u0117"},"schema":{"@context":"https:\/\/schema.org","@graph":[{"@type":"WebPage","@id":"https:\/\/buygoogleadsaccounts.com\/googleads\/google-ads-account-2019-us-spent-14250\/","url":"https:\/\/buygoogleadsaccounts.com\/googleads\/google-ads-account-2019-us-spent-14250\/","name":"\"Google\" skelbim\u0173 paskyra 2019 m. JAV i\u0161leista $14250 - Pirkti \"Google\" skelbim\u0173 paskyras","isPartOf":{"@id":"https:\/\/buygoogleadsaccounts.com\/#website"},"primaryImageOfPage":{"@id":"https:\/\/buygoogleadsaccounts.com\/googleads\/google-ads-account-2019-us-spent-14250\/#primaryimage"},"image":{"@id":"https:\/\/buygoogleadsaccounts.com\/googleads\/google-ads-account-2019-us-spent-14250\/#primaryimage"},"thumbnailUrl":"https:\/\/buygoogleadsaccounts.com\/wp-content\/uploads\/2022\/11\/google-ads-accounts-sale.png","datePublished":"2022-11-04T12:13:21+00:00","dateModified":"2025-10-26T10:24:46+00:00","description":"Pirkti \"Google Ads\" paskyr\u0105 Patikrinta sukurta JAV. Pirkite senas ir pasenusias \"Google Ads\" paskyras, kad gal\u0117tum\u0117te vykdyti kampanijas visame pasaulyje. \u012etrauktas VCC ir maskavimas.","breadcrumb":{"@id":"https:\/\/buygoogleadsaccounts.com\/googleads\/google-ads-account-2019-us-spent-14250\/#breadcrumb"},"inLanguage":"lt-LT","potentialAction":[{"@type":"ReadAction","target":["https:\/\/buygoogleadsaccounts.com\/googleads\/google-ads-account-2019-us-spent-14250\/"]}]},{"@type":"ImageObject","inLanguage":"lt-LT","@id":"https:\/\/buygoogleadsaccounts.com\/googleads\/google-ads-account-2019-us-spent-14250\/#primaryimage","url":"https:\/\/buygoogleadsaccounts.com\/wp-content\/uploads\/2022\/11\/google-ads-accounts-sale.png","contentUrl":"https:\/\/buygoogleadsaccounts.com\/wp-content\/uploads\/2022\/11\/google-ads-accounts-sale.png","width":500,"height":500},{"@type":"BreadcrumbList","@id":"https:\/\/buygoogleadsaccounts.com\/googleads\/google-ads-account-2019-us-spent-14250\/#breadcrumb","itemListElement":[{"@type":"ListItem","position":1,"name":"Home","item":"https:\/\/buygoogleadsaccounts.com\/"},{"@type":"ListItem","position":2,"name":"Shop","item":"https:\/\/buygoogleadsaccounts.com\/el\/%ce%ba%ce%b1%cf%84%ce%ac%cf%83%cf%84%ce%b7%ce%bc%ce%b1\/"},{"@type":"ListItem","position":3,"name":"Google Ads Account 2019 US Spent $14250"}]},{"@type":"WebSite","@id":"https:\/\/buygoogleadsaccounts.com\/#website","url":"https:\/\/buygoogleadsaccounts.com\/","name":"Pirkti \"Google\" skelbim\u0173 paskyras","description":"","publisher":{"@id":"https:\/\/buygoogleadsaccounts.com\/#organization"},"potentialAction":[{"@type":"SearchAction","target":{"@type":"EntryPoint","urlTemplate":"https:\/\/buygoogleadsaccounts.com\/?s={search_term_string}"},"query-input":{"@type":"PropertyValueSpecification","valueRequired":true,"valueName":"search_term_string"}}],"inLanguage":"lt-LT"},{"@type":"Organization","@id":"https:\/\/buygoogleadsaccounts.com\/#organization","name":"Pirkti \"Google\" skelbim\u0173 paskyras","url":"https:\/\/buygoogleadsaccounts.com\/","logo":{"@type":"ImageObject","inLanguage":"lt-LT","@id":"https:\/\/buygoogleadsaccounts.com\/#\/schema\/logo\/image\/","url":"https:\/\/buygoogleadsaccounts.com\/wp-content\/uploads\/2022\/11\/cropped-fav.jpg","contentUrl":"https:\/\/buygoogleadsaccounts.com\/wp-content\/uploads\/2022\/11\/cropped-fav.jpg","width":512,"height":512,"caption":"Buy Google Ads Accounts"},"image":{"@id":"https:\/\/buygoogleadsaccounts.com\/#\/schema\/logo\/image\/"}}]}},"_links":{"self":[{"href":"https:\/\/buygoogleadsaccounts.com\/lt\/wp-json\/wp\/v2\/product\/417","targetHints":{"allow":["GET"]}}],"collection":[{"href":"https:\/\/buygoogleadsaccounts.com\/lt\/wp-json\/wp\/v2\/product"}],"about":[{"href":"https:\/\/buygoogleadsaccounts.com\/lt\/wp-json\/wp\/v2\/types\/product"}],"wp:featuredmedia":[{"embeddable":true,"href":"https:\/\/buygoogleadsaccounts.com\/lt\/wp-json\/wp\/v2\/media\/418"}],"wp:attachment":[{"href":"https:\/\/buygoogleadsaccounts.com\/lt\/wp-json\/wp\/v2\/media?parent=417"}],"wp:term":[{"taxonomy":"product_brand","embeddable":true,"href":"https:\/\/buygoogleadsaccounts.com\/lt\/wp-json\/wp\/v2\/product_brand?post=417"},{"taxonomy":"product_cat","embeddable":true,"href":"https:\/\/buygoogleadsaccounts.com\/lt\/wp-json\/wp\/v2\/product_cat?post=417"},{"taxonomy":"product_tag","embeddable":true,"href":"https:\/\/buygoogleadsaccounts.com\/lt\/wp-json\/wp\/v2\/product_tag?post=417"}],"curies":[{"name":"wp","href":"https:\/\/api.w.org\/{rel}","templated":true}]}}