{"id":625,"date":"2022-11-09T13:12:13","date_gmt":"2022-11-09T13:12:13","guid":{"rendered":"https:\/\/buygoogleadsaccounts.com\/?post_type=product&#038;p=625"},"modified":"2025-10-26T10:21:55","modified_gmt":"2025-10-26T10:21:55","slug":"google-ads-szamla-2019-ca-elkoltott-c16500","status":"publish","type":"product","link":"https:\/\/buygoogleadsaccounts.com\/hu\/googleads\/google-ads-szamla-2019-ca-elkoltott-c16500\/","title":{"rendered":"Google Ads sz\u00e1mla 2019 CA elk\u00f6lt\u00f6tt C$16500"},"content":{"rendered":"<p><span style=\"font-size: 120%;\">V\u00e1s\u00e1roljon egy 2019-ben Kanad\u00e1ban l\u00e9trehozott ellen\u0151rz\u00f6tt Google Ads-fi\u00f3kot C$16500 hirdet\u00e9sekre k\u00f6lt\u00f6tt p\u00e9nzzel. Azonnali kamp\u00e1nyok k\u00f6zz\u00e9t\u00e9tele a Google Search, a Google Display Network, a Google Shopping, a YouTube, a Google Play \u00e9s m\u00e1s ter\u00fcleteken. <\/span><\/p>\n<p><span style=\"font-size: 120%;\">Ezzel a fi\u00f3kkal nem kell agg\u00f3dnia a hirdet\u00e9sek, fi\u00f3kok \u00e9rt\u00e9kel\u00e9sei miatt. A fi\u00f3knak soha nem volt semmilyen felf\u00fcggeszt\u00e9si probl\u00e9m\u00e1ja a m\u00faltban.<\/span><\/p>\n<p><span style=\"font-size: 17.28px;\"><strong>Sz\u00e1ml\u00e1z\u00e1si m\u00f3dszer hozz\u00e1ad\u00e1sa<\/strong> - Megadjuk a sz\u00e1ml\u00e1z\u00e1si m\u00f3dot a sz\u00e1ml\u00e1j\u00e1hoz. <\/span><\/p>\n<p>&nbsp;<\/p>","protected":false},"excerpt":{"rendered":"<p>Buy a Verified Google Ads Account created in Canada in 2019 with C$16500 money spent on ads. Instantly publish campaigns on Google Search, Google Display Network, Google Shopping, YouTube, Google Play and more. You won&#8217;t have to worry about ads reviews, account reviews with this account. Account never had any suspensions issues in the past. [&#8230;]\n","protected":false},"featured_media":418,"template":"","meta":[],"product_brand":[],"product_cat":[15],"product_tag":[182,85,80,243,92,245,79,180,244,81,183,96,184,97,103,74,121,129,181,142,144,147],"class_list":{"0":"post-625","1":"product","2":"type-product","3":"status-publish","4":"has-post-thumbnail","6":"product_cat-buy-google-ads-accounts","7":"product_tag-2020-google-ads-account","8":"product_tag-account-suspended-google-ads","9":"product_tag-aged-google-ads-accounts","10":"product_tag-australia-google-ads-account","11":"product_tag-buy-ads-accounts","12":"product_tag-buy-canada-google-ads-account","13":"product_tag-buy-google-ads-accounts","14":"product_tag-buy-uk-google-ads-account","15":"product_tag-canada-google-ads-account","16":"product_tag-cloaking-google-ads","17":"product_tag-cloaking-google-ads-account","18":"product_tag-crypto-ads-google","19":"product_tag-crypto-google-ads","20":"product_tag-gambling-google-ads","21":"product_tag-google-ads-account-suspended-suspicious-payments","22":"product_tag-google-ads-accounts","23":"product_tag-google-ads-suspended-account","24":"product_tag-google-ads-your-account-is-suspended","25":"product_tag-old-google-ads-account","26":"product_tag-suspicious-payment-activity-google-ads","27":"product_tag-suspicious-payments-google-ads","28":"product_tag-uk-google-ads-account","30":"first","31":"instock","32":"shipping-taxable","33":"purchasable","34":"product-type-simple"},"yoast_head":"<!-- This site is optimized with the Yoast SEO Premium plugin v27.2 (Yoast SEO v27.3) - https:\/\/yoast.com\/product\/yoast-seo-premium-wordpress\/ -->\n<title>Google Ads Account 2019 CA Spent C$16500 - Buy Google Ads Accounts<\/title>\n<meta name=\"description\" content=\"Buy Canada Google Ads Account with VCC, Cloaking and Account Manager. Run ads on Google Ads Search, YouTube, Google Shopping and more.\" \/>\n<meta name=\"robots\" content=\"index, follow, max-snippet:-1, max-image-preview:large, max-video-preview:-1\" \/>\n<link rel=\"canonical\" href=\"https:\/\/buygoogleadsaccounts.com\/hu\/googleads\/google-ads-szamla-2019-ca-elkoltott-c16500\/\" \/>\n<meta property=\"og:locale\" content=\"hu_HU\" \/>\n<meta property=\"og:type\" content=\"article\" \/>\n<meta property=\"og:title\" content=\"Google Ads Account 2019 CA Spent C$16500\" \/>\n<meta property=\"og:description\" content=\"Buy Canada Google Ads Account with VCC, Cloaking and Account Manager. Run ads on Google Ads Search, YouTube, Google Shopping and more.\" \/>\n<meta property=\"og:url\" content=\"https:\/\/buygoogleadsaccounts.com\/hu\/googleads\/google-ads-szamla-2019-ca-elkoltott-c16500\/\" \/>\n<meta property=\"og:site_name\" content=\"Buy Google Ads Accounts\" \/>\n<meta property=\"article:modified_time\" content=\"2025-10-26T10:21:55+00:00\" \/>\n<meta property=\"og:image\" content=\"http:\/\/buygoogleadsaccounts.com\/wp-content\/uploads\/2022\/11\/google-ads-accounts-sale.png\" \/>\n\t<meta property=\"og:image:width\" content=\"500\" \/>\n\t<meta property=\"og:image:height\" content=\"500\" \/>\n\t<meta property=\"og:image:type\" content=\"image\/png\" \/>\n<meta name=\"twitter:card\" content=\"summary_large_image\" \/>\n<meta name=\"twitter:label1\" content=\"Becs\u00fclt olvas\u00e1si id\u0151\" \/>\n\t<meta name=\"twitter:data1\" content=\"1 perc\" \/>\n<script type=\"application\/ld+json\" class=\"yoast-schema-graph\">{\"@context\":\"https:\\\/\\\/schema.org\",\"@graph\":[{\"@type\":\"WebPage\",\"@id\":\"https:\\\/\\\/buygoogleadsaccounts.com\\\/googleads\\\/google-ads-account-2019-ca-spent-c16500\\\/\",\"url\":\"https:\\\/\\\/buygoogleadsaccounts.com\\\/googleads\\\/google-ads-account-2019-ca-spent-c16500\\\/\",\"name\":\"Google Ads Account 2019 CA Spent C$16500 - Buy Google Ads Accounts\",\"isPartOf\":{\"@id\":\"https:\\\/\\\/buygoogleadsaccounts.com\\\/#website\"},\"primaryImageOfPage\":{\"@id\":\"https:\\\/\\\/buygoogleadsaccounts.com\\\/googleads\\\/google-ads-account-2019-ca-spent-c16500\\\/#primaryimage\"},\"image\":{\"@id\":\"https:\\\/\\\/buygoogleadsaccounts.com\\\/googleads\\\/google-ads-account-2019-ca-spent-c16500\\\/#primaryimage\"},\"thumbnailUrl\":\"https:\\\/\\\/buygoogleadsaccounts.com\\\/wp-content\\\/uploads\\\/2022\\\/11\\\/google-ads-accounts-sale.png\",\"datePublished\":\"2022-11-09T13:12:13+00:00\",\"dateModified\":\"2025-10-26T10:21:55+00:00\",\"description\":\"Buy Canada Google Ads Account with VCC, Cloaking and Account Manager. Run ads on Google Ads Search, YouTube, Google Shopping and more.\",\"breadcrumb\":{\"@id\":\"https:\\\/\\\/buygoogleadsaccounts.com\\\/googleads\\\/google-ads-account-2019-ca-spent-c16500\\\/#breadcrumb\"},\"inLanguage\":\"hu\",\"potentialAction\":[{\"@type\":\"ReadAction\",\"target\":[\"https:\\\/\\\/buygoogleadsaccounts.com\\\/googleads\\\/google-ads-account-2019-ca-spent-c16500\\\/\"]}]},{\"@type\":\"ImageObject\",\"inLanguage\":\"hu\",\"@id\":\"https:\\\/\\\/buygoogleadsaccounts.com\\\/googleads\\\/google-ads-account-2019-ca-spent-c16500\\\/#primaryimage\",\"url\":\"https:\\\/\\\/buygoogleadsaccounts.com\\\/wp-content\\\/uploads\\\/2022\\\/11\\\/google-ads-accounts-sale.png\",\"contentUrl\":\"https:\\\/\\\/buygoogleadsaccounts.com\\\/wp-content\\\/uploads\\\/2022\\\/11\\\/google-ads-accounts-sale.png\",\"width\":500,\"height\":500},{\"@type\":\"BreadcrumbList\",\"@id\":\"https:\\\/\\\/buygoogleadsaccounts.com\\\/googleads\\\/google-ads-account-2019-ca-spent-c16500\\\/#breadcrumb\",\"itemListElement\":[{\"@type\":\"ListItem\",\"position\":1,\"name\":\"Home\",\"item\":\"https:\\\/\\\/buygoogleadsaccounts.com\\\/\"},{\"@type\":\"ListItem\",\"position\":2,\"name\":\"Shop\",\"item\":\"https:\\\/\\\/buygoogleadsaccounts.com\\\/el\\\/%ce%ba%ce%b1%cf%84%ce%ac%cf%83%cf%84%ce%b7%ce%bc%ce%b1\\\/\"},{\"@type\":\"ListItem\",\"position\":3,\"name\":\"Google Ads Account 2019 CA Spent C$16500\"}]},{\"@type\":\"WebSite\",\"@id\":\"https:\\\/\\\/buygoogleadsaccounts.com\\\/#website\",\"url\":\"https:\\\/\\\/buygoogleadsaccounts.com\\\/\",\"name\":\"Buy Google Ads Accounts\",\"description\":\"\",\"publisher\":{\"@id\":\"https:\\\/\\\/buygoogleadsaccounts.com\\\/#organization\"},\"potentialAction\":[{\"@type\":\"SearchAction\",\"target\":{\"@type\":\"EntryPoint\",\"urlTemplate\":\"https:\\\/\\\/buygoogleadsaccounts.com\\\/?s={search_term_string}\"},\"query-input\":{\"@type\":\"PropertyValueSpecification\",\"valueRequired\":true,\"valueName\":\"search_term_string\"}}],\"inLanguage\":\"hu\"},{\"@type\":\"Organization\",\"@id\":\"https:\\\/\\\/buygoogleadsaccounts.com\\\/#organization\",\"name\":\"Buy Google Ads Accounts\",\"url\":\"https:\\\/\\\/buygoogleadsaccounts.com\\\/\",\"logo\":{\"@type\":\"ImageObject\",\"inLanguage\":\"hu\",\"@id\":\"https:\\\/\\\/buygoogleadsaccounts.com\\\/#\\\/schema\\\/logo\\\/image\\\/\",\"url\":\"https:\\\/\\\/buygoogleadsaccounts.com\\\/wp-content\\\/uploads\\\/2022\\\/11\\\/cropped-fav.jpg\",\"contentUrl\":\"https:\\\/\\\/buygoogleadsaccounts.com\\\/wp-content\\\/uploads\\\/2022\\\/11\\\/cropped-fav.jpg\",\"width\":512,\"height\":512,\"caption\":\"Buy Google Ads Accounts\"},\"image\":{\"@id\":\"https:\\\/\\\/buygoogleadsaccounts.com\\\/#\\\/schema\\\/logo\\\/image\\\/\"}}]}<\/script>\n<!-- \/ Yoast SEO Premium plugin. -->","yoast_head_json":{"title":"Google Ads sz\u00e1mla 2019 CA k\u00f6lt\u00f6tt C$16500 - V\u00e1s\u00e1rl\u00e1s Google Ads sz\u00e1ml\u00e1k","description":"V\u00e1s\u00e1rl\u00e1s Kanada Google Ads fi\u00f3k VCC-vel, Cloaking \u00e9s Account Manager. Hirdet\u00e9sek futtat\u00e1sa a Google Ads Search, YouTube, Google Shopping \u00e9s m\u00e1s hirdet\u00e9si fel\u00fcleteken.","robots":{"index":"index","follow":"follow","max-snippet":"max-snippet:-1","max-image-preview":"max-image-preview:large","max-video-preview":"max-video-preview:-1"},"canonical":"https:\/\/buygoogleadsaccounts.com\/hu\/googleads\/google-ads-szamla-2019-ca-elkoltott-c16500\/","og_locale":"hu_HU","og_type":"article","og_title":"Google Ads Account 2019 CA Spent C$16500","og_description":"Buy Canada Google Ads Account with VCC, Cloaking and Account Manager. Run ads on Google Ads Search, YouTube, Google Shopping and more.","og_url":"https:\/\/buygoogleadsaccounts.com\/hu\/googleads\/google-ads-szamla-2019-ca-elkoltott-c16500\/","og_site_name":"Buy Google Ads Accounts","article_modified_time":"2025-10-26T10:21:55+00:00","og_image":[{"width":500,"height":500,"url":"http:\/\/buygoogleadsaccounts.com\/wp-content\/uploads\/2022\/11\/google-ads-accounts-sale.png","type":"image\/png"}],"twitter_card":"summary_large_image","twitter_misc":{"Becs\u00fclt olvas\u00e1si id\u0151":"1 perc"},"schema":{"@context":"https:\/\/schema.org","@graph":[{"@type":"WebPage","@id":"https:\/\/buygoogleadsaccounts.com\/googleads\/google-ads-account-2019-ca-spent-c16500\/","url":"https:\/\/buygoogleadsaccounts.com\/googleads\/google-ads-account-2019-ca-spent-c16500\/","name":"Google Ads sz\u00e1mla 2019 CA k\u00f6lt\u00f6tt C$16500 - V\u00e1s\u00e1rl\u00e1s Google Ads sz\u00e1ml\u00e1k","isPartOf":{"@id":"https:\/\/buygoogleadsaccounts.com\/#website"},"primaryImageOfPage":{"@id":"https:\/\/buygoogleadsaccounts.com\/googleads\/google-ads-account-2019-ca-spent-c16500\/#primaryimage"},"image":{"@id":"https:\/\/buygoogleadsaccounts.com\/googleads\/google-ads-account-2019-ca-spent-c16500\/#primaryimage"},"thumbnailUrl":"https:\/\/buygoogleadsaccounts.com\/wp-content\/uploads\/2022\/11\/google-ads-accounts-sale.png","datePublished":"2022-11-09T13:12:13+00:00","dateModified":"2025-10-26T10:21:55+00:00","description":"V\u00e1s\u00e1rl\u00e1s Kanada Google Ads fi\u00f3k VCC-vel, Cloaking \u00e9s Account Manager. Hirdet\u00e9sek futtat\u00e1sa a Google Ads Search, YouTube, Google Shopping \u00e9s m\u00e1s hirdet\u00e9si fel\u00fcleteken.","breadcrumb":{"@id":"https:\/\/buygoogleadsaccounts.com\/googleads\/google-ads-account-2019-ca-spent-c16500\/#breadcrumb"},"inLanguage":"hu","potentialAction":[{"@type":"ReadAction","target":["https:\/\/buygoogleadsaccounts.com\/googleads\/google-ads-account-2019-ca-spent-c16500\/"]}]},{"@type":"ImageObject","inLanguage":"hu","@id":"https:\/\/buygoogleadsaccounts.com\/googleads\/google-ads-account-2019-ca-spent-c16500\/#primaryimage","url":"https:\/\/buygoogleadsaccounts.com\/wp-content\/uploads\/2022\/11\/google-ads-accounts-sale.png","contentUrl":"https:\/\/buygoogleadsaccounts.com\/wp-content\/uploads\/2022\/11\/google-ads-accounts-sale.png","width":500,"height":500},{"@type":"BreadcrumbList","@id":"https:\/\/buygoogleadsaccounts.com\/googleads\/google-ads-account-2019-ca-spent-c16500\/#breadcrumb","itemListElement":[{"@type":"ListItem","position":1,"name":"Home","item":"https:\/\/buygoogleadsaccounts.com\/"},{"@type":"ListItem","position":2,"name":"Shop","item":"https:\/\/buygoogleadsaccounts.com\/el\/%ce%ba%ce%b1%cf%84%ce%ac%cf%83%cf%84%ce%b7%ce%bc%ce%b1\/"},{"@type":"ListItem","position":3,"name":"Google Ads Account 2019 CA Spent C$16500"}]},{"@type":"WebSite","@id":"https:\/\/buygoogleadsaccounts.com\/#website","url":"https:\/\/buygoogleadsaccounts.com\/","name":"V\u00e1s\u00e1roljon Google Ads sz\u00e1ml\u00e1kat","description":"","publisher":{"@id":"https:\/\/buygoogleadsaccounts.com\/#organization"},"potentialAction":[{"@type":"SearchAction","target":{"@type":"EntryPoint","urlTemplate":"https:\/\/buygoogleadsaccounts.com\/?s={search_term_string}"},"query-input":{"@type":"PropertyValueSpecification","valueRequired":true,"valueName":"search_term_string"}}],"inLanguage":"hu"},{"@type":"Organization","@id":"https:\/\/buygoogleadsaccounts.com\/#organization","name":"V\u00e1s\u00e1roljon Google Ads sz\u00e1ml\u00e1kat","url":"https:\/\/buygoogleadsaccounts.com\/","logo":{"@type":"ImageObject","inLanguage":"hu","@id":"https:\/\/buygoogleadsaccounts.com\/#\/schema\/logo\/image\/","url":"https:\/\/buygoogleadsaccounts.com\/wp-content\/uploads\/2022\/11\/cropped-fav.jpg","contentUrl":"https:\/\/buygoogleadsaccounts.com\/wp-content\/uploads\/2022\/11\/cropped-fav.jpg","width":512,"height":512,"caption":"Buy Google Ads Accounts"},"image":{"@id":"https:\/\/buygoogleadsaccounts.com\/#\/schema\/logo\/image\/"}}]}},"_links":{"self":[{"href":"https:\/\/buygoogleadsaccounts.com\/hu\/wp-json\/wp\/v2\/product\/625","targetHints":{"allow":["GET"]}}],"collection":[{"href":"https:\/\/buygoogleadsaccounts.com\/hu\/wp-json\/wp\/v2\/product"}],"about":[{"href":"https:\/\/buygoogleadsaccounts.com\/hu\/wp-json\/wp\/v2\/types\/product"}],"wp:featuredmedia":[{"embeddable":true,"href":"https:\/\/buygoogleadsaccounts.com\/hu\/wp-json\/wp\/v2\/media\/418"}],"wp:attachment":[{"href":"https:\/\/buygoogleadsaccounts.com\/hu\/wp-json\/wp\/v2\/media?parent=625"}],"wp:term":[{"taxonomy":"product_brand","embeddable":true,"href":"https:\/\/buygoogleadsaccounts.com\/hu\/wp-json\/wp\/v2\/product_brand?post=625"},{"taxonomy":"product_cat","embeddable":true,"href":"https:\/\/buygoogleadsaccounts.com\/hu\/wp-json\/wp\/v2\/product_cat?post=625"},{"taxonomy":"product_tag","embeddable":true,"href":"https:\/\/buygoogleadsaccounts.com\/hu\/wp-json\/wp\/v2\/product_tag?post=625"}],"curies":[{"name":"wp","href":"https:\/\/api.w.org\/{rel}","templated":true}]}}