{"id":597,"date":"2022-11-09T09:48:51","date_gmt":"2022-11-09T09:48:51","guid":{"rendered":"https:\/\/buygoogleadsaccounts.com\/?post_type=product&#038;p=597"},"modified":"2025-10-26T10:22:12","modified_gmt":"2025-10-26T10:22:12","slug":"google-ads-szamla-2020-olaszorszag","status":"publish","type":"product","link":"https:\/\/buygoogleadsaccounts.com\/hu\/googleads\/google-ads-szamla-2020-olaszorszag\/","title":{"rendered":"Google Ads sz\u00e1mla 2020 IT k\u00f6lt\u00f6tt 7000 \u20ac - 11000 \u20ac"},"content":{"rendered":"<p><span style=\"font-size: 120%;\">V\u00e1s\u00e1roljon egy 2020-ban Olaszorsz\u00e1gban l\u00e9trehozott ellen\u0151rz\u00f6tt Google Ads-fi\u00f3kot 7000 - 11000 eur\u00f3 hirdet\u00e9sekre k\u00f6lt\u00f6tt p\u00e9nzzel. Azonnali kamp\u00e1nyok k\u00f6zz\u00e9t\u00e9tele a Google Search, a Google Display Network, a Google Shopping, a YouTube, a Google Play \u00e9s m\u00e1s ter\u00fcleteken. <\/span><\/p>\n<p><span style=\"font-size: 120%;\">Ezzel a fi\u00f3kkal nem kell agg\u00f3dnia a hirdet\u00e9sek, fi\u00f3kok \u00e9rt\u00e9kel\u00e9sei miatt. A fi\u00f3knak soha nem volt semmilyen felf\u00fcggeszt\u00e9si probl\u00e9m\u00e1ja a m\u00faltban.<\/span><\/p>\n<p><span style=\"font-size: 17.28px;\"><strong>Sz\u00e1ml\u00e1z\u00e1si m\u00f3dszer hozz\u00e1ad\u00e1sa<\/strong> - Megadjuk a sz\u00e1ml\u00e1z\u00e1si m\u00f3dot a sz\u00e1ml\u00e1j\u00e1hoz. <\/span><\/p>\n<p>&nbsp;<\/p>","protected":false},"excerpt":{"rendered":"<p>Buy a Verified Google Ads Account created in Italy in 2020 with \u20ac7000 &#8211; \u20ac11000 money spent on ads. Instantly publish campaigns on Google Search, Google Display Network, Google Shopping, YouTube, Google Play and more. You won&#8217;t have to worry about ads reviews, account reviews with this account. Account never had any suspensions issues in [&#8230;]\n","protected":false},"featured_media":418,"template":"","meta":[],"product_brand":[],"product_cat":[15],"product_tag":[182,85,80,243,247,248,249,250,92,246,245,251,79,252,180,244,81,183,96,184,97,103,74,121,129,253,181,142,144,147],"class_list":{"0":"post-597","1":"product","2":"type-product","3":"status-publish","4":"has-post-thumbnail","6":"product_cat-buy-google-ads-accounts","7":"product_tag-2020-google-ads-account","8":"product_tag-account-suspended-google-ads","9":"product_tag-aged-google-ads-accounts","10":"product_tag-australia-google-ads-account","11":"product_tag-austria-google-ads","12":"product_tag-belgium-google-ads-account","13":"product_tag-brazil-google-ads-accounts","14":"product_tag-bulgaria-google-ads-account","15":"product_tag-buy-ads-accounts","16":"product_tag-buy-austria-google-ads-account","17":"product_tag-buy-canada-google-ads-account","18":"product_tag-buy-france-google-ads-account","19":"product_tag-buy-google-ads-accounts","20":"product_tag-buy-italy-google-ads","21":"product_tag-buy-uk-google-ads-account","22":"product_tag-canada-google-ads-account","23":"product_tag-cloaking-google-ads","24":"product_tag-cloaking-google-ads-account","25":"product_tag-crypto-ads-google","26":"product_tag-crypto-google-ads","27":"product_tag-gambling-google-ads","28":"product_tag-google-ads-account-suspended-suspicious-payments","29":"product_tag-google-ads-accounts","30":"product_tag-google-ads-suspended-account","31":"product_tag-google-ads-your-account-is-suspended","32":"product_tag-italy-google-ads-accounts","33":"product_tag-old-google-ads-account","34":"product_tag-suspicious-payment-activity-google-ads","35":"product_tag-suspicious-payments-google-ads","36":"product_tag-uk-google-ads-account","38":"first","39":"instock","40":"shipping-taxable","41":"purchasable","42":"product-type-simple"},"yoast_head":"<!-- This site is optimized with the Yoast SEO Premium plugin v27.2 (Yoast SEO v27.3) - https:\/\/yoast.com\/product\/yoast-seo-premium-wordpress\/ -->\n<title>Google Ads Account 2020 IT Spent \u20ac7000 - \u20ac11000 - Buy Google Ads Accounts<\/title>\n<meta name=\"description\" content=\"Buy Italy Google Ads Account with VCC, Cloaking and Account Manager. Run ads on Google Ads Search, YouTube, Google Shopping and more.\" \/>\n<meta name=\"robots\" content=\"index, follow, max-snippet:-1, max-image-preview:large, max-video-preview:-1\" \/>\n<link rel=\"canonical\" href=\"https:\/\/buygoogleadsaccounts.com\/hu\/googleads\/google-ads-szamla-2020-olaszorszag\/\" \/>\n<meta property=\"og:locale\" content=\"hu_HU\" \/>\n<meta property=\"og:type\" content=\"article\" \/>\n<meta property=\"og:title\" content=\"Google Ads Account 2020 IT Spent \u20ac7000 - \u20ac11000\" \/>\n<meta property=\"og:description\" content=\"Buy Italy Google Ads Account with VCC, Cloaking and Account Manager. Run ads on Google Ads Search, YouTube, Google Shopping and more.\" \/>\n<meta property=\"og:url\" content=\"https:\/\/buygoogleadsaccounts.com\/hu\/googleads\/google-ads-szamla-2020-olaszorszag\/\" \/>\n<meta property=\"og:site_name\" content=\"Buy Google Ads Accounts\" \/>\n<meta property=\"article:modified_time\" content=\"2025-10-26T10:22:12+00:00\" \/>\n<meta property=\"og:image\" content=\"http:\/\/buygoogleadsaccounts.com\/wp-content\/uploads\/2022\/11\/google-ads-accounts-sale.png\" \/>\n\t<meta property=\"og:image:width\" content=\"500\" \/>\n\t<meta property=\"og:image:height\" content=\"500\" \/>\n\t<meta property=\"og:image:type\" content=\"image\/png\" \/>\n<meta name=\"twitter:card\" content=\"summary_large_image\" \/>\n<meta name=\"twitter:label1\" content=\"Becs\u00fclt olvas\u00e1si id\u0151\" \/>\n\t<meta name=\"twitter:data1\" content=\"1 perc\" \/>\n<script type=\"application\/ld+json\" class=\"yoast-schema-graph\">{\"@context\":\"https:\\\/\\\/schema.org\",\"@graph\":[{\"@type\":\"WebPage\",\"@id\":\"https:\\\/\\\/buygoogleadsaccounts.com\\\/googleads\\\/google-ads-account-2020-italy\\\/\",\"url\":\"https:\\\/\\\/buygoogleadsaccounts.com\\\/googleads\\\/google-ads-account-2020-italy\\\/\",\"name\":\"Google Ads Account 2020 IT Spent \u20ac7000 - \u20ac11000 - Buy Google Ads Accounts\",\"isPartOf\":{\"@id\":\"https:\\\/\\\/buygoogleadsaccounts.com\\\/#website\"},\"primaryImageOfPage\":{\"@id\":\"https:\\\/\\\/buygoogleadsaccounts.com\\\/googleads\\\/google-ads-account-2020-italy\\\/#primaryimage\"},\"image\":{\"@id\":\"https:\\\/\\\/buygoogleadsaccounts.com\\\/googleads\\\/google-ads-account-2020-italy\\\/#primaryimage\"},\"thumbnailUrl\":\"https:\\\/\\\/buygoogleadsaccounts.com\\\/wp-content\\\/uploads\\\/2022\\\/11\\\/google-ads-accounts-sale.png\",\"datePublished\":\"2022-11-09T09:48:51+00:00\",\"dateModified\":\"2025-10-26T10:22:12+00:00\",\"description\":\"Buy Italy Google Ads Account with VCC, Cloaking and Account Manager. Run ads on Google Ads Search, YouTube, Google Shopping and more.\",\"breadcrumb\":{\"@id\":\"https:\\\/\\\/buygoogleadsaccounts.com\\\/googleads\\\/google-ads-account-2020-italy\\\/#breadcrumb\"},\"inLanguage\":\"hu\",\"potentialAction\":[{\"@type\":\"ReadAction\",\"target\":[\"https:\\\/\\\/buygoogleadsaccounts.com\\\/googleads\\\/google-ads-account-2020-italy\\\/\"]}]},{\"@type\":\"ImageObject\",\"inLanguage\":\"hu\",\"@id\":\"https:\\\/\\\/buygoogleadsaccounts.com\\\/googleads\\\/google-ads-account-2020-italy\\\/#primaryimage\",\"url\":\"https:\\\/\\\/buygoogleadsaccounts.com\\\/wp-content\\\/uploads\\\/2022\\\/11\\\/google-ads-accounts-sale.png\",\"contentUrl\":\"https:\\\/\\\/buygoogleadsaccounts.com\\\/wp-content\\\/uploads\\\/2022\\\/11\\\/google-ads-accounts-sale.png\",\"width\":500,\"height\":500},{\"@type\":\"BreadcrumbList\",\"@id\":\"https:\\\/\\\/buygoogleadsaccounts.com\\\/googleads\\\/google-ads-account-2020-italy\\\/#breadcrumb\",\"itemListElement\":[{\"@type\":\"ListItem\",\"position\":1,\"name\":\"Home\",\"item\":\"https:\\\/\\\/buygoogleadsaccounts.com\\\/\"},{\"@type\":\"ListItem\",\"position\":2,\"name\":\"Shop\",\"item\":\"https:\\\/\\\/buygoogleadsaccounts.com\\\/el\\\/%ce%ba%ce%b1%cf%84%ce%ac%cf%83%cf%84%ce%b7%ce%bc%ce%b1\\\/\"},{\"@type\":\"ListItem\",\"position\":3,\"name\":\"Google Ads Account 2020 IT Spent \u20ac7000 &#8211; \u20ac11000\"}]},{\"@type\":\"WebSite\",\"@id\":\"https:\\\/\\\/buygoogleadsaccounts.com\\\/#website\",\"url\":\"https:\\\/\\\/buygoogleadsaccounts.com\\\/\",\"name\":\"Buy Google Ads Accounts\",\"description\":\"\",\"publisher\":{\"@id\":\"https:\\\/\\\/buygoogleadsaccounts.com\\\/#organization\"},\"potentialAction\":[{\"@type\":\"SearchAction\",\"target\":{\"@type\":\"EntryPoint\",\"urlTemplate\":\"https:\\\/\\\/buygoogleadsaccounts.com\\\/?s={search_term_string}\"},\"query-input\":{\"@type\":\"PropertyValueSpecification\",\"valueRequired\":true,\"valueName\":\"search_term_string\"}}],\"inLanguage\":\"hu\"},{\"@type\":\"Organization\",\"@id\":\"https:\\\/\\\/buygoogleadsaccounts.com\\\/#organization\",\"name\":\"Buy Google Ads Accounts\",\"url\":\"https:\\\/\\\/buygoogleadsaccounts.com\\\/\",\"logo\":{\"@type\":\"ImageObject\",\"inLanguage\":\"hu\",\"@id\":\"https:\\\/\\\/buygoogleadsaccounts.com\\\/#\\\/schema\\\/logo\\\/image\\\/\",\"url\":\"https:\\\/\\\/buygoogleadsaccounts.com\\\/wp-content\\\/uploads\\\/2022\\\/11\\\/cropped-fav.jpg\",\"contentUrl\":\"https:\\\/\\\/buygoogleadsaccounts.com\\\/wp-content\\\/uploads\\\/2022\\\/11\\\/cropped-fav.jpg\",\"width\":512,\"height\":512,\"caption\":\"Buy Google Ads Accounts\"},\"image\":{\"@id\":\"https:\\\/\\\/buygoogleadsaccounts.com\\\/#\\\/schema\\\/logo\\\/image\\\/\"}}]}<\/script>\n<!-- \/ Yoast SEO Premium plugin. -->","yoast_head_json":{"title":"Google Ads fi\u00f3k 2020 IT k\u00f6lt\u00f6tt \u20ac7000 - \u20ac11000 - V\u00e1s\u00e1rl\u00e1s Google Ads sz\u00e1ml\u00e1k","description":"V\u00e1s\u00e1roljon Olaszorsz\u00e1g Google Ads fi\u00f3kot VCC-vel, Cloakinggel \u00e9s Account Managerrel. Hirdet\u00e9sek futtat\u00e1sa a Google Ads Search, YouTube, Google Shopping \u00e9s m\u00e1s hirdet\u00e9si fel\u00fcleteken.","robots":{"index":"index","follow":"follow","max-snippet":"max-snippet:-1","max-image-preview":"max-image-preview:large","max-video-preview":"max-video-preview:-1"},"canonical":"https:\/\/buygoogleadsaccounts.com\/hu\/googleads\/google-ads-szamla-2020-olaszorszag\/","og_locale":"hu_HU","og_type":"article","og_title":"Google Ads Account 2020 IT Spent \u20ac7000 - \u20ac11000","og_description":"Buy Italy Google Ads Account with VCC, Cloaking and Account Manager. Run ads on Google Ads Search, YouTube, Google Shopping and more.","og_url":"https:\/\/buygoogleadsaccounts.com\/hu\/googleads\/google-ads-szamla-2020-olaszorszag\/","og_site_name":"Buy Google Ads Accounts","article_modified_time":"2025-10-26T10:22:12+00:00","og_image":[{"width":500,"height":500,"url":"http:\/\/buygoogleadsaccounts.com\/wp-content\/uploads\/2022\/11\/google-ads-accounts-sale.png","type":"image\/png"}],"twitter_card":"summary_large_image","twitter_misc":{"Becs\u00fclt olvas\u00e1si id\u0151":"1 perc"},"schema":{"@context":"https:\/\/schema.org","@graph":[{"@type":"WebPage","@id":"https:\/\/buygoogleadsaccounts.com\/googleads\/google-ads-account-2020-italy\/","url":"https:\/\/buygoogleadsaccounts.com\/googleads\/google-ads-account-2020-italy\/","name":"Google Ads fi\u00f3k 2020 IT k\u00f6lt\u00f6tt \u20ac7000 - \u20ac11000 - V\u00e1s\u00e1rl\u00e1s Google Ads sz\u00e1ml\u00e1k","isPartOf":{"@id":"https:\/\/buygoogleadsaccounts.com\/#website"},"primaryImageOfPage":{"@id":"https:\/\/buygoogleadsaccounts.com\/googleads\/google-ads-account-2020-italy\/#primaryimage"},"image":{"@id":"https:\/\/buygoogleadsaccounts.com\/googleads\/google-ads-account-2020-italy\/#primaryimage"},"thumbnailUrl":"https:\/\/buygoogleadsaccounts.com\/wp-content\/uploads\/2022\/11\/google-ads-accounts-sale.png","datePublished":"2022-11-09T09:48:51+00:00","dateModified":"2025-10-26T10:22:12+00:00","description":"V\u00e1s\u00e1roljon Olaszorsz\u00e1g Google Ads fi\u00f3kot VCC-vel, Cloakinggel \u00e9s Account Managerrel. Hirdet\u00e9sek futtat\u00e1sa a Google Ads Search, YouTube, Google Shopping \u00e9s m\u00e1s hirdet\u00e9si fel\u00fcleteken.","breadcrumb":{"@id":"https:\/\/buygoogleadsaccounts.com\/googleads\/google-ads-account-2020-italy\/#breadcrumb"},"inLanguage":"hu","potentialAction":[{"@type":"ReadAction","target":["https:\/\/buygoogleadsaccounts.com\/googleads\/google-ads-account-2020-italy\/"]}]},{"@type":"ImageObject","inLanguage":"hu","@id":"https:\/\/buygoogleadsaccounts.com\/googleads\/google-ads-account-2020-italy\/#primaryimage","url":"https:\/\/buygoogleadsaccounts.com\/wp-content\/uploads\/2022\/11\/google-ads-accounts-sale.png","contentUrl":"https:\/\/buygoogleadsaccounts.com\/wp-content\/uploads\/2022\/11\/google-ads-accounts-sale.png","width":500,"height":500},{"@type":"BreadcrumbList","@id":"https:\/\/buygoogleadsaccounts.com\/googleads\/google-ads-account-2020-italy\/#breadcrumb","itemListElement":[{"@type":"ListItem","position":1,"name":"Home","item":"https:\/\/buygoogleadsaccounts.com\/"},{"@type":"ListItem","position":2,"name":"Shop","item":"https:\/\/buygoogleadsaccounts.com\/el\/%ce%ba%ce%b1%cf%84%ce%ac%cf%83%cf%84%ce%b7%ce%bc%ce%b1\/"},{"@type":"ListItem","position":3,"name":"Google Ads Account 2020 IT Spent \u20ac7000 &#8211; \u20ac11000"}]},{"@type":"WebSite","@id":"https:\/\/buygoogleadsaccounts.com\/#website","url":"https:\/\/buygoogleadsaccounts.com\/","name":"V\u00e1s\u00e1roljon Google Ads sz\u00e1ml\u00e1kat","description":"","publisher":{"@id":"https:\/\/buygoogleadsaccounts.com\/#organization"},"potentialAction":[{"@type":"SearchAction","target":{"@type":"EntryPoint","urlTemplate":"https:\/\/buygoogleadsaccounts.com\/?s={search_term_string}"},"query-input":{"@type":"PropertyValueSpecification","valueRequired":true,"valueName":"search_term_string"}}],"inLanguage":"hu"},{"@type":"Organization","@id":"https:\/\/buygoogleadsaccounts.com\/#organization","name":"V\u00e1s\u00e1roljon Google Ads sz\u00e1ml\u00e1kat","url":"https:\/\/buygoogleadsaccounts.com\/","logo":{"@type":"ImageObject","inLanguage":"hu","@id":"https:\/\/buygoogleadsaccounts.com\/#\/schema\/logo\/image\/","url":"https:\/\/buygoogleadsaccounts.com\/wp-content\/uploads\/2022\/11\/cropped-fav.jpg","contentUrl":"https:\/\/buygoogleadsaccounts.com\/wp-content\/uploads\/2022\/11\/cropped-fav.jpg","width":512,"height":512,"caption":"Buy Google Ads Accounts"},"image":{"@id":"https:\/\/buygoogleadsaccounts.com\/#\/schema\/logo\/image\/"}}]}},"_links":{"self":[{"href":"https:\/\/buygoogleadsaccounts.com\/hu\/wp-json\/wp\/v2\/product\/597","targetHints":{"allow":["GET"]}}],"collection":[{"href":"https:\/\/buygoogleadsaccounts.com\/hu\/wp-json\/wp\/v2\/product"}],"about":[{"href":"https:\/\/buygoogleadsaccounts.com\/hu\/wp-json\/wp\/v2\/types\/product"}],"wp:featuredmedia":[{"embeddable":true,"href":"https:\/\/buygoogleadsaccounts.com\/hu\/wp-json\/wp\/v2\/media\/418"}],"wp:attachment":[{"href":"https:\/\/buygoogleadsaccounts.com\/hu\/wp-json\/wp\/v2\/media?parent=597"}],"wp:term":[{"taxonomy":"product_brand","embeddable":true,"href":"https:\/\/buygoogleadsaccounts.com\/hu\/wp-json\/wp\/v2\/product_brand?post=597"},{"taxonomy":"product_cat","embeddable":true,"href":"https:\/\/buygoogleadsaccounts.com\/hu\/wp-json\/wp\/v2\/product_cat?post=597"},{"taxonomy":"product_tag","embeddable":true,"href":"https:\/\/buygoogleadsaccounts.com\/hu\/wp-json\/wp\/v2\/product_tag?post=597"}],"curies":[{"name":"wp","href":"https:\/\/api.w.org\/{rel}","templated":true}]}}