{"id":480,"date":"2022-11-06T13:08:11","date_gmt":"2022-11-06T13:08:11","guid":{"rendered":"https:\/\/buygoogleadsaccounts.com\/?post_type=product&#038;p=480"},"modified":"2023-12-13T11:01:31","modified_gmt":"2023-12-13T11:01:31","slug":"google-ads-kereskedoi-kozpont-fiok","status":"publish","type":"product","link":"https:\/\/buygoogleadsaccounts.com\/hu\/googleads\/google-ads-kereskedoi-kozpont-fiok\/","title":{"rendered":"Google Ads Keresked\u0151i k\u00f6zpont fi\u00f3k"},"content":{"rendered":"<p><span style=\"font-size: 120%;\">\u00c9rt\u00e9kes\u00edtse term\u00e9keit a Google Shoppingon az Ellen\u0151rz\u00f6tt Google Keresked\u0151i K\u00f6zpont fi\u00f3kjainkkal. A Google Keresked\u0151i K\u00f6zpont egy olyan eszk\u00f6z, amely seg\u00edt felt\u00f6lteni \u00fczlet\u00e9nek \u00e9s term\u00e9keinek adatait a Google-hoz, \u00e9s el\u00e9rhet\u0151v\u00e9 tenni azokat a Shopping hirdet\u00e9sek \u00e9s m\u00e1s Google szolg\u00e1ltat\u00e1sok sz\u00e1m\u00e1ra. <\/span><\/p>\n<p><span style=\"font-size: 120%;\">Minden sz\u00e1mla \u00fczleti \u00e9s szem\u00e9lyazonoss\u00e1gi ellen\u0151rz\u00f6tt, \u00e9s 2018-ban l\u00e9trehozott \u00fcgyn\u00f6ks\u00e9g. Ezeket a sz\u00e1ml\u00e1kat soha nem f\u00fcggesztett\u00e9k fel, \u00e9s minden term\u00e9ket j\u00f3v\u00e1hagytak.<\/span><\/p>\n<p><span style=\"font-size: 120%;\">A Google \u00f6sszekapcsolja \u00d6nt a megfelel\u0151 \u00fcgyfelekkel a keres\u0151ben, a v\u00e1s\u00e1rl\u00e1sban, a YouTube-on \u00e9s az interneten. <\/span><\/p>\n<p><span style=\"font-size: 120%;\">Sz\u00e1ml\u00e1nk\u00e9nti \u00e1r.<\/span><\/p>\n<h2>A Google Ads Merchant Center fontoss\u00e1ga<\/h2>\n<p>A Google Ads Merchant Center fi\u00f3k l\u00e9tfontoss\u00e1g\u00fa azon v\u00e1llalkoz\u00e1sok sz\u00e1m\u00e1ra, amelyek szeretn\u00e9k maximaliz\u00e1lni online l\u00e1that\u00f3s\u00e1gukat \u00e9s n\u00f6velni az elad\u00e1sokat. Lehet\u0151v\u00e9 teszi, hogy term\u00e9keit k\u00f6zvetlen\u00fcl a Google keres\u00e9si tal\u00e1lati oldal\u00e1n mutassa be, \u00edgy a potenci\u00e1lis \u00fcgyfelek k\u00f6nnyebben megtal\u00e1lj\u00e1k \u00e9s megv\u00e1s\u00e1rolj\u00e1k term\u00e9keit.<\/p>\n<p>A Google Ads Merchant Center fi\u00f3kj\u00e1nak l\u00e9trehoz\u00e1sa azonban kih\u00edv\u00e1st jelent\u0151 folyamat lehet. A Google szigor\u00fa ir\u00e1nyelvekkel \u00e9s k\u00f6vetelm\u00e9nyekkel rendelkezik, amelyeknek a v\u00e1llalkoz\u00e1soknak meg kell felelni\u00fck, miel\u0151tt fi\u00f3kjukat j\u00f3v\u00e1hagyj\u00e1k. Ez id\u0151ig\u00e9nyes \u00e9s frusztr\u00e1l\u00f3 lehet, k\u00fcl\u00f6n\u00f6sen a kisv\u00e1llalkoz\u00e1sok vagy az online rekl\u00e1moz\u00e1sban j\u00e1ratlanok sz\u00e1m\u00e1ra.<\/p>\n<h2>A megold\u00e1s: Google Ads Merchant Center sz\u00e1ml\u00e1k v\u00e1s\u00e1rl\u00e1sa<\/h2>\n<p>A Google Ads Merchant Center fi\u00f3k megszerz\u00e9s\u00e9vel kapcsolatos kih\u00edv\u00e1sok lek\u00fczd\u00e9s\u00e9nek egyik m\u00f3dja a fi\u00f3k megv\u00e1s\u00e1rl\u00e1sa. Vannak j\u00f3 h\u00edr\u0171 elad\u00f3k, akik el\u0151re j\u00f3v\u00e1hagyott, haszn\u00e1latra k\u00e9sz fi\u00f3kokat k\u00edn\u00e1lnak. Ez a lehet\u0151s\u00e9g sz\u00e1mos el\u0151nnyel j\u00e1r a v\u00e1llalkoz\u00e1sok sz\u00e1m\u00e1ra:<\/p>\n<h3>1. Id\u0151- \u00e9s f\u00e1rads\u00e1gmegtakar\u00edt\u00e1s<\/h3>\n<p>Az el\u0151re j\u00f3v\u00e1hagyott Google Ads Keresked\u0151i K\u00f6zpont fi\u00f3k megv\u00e1s\u00e1rl\u00e1s\u00e1val a v\u00e1llalkoz\u00e1sok \u00e1tugorhatj\u00e1k a hosszadalmas j\u00f3v\u00e1hagy\u00e1si folyamatot, \u00e9s azonnal megkezdhetik term\u00e9keik hirdet\u00e9s\u00e9t. Ezzel \u00e9rt\u00e9kes id\u0151t \u00e9s energi\u00e1t takar\u00edtanak meg, amelyet a v\u00e1llalkoz\u00e1s m\u00e1s ter\u00fcletein jobban fel lehet haszn\u00e1lni.<\/p>\n<h3>2. Hozz\u00e1f\u00e9r\u00e9s a Google Shoppinghoz<\/h3>\n<p>A Google Shopping egy hat\u00e9kony hirdet\u00e9si platform, amely lehet\u0151v\u00e9 teszi a v\u00e1llalkoz\u00e1sok sz\u00e1m\u00e1ra, hogy term\u00e9keiket k\u00e9pekkel, \u00e1rakkal \u00e9s egy\u00e9b relev\u00e1ns r\u00e9szletekkel mutass\u00e1k be. Egy el\u0151re j\u00f3v\u00e1hagyott Keresked\u0151k\u00f6zpont-fi\u00f3kkal a v\u00e1llalkoz\u00e1sok kihaszn\u00e1lhatj\u00e1k a Google Shoppingban rejl\u0151 hatalmas lehet\u0151s\u00e9geket, \u00e9s potenci\u00e1lis \u00fcgyfelek milli\u00f3it \u00e9rhetik el.<\/p>\n<h3>3. Szak\u00e9rtelem \u00e9s t\u00e1mogat\u00e1s<\/h3>\n<p>A Google Ads Keresked\u0151i K\u00f6zpont fi\u00f3kok j\u00f3 h\u00edr\u0171 \u00e9rt\u00e9kes\u00edt\u0151i gyakran tov\u00e1bbi t\u00e1mogat\u00e1st \u00e9s \u00fatmutat\u00e1st ny\u00fajtanak, hogy a v\u00e1llalkoz\u00e1sok a lehet\u0151 legt\u00f6bbet hozhass\u00e1k ki fi\u00f3kjaikb\u00f3l. Ez mag\u00e1ban foglalhat tippeket a term\u00e9kadat-t\u00e1pl\u00e1l\u00e1sok optimaliz\u00e1l\u00e1s\u00e1hoz, a hat\u00e9kony hirdet\u00e9si kamp\u00e1nyok be\u00e1ll\u00edt\u00e1s\u00e1hoz \u00e9s a befektet\u00e9s megt\u00e9r\u00fcl\u00e9s\u00e9nek maximaliz\u00e1l\u00e1s\u00e1hoz.<\/p>\n<h3>4. Fokozott online l\u00e1that\u00f3s\u00e1g<\/h3>\n<p>A Google Ads Merchant Center fi\u00f3kkal a v\u00e1llalkoz\u00e1sok n\u00f6velhetik online l\u00e1that\u00f3s\u00e1gukat \u00e9s sz\u00e9lesebb k\u00f6z\u00f6ns\u00e9get \u00e9rhetnek el. Az\u00e1ltal, hogy a term\u00e9keket k\u00f6zvetlen\u00fcl a Google keres\u00e9si tal\u00e1lati oldal\u00e1n mutatj\u00e1k be, a v\u00e1llalkoz\u00e1sok t\u00f6bb potenci\u00e1lis \u00fcgyfelet vonzhatnak, \u00e9s nagyobb forgalmat ir\u00e1ny\u00edthatnak webhelyeikre.<\/p>\n<h3>5. Versenyel\u0151ny<\/h3>\n<p>Egy el\u0151re j\u00f3v\u00e1hagyott Google Ads Merchant Center fi\u00f3k megv\u00e1s\u00e1rl\u00e1sa versenyel\u0151nyh\u00f6z juttathatja a v\u00e1llalkoz\u00e1sokat. Ez lehet\u0151v\u00e9 teszi sz\u00e1mukra, hogy azonnal elkezdjenek hirdetni a Google Shoppingon, m\u00edg versenyt\u00e1rsaik esetleg m\u00e9g k\u00fcszk\u00f6dnek a fi\u00f3kjaik j\u00f3v\u00e1hagy\u00e1s\u00e1val. Ez a korai piacra l\u00e9p\u00e9s az \u00e9rt\u00e9kes\u00edt\u00e9s \u00e9s a m\u00e1rka ismerts\u00e9g\u00e9nek n\u00f6veked\u00e9s\u00e9hez vezethet.<\/p>\n<h2>K\u00f6vetkeztet\u00e9s<\/h2>\n<p>A Google Ads Merchant Center fi\u00f3k megszerz\u00e9se kih\u00edv\u00e1st jelent\u0151 folyamat lehet, de egy el\u0151re j\u00f3v\u00e1hagyott fi\u00f3k megv\u00e1s\u00e1rl\u00e1sa r\u00f6vid \u00faton vezethet a v\u00e1llalkoz\u00e1sok siker\u00e9hez. Id\u0151t \u00e9s energi\u00e1t takar\u00edt meg, hozz\u00e1f\u00e9r\u00e9st biztos\u00edt a Google Shoppinghoz, szak\u00e9rtelmet \u00e9s t\u00e1mogat\u00e1st k\u00edn\u00e1l, n\u00f6veli az online l\u00e1that\u00f3s\u00e1got, \u00e9s versenyel\u0151nyt biztos\u00edt. Ha szeretn\u00e9 maximaliz\u00e1lni online hirdet\u00e9si er\u0151fesz\u00edt\u00e9seit, \u00e9s sz\u00e9lesebb k\u00f6z\u00f6ns\u00e9get szeretne el\u00e9rni, a Google Ads Keresked\u0151i K\u00f6zpont fi\u00f3k v\u00e1s\u00e1rl\u00e1sa lehet a megfelel\u0151 v\u00e1laszt\u00e1s v\u00e1llalkoz\u00e1sa sz\u00e1m\u00e1ra.<\/p>","protected":false},"excerpt":{"rendered":"<p>Sell your products on Google Shopping with our Verified Google Merchant Center accounts. Google Merchant Center is a tool that helps you upload your shop and product data to Google and make it available for Shopping ads and other Google services. All accounts are Business and Identity verified and are agency created in 2018. These [&#8230;]\n","protected":false},"featured_media":418,"template":"","meta":[],"product_brand":[],"product_cat":[78],"product_tag":[211,209,114,210,207,208],"class_list":{"0":"post-480","1":"product","2":"type-product","3":"status-publish","4":"has-post-thumbnail","6":"product_cat-buy-google-ads-services","7":"product_tag-buy-google-ads-merchant-center","8":"product_tag-google-ads-merchant-account","9":"product_tag-google-ads-merchant-center","10":"product_tag-google-ads-merchant-center-accounts","11":"product_tag-google-merchant-center","12":"product_tag-google-merchant-center-accounts","14":"first","15":"instock","16":"shipping-taxable","17":"purchasable","18":"product-type-simple"},"yoast_head":"<!-- This site is optimized with the Yoast SEO Premium plugin v27.2 (Yoast SEO v27.3) - https:\/\/yoast.com\/product\/yoast-seo-premium-wordpress\/ -->\n<title>Google Ads Merchant Center Account - Buy Google Ads Accounts<\/title>\n<meta name=\"description\" content=\"Buy a Verified Google Merchant Center Account and advertise your products instantly. Run ads on Google Ads with our Google Merchant Center accounts.\" \/>\n<meta name=\"robots\" content=\"index, follow, max-snippet:-1, max-image-preview:large, max-video-preview:-1\" \/>\n<link rel=\"canonical\" href=\"https:\/\/buygoogleadsaccounts.com\/hu\/googleads\/google-ads-kereskedoi-kozpont-fiok\/\" \/>\n<meta property=\"og:locale\" content=\"hu_HU\" \/>\n<meta property=\"og:type\" content=\"article\" \/>\n<meta property=\"og:title\" content=\"Google Ads Merchant Center Account\" \/>\n<meta property=\"og:description\" content=\"Buy a Verified Google Merchant Center Account and advertise your products instantly. Run ads on Google Ads with our Google Merchant Center accounts.\" \/>\n<meta property=\"og:url\" content=\"https:\/\/buygoogleadsaccounts.com\/hu\/googleads\/google-ads-kereskedoi-kozpont-fiok\/\" \/>\n<meta property=\"og:site_name\" content=\"Buy Google Ads Accounts\" \/>\n<meta property=\"article:modified_time\" content=\"2023-12-13T11:01:31+00:00\" \/>\n<meta property=\"og:image\" content=\"http:\/\/buygoogleadsaccounts.com\/wp-content\/uploads\/2022\/11\/google-ads-accounts-sale.png\" \/>\n\t<meta property=\"og:image:width\" content=\"500\" \/>\n\t<meta property=\"og:image:height\" content=\"500\" \/>\n\t<meta property=\"og:image:type\" content=\"image\/png\" \/>\n<meta name=\"twitter:card\" content=\"summary_large_image\" \/>\n<meta name=\"twitter:label1\" content=\"Becs\u00fclt olvas\u00e1si id\u0151\" \/>\n\t<meta name=\"twitter:data1\" content=\"3 perc\" \/>\n<script type=\"application\/ld+json\" class=\"yoast-schema-graph\">{\"@context\":\"https:\\\/\\\/schema.org\",\"@graph\":[{\"@type\":\"WebPage\",\"@id\":\"https:\\\/\\\/buygoogleadsaccounts.com\\\/googleads\\\/google-ads-merchant-center-account\\\/\",\"url\":\"https:\\\/\\\/buygoogleadsaccounts.com\\\/googleads\\\/google-ads-merchant-center-account\\\/\",\"name\":\"Google Ads Merchant Center Account - Buy Google Ads Accounts\",\"isPartOf\":{\"@id\":\"https:\\\/\\\/buygoogleadsaccounts.com\\\/#website\"},\"primaryImageOfPage\":{\"@id\":\"https:\\\/\\\/buygoogleadsaccounts.com\\\/googleads\\\/google-ads-merchant-center-account\\\/#primaryimage\"},\"image\":{\"@id\":\"https:\\\/\\\/buygoogleadsaccounts.com\\\/googleads\\\/google-ads-merchant-center-account\\\/#primaryimage\"},\"thumbnailUrl\":\"https:\\\/\\\/buygoogleadsaccounts.com\\\/wp-content\\\/uploads\\\/2022\\\/11\\\/google-ads-accounts-sale.png\",\"datePublished\":\"2022-11-06T13:08:11+00:00\",\"dateModified\":\"2023-12-13T11:01:31+00:00\",\"description\":\"Buy a Verified Google Merchant Center Account and advertise your products instantly. Run ads on Google Ads with our Google Merchant Center accounts.\",\"breadcrumb\":{\"@id\":\"https:\\\/\\\/buygoogleadsaccounts.com\\\/googleads\\\/google-ads-merchant-center-account\\\/#breadcrumb\"},\"inLanguage\":\"hu\",\"potentialAction\":[{\"@type\":\"ReadAction\",\"target\":[\"https:\\\/\\\/buygoogleadsaccounts.com\\\/googleads\\\/google-ads-merchant-center-account\\\/\"]}]},{\"@type\":\"ImageObject\",\"inLanguage\":\"hu\",\"@id\":\"https:\\\/\\\/buygoogleadsaccounts.com\\\/googleads\\\/google-ads-merchant-center-account\\\/#primaryimage\",\"url\":\"https:\\\/\\\/buygoogleadsaccounts.com\\\/wp-content\\\/uploads\\\/2022\\\/11\\\/google-ads-accounts-sale.png\",\"contentUrl\":\"https:\\\/\\\/buygoogleadsaccounts.com\\\/wp-content\\\/uploads\\\/2022\\\/11\\\/google-ads-accounts-sale.png\",\"width\":500,\"height\":500},{\"@type\":\"BreadcrumbList\",\"@id\":\"https:\\\/\\\/buygoogleadsaccounts.com\\\/googleads\\\/google-ads-merchant-center-account\\\/#breadcrumb\",\"itemListElement\":[{\"@type\":\"ListItem\",\"position\":1,\"name\":\"Home\",\"item\":\"https:\\\/\\\/buygoogleadsaccounts.com\\\/\"},{\"@type\":\"ListItem\",\"position\":2,\"name\":\"Shop\",\"item\":\"https:\\\/\\\/buygoogleadsaccounts.com\\\/el\\\/%ce%ba%ce%b1%cf%84%ce%ac%cf%83%cf%84%ce%b7%ce%bc%ce%b1\\\/\"},{\"@type\":\"ListItem\",\"position\":3,\"name\":\"Google Ads Merchant Center Account\"}]},{\"@type\":\"WebSite\",\"@id\":\"https:\\\/\\\/buygoogleadsaccounts.com\\\/#website\",\"url\":\"https:\\\/\\\/buygoogleadsaccounts.com\\\/\",\"name\":\"Buy Google Ads Accounts\",\"description\":\"\",\"publisher\":{\"@id\":\"https:\\\/\\\/buygoogleadsaccounts.com\\\/#organization\"},\"potentialAction\":[{\"@type\":\"SearchAction\",\"target\":{\"@type\":\"EntryPoint\",\"urlTemplate\":\"https:\\\/\\\/buygoogleadsaccounts.com\\\/?s={search_term_string}\"},\"query-input\":{\"@type\":\"PropertyValueSpecification\",\"valueRequired\":true,\"valueName\":\"search_term_string\"}}],\"inLanguage\":\"hu\"},{\"@type\":\"Organization\",\"@id\":\"https:\\\/\\\/buygoogleadsaccounts.com\\\/#organization\",\"name\":\"Buy Google Ads Accounts\",\"url\":\"https:\\\/\\\/buygoogleadsaccounts.com\\\/\",\"logo\":{\"@type\":\"ImageObject\",\"inLanguage\":\"hu\",\"@id\":\"https:\\\/\\\/buygoogleadsaccounts.com\\\/#\\\/schema\\\/logo\\\/image\\\/\",\"url\":\"https:\\\/\\\/buygoogleadsaccounts.com\\\/wp-content\\\/uploads\\\/2022\\\/11\\\/cropped-fav.jpg\",\"contentUrl\":\"https:\\\/\\\/buygoogleadsaccounts.com\\\/wp-content\\\/uploads\\\/2022\\\/11\\\/cropped-fav.jpg\",\"width\":512,\"height\":512,\"caption\":\"Buy Google Ads Accounts\"},\"image\":{\"@id\":\"https:\\\/\\\/buygoogleadsaccounts.com\\\/#\\\/schema\\\/logo\\\/image\\\/\"}}]}<\/script>\n<!-- \/ Yoast SEO Premium plugin. -->","yoast_head_json":{"title":"Google Ads Merchant Center fi\u00f3k - Google Ads fi\u00f3kok v\u00e1s\u00e1rl\u00e1sa","description":"V\u00e1s\u00e1roljon egy ellen\u0151rz\u00f6tt Google Merchant Center-fi\u00f3kot, \u00e9s azonnal rekl\u00e1mozhatja term\u00e9keit. Futtasson hirdet\u00e9seket a Google Hirdet\u00e9seken a Google Keresked\u0151i K\u00f6zpont fi\u00f3kjainkkal.","robots":{"index":"index","follow":"follow","max-snippet":"max-snippet:-1","max-image-preview":"max-image-preview:large","max-video-preview":"max-video-preview:-1"},"canonical":"https:\/\/buygoogleadsaccounts.com\/hu\/googleads\/google-ads-kereskedoi-kozpont-fiok\/","og_locale":"hu_HU","og_type":"article","og_title":"Google Ads Merchant Center Account","og_description":"Buy a Verified Google Merchant Center Account and advertise your products instantly. Run ads on Google Ads with our Google Merchant Center accounts.","og_url":"https:\/\/buygoogleadsaccounts.com\/hu\/googleads\/google-ads-kereskedoi-kozpont-fiok\/","og_site_name":"Buy Google Ads Accounts","article_modified_time":"2023-12-13T11:01:31+00:00","og_image":[{"width":500,"height":500,"url":"http:\/\/buygoogleadsaccounts.com\/wp-content\/uploads\/2022\/11\/google-ads-accounts-sale.png","type":"image\/png"}],"twitter_card":"summary_large_image","twitter_misc":{"Becs\u00fclt olvas\u00e1si id\u0151":"3 perc"},"schema":{"@context":"https:\/\/schema.org","@graph":[{"@type":"WebPage","@id":"https:\/\/buygoogleadsaccounts.com\/googleads\/google-ads-merchant-center-account\/","url":"https:\/\/buygoogleadsaccounts.com\/googleads\/google-ads-merchant-center-account\/","name":"Google Ads Merchant Center fi\u00f3k - Google Ads fi\u00f3kok v\u00e1s\u00e1rl\u00e1sa","isPartOf":{"@id":"https:\/\/buygoogleadsaccounts.com\/#website"},"primaryImageOfPage":{"@id":"https:\/\/buygoogleadsaccounts.com\/googleads\/google-ads-merchant-center-account\/#primaryimage"},"image":{"@id":"https:\/\/buygoogleadsaccounts.com\/googleads\/google-ads-merchant-center-account\/#primaryimage"},"thumbnailUrl":"https:\/\/buygoogleadsaccounts.com\/wp-content\/uploads\/2022\/11\/google-ads-accounts-sale.png","datePublished":"2022-11-06T13:08:11+00:00","dateModified":"2023-12-13T11:01:31+00:00","description":"V\u00e1s\u00e1roljon egy ellen\u0151rz\u00f6tt Google Merchant Center-fi\u00f3kot, \u00e9s azonnal rekl\u00e1mozhatja term\u00e9keit. Futtasson hirdet\u00e9seket a Google Hirdet\u00e9seken a Google Keresked\u0151i K\u00f6zpont fi\u00f3kjainkkal.","breadcrumb":{"@id":"https:\/\/buygoogleadsaccounts.com\/googleads\/google-ads-merchant-center-account\/#breadcrumb"},"inLanguage":"hu","potentialAction":[{"@type":"ReadAction","target":["https:\/\/buygoogleadsaccounts.com\/googleads\/google-ads-merchant-center-account\/"]}]},{"@type":"ImageObject","inLanguage":"hu","@id":"https:\/\/buygoogleadsaccounts.com\/googleads\/google-ads-merchant-center-account\/#primaryimage","url":"https:\/\/buygoogleadsaccounts.com\/wp-content\/uploads\/2022\/11\/google-ads-accounts-sale.png","contentUrl":"https:\/\/buygoogleadsaccounts.com\/wp-content\/uploads\/2022\/11\/google-ads-accounts-sale.png","width":500,"height":500},{"@type":"BreadcrumbList","@id":"https:\/\/buygoogleadsaccounts.com\/googleads\/google-ads-merchant-center-account\/#breadcrumb","itemListElement":[{"@type":"ListItem","position":1,"name":"Home","item":"https:\/\/buygoogleadsaccounts.com\/"},{"@type":"ListItem","position":2,"name":"Shop","item":"https:\/\/buygoogleadsaccounts.com\/el\/%ce%ba%ce%b1%cf%84%ce%ac%cf%83%cf%84%ce%b7%ce%bc%ce%b1\/"},{"@type":"ListItem","position":3,"name":"Google Ads Merchant Center Account"}]},{"@type":"WebSite","@id":"https:\/\/buygoogleadsaccounts.com\/#website","url":"https:\/\/buygoogleadsaccounts.com\/","name":"V\u00e1s\u00e1roljon Google Ads sz\u00e1ml\u00e1kat","description":"","publisher":{"@id":"https:\/\/buygoogleadsaccounts.com\/#organization"},"potentialAction":[{"@type":"SearchAction","target":{"@type":"EntryPoint","urlTemplate":"https:\/\/buygoogleadsaccounts.com\/?s={search_term_string}"},"query-input":{"@type":"PropertyValueSpecification","valueRequired":true,"valueName":"search_term_string"}}],"inLanguage":"hu"},{"@type":"Organization","@id":"https:\/\/buygoogleadsaccounts.com\/#organization","name":"V\u00e1s\u00e1roljon Google Ads sz\u00e1ml\u00e1kat","url":"https:\/\/buygoogleadsaccounts.com\/","logo":{"@type":"ImageObject","inLanguage":"hu","@id":"https:\/\/buygoogleadsaccounts.com\/#\/schema\/logo\/image\/","url":"https:\/\/buygoogleadsaccounts.com\/wp-content\/uploads\/2022\/11\/cropped-fav.jpg","contentUrl":"https:\/\/buygoogleadsaccounts.com\/wp-content\/uploads\/2022\/11\/cropped-fav.jpg","width":512,"height":512,"caption":"Buy Google Ads Accounts"},"image":{"@id":"https:\/\/buygoogleadsaccounts.com\/#\/schema\/logo\/image\/"}}]}},"_links":{"self":[{"href":"https:\/\/buygoogleadsaccounts.com\/hu\/wp-json\/wp\/v2\/product\/480","targetHints":{"allow":["GET"]}}],"collection":[{"href":"https:\/\/buygoogleadsaccounts.com\/hu\/wp-json\/wp\/v2\/product"}],"about":[{"href":"https:\/\/buygoogleadsaccounts.com\/hu\/wp-json\/wp\/v2\/types\/product"}],"wp:featuredmedia":[{"embeddable":true,"href":"https:\/\/buygoogleadsaccounts.com\/hu\/wp-json\/wp\/v2\/media\/418"}],"wp:attachment":[{"href":"https:\/\/buygoogleadsaccounts.com\/hu\/wp-json\/wp\/v2\/media?parent=480"}],"wp:term":[{"taxonomy":"product_brand","embeddable":true,"href":"https:\/\/buygoogleadsaccounts.com\/hu\/wp-json\/wp\/v2\/product_brand?post=480"},{"taxonomy":"product_cat","embeddable":true,"href":"https:\/\/buygoogleadsaccounts.com\/hu\/wp-json\/wp\/v2\/product_cat?post=480"},{"taxonomy":"product_tag","embeddable":true,"href":"https:\/\/buygoogleadsaccounts.com\/hu\/wp-json\/wp\/v2\/product_tag?post=480"}],"curies":[{"name":"wp","href":"https:\/\/api.w.org\/{rel}","templated":true}]}}