{"id":479,"date":"2022-11-06T12:56:13","date_gmt":"2022-11-06T12:56:13","guid":{"rendered":"https:\/\/buygoogleadsaccounts.com\/?post_type=product&#038;p=479"},"modified":"2023-07-28T07:34:40","modified_gmt":"2023-07-28T07:34:40","slug":"google-hirdetesek-alcazasa","status":"publish","type":"product","link":"https:\/\/buygoogleadsaccounts.com\/hu\/googleads\/google-hirdetesek-alcazasa\/","title":{"rendered":"Google Ads Cloaking"},"content":{"rendered":"<p><span style=\"font-size: 120%;\">A hirdet\u00e9sek \u00e1lc\u00e1z\u00e1sa az a gyakorlat, amikor a v\u00e9gfelhaszn\u00e1l\u00f3knak \u00e9s a hirdet\u00e9seket vizsg\u00e1l\u00f3 eszk\u00f6z\u00f6knek vagy keres\u0151motoroknak elt\u00e9r\u0151 tartalmat vagy URL-c\u00edmeket jelen\u00edtenek meg. Kripto, szerencsej\u00e1t\u00e9k, forex, affiliates, m\u00e1rk\u00e1k, kamp\u00e1nyok \u00e9s egy\u00e9b hirdet\u00e9sek k\u00f6zz\u00e9t\u00e9tele fejlett Google Ads cloaking szolg\u00e1ltat\u00e1sunkkal. <\/span><\/p>\n<p><span style=\"font-size: 120%;\">Nem kell k\u00f3dol\u00e1si ismeretekkel rendelkeznie, mi megtessz\u00fck ezt \u00d6n helyett. Minden t\u00edpus\u00fa integr\u00e1ci\u00f3 PHP, Javascript, Webview, iOS, Android, WordPress, Shopify, \u00e9s \u00edgy tov\u00e1bb. A tartalom felt\u00f6lt\u00e9s\u00e9nek legn\u00e9pszer\u0171bb m\u00f3dszereit haszn\u00e1ljuk: \u00e1tir\u00e1ny\u00edt\u00e1s n\u00e9lk\u00fcl, \u00e1tir\u00e1ny\u00edt\u00e1s, iframe.<\/span><\/p>\n<p><span style=\"font-size: 120%;\">Az \u00e1r havonta \u00e9rv\u00e9nyes korl\u00e1tlan sz\u00e1m\u00fa URL c\u00edmre.<\/span><\/p>\n<p>&nbsp;<\/p>\n<p>&nbsp;<\/p>\n<p>&nbsp;<\/p>","protected":false},"excerpt":{"rendered":"<p>Ad Cloaking is the practice of showing different content or URLs to end users and to ad scanning tools or search engines. Publish crypto, gambling, forex, affiliates, brands, campaigns and more with our advanced Google Ads cloaking service. You don&#8217;t need to have any coding knowledge, we will do it for you. All types of [&#8230;]\n","protected":false},"featured_media":418,"template":"","meta":[],"product_brand":[],"product_cat":[78],"product_tag":[202,242,81,111,82,203,205,204,206],"class_list":{"0":"post-479","1":"product","2":"type-product","3":"status-publish","4":"has-post-thumbnail","6":"product_cat-buy-google-ads-services","7":"product_tag-ads-cloaking","8":"product_tag-best-google-ads-cloaking","9":"product_tag-cloaking-google-ads","10":"product_tag-google-ads-cloaker","11":"product_tag-google-ads-cloaking","12":"product_tag-google-ads-crypto","13":"product_tag-google-ads-forex","14":"product_tag-google-ads-gambling","15":"product_tag-google-ads-shopify","17":"first","18":"instock","19":"shipping-taxable","20":"purchasable","21":"product-type-simple"},"yoast_head":"<!-- This site is optimized with the Yoast SEO Premium plugin v27.2 (Yoast SEO v27.3) - https:\/\/yoast.com\/product\/yoast-seo-premium-wordpress\/ -->\n<title>Google Ads Cloaking - Buy Google Ads Accounts<\/title>\n<meta name=\"description\" content=\"Buy Google Ads cloaking to hide your URLS. Publish black hat campaigns with our Google Ads Cloaking service. Run Crypto, Forex, Gambling ads.\" \/>\n<meta name=\"robots\" content=\"index, follow, max-snippet:-1, max-image-preview:large, max-video-preview:-1\" \/>\n<link rel=\"canonical\" href=\"https:\/\/buygoogleadsaccounts.com\/hu\/googleads\/google-hirdetesek-alcazasa\/\" \/>\n<meta property=\"og:locale\" content=\"hu_HU\" \/>\n<meta property=\"og:type\" content=\"article\" \/>\n<meta property=\"og:title\" content=\"Google Ads Cloaking\" \/>\n<meta property=\"og:description\" content=\"Buy Google Ads cloaking to hide your URLS. Publish black hat campaigns with our Google Ads Cloaking service. Run Crypto, Forex, Gambling ads.\" \/>\n<meta property=\"og:url\" content=\"https:\/\/buygoogleadsaccounts.com\/hu\/googleads\/google-hirdetesek-alcazasa\/\" \/>\n<meta property=\"og:site_name\" content=\"Buy Google Ads Accounts\" \/>\n<meta property=\"article:modified_time\" content=\"2023-07-28T07:34:40+00:00\" \/>\n<meta property=\"og:image\" content=\"http:\/\/buygoogleadsaccounts.com\/wp-content\/uploads\/2022\/11\/google-ads-accounts-sale.png\" \/>\n\t<meta property=\"og:image:width\" content=\"500\" \/>\n\t<meta property=\"og:image:height\" content=\"500\" \/>\n\t<meta property=\"og:image:type\" content=\"image\/png\" \/>\n<meta name=\"twitter:card\" content=\"summary_large_image\" \/>\n<meta name=\"twitter:label1\" content=\"Becs\u00fclt olvas\u00e1si id\u0151\" \/>\n\t<meta name=\"twitter:data1\" content=\"1 perc\" \/>\n<script type=\"application\/ld+json\" class=\"yoast-schema-graph\">{\"@context\":\"https:\\\/\\\/schema.org\",\"@graph\":[{\"@type\":\"WebPage\",\"@id\":\"https:\\\/\\\/buygoogleadsaccounts.com\\\/googleads\\\/google-ads-cloaking\\\/\",\"url\":\"https:\\\/\\\/buygoogleadsaccounts.com\\\/googleads\\\/google-ads-cloaking\\\/\",\"name\":\"Google Ads Cloaking - Buy Google Ads Accounts\",\"isPartOf\":{\"@id\":\"https:\\\/\\\/buygoogleadsaccounts.com\\\/#website\"},\"primaryImageOfPage\":{\"@id\":\"https:\\\/\\\/buygoogleadsaccounts.com\\\/googleads\\\/google-ads-cloaking\\\/#primaryimage\"},\"image\":{\"@id\":\"https:\\\/\\\/buygoogleadsaccounts.com\\\/googleads\\\/google-ads-cloaking\\\/#primaryimage\"},\"thumbnailUrl\":\"https:\\\/\\\/buygoogleadsaccounts.com\\\/wp-content\\\/uploads\\\/2022\\\/11\\\/google-ads-accounts-sale.png\",\"datePublished\":\"2022-11-06T12:56:13+00:00\",\"dateModified\":\"2023-07-28T07:34:40+00:00\",\"description\":\"Buy Google Ads cloaking to hide your URLS. Publish black hat campaigns with our Google Ads Cloaking service. Run Crypto, Forex, Gambling ads.\",\"breadcrumb\":{\"@id\":\"https:\\\/\\\/buygoogleadsaccounts.com\\\/googleads\\\/google-ads-cloaking\\\/#breadcrumb\"},\"inLanguage\":\"hu\",\"potentialAction\":[{\"@type\":\"ReadAction\",\"target\":[\"https:\\\/\\\/buygoogleadsaccounts.com\\\/googleads\\\/google-ads-cloaking\\\/\"]}]},{\"@type\":\"ImageObject\",\"inLanguage\":\"hu\",\"@id\":\"https:\\\/\\\/buygoogleadsaccounts.com\\\/googleads\\\/google-ads-cloaking\\\/#primaryimage\",\"url\":\"https:\\\/\\\/buygoogleadsaccounts.com\\\/wp-content\\\/uploads\\\/2022\\\/11\\\/google-ads-accounts-sale.png\",\"contentUrl\":\"https:\\\/\\\/buygoogleadsaccounts.com\\\/wp-content\\\/uploads\\\/2022\\\/11\\\/google-ads-accounts-sale.png\",\"width\":500,\"height\":500},{\"@type\":\"BreadcrumbList\",\"@id\":\"https:\\\/\\\/buygoogleadsaccounts.com\\\/googleads\\\/google-ads-cloaking\\\/#breadcrumb\",\"itemListElement\":[{\"@type\":\"ListItem\",\"position\":1,\"name\":\"Home\",\"item\":\"https:\\\/\\\/buygoogleadsaccounts.com\\\/\"},{\"@type\":\"ListItem\",\"position\":2,\"name\":\"Shop\",\"item\":\"https:\\\/\\\/buygoogleadsaccounts.com\\\/el\\\/%ce%ba%ce%b1%cf%84%ce%ac%cf%83%cf%84%ce%b7%ce%bc%ce%b1\\\/\"},{\"@type\":\"ListItem\",\"position\":3,\"name\":\"Google Ads Cloaking\"}]},{\"@type\":\"WebSite\",\"@id\":\"https:\\\/\\\/buygoogleadsaccounts.com\\\/#website\",\"url\":\"https:\\\/\\\/buygoogleadsaccounts.com\\\/\",\"name\":\"Buy Google Ads Accounts\",\"description\":\"\",\"publisher\":{\"@id\":\"https:\\\/\\\/buygoogleadsaccounts.com\\\/#organization\"},\"potentialAction\":[{\"@type\":\"SearchAction\",\"target\":{\"@type\":\"EntryPoint\",\"urlTemplate\":\"https:\\\/\\\/buygoogleadsaccounts.com\\\/?s={search_term_string}\"},\"query-input\":{\"@type\":\"PropertyValueSpecification\",\"valueRequired\":true,\"valueName\":\"search_term_string\"}}],\"inLanguage\":\"hu\"},{\"@type\":\"Organization\",\"@id\":\"https:\\\/\\\/buygoogleadsaccounts.com\\\/#organization\",\"name\":\"Buy Google Ads Accounts\",\"url\":\"https:\\\/\\\/buygoogleadsaccounts.com\\\/\",\"logo\":{\"@type\":\"ImageObject\",\"inLanguage\":\"hu\",\"@id\":\"https:\\\/\\\/buygoogleadsaccounts.com\\\/#\\\/schema\\\/logo\\\/image\\\/\",\"url\":\"https:\\\/\\\/buygoogleadsaccounts.com\\\/wp-content\\\/uploads\\\/2022\\\/11\\\/cropped-fav.jpg\",\"contentUrl\":\"https:\\\/\\\/buygoogleadsaccounts.com\\\/wp-content\\\/uploads\\\/2022\\\/11\\\/cropped-fav.jpg\",\"width\":512,\"height\":512,\"caption\":\"Buy Google Ads Accounts\"},\"image\":{\"@id\":\"https:\\\/\\\/buygoogleadsaccounts.com\\\/#\\\/schema\\\/logo\\\/image\\\/\"}}]}<\/script>\n<!-- \/ Yoast SEO Premium plugin. -->","yoast_head_json":{"title":"Google Ads Cloaking - V\u00e1s\u00e1rl\u00e1s Google Ads sz\u00e1ml\u00e1k","description":"V\u00e1s\u00e1roljon Google Ads \u00e1lc\u00e1z\u00e1st az URL-ek elrejt\u00e9s\u00e9hez. Tegye k\u00f6zz\u00e9 fekete kalapos kamp\u00e1nyait a Google Ads Cloaking szolg\u00e1ltat\u00e1sunkkal. Futtasson kripto, Forex, szerencsej\u00e1t\u00e9k hirdet\u00e9seket.","robots":{"index":"index","follow":"follow","max-snippet":"max-snippet:-1","max-image-preview":"max-image-preview:large","max-video-preview":"max-video-preview:-1"},"canonical":"https:\/\/buygoogleadsaccounts.com\/hu\/googleads\/google-hirdetesek-alcazasa\/","og_locale":"hu_HU","og_type":"article","og_title":"Google Ads Cloaking","og_description":"Buy Google Ads cloaking to hide your URLS. Publish black hat campaigns with our Google Ads Cloaking service. Run Crypto, Forex, Gambling ads.","og_url":"https:\/\/buygoogleadsaccounts.com\/hu\/googleads\/google-hirdetesek-alcazasa\/","og_site_name":"Buy Google Ads Accounts","article_modified_time":"2023-07-28T07:34:40+00:00","og_image":[{"width":500,"height":500,"url":"http:\/\/buygoogleadsaccounts.com\/wp-content\/uploads\/2022\/11\/google-ads-accounts-sale.png","type":"image\/png"}],"twitter_card":"summary_large_image","twitter_misc":{"Becs\u00fclt olvas\u00e1si id\u0151":"1 perc"},"schema":{"@context":"https:\/\/schema.org","@graph":[{"@type":"WebPage","@id":"https:\/\/buygoogleadsaccounts.com\/googleads\/google-ads-cloaking\/","url":"https:\/\/buygoogleadsaccounts.com\/googleads\/google-ads-cloaking\/","name":"Google Ads Cloaking - V\u00e1s\u00e1rl\u00e1s Google Ads sz\u00e1ml\u00e1k","isPartOf":{"@id":"https:\/\/buygoogleadsaccounts.com\/#website"},"primaryImageOfPage":{"@id":"https:\/\/buygoogleadsaccounts.com\/googleads\/google-ads-cloaking\/#primaryimage"},"image":{"@id":"https:\/\/buygoogleadsaccounts.com\/googleads\/google-ads-cloaking\/#primaryimage"},"thumbnailUrl":"https:\/\/buygoogleadsaccounts.com\/wp-content\/uploads\/2022\/11\/google-ads-accounts-sale.png","datePublished":"2022-11-06T12:56:13+00:00","dateModified":"2023-07-28T07:34:40+00:00","description":"V\u00e1s\u00e1roljon Google Ads \u00e1lc\u00e1z\u00e1st az URL-ek elrejt\u00e9s\u00e9hez. Tegye k\u00f6zz\u00e9 fekete kalapos kamp\u00e1nyait a Google Ads Cloaking szolg\u00e1ltat\u00e1sunkkal. Futtasson kripto, Forex, szerencsej\u00e1t\u00e9k hirdet\u00e9seket.","breadcrumb":{"@id":"https:\/\/buygoogleadsaccounts.com\/googleads\/google-ads-cloaking\/#breadcrumb"},"inLanguage":"hu","potentialAction":[{"@type":"ReadAction","target":["https:\/\/buygoogleadsaccounts.com\/googleads\/google-ads-cloaking\/"]}]},{"@type":"ImageObject","inLanguage":"hu","@id":"https:\/\/buygoogleadsaccounts.com\/googleads\/google-ads-cloaking\/#primaryimage","url":"https:\/\/buygoogleadsaccounts.com\/wp-content\/uploads\/2022\/11\/google-ads-accounts-sale.png","contentUrl":"https:\/\/buygoogleadsaccounts.com\/wp-content\/uploads\/2022\/11\/google-ads-accounts-sale.png","width":500,"height":500},{"@type":"BreadcrumbList","@id":"https:\/\/buygoogleadsaccounts.com\/googleads\/google-ads-cloaking\/#breadcrumb","itemListElement":[{"@type":"ListItem","position":1,"name":"Home","item":"https:\/\/buygoogleadsaccounts.com\/"},{"@type":"ListItem","position":2,"name":"Shop","item":"https:\/\/buygoogleadsaccounts.com\/el\/%ce%ba%ce%b1%cf%84%ce%ac%cf%83%cf%84%ce%b7%ce%bc%ce%b1\/"},{"@type":"ListItem","position":3,"name":"Google Ads Cloaking"}]},{"@type":"WebSite","@id":"https:\/\/buygoogleadsaccounts.com\/#website","url":"https:\/\/buygoogleadsaccounts.com\/","name":"V\u00e1s\u00e1roljon Google Ads sz\u00e1ml\u00e1kat","description":"","publisher":{"@id":"https:\/\/buygoogleadsaccounts.com\/#organization"},"potentialAction":[{"@type":"SearchAction","target":{"@type":"EntryPoint","urlTemplate":"https:\/\/buygoogleadsaccounts.com\/?s={search_term_string}"},"query-input":{"@type":"PropertyValueSpecification","valueRequired":true,"valueName":"search_term_string"}}],"inLanguage":"hu"},{"@type":"Organization","@id":"https:\/\/buygoogleadsaccounts.com\/#organization","name":"V\u00e1s\u00e1roljon Google Ads sz\u00e1ml\u00e1kat","url":"https:\/\/buygoogleadsaccounts.com\/","logo":{"@type":"ImageObject","inLanguage":"hu","@id":"https:\/\/buygoogleadsaccounts.com\/#\/schema\/logo\/image\/","url":"https:\/\/buygoogleadsaccounts.com\/wp-content\/uploads\/2022\/11\/cropped-fav.jpg","contentUrl":"https:\/\/buygoogleadsaccounts.com\/wp-content\/uploads\/2022\/11\/cropped-fav.jpg","width":512,"height":512,"caption":"Buy Google Ads Accounts"},"image":{"@id":"https:\/\/buygoogleadsaccounts.com\/#\/schema\/logo\/image\/"}}]}},"_links":{"self":[{"href":"https:\/\/buygoogleadsaccounts.com\/hu\/wp-json\/wp\/v2\/product\/479","targetHints":{"allow":["GET"]}}],"collection":[{"href":"https:\/\/buygoogleadsaccounts.com\/hu\/wp-json\/wp\/v2\/product"}],"about":[{"href":"https:\/\/buygoogleadsaccounts.com\/hu\/wp-json\/wp\/v2\/types\/product"}],"wp:featuredmedia":[{"embeddable":true,"href":"https:\/\/buygoogleadsaccounts.com\/hu\/wp-json\/wp\/v2\/media\/418"}],"wp:attachment":[{"href":"https:\/\/buygoogleadsaccounts.com\/hu\/wp-json\/wp\/v2\/media?parent=479"}],"wp:term":[{"taxonomy":"product_brand","embeddable":true,"href":"https:\/\/buygoogleadsaccounts.com\/hu\/wp-json\/wp\/v2\/product_brand?post=479"},{"taxonomy":"product_cat","embeddable":true,"href":"https:\/\/buygoogleadsaccounts.com\/hu\/wp-json\/wp\/v2\/product_cat?post=479"},{"taxonomy":"product_tag","embeddable":true,"href":"https:\/\/buygoogleadsaccounts.com\/hu\/wp-json\/wp\/v2\/product_tag?post=479"}],"curies":[{"name":"wp","href":"https:\/\/api.w.org\/{rel}","templated":true}]}}