{"id":467,"date":"2022-11-05T16:06:37","date_gmt":"2022-11-05T16:06:37","guid":{"rendered":"https:\/\/buygoogleadsaccounts.com\/?page_id=467"},"modified":"2022-11-05T16:07:52","modified_gmt":"2022-11-05T16:07:52","slug":"vasarolni-google-hirdetesek-szolgaltatasok","status":"publish","type":"page","link":"https:\/\/buygoogleadsaccounts.com\/hu\/vasarolni-google-hirdetesek-szolgaltatasok\/","title":{"rendered":"V\u00e1s\u00e1roljon Google Ads szolg\u00e1ltat\u00e1sokat"},"content":{"rendered":"\n\t<section class=\"section\" id=\"section_76291287\">\n\t\t<div class=\"section-bg fill\" >\n\t\t\t\t\t\t\t\t\t\n\t\t\t\n\n\t\t<\/div>\n\n\t\t\n\n\t\t<div class=\"section-content relative\">\n\t\t\t\n<div class=\"row\"  id=\"row-1180797299\">\n\n\t<div id=\"col-1896312943\" class=\"col small-12 large-12\"  >\n\t\t\t\t<div class=\"col-inner\"  >\n\t\t\t\n\t\t\t\n<h2>Buy Google Ads Services<\/h2>\n\t\t<\/div>\n\t\t\t\t\t<\/div>\n\n\t\n<\/div>\n<div class=\"row\"  id=\"row-2119728869\">\n\n\t<div id=\"col-416484025\" class=\"col small-12 large-12\"  >\n\t\t\t\t<div class=\"col-inner\"  >\n\t\t\t\n\t\t\t\n<div class=\"woocommerce\"><\/div><table id=\"wcpt_b5dc99900703a8a8_1\" class=\"wc-product-table woocommerce multicart-enabled\" width=\"100%\" data-config=\"{&quot;pageLength&quot;:25,&quot;pagingType&quot;:&quot;numbers&quot;,&quot;serverSide&quot;:false,&quot;autoWidth&quot;:true,&quot;clickFilter&quot;:&quot;1&quot;,&quot;scrollOffset&quot;:0,&quot;resetButton&quot;:false,&quot;multiAddToCart&quot;:false,&quot;multiCartLocation&quot;:&quot;top&quot;,&quot;variations&quot;:&quot;dropdown&quot;,&quot;ajaxCart&quot;:true,&quot;numOrder&quot;:false,&quot;stickyHeader&quot;:false,&quot;lengthMenu&quot;:[[10,25,50,100,-1],[10,25,50,100,&quot;All&quot;]],&quot;columnDefs&quot;:[{&quot;className&quot;:&quot;col-name&quot;,&quot;targets&quot;:0,&quot;type&quot;:&quot;html&quot;},{&quot;className&quot;:&quot;col-price&quot;,&quot;targets&quot;:1,&quot;type&quot;:&quot;html-num&quot;},{&quot;className&quot;:&quot;col-button&quot;,&quot;targets&quot;:2,&quot;type&quot;:&quot;html&quot;}],&quot;responsive&quot;:{&quot;details&quot;:{&quot;display&quot;:&quot;child_row&quot;}},&quot;search&quot;:{&quot;search&quot;:&quot;&quot;},&quot;dom&quot;:&quot;&lt;\\&quot;wc-product-table-wrapper flatsome wpt-styling-custom\\&quot;&lt;\\&quot;wc-product-table-controls wc-product-table-above\\&quot;f&gt;t&lt;\\&quot;wc-product-table-controls wc-product-table-below\\&quot;lip&gt;&gt;&quot;}\" data-filters=\"false\" data-order=\"[]\"><thead><tr><th class=\"all\" data-name=\"name\" data-orderable=\"true\" data-searchable=\"true\" data-priority=\"1\">Name<\/th><th data-name=\"price\" data-orderable=\"true\" data-searchable=\"true\" data-priority=\"3\">Price<\/th><th data-name=\"button\" data-orderable=\"false\" data-searchable=\"true\" data-priority=\"5\">Details<\/th><\/tr><\/thead><tbody><tr id=\"product-row-478\" class=\"product product-row product-478 instock product-type-simple purchasable\"><td><a href=\"https:\/\/buygoogleadsaccounts.com\/hu\/googleads\/google-ads-account-manager\/\" class=\"single-product-link\" data-product_id=\"478\">Google Ads Account Manager<\/a><\/td><td data-sort=\"400.00\"><span class=\"woocommerce-Price-amount amount\"><bdi><span class=\"woocommerce-Price-currencySymbol\">&#36;<\/span>400.00<\/bdi><\/span><\/td><td><a href=\"https:\/\/buygoogleadsaccounts.com\/hu\/googleads\/google-ads-account-manager\/\" class=\"product-details-button button btn single-product-link\" data-product_id=\"478\">Show details<\/a><\/td><\/tr><tr id=\"product-row-479\" class=\"product product-row product-479 instock product-type-simple purchasable\"><td><a href=\"https:\/\/buygoogleadsaccounts.com\/hu\/googleads\/google-hirdetesek-alcazasa\/\" class=\"single-product-link\" data-product_id=\"479\">Google Ads Cloaking<\/a><\/td><td data-sort=\"300.00\"><span class=\"woocommerce-Price-amount amount\"><bdi><span class=\"woocommerce-Price-currencySymbol\">&#36;<\/span>300.00<\/bdi><\/span><\/td><td><a href=\"https:\/\/buygoogleadsaccounts.com\/hu\/googleads\/google-hirdetesek-alcazasa\/\" class=\"product-details-button button btn single-product-link\" data-product_id=\"479\">Show details<\/a><\/td><\/tr><tr id=\"product-row-471\" class=\"product product-row product-471 instock product-type-simple purchasable\"><td><a href=\"https:\/\/buygoogleadsaccounts.com\/hu\/googleads\/google-hirdetesek-hitelkartya\/\" class=\"single-product-link\" data-product_id=\"471\">Google Ads Credit Card<\/a><\/td><td data-sort=\"100.00\"><span class=\"woocommerce-Price-amount amount\"><bdi><span class=\"woocommerce-Price-currencySymbol\">&#36;<\/span>100.00<\/bdi><\/span><\/td><td><a href=\"https:\/\/buygoogleadsaccounts.com\/hu\/googleads\/google-hirdetesek-hitelkartya\/\" class=\"product-details-button button btn single-product-link\" data-product_id=\"471\">Show details<\/a><\/td><\/tr><tr id=\"product-row-480\" class=\"product product-row product-480 instock product-type-simple purchasable\"><td><a href=\"https:\/\/buygoogleadsaccounts.com\/hu\/googleads\/google-ads-kereskedoi-kozpont-fiok\/\" class=\"single-product-link\" data-product_id=\"480\">Google Ads Merchant Center Account<\/a><\/td><td data-sort=\"300.00\"><span class=\"woocommerce-Price-amount amount\"><bdi><span class=\"woocommerce-Price-currencySymbol\">&#36;<\/span>300.00<\/bdi><\/span><\/td><td><a href=\"https:\/\/buygoogleadsaccounts.com\/hu\/googleads\/google-ads-kereskedoi-kozpont-fiok\/\" class=\"product-details-button button btn single-product-link\" data-product_id=\"480\">Show details<\/a><\/td><\/tr><\/tbody><\/table>\n\t\t<\/div>\n\t\t\t\t\t<\/div>\n\n\t\n<\/div>\n\t\t<\/div>\n\n\t\t\n<style>\n#section_76291287 {\n  padding-top: 0px;\n  padding-bottom: 0px;\n}\n<\/style>\n\t<\/section>\n\t\n","protected":false},"excerpt":{"rendered":"","protected":false},"author":1,"featured_media":0,"parent":0,"menu_order":0,"comment_status":"closed","ping_status":"closed","template":"","meta":{"footnotes":""},"class_list":["post-467","page","type-page","status-publish","hentry"],"yoast_head":"<!-- This site is optimized with the Yoast SEO Premium plugin v27.2 (Yoast SEO v27.3) - https:\/\/yoast.com\/product\/yoast-seo-premium-wordpress\/ -->\n<title>Buy Google Ads Services - Buy Google Ads Accounts<\/title>\n<meta name=\"robots\" content=\"index, follow, max-snippet:-1, max-image-preview:large, max-video-preview:-1\" \/>\n<link rel=\"canonical\" href=\"https:\/\/buygoogleadsaccounts.com\/hu\/vasarolni-google-hirdetesek-szolgaltatasok\/\" \/>\n<meta property=\"og:locale\" content=\"hu_HU\" \/>\n<meta property=\"og:type\" content=\"article\" \/>\n<meta property=\"og:title\" content=\"Buy Google Ads Services\" \/>\n<meta property=\"og:url\" content=\"https:\/\/buygoogleadsaccounts.com\/hu\/vasarolni-google-hirdetesek-szolgaltatasok\/\" \/>\n<meta property=\"og:site_name\" content=\"Buy Google Ads Accounts\" \/>\n<meta property=\"article:modified_time\" content=\"2022-11-05T16:07:52+00:00\" \/>\n<meta name=\"twitter:card\" content=\"summary_large_image\" \/>\n<meta name=\"twitter:label1\" content=\"Becs\u00fclt olvas\u00e1si id\u0151\" \/>\n\t<meta name=\"twitter:data1\" content=\"1 perc\" \/>\n<script type=\"application\/ld+json\" class=\"yoast-schema-graph\">{\"@context\":\"https:\\\/\\\/schema.org\",\"@graph\":[{\"@type\":\"WebPage\",\"@id\":\"https:\\\/\\\/buygoogleadsaccounts.com\\\/buy-google-ads-services\\\/\",\"url\":\"https:\\\/\\\/buygoogleadsaccounts.com\\\/buy-google-ads-services\\\/\",\"name\":\"Buy Google Ads Services - Buy Google Ads Accounts\",\"isPartOf\":{\"@id\":\"https:\\\/\\\/buygoogleadsaccounts.com\\\/#website\"},\"datePublished\":\"2022-11-05T16:06:37+00:00\",\"dateModified\":\"2022-11-05T16:07:52+00:00\",\"breadcrumb\":{\"@id\":\"https:\\\/\\\/buygoogleadsaccounts.com\\\/buy-google-ads-services\\\/#breadcrumb\"},\"inLanguage\":\"hu\",\"potentialAction\":[{\"@type\":\"ReadAction\",\"target\":[\"https:\\\/\\\/buygoogleadsaccounts.com\\\/buy-google-ads-services\\\/\"]}]},{\"@type\":\"BreadcrumbList\",\"@id\":\"https:\\\/\\\/buygoogleadsaccounts.com\\\/buy-google-ads-services\\\/#breadcrumb\",\"itemListElement\":[{\"@type\":\"ListItem\",\"position\":1,\"name\":\"Home\",\"item\":\"https:\\\/\\\/buygoogleadsaccounts.com\\\/\"},{\"@type\":\"ListItem\",\"position\":2,\"name\":\"Buy Google Ads Services\"}]},{\"@type\":\"WebSite\",\"@id\":\"https:\\\/\\\/buygoogleadsaccounts.com\\\/#website\",\"url\":\"https:\\\/\\\/buygoogleadsaccounts.com\\\/\",\"name\":\"Buy Google Ads Accounts\",\"description\":\"\",\"publisher\":{\"@id\":\"https:\\\/\\\/buygoogleadsaccounts.com\\\/#organization\"},\"potentialAction\":[{\"@type\":\"SearchAction\",\"target\":{\"@type\":\"EntryPoint\",\"urlTemplate\":\"https:\\\/\\\/buygoogleadsaccounts.com\\\/?s={search_term_string}\"},\"query-input\":{\"@type\":\"PropertyValueSpecification\",\"valueRequired\":true,\"valueName\":\"search_term_string\"}}],\"inLanguage\":\"hu\"},{\"@type\":\"Organization\",\"@id\":\"https:\\\/\\\/buygoogleadsaccounts.com\\\/#organization\",\"name\":\"Buy Google Ads Accounts\",\"url\":\"https:\\\/\\\/buygoogleadsaccounts.com\\\/\",\"logo\":{\"@type\":\"ImageObject\",\"inLanguage\":\"hu\",\"@id\":\"https:\\\/\\\/buygoogleadsaccounts.com\\\/#\\\/schema\\\/logo\\\/image\\\/\",\"url\":\"https:\\\/\\\/buygoogleadsaccounts.com\\\/wp-content\\\/uploads\\\/2022\\\/11\\\/cropped-fav.jpg\",\"contentUrl\":\"https:\\\/\\\/buygoogleadsaccounts.com\\\/wp-content\\\/uploads\\\/2022\\\/11\\\/cropped-fav.jpg\",\"width\":512,\"height\":512,\"caption\":\"Buy Google Ads Accounts\"},\"image\":{\"@id\":\"https:\\\/\\\/buygoogleadsaccounts.com\\\/#\\\/schema\\\/logo\\\/image\\\/\"}}]}<\/script>\n<!-- \/ Yoast SEO Premium plugin. -->","yoast_head_json":{"title":"Google Ads szolg\u00e1ltat\u00e1sok v\u00e1s\u00e1rl\u00e1sa - Google Ads sz\u00e1ml\u00e1k v\u00e1s\u00e1rl\u00e1sa","robots":{"index":"index","follow":"follow","max-snippet":"max-snippet:-1","max-image-preview":"max-image-preview:large","max-video-preview":"max-video-preview:-1"},"canonical":"https:\/\/buygoogleadsaccounts.com\/hu\/vasarolni-google-hirdetesek-szolgaltatasok\/","og_locale":"hu_HU","og_type":"article","og_title":"Buy Google Ads Services","og_url":"https:\/\/buygoogleadsaccounts.com\/hu\/vasarolni-google-hirdetesek-szolgaltatasok\/","og_site_name":"Buy Google Ads Accounts","article_modified_time":"2022-11-05T16:07:52+00:00","twitter_card":"summary_large_image","twitter_misc":{"Becs\u00fclt olvas\u00e1si id\u0151":"1 perc"},"schema":{"@context":"https:\/\/schema.org","@graph":[{"@type":"WebPage","@id":"https:\/\/buygoogleadsaccounts.com\/buy-google-ads-services\/","url":"https:\/\/buygoogleadsaccounts.com\/buy-google-ads-services\/","name":"Google Ads szolg\u00e1ltat\u00e1sok v\u00e1s\u00e1rl\u00e1sa - Google Ads sz\u00e1ml\u00e1k v\u00e1s\u00e1rl\u00e1sa","isPartOf":{"@id":"https:\/\/buygoogleadsaccounts.com\/#website"},"datePublished":"2022-11-05T16:06:37+00:00","dateModified":"2022-11-05T16:07:52+00:00","breadcrumb":{"@id":"https:\/\/buygoogleadsaccounts.com\/buy-google-ads-services\/#breadcrumb"},"inLanguage":"hu","potentialAction":[{"@type":"ReadAction","target":["https:\/\/buygoogleadsaccounts.com\/buy-google-ads-services\/"]}]},{"@type":"BreadcrumbList","@id":"https:\/\/buygoogleadsaccounts.com\/buy-google-ads-services\/#breadcrumb","itemListElement":[{"@type":"ListItem","position":1,"name":"Home","item":"https:\/\/buygoogleadsaccounts.com\/"},{"@type":"ListItem","position":2,"name":"Buy Google Ads Services"}]},{"@type":"WebSite","@id":"https:\/\/buygoogleadsaccounts.com\/#website","url":"https:\/\/buygoogleadsaccounts.com\/","name":"V\u00e1s\u00e1roljon Google Ads sz\u00e1ml\u00e1kat","description":"","publisher":{"@id":"https:\/\/buygoogleadsaccounts.com\/#organization"},"potentialAction":[{"@type":"SearchAction","target":{"@type":"EntryPoint","urlTemplate":"https:\/\/buygoogleadsaccounts.com\/?s={search_term_string}"},"query-input":{"@type":"PropertyValueSpecification","valueRequired":true,"valueName":"search_term_string"}}],"inLanguage":"hu"},{"@type":"Organization","@id":"https:\/\/buygoogleadsaccounts.com\/#organization","name":"V\u00e1s\u00e1roljon Google Ads sz\u00e1ml\u00e1kat","url":"https:\/\/buygoogleadsaccounts.com\/","logo":{"@type":"ImageObject","inLanguage":"hu","@id":"https:\/\/buygoogleadsaccounts.com\/#\/schema\/logo\/image\/","url":"https:\/\/buygoogleadsaccounts.com\/wp-content\/uploads\/2022\/11\/cropped-fav.jpg","contentUrl":"https:\/\/buygoogleadsaccounts.com\/wp-content\/uploads\/2022\/11\/cropped-fav.jpg","width":512,"height":512,"caption":"Buy Google Ads Accounts"},"image":{"@id":"https:\/\/buygoogleadsaccounts.com\/#\/schema\/logo\/image\/"}}]}},"_links":{"self":[{"href":"https:\/\/buygoogleadsaccounts.com\/hu\/wp-json\/wp\/v2\/pages\/467","targetHints":{"allow":["GET"]}}],"collection":[{"href":"https:\/\/buygoogleadsaccounts.com\/hu\/wp-json\/wp\/v2\/pages"}],"about":[{"href":"https:\/\/buygoogleadsaccounts.com\/hu\/wp-json\/wp\/v2\/types\/page"}],"author":[{"embeddable":true,"href":"https:\/\/buygoogleadsaccounts.com\/hu\/wp-json\/wp\/v2\/users\/1"}],"replies":[{"embeddable":true,"href":"https:\/\/buygoogleadsaccounts.com\/hu\/wp-json\/wp\/v2\/comments?post=467"}],"version-history":[{"count":0,"href":"https:\/\/buygoogleadsaccounts.com\/hu\/wp-json\/wp\/v2\/pages\/467\/revisions"}],"wp:attachment":[{"href":"https:\/\/buygoogleadsaccounts.com\/hu\/wp-json\/wp\/v2\/media?parent=467"}],"curies":[{"name":"wp","href":"https:\/\/api.w.org\/{rel}","templated":true}]}}