{"id":627,"date":"2022-11-09T13:18:25","date_gmt":"2022-11-09T13:18:25","guid":{"rendered":"https:\/\/buygoogleadsaccounts.com\/?post_type=product&#038;p=627"},"modified":"2025-10-26T10:21:48","modified_gmt":"2025-10-26T10:21:48","slug":"compte-google-ads-2017-uk-depense-16200-23000","status":"publish","type":"product","link":"https:\/\/buygoogleadsaccounts.com\/fr\/googleads\/compte-google-ads-2017-uk-depense-16200-23000\/","title":{"rendered":"Compte Google Ads 2017 UK Spent \u00a316200 - \u00a323000"},"content":{"rendered":"<p><span style=\"font-size: 120%;\">Achetez un compte Google Ads v\u00e9rifi\u00e9 cr\u00e9\u00e9 au Royaume-Uni en 2017 avec 16200 - 23000 \u00a3 d'argent d\u00e9pens\u00e9 en annonces. Publiez instantan\u00e9ment des campagnes sur Google Search, Google Display Network, Google Shopping, YouTube, Google Play et plus encore. <\/span><\/p>\n<p><span style=\"font-size: 120%;\">Vous n'aurez pas \u00e0 vous soucier des avis sur les annonces, ni des avis sur les comptes avec ce compte. Le compte n'a jamais eu de probl\u00e8mes de suspension dans le pass\u00e9.<\/span><\/p>\n<p><span style=\"font-size: 120%;\">Choisissez un gestionnaire de compte pour g\u00e9rer vos campagnes et maximiser votre budget.<\/span><\/p>\n<p><span style=\"font-size: 17.28px;\"><strong>Ajouter une m\u00e9thode de facturation<\/strong> - Nous vous indiquerons le mode de facturation de votre compte. <\/span><\/p>\n<p>&nbsp;<\/p>","protected":false},"excerpt":{"rendered":"<p>Buy a Verified Google Ads Account created in United Kingdom in 2017 with \u00a316200 &#8211; \u00a323000 money spent on ads. Instantly publish campaigns on Google Search, Google Display Network, Google Shopping, YouTube, Google Play and more. You won&#8217;t have to worry about ads reviews, account reviews with this account. Account never had any suspensions issues [&#8230;]\n","protected":false},"featured_media":418,"template":"","meta":[],"product_brand":[],"product_cat":[15],"product_tag":[182,85,80,92,79,180,81,183,96,184,97,103,74,121,129,181,142,144,147],"class_list":{"0":"post-627","1":"product","2":"type-product","3":"status-publish","4":"has-post-thumbnail","6":"product_cat-buy-google-ads-accounts","7":"product_tag-2020-google-ads-account","8":"product_tag-account-suspended-google-ads","9":"product_tag-aged-google-ads-accounts","10":"product_tag-buy-ads-accounts","11":"product_tag-buy-google-ads-accounts","12":"product_tag-buy-uk-google-ads-account","13":"product_tag-cloaking-google-ads","14":"product_tag-cloaking-google-ads-account","15":"product_tag-crypto-ads-google","16":"product_tag-crypto-google-ads","17":"product_tag-gambling-google-ads","18":"product_tag-google-ads-account-suspended-suspicious-payments","19":"product_tag-google-ads-accounts","20":"product_tag-google-ads-suspended-account","21":"product_tag-google-ads-your-account-is-suspended","22":"product_tag-old-google-ads-account","23":"product_tag-suspicious-payment-activity-google-ads","24":"product_tag-suspicious-payments-google-ads","25":"product_tag-uk-google-ads-account","27":"first","28":"instock","29":"shipping-taxable","30":"purchasable","31":"product-type-simple"},"yoast_head":"<!-- This site is optimized with the Yoast SEO Premium plugin v27.2 (Yoast SEO v27.3) - https:\/\/yoast.com\/product\/yoast-seo-premium-wordpress\/ -->\n<title>Google Ads Account 2017 UK Spent \u00a316200 - \u00a323000 - Buy Google Ads Accounts<\/title>\n<meta name=\"description\" content=\"Buy UK Google Ads Account created in 2018 with history. All our Google Ads Accounts are verified and can run ads instantly with no review.\" \/>\n<meta name=\"robots\" content=\"index, follow, max-snippet:-1, max-image-preview:large, max-video-preview:-1\" \/>\n<link rel=\"canonical\" href=\"https:\/\/buygoogleadsaccounts.com\/fr\/googleads\/compte-google-ads-2017-uk-depense-16200-23000\/\" \/>\n<meta property=\"og:locale\" content=\"fr_FR\" \/>\n<meta property=\"og:type\" content=\"article\" \/>\n<meta property=\"og:title\" content=\"Google Ads Account 2017 UK Spent \u00a316200 - \u00a323000\" \/>\n<meta property=\"og:description\" content=\"Buy UK Google Ads Account created in 2018 with history. All our Google Ads Accounts are verified and can run ads instantly with no review.\" \/>\n<meta property=\"og:url\" content=\"https:\/\/buygoogleadsaccounts.com\/fr\/googleads\/compte-google-ads-2017-uk-depense-16200-23000\/\" \/>\n<meta property=\"og:site_name\" content=\"Buy Google Ads Accounts\" \/>\n<meta property=\"article:modified_time\" content=\"2025-10-26T10:21:48+00:00\" \/>\n<meta property=\"og:image\" content=\"http:\/\/buygoogleadsaccounts.com\/wp-content\/uploads\/2022\/11\/google-ads-accounts-sale.png\" \/>\n\t<meta property=\"og:image:width\" content=\"500\" \/>\n\t<meta property=\"og:image:height\" content=\"500\" \/>\n\t<meta property=\"og:image:type\" content=\"image\/png\" \/>\n<meta name=\"twitter:card\" content=\"summary_large_image\" \/>\n<meta name=\"twitter:label1\" content=\"Dur\u00e9e de lecture estim\u00e9e\" \/>\n\t<meta name=\"twitter:data1\" content=\"1 minute\" \/>\n<script type=\"application\/ld+json\" class=\"yoast-schema-graph\">{\"@context\":\"https:\\\/\\\/schema.org\",\"@graph\":[{\"@type\":\"WebPage\",\"@id\":\"https:\\\/\\\/buygoogleadsaccounts.com\\\/googleads\\\/google-ads-account-2017-uk-spent-16200-23000\\\/\",\"url\":\"https:\\\/\\\/buygoogleadsaccounts.com\\\/googleads\\\/google-ads-account-2017-uk-spent-16200-23000\\\/\",\"name\":\"Google Ads Account 2017 UK Spent \u00a316200 - \u00a323000 - Buy Google Ads Accounts\",\"isPartOf\":{\"@id\":\"https:\\\/\\\/buygoogleadsaccounts.com\\\/#website\"},\"primaryImageOfPage\":{\"@id\":\"https:\\\/\\\/buygoogleadsaccounts.com\\\/googleads\\\/google-ads-account-2017-uk-spent-16200-23000\\\/#primaryimage\"},\"image\":{\"@id\":\"https:\\\/\\\/buygoogleadsaccounts.com\\\/googleads\\\/google-ads-account-2017-uk-spent-16200-23000\\\/#primaryimage\"},\"thumbnailUrl\":\"https:\\\/\\\/buygoogleadsaccounts.com\\\/wp-content\\\/uploads\\\/2022\\\/11\\\/google-ads-accounts-sale.png\",\"datePublished\":\"2022-11-09T13:18:25+00:00\",\"dateModified\":\"2025-10-26T10:21:48+00:00\",\"description\":\"Buy UK Google Ads Account created in 2018 with history. All our Google Ads Accounts are verified and can run ads instantly with no review.\",\"breadcrumb\":{\"@id\":\"https:\\\/\\\/buygoogleadsaccounts.com\\\/googleads\\\/google-ads-account-2017-uk-spent-16200-23000\\\/#breadcrumb\"},\"inLanguage\":\"fr-FR\",\"potentialAction\":[{\"@type\":\"ReadAction\",\"target\":[\"https:\\\/\\\/buygoogleadsaccounts.com\\\/googleads\\\/google-ads-account-2017-uk-spent-16200-23000\\\/\"]}]},{\"@type\":\"ImageObject\",\"inLanguage\":\"fr-FR\",\"@id\":\"https:\\\/\\\/buygoogleadsaccounts.com\\\/googleads\\\/google-ads-account-2017-uk-spent-16200-23000\\\/#primaryimage\",\"url\":\"https:\\\/\\\/buygoogleadsaccounts.com\\\/wp-content\\\/uploads\\\/2022\\\/11\\\/google-ads-accounts-sale.png\",\"contentUrl\":\"https:\\\/\\\/buygoogleadsaccounts.com\\\/wp-content\\\/uploads\\\/2022\\\/11\\\/google-ads-accounts-sale.png\",\"width\":500,\"height\":500},{\"@type\":\"BreadcrumbList\",\"@id\":\"https:\\\/\\\/buygoogleadsaccounts.com\\\/googleads\\\/google-ads-account-2017-uk-spent-16200-23000\\\/#breadcrumb\",\"itemListElement\":[{\"@type\":\"ListItem\",\"position\":1,\"name\":\"Home\",\"item\":\"https:\\\/\\\/buygoogleadsaccounts.com\\\/\"},{\"@type\":\"ListItem\",\"position\":2,\"name\":\"Shop\",\"item\":\"https:\\\/\\\/buygoogleadsaccounts.com\\\/el\\\/%ce%ba%ce%b1%cf%84%ce%ac%cf%83%cf%84%ce%b7%ce%bc%ce%b1\\\/\"},{\"@type\":\"ListItem\",\"position\":3,\"name\":\"Google Ads Account 2017 UK Spent \u00a316200 &#8211; \u00a323000\"}]},{\"@type\":\"WebSite\",\"@id\":\"https:\\\/\\\/buygoogleadsaccounts.com\\\/#website\",\"url\":\"https:\\\/\\\/buygoogleadsaccounts.com\\\/\",\"name\":\"Buy Google Ads Accounts\",\"description\":\"\",\"publisher\":{\"@id\":\"https:\\\/\\\/buygoogleadsaccounts.com\\\/#organization\"},\"potentialAction\":[{\"@type\":\"SearchAction\",\"target\":{\"@type\":\"EntryPoint\",\"urlTemplate\":\"https:\\\/\\\/buygoogleadsaccounts.com\\\/?s={search_term_string}\"},\"query-input\":{\"@type\":\"PropertyValueSpecification\",\"valueRequired\":true,\"valueName\":\"search_term_string\"}}],\"inLanguage\":\"fr-FR\"},{\"@type\":\"Organization\",\"@id\":\"https:\\\/\\\/buygoogleadsaccounts.com\\\/#organization\",\"name\":\"Buy Google Ads Accounts\",\"url\":\"https:\\\/\\\/buygoogleadsaccounts.com\\\/\",\"logo\":{\"@type\":\"ImageObject\",\"inLanguage\":\"fr-FR\",\"@id\":\"https:\\\/\\\/buygoogleadsaccounts.com\\\/#\\\/schema\\\/logo\\\/image\\\/\",\"url\":\"https:\\\/\\\/buygoogleadsaccounts.com\\\/wp-content\\\/uploads\\\/2022\\\/11\\\/cropped-fav.jpg\",\"contentUrl\":\"https:\\\/\\\/buygoogleadsaccounts.com\\\/wp-content\\\/uploads\\\/2022\\\/11\\\/cropped-fav.jpg\",\"width\":512,\"height\":512,\"caption\":\"Buy Google Ads Accounts\"},\"image\":{\"@id\":\"https:\\\/\\\/buygoogleadsaccounts.com\\\/#\\\/schema\\\/logo\\\/image\\\/\"}}]}<\/script>\n<!-- \/ Yoast SEO Premium plugin. -->","yoast_head_json":{"title":"Compte Google Ads 2017 UK Spent \u00a316200 - \u00a323000 - Acheter des comptes Google Ads","description":"Acheter un compte Google Ads cr\u00e9\u00e9 en 2018 avec historique. Tous nos comptes Google Ads sont v\u00e9rifi\u00e9s et peuvent diffuser des annonces instantan\u00e9ment sans examen.","robots":{"index":"index","follow":"follow","max-snippet":"max-snippet:-1","max-image-preview":"max-image-preview:large","max-video-preview":"max-video-preview:-1"},"canonical":"https:\/\/buygoogleadsaccounts.com\/fr\/googleads\/compte-google-ads-2017-uk-depense-16200-23000\/","og_locale":"fr_FR","og_type":"article","og_title":"Google Ads Account 2017 UK Spent \u00a316200 - \u00a323000","og_description":"Buy UK Google Ads Account created in 2018 with history. All our Google Ads Accounts are verified and can run ads instantly with no review.","og_url":"https:\/\/buygoogleadsaccounts.com\/fr\/googleads\/compte-google-ads-2017-uk-depense-16200-23000\/","og_site_name":"Buy Google Ads Accounts","article_modified_time":"2025-10-26T10:21:48+00:00","og_image":[{"width":500,"height":500,"url":"http:\/\/buygoogleadsaccounts.com\/wp-content\/uploads\/2022\/11\/google-ads-accounts-sale.png","type":"image\/png"}],"twitter_card":"summary_large_image","twitter_misc":{"Dur\u00e9e de lecture estim\u00e9e":"1 minute"},"schema":{"@context":"https:\/\/schema.org","@graph":[{"@type":"WebPage","@id":"https:\/\/buygoogleadsaccounts.com\/googleads\/google-ads-account-2017-uk-spent-16200-23000\/","url":"https:\/\/buygoogleadsaccounts.com\/googleads\/google-ads-account-2017-uk-spent-16200-23000\/","name":"Compte Google Ads 2017 UK Spent \u00a316200 - \u00a323000 - Acheter des comptes Google Ads","isPartOf":{"@id":"https:\/\/buygoogleadsaccounts.com\/#website"},"primaryImageOfPage":{"@id":"https:\/\/buygoogleadsaccounts.com\/googleads\/google-ads-account-2017-uk-spent-16200-23000\/#primaryimage"},"image":{"@id":"https:\/\/buygoogleadsaccounts.com\/googleads\/google-ads-account-2017-uk-spent-16200-23000\/#primaryimage"},"thumbnailUrl":"https:\/\/buygoogleadsaccounts.com\/wp-content\/uploads\/2022\/11\/google-ads-accounts-sale.png","datePublished":"2022-11-09T13:18:25+00:00","dateModified":"2025-10-26T10:21:48+00:00","description":"Acheter un compte Google Ads cr\u00e9\u00e9 en 2018 avec historique. Tous nos comptes Google Ads sont v\u00e9rifi\u00e9s et peuvent diffuser des annonces instantan\u00e9ment sans examen.","breadcrumb":{"@id":"https:\/\/buygoogleadsaccounts.com\/googleads\/google-ads-account-2017-uk-spent-16200-23000\/#breadcrumb"},"inLanguage":"fr-FR","potentialAction":[{"@type":"ReadAction","target":["https:\/\/buygoogleadsaccounts.com\/googleads\/google-ads-account-2017-uk-spent-16200-23000\/"]}]},{"@type":"ImageObject","inLanguage":"fr-FR","@id":"https:\/\/buygoogleadsaccounts.com\/googleads\/google-ads-account-2017-uk-spent-16200-23000\/#primaryimage","url":"https:\/\/buygoogleadsaccounts.com\/wp-content\/uploads\/2022\/11\/google-ads-accounts-sale.png","contentUrl":"https:\/\/buygoogleadsaccounts.com\/wp-content\/uploads\/2022\/11\/google-ads-accounts-sale.png","width":500,"height":500},{"@type":"BreadcrumbList","@id":"https:\/\/buygoogleadsaccounts.com\/googleads\/google-ads-account-2017-uk-spent-16200-23000\/#breadcrumb","itemListElement":[{"@type":"ListItem","position":1,"name":"Home","item":"https:\/\/buygoogleadsaccounts.com\/"},{"@type":"ListItem","position":2,"name":"Shop","item":"https:\/\/buygoogleadsaccounts.com\/el\/%ce%ba%ce%b1%cf%84%ce%ac%cf%83%cf%84%ce%b7%ce%bc%ce%b1\/"},{"@type":"ListItem","position":3,"name":"Google Ads Account 2017 UK Spent \u00a316200 &#8211; \u00a323000"}]},{"@type":"WebSite","@id":"https:\/\/buygoogleadsaccounts.com\/#website","url":"https:\/\/buygoogleadsaccounts.com\/","name":"Acheter des comptes Google Ads","description":"","publisher":{"@id":"https:\/\/buygoogleadsaccounts.com\/#organization"},"potentialAction":[{"@type":"SearchAction","target":{"@type":"EntryPoint","urlTemplate":"https:\/\/buygoogleadsaccounts.com\/?s={search_term_string}"},"query-input":{"@type":"PropertyValueSpecification","valueRequired":true,"valueName":"search_term_string"}}],"inLanguage":"fr-FR"},{"@type":"Organization","@id":"https:\/\/buygoogleadsaccounts.com\/#organization","name":"Acheter des comptes Google Ads","url":"https:\/\/buygoogleadsaccounts.com\/","logo":{"@type":"ImageObject","inLanguage":"fr-FR","@id":"https:\/\/buygoogleadsaccounts.com\/#\/schema\/logo\/image\/","url":"https:\/\/buygoogleadsaccounts.com\/wp-content\/uploads\/2022\/11\/cropped-fav.jpg","contentUrl":"https:\/\/buygoogleadsaccounts.com\/wp-content\/uploads\/2022\/11\/cropped-fav.jpg","width":512,"height":512,"caption":"Buy Google Ads Accounts"},"image":{"@id":"https:\/\/buygoogleadsaccounts.com\/#\/schema\/logo\/image\/"}}]}},"_links":{"self":[{"href":"https:\/\/buygoogleadsaccounts.com\/fr\/wp-json\/wp\/v2\/product\/627","targetHints":{"allow":["GET"]}}],"collection":[{"href":"https:\/\/buygoogleadsaccounts.com\/fr\/wp-json\/wp\/v2\/product"}],"about":[{"href":"https:\/\/buygoogleadsaccounts.com\/fr\/wp-json\/wp\/v2\/types\/product"}],"wp:featuredmedia":[{"embeddable":true,"href":"https:\/\/buygoogleadsaccounts.com\/fr\/wp-json\/wp\/v2\/media\/418"}],"wp:attachment":[{"href":"https:\/\/buygoogleadsaccounts.com\/fr\/wp-json\/wp\/v2\/media?parent=627"}],"wp:term":[{"taxonomy":"product_brand","embeddable":true,"href":"https:\/\/buygoogleadsaccounts.com\/fr\/wp-json\/wp\/v2\/product_brand?post=627"},{"taxonomy":"product_cat","embeddable":true,"href":"https:\/\/buygoogleadsaccounts.com\/fr\/wp-json\/wp\/v2\/product_cat?post=627"},{"taxonomy":"product_tag","embeddable":true,"href":"https:\/\/buygoogleadsaccounts.com\/fr\/wp-json\/wp\/v2\/product_tag?post=627"}],"curies":[{"name":"wp","href":"https:\/\/api.w.org\/{rel}","templated":true}]}}