{"id":592,"date":"2022-11-09T09:34:06","date_gmt":"2022-11-09T09:34:06","guid":{"rendered":"https:\/\/buygoogleadsaccounts.com\/?post_type=product&#038;p=592"},"modified":"2025-10-26T10:22:30","modified_gmt":"2025-10-26T10:22:30","slug":"compte-google-ads-2019-autriche","status":"publish","type":"product","link":"https:\/\/buygoogleadsaccounts.com\/fr\/googleads\/compte-google-ads-2019-autriche\/","title":{"rendered":"Compte Google Ads 2019 AT Spent \u20ac7000 - \u20ac9000"},"content":{"rendered":"<p><span style=\"font-size: 120%;\">Achetez un compte Google Ads v\u00e9rifi\u00e9 cr\u00e9\u00e9 en Autriche en 2019 avec 7000 \u20ac - 9000 \u20ac d'argent d\u00e9pens\u00e9 en annonces. Publiez instantan\u00e9ment des campagnes sur Google Search, Google Display Network, Google Shopping, YouTube, Google Play et plus encore. <\/span><\/p>\n<p><span style=\"font-size: 120%;\">Vous n'aurez pas \u00e0 vous soucier des avis sur les annonces, ni des avis sur les comptes avec ce compte. Le compte n'a jamais eu de probl\u00e8mes de suspension dans le pass\u00e9.<\/span><\/p>\n<p><span style=\"font-size: 17.28px;\"><strong>Ajouter une m\u00e9thode de facturation<\/strong> - Nous vous indiquerons le mode de facturation de votre compte. <\/span><\/p>\n<p>&nbsp;<\/p>","protected":false},"excerpt":{"rendered":"<p>Buy a Verified Google Ads Account created in Austria in 2019 with \u20ac7000 &#8211; \u20ac9000 money spent on ads. Instantly publish campaigns on Google Search, Google Display Network, Google Shopping, YouTube, Google Play and more. You won&#8217;t have to worry about ads reviews, account reviews with this account. Account never had any suspensions issues in [&#8230;]\n","protected":false},"featured_media":418,"template":"","meta":[],"product_brand":[],"product_cat":[15],"product_tag":[182,85,80,243,247,92,246,245,79,180,244,81,183,96,184,97,103,74,121,129,181,142,144,147],"class_list":{"0":"post-592","1":"product","2":"type-product","3":"status-publish","4":"has-post-thumbnail","6":"product_cat-buy-google-ads-accounts","7":"product_tag-2020-google-ads-account","8":"product_tag-account-suspended-google-ads","9":"product_tag-aged-google-ads-accounts","10":"product_tag-australia-google-ads-account","11":"product_tag-austria-google-ads","12":"product_tag-buy-ads-accounts","13":"product_tag-buy-austria-google-ads-account","14":"product_tag-buy-canada-google-ads-account","15":"product_tag-buy-google-ads-accounts","16":"product_tag-buy-uk-google-ads-account","17":"product_tag-canada-google-ads-account","18":"product_tag-cloaking-google-ads","19":"product_tag-cloaking-google-ads-account","20":"product_tag-crypto-ads-google","21":"product_tag-crypto-google-ads","22":"product_tag-gambling-google-ads","23":"product_tag-google-ads-account-suspended-suspicious-payments","24":"product_tag-google-ads-accounts","25":"product_tag-google-ads-suspended-account","26":"product_tag-google-ads-your-account-is-suspended","27":"product_tag-old-google-ads-account","28":"product_tag-suspicious-payment-activity-google-ads","29":"product_tag-suspicious-payments-google-ads","30":"product_tag-uk-google-ads-account","32":"first","33":"instock","34":"shipping-taxable","35":"purchasable","36":"product-type-simple"},"yoast_head":"<!-- This site is optimized with the Yoast SEO Premium plugin v27.2 (Yoast SEO v27.4) - https:\/\/yoast.com\/product\/yoast-seo-premium-wordpress\/ -->\n<title>Google Ads Account 2019 AT Spent \u20ac7000 - \u20ac9000 - Buy Google Ads Accounts<\/title>\n<meta name=\"description\" content=\"Buy Austria Google Ads Account with VCC, Cloaking and Account Manager. Run ads on Google Ads Search, YouTube, Google Shopping and more.\" \/>\n<meta name=\"robots\" content=\"index, follow, max-snippet:-1, max-image-preview:large, max-video-preview:-1\" \/>\n<link rel=\"canonical\" href=\"https:\/\/buygoogleadsaccounts.com\/fr\/googleads\/compte-google-ads-2019-autriche\/\" \/>\n<meta property=\"og:locale\" content=\"fr_FR\" \/>\n<meta property=\"og:type\" content=\"article\" \/>\n<meta property=\"og:title\" content=\"Google Ads Account 2019 AT Spent \u20ac7000 - \u20ac9000\" \/>\n<meta property=\"og:description\" content=\"Buy Austria Google Ads Account with VCC, Cloaking and Account Manager. Run ads on Google Ads Search, YouTube, Google Shopping and more.\" \/>\n<meta property=\"og:url\" content=\"https:\/\/buygoogleadsaccounts.com\/fr\/googleads\/compte-google-ads-2019-autriche\/\" \/>\n<meta property=\"og:site_name\" content=\"Buy Google Ads Accounts\" \/>\n<meta property=\"article:modified_time\" content=\"2025-10-26T10:22:30+00:00\" \/>\n<meta property=\"og:image\" content=\"http:\/\/buygoogleadsaccounts.com\/wp-content\/uploads\/2022\/11\/google-ads-accounts-sale.png\" \/>\n\t<meta property=\"og:image:width\" content=\"500\" \/>\n\t<meta property=\"og:image:height\" content=\"500\" \/>\n\t<meta property=\"og:image:type\" content=\"image\/png\" \/>\n<meta name=\"twitter:card\" content=\"summary_large_image\" \/>\n<meta name=\"twitter:label1\" content=\"Dur\u00e9e de lecture estim\u00e9e\" \/>\n\t<meta name=\"twitter:data1\" content=\"1 minute\" \/>\n<script type=\"application\/ld+json\" class=\"yoast-schema-graph\">{\"@context\":\"https:\\\/\\\/schema.org\",\"@graph\":[{\"@type\":\"WebPage\",\"@id\":\"https:\\\/\\\/buygoogleadsaccounts.com\\\/googleads\\\/google-ads-account-2019-austria\\\/\",\"url\":\"https:\\\/\\\/buygoogleadsaccounts.com\\\/googleads\\\/google-ads-account-2019-austria\\\/\",\"name\":\"Google Ads Account 2019 AT Spent \u20ac7000 - \u20ac9000 - Buy Google Ads Accounts\",\"isPartOf\":{\"@id\":\"https:\\\/\\\/buygoogleadsaccounts.com\\\/#website\"},\"primaryImageOfPage\":{\"@id\":\"https:\\\/\\\/buygoogleadsaccounts.com\\\/googleads\\\/google-ads-account-2019-austria\\\/#primaryimage\"},\"image\":{\"@id\":\"https:\\\/\\\/buygoogleadsaccounts.com\\\/googleads\\\/google-ads-account-2019-austria\\\/#primaryimage\"},\"thumbnailUrl\":\"https:\\\/\\\/buygoogleadsaccounts.com\\\/wp-content\\\/uploads\\\/2022\\\/11\\\/google-ads-accounts-sale.png\",\"datePublished\":\"2022-11-09T09:34:06+00:00\",\"dateModified\":\"2025-10-26T10:22:30+00:00\",\"description\":\"Buy Austria Google Ads Account with VCC, Cloaking and Account Manager. Run ads on Google Ads Search, YouTube, Google Shopping and more.\",\"breadcrumb\":{\"@id\":\"https:\\\/\\\/buygoogleadsaccounts.com\\\/googleads\\\/google-ads-account-2019-austria\\\/#breadcrumb\"},\"inLanguage\":\"fr-FR\",\"potentialAction\":[{\"@type\":\"ReadAction\",\"target\":[\"https:\\\/\\\/buygoogleadsaccounts.com\\\/googleads\\\/google-ads-account-2019-austria\\\/\"]}]},{\"@type\":\"ImageObject\",\"inLanguage\":\"fr-FR\",\"@id\":\"https:\\\/\\\/buygoogleadsaccounts.com\\\/googleads\\\/google-ads-account-2019-austria\\\/#primaryimage\",\"url\":\"https:\\\/\\\/buygoogleadsaccounts.com\\\/wp-content\\\/uploads\\\/2022\\\/11\\\/google-ads-accounts-sale.png\",\"contentUrl\":\"https:\\\/\\\/buygoogleadsaccounts.com\\\/wp-content\\\/uploads\\\/2022\\\/11\\\/google-ads-accounts-sale.png\",\"width\":500,\"height\":500},{\"@type\":\"BreadcrumbList\",\"@id\":\"https:\\\/\\\/buygoogleadsaccounts.com\\\/googleads\\\/google-ads-account-2019-austria\\\/#breadcrumb\",\"itemListElement\":[{\"@type\":\"ListItem\",\"position\":1,\"name\":\"Home\",\"item\":\"https:\\\/\\\/buygoogleadsaccounts.com\\\/\"},{\"@type\":\"ListItem\",\"position\":2,\"name\":\"Shop\",\"item\":\"https:\\\/\\\/buygoogleadsaccounts.com\\\/el\\\/%ce%ba%ce%b1%cf%84%ce%ac%cf%83%cf%84%ce%b7%ce%bc%ce%b1\\\/\"},{\"@type\":\"ListItem\",\"position\":3,\"name\":\"Google Ads Account 2019 AT Spent \u20ac7000 &#8211; \u20ac9000\"}]},{\"@type\":\"WebSite\",\"@id\":\"https:\\\/\\\/buygoogleadsaccounts.com\\\/#website\",\"url\":\"https:\\\/\\\/buygoogleadsaccounts.com\\\/\",\"name\":\"Buy Google Ads Accounts\",\"description\":\"\",\"publisher\":{\"@id\":\"https:\\\/\\\/buygoogleadsaccounts.com\\\/#organization\"},\"potentialAction\":[{\"@type\":\"SearchAction\",\"target\":{\"@type\":\"EntryPoint\",\"urlTemplate\":\"https:\\\/\\\/buygoogleadsaccounts.com\\\/?s={search_term_string}\"},\"query-input\":{\"@type\":\"PropertyValueSpecification\",\"valueRequired\":true,\"valueName\":\"search_term_string\"}}],\"inLanguage\":\"fr-FR\"},{\"@type\":\"Organization\",\"@id\":\"https:\\\/\\\/buygoogleadsaccounts.com\\\/#organization\",\"name\":\"Buy Google Ads Accounts\",\"url\":\"https:\\\/\\\/buygoogleadsaccounts.com\\\/\",\"logo\":{\"@type\":\"ImageObject\",\"inLanguage\":\"fr-FR\",\"@id\":\"https:\\\/\\\/buygoogleadsaccounts.com\\\/#\\\/schema\\\/logo\\\/image\\\/\",\"url\":\"https:\\\/\\\/buygoogleadsaccounts.com\\\/wp-content\\\/uploads\\\/2022\\\/11\\\/cropped-fav.jpg\",\"contentUrl\":\"https:\\\/\\\/buygoogleadsaccounts.com\\\/wp-content\\\/uploads\\\/2022\\\/11\\\/cropped-fav.jpg\",\"width\":512,\"height\":512,\"caption\":\"Buy Google Ads Accounts\"},\"image\":{\"@id\":\"https:\\\/\\\/buygoogleadsaccounts.com\\\/#\\\/schema\\\/logo\\\/image\\\/\"}}]}<\/script>\n<!-- \/ Yoast SEO Premium plugin. -->","yoast_head_json":{"title":"Compte Google Ads 2019 AT Spent \u20ac7000 - \u20ac9000 - Acheter des comptes Google Ads","description":"Acheter un compte Google Ads Autriche avec VCC, Cloaking et Account Manager. Diffusez des annonces sur Google Ads Search, YouTube, Google Shopping et plus encore.","robots":{"index":"index","follow":"follow","max-snippet":"max-snippet:-1","max-image-preview":"max-image-preview:large","max-video-preview":"max-video-preview:-1"},"canonical":"https:\/\/buygoogleadsaccounts.com\/fr\/googleads\/compte-google-ads-2019-autriche\/","og_locale":"fr_FR","og_type":"article","og_title":"Google Ads Account 2019 AT Spent \u20ac7000 - \u20ac9000","og_description":"Buy Austria Google Ads Account with VCC, Cloaking and Account Manager. Run ads on Google Ads Search, YouTube, Google Shopping and more.","og_url":"https:\/\/buygoogleadsaccounts.com\/fr\/googleads\/compte-google-ads-2019-autriche\/","og_site_name":"Buy Google Ads Accounts","article_modified_time":"2025-10-26T10:22:30+00:00","og_image":[{"width":500,"height":500,"url":"http:\/\/buygoogleadsaccounts.com\/wp-content\/uploads\/2022\/11\/google-ads-accounts-sale.png","type":"image\/png"}],"twitter_card":"summary_large_image","twitter_misc":{"Dur\u00e9e de lecture estim\u00e9e":"1 minute"},"schema":{"@context":"https:\/\/schema.org","@graph":[{"@type":"WebPage","@id":"https:\/\/buygoogleadsaccounts.com\/googleads\/google-ads-account-2019-austria\/","url":"https:\/\/buygoogleadsaccounts.com\/googleads\/google-ads-account-2019-austria\/","name":"Compte Google Ads 2019 AT Spent \u20ac7000 - \u20ac9000 - Acheter des comptes Google Ads","isPartOf":{"@id":"https:\/\/buygoogleadsaccounts.com\/#website"},"primaryImageOfPage":{"@id":"https:\/\/buygoogleadsaccounts.com\/googleads\/google-ads-account-2019-austria\/#primaryimage"},"image":{"@id":"https:\/\/buygoogleadsaccounts.com\/googleads\/google-ads-account-2019-austria\/#primaryimage"},"thumbnailUrl":"https:\/\/buygoogleadsaccounts.com\/wp-content\/uploads\/2022\/11\/google-ads-accounts-sale.png","datePublished":"2022-11-09T09:34:06+00:00","dateModified":"2025-10-26T10:22:30+00:00","description":"Acheter un compte Google Ads Autriche avec VCC, Cloaking et Account Manager. Diffusez des annonces sur Google Ads Search, YouTube, Google Shopping et plus encore.","breadcrumb":{"@id":"https:\/\/buygoogleadsaccounts.com\/googleads\/google-ads-account-2019-austria\/#breadcrumb"},"inLanguage":"fr-FR","potentialAction":[{"@type":"ReadAction","target":["https:\/\/buygoogleadsaccounts.com\/googleads\/google-ads-account-2019-austria\/"]}]},{"@type":"ImageObject","inLanguage":"fr-FR","@id":"https:\/\/buygoogleadsaccounts.com\/googleads\/google-ads-account-2019-austria\/#primaryimage","url":"https:\/\/buygoogleadsaccounts.com\/wp-content\/uploads\/2022\/11\/google-ads-accounts-sale.png","contentUrl":"https:\/\/buygoogleadsaccounts.com\/wp-content\/uploads\/2022\/11\/google-ads-accounts-sale.png","width":500,"height":500},{"@type":"BreadcrumbList","@id":"https:\/\/buygoogleadsaccounts.com\/googleads\/google-ads-account-2019-austria\/#breadcrumb","itemListElement":[{"@type":"ListItem","position":1,"name":"Home","item":"https:\/\/buygoogleadsaccounts.com\/"},{"@type":"ListItem","position":2,"name":"Shop","item":"https:\/\/buygoogleadsaccounts.com\/el\/%ce%ba%ce%b1%cf%84%ce%ac%cf%83%cf%84%ce%b7%ce%bc%ce%b1\/"},{"@type":"ListItem","position":3,"name":"Google Ads Account 2019 AT Spent \u20ac7000 &#8211; \u20ac9000"}]},{"@type":"WebSite","@id":"https:\/\/buygoogleadsaccounts.com\/#website","url":"https:\/\/buygoogleadsaccounts.com\/","name":"Acheter des comptes Google Ads","description":"","publisher":{"@id":"https:\/\/buygoogleadsaccounts.com\/#organization"},"potentialAction":[{"@type":"SearchAction","target":{"@type":"EntryPoint","urlTemplate":"https:\/\/buygoogleadsaccounts.com\/?s={search_term_string}"},"query-input":{"@type":"PropertyValueSpecification","valueRequired":true,"valueName":"search_term_string"}}],"inLanguage":"fr-FR"},{"@type":"Organization","@id":"https:\/\/buygoogleadsaccounts.com\/#organization","name":"Acheter des comptes Google Ads","url":"https:\/\/buygoogleadsaccounts.com\/","logo":{"@type":"ImageObject","inLanguage":"fr-FR","@id":"https:\/\/buygoogleadsaccounts.com\/#\/schema\/logo\/image\/","url":"https:\/\/buygoogleadsaccounts.com\/wp-content\/uploads\/2022\/11\/cropped-fav.jpg","contentUrl":"https:\/\/buygoogleadsaccounts.com\/wp-content\/uploads\/2022\/11\/cropped-fav.jpg","width":512,"height":512,"caption":"Buy Google Ads Accounts"},"image":{"@id":"https:\/\/buygoogleadsaccounts.com\/#\/schema\/logo\/image\/"}}]}},"_links":{"self":[{"href":"https:\/\/buygoogleadsaccounts.com\/fr\/wp-json\/wp\/v2\/product\/592","targetHints":{"allow":["GET"]}}],"collection":[{"href":"https:\/\/buygoogleadsaccounts.com\/fr\/wp-json\/wp\/v2\/product"}],"about":[{"href":"https:\/\/buygoogleadsaccounts.com\/fr\/wp-json\/wp\/v2\/types\/product"}],"wp:featuredmedia":[{"embeddable":true,"href":"https:\/\/buygoogleadsaccounts.com\/fr\/wp-json\/wp\/v2\/media\/418"}],"wp:attachment":[{"href":"https:\/\/buygoogleadsaccounts.com\/fr\/wp-json\/wp\/v2\/media?parent=592"}],"wp:term":[{"taxonomy":"product_brand","embeddable":true,"href":"https:\/\/buygoogleadsaccounts.com\/fr\/wp-json\/wp\/v2\/product_brand?post=592"},{"taxonomy":"product_cat","embeddable":true,"href":"https:\/\/buygoogleadsaccounts.com\/fr\/wp-json\/wp\/v2\/product_cat?post=592"},{"taxonomy":"product_tag","embeddable":true,"href":"https:\/\/buygoogleadsaccounts.com\/fr\/wp-json\/wp\/v2\/product_tag?post=592"}],"curies":[{"name":"wp","href":"https:\/\/api.w.org\/{rel}","templated":true}]}}