{"id":479,"date":"2022-11-06T12:56:13","date_gmt":"2022-11-06T12:56:13","guid":{"rendered":"https:\/\/buygoogleadsaccounts.com\/?post_type=product&#038;p=479"},"modified":"2023-07-28T07:34:40","modified_gmt":"2023-07-28T07:34:40","slug":"google-mainokset-verhous","status":"publish","type":"product","link":"https:\/\/buygoogleadsaccounts.com\/fi\/googleads\/google-mainokset-verhous\/","title":{"rendered":"Google Ads Cloaking"},"content":{"rendered":"<p><span style=\"font-size: 120%;\">Ad Cloaking on k\u00e4yt\u00e4nt\u00f6, jossa loppuk\u00e4ytt\u00e4jille ja mainosten skannausty\u00f6kaluille tai hakukoneille n\u00e4ytet\u00e4\u00e4n erilaista sis\u00e4lt\u00f6\u00e4 tai URL-osoitteita. Julkaise krypto-, uhkapeli-, valuuttakurssi-, tyt\u00e4ryhti\u00f6-, br\u00e4ndi-, kampanja- ja muita mainoksia kehittyneell\u00e4 Google Ads Cloaking -palvelullamme. <\/span><\/p>\n<p><span style=\"font-size: 120%;\">Sinulla ei tarvitse olla koodausosaamista, me teemme sen puolestasi. Kaikenlainen integrointi PHP, Javascript, Webview, iOS, Android, WordPress, Shopify ja paljon muuta. K\u00e4yt\u00e4mme suosituimpia menetelmi\u00e4 sis\u00e4ll\u00f6n lataamiseen: ilman uudelleenohjauksia, uudelleenohjaukset, iframe.<\/span><\/p>\n<p><span style=\"font-size: 120%;\">Hinta on kuukaudessa rajattomalle URL-osoitteelle.<\/span><\/p>\n<p>&nbsp;<\/p>\n<p>&nbsp;<\/p>\n<p>&nbsp;<\/p>","protected":false},"excerpt":{"rendered":"<p>Ad Cloaking is the practice of showing different content or URLs to end users and to ad scanning tools or search engines. Publish crypto, gambling, forex, affiliates, brands, campaigns and more with our advanced Google Ads cloaking service. You don&#8217;t need to have any coding knowledge, we will do it for you. All types of [&#8230;]\n","protected":false},"featured_media":418,"template":"","meta":[],"product_brand":[],"product_cat":[78],"product_tag":[202,242,81,111,82,203,205,204,206],"class_list":{"0":"post-479","1":"product","2":"type-product","3":"status-publish","4":"has-post-thumbnail","6":"product_cat-buy-google-ads-services","7":"product_tag-ads-cloaking","8":"product_tag-best-google-ads-cloaking","9":"product_tag-cloaking-google-ads","10":"product_tag-google-ads-cloaker","11":"product_tag-google-ads-cloaking","12":"product_tag-google-ads-crypto","13":"product_tag-google-ads-forex","14":"product_tag-google-ads-gambling","15":"product_tag-google-ads-shopify","17":"first","18":"instock","19":"shipping-taxable","20":"purchasable","21":"product-type-simple"},"yoast_head":"<!-- This site is optimized with the Yoast SEO Premium plugin v27.2 (Yoast SEO v27.5) - https:\/\/yoast.com\/product\/yoast-seo-premium-wordpress\/ -->\n<title>Google Ads Cloaking - Buy Google Ads Accounts<\/title>\n<meta name=\"description\" content=\"Buy Google Ads cloaking to hide your URLS. Publish black hat campaigns with our Google Ads Cloaking service. Run Crypto, Forex, Gambling ads.\" \/>\n<meta name=\"robots\" content=\"index, follow, max-snippet:-1, max-image-preview:large, max-video-preview:-1\" \/>\n<link rel=\"canonical\" href=\"https:\/\/buygoogleadsaccounts.com\/fi\/googleads\/google-mainokset-verhous\/\" \/>\n<meta property=\"og:locale\" content=\"fi_FI\" \/>\n<meta property=\"og:type\" content=\"article\" \/>\n<meta property=\"og:title\" content=\"Google Ads Cloaking\" \/>\n<meta property=\"og:description\" content=\"Buy Google Ads cloaking to hide your URLS. Publish black hat campaigns with our Google Ads Cloaking service. Run Crypto, Forex, Gambling ads.\" \/>\n<meta property=\"og:url\" content=\"https:\/\/buygoogleadsaccounts.com\/fi\/googleads\/google-mainokset-verhous\/\" \/>\n<meta property=\"og:site_name\" content=\"Buy Google Ads Accounts\" \/>\n<meta property=\"article:modified_time\" content=\"2023-07-28T07:34:40+00:00\" \/>\n<meta property=\"og:image\" content=\"http:\/\/buygoogleadsaccounts.com\/wp-content\/uploads\/2022\/11\/google-ads-accounts-sale.png\" \/>\n\t<meta property=\"og:image:width\" content=\"500\" \/>\n\t<meta property=\"og:image:height\" content=\"500\" \/>\n\t<meta property=\"og:image:type\" content=\"image\/png\" \/>\n<meta name=\"twitter:card\" content=\"summary_large_image\" \/>\n<meta name=\"twitter:label1\" content=\"Arvioitu lukuaika\" \/>\n\t<meta name=\"twitter:data1\" content=\"1 minuutti\" \/>\n<script type=\"application\/ld+json\" class=\"yoast-schema-graph\">{\"@context\":\"https:\\\/\\\/schema.org\",\"@graph\":[{\"@type\":\"WebPage\",\"@id\":\"https:\\\/\\\/buygoogleadsaccounts.com\\\/googleads\\\/google-ads-cloaking\\\/\",\"url\":\"https:\\\/\\\/buygoogleadsaccounts.com\\\/googleads\\\/google-ads-cloaking\\\/\",\"name\":\"Google Ads Cloaking - Buy Google Ads Accounts\",\"isPartOf\":{\"@id\":\"https:\\\/\\\/buygoogleadsaccounts.com\\\/#website\"},\"primaryImageOfPage\":{\"@id\":\"https:\\\/\\\/buygoogleadsaccounts.com\\\/googleads\\\/google-ads-cloaking\\\/#primaryimage\"},\"image\":{\"@id\":\"https:\\\/\\\/buygoogleadsaccounts.com\\\/googleads\\\/google-ads-cloaking\\\/#primaryimage\"},\"thumbnailUrl\":\"https:\\\/\\\/buygoogleadsaccounts.com\\\/wp-content\\\/uploads\\\/2022\\\/11\\\/google-ads-accounts-sale.png\",\"datePublished\":\"2022-11-06T12:56:13+00:00\",\"dateModified\":\"2023-07-28T07:34:40+00:00\",\"description\":\"Buy Google Ads cloaking to hide your URLS. Publish black hat campaigns with our Google Ads Cloaking service. Run Crypto, Forex, Gambling ads.\",\"breadcrumb\":{\"@id\":\"https:\\\/\\\/buygoogleadsaccounts.com\\\/googleads\\\/google-ads-cloaking\\\/#breadcrumb\"},\"inLanguage\":\"fi\",\"potentialAction\":[{\"@type\":\"ReadAction\",\"target\":[\"https:\\\/\\\/buygoogleadsaccounts.com\\\/googleads\\\/google-ads-cloaking\\\/\"]}]},{\"@type\":\"ImageObject\",\"inLanguage\":\"fi\",\"@id\":\"https:\\\/\\\/buygoogleadsaccounts.com\\\/googleads\\\/google-ads-cloaking\\\/#primaryimage\",\"url\":\"https:\\\/\\\/buygoogleadsaccounts.com\\\/wp-content\\\/uploads\\\/2022\\\/11\\\/google-ads-accounts-sale.png\",\"contentUrl\":\"https:\\\/\\\/buygoogleadsaccounts.com\\\/wp-content\\\/uploads\\\/2022\\\/11\\\/google-ads-accounts-sale.png\",\"width\":500,\"height\":500},{\"@type\":\"BreadcrumbList\",\"@id\":\"https:\\\/\\\/buygoogleadsaccounts.com\\\/googleads\\\/google-ads-cloaking\\\/#breadcrumb\",\"itemListElement\":[{\"@type\":\"ListItem\",\"position\":1,\"name\":\"Home\",\"item\":\"https:\\\/\\\/buygoogleadsaccounts.com\\\/\"},{\"@type\":\"ListItem\",\"position\":2,\"name\":\"Shop\",\"item\":\"https:\\\/\\\/buygoogleadsaccounts.com\\\/el\\\/%ce%ba%ce%b1%cf%84%ce%ac%cf%83%cf%84%ce%b7%ce%bc%ce%b1\\\/\"},{\"@type\":\"ListItem\",\"position\":3,\"name\":\"Google Ads Cloaking\"}]},{\"@type\":\"WebSite\",\"@id\":\"https:\\\/\\\/buygoogleadsaccounts.com\\\/#website\",\"url\":\"https:\\\/\\\/buygoogleadsaccounts.com\\\/\",\"name\":\"Buy Google Ads Accounts\",\"description\":\"\",\"publisher\":{\"@id\":\"https:\\\/\\\/buygoogleadsaccounts.com\\\/#organization\"},\"potentialAction\":[{\"@type\":\"SearchAction\",\"target\":{\"@type\":\"EntryPoint\",\"urlTemplate\":\"https:\\\/\\\/buygoogleadsaccounts.com\\\/?s={search_term_string}\"},\"query-input\":{\"@type\":\"PropertyValueSpecification\",\"valueRequired\":true,\"valueName\":\"search_term_string\"}}],\"inLanguage\":\"fi\"},{\"@type\":\"Organization\",\"@id\":\"https:\\\/\\\/buygoogleadsaccounts.com\\\/#organization\",\"name\":\"Buy Google Ads Accounts\",\"url\":\"https:\\\/\\\/buygoogleadsaccounts.com\\\/\",\"logo\":{\"@type\":\"ImageObject\",\"inLanguage\":\"fi\",\"@id\":\"https:\\\/\\\/buygoogleadsaccounts.com\\\/#\\\/schema\\\/logo\\\/image\\\/\",\"url\":\"https:\\\/\\\/buygoogleadsaccounts.com\\\/wp-content\\\/uploads\\\/2022\\\/11\\\/cropped-fav.jpg\",\"contentUrl\":\"https:\\\/\\\/buygoogleadsaccounts.com\\\/wp-content\\\/uploads\\\/2022\\\/11\\\/cropped-fav.jpg\",\"width\":512,\"height\":512,\"caption\":\"Buy Google Ads Accounts\"},\"image\":{\"@id\":\"https:\\\/\\\/buygoogleadsaccounts.com\\\/#\\\/schema\\\/logo\\\/image\\\/\"}}]}<\/script>\n<!-- \/ Yoast SEO Premium plugin. -->","yoast_head_json":{"title":"Google Ads Cloaking - Osta Google Ads -tilit","description":"Osta Google Ads cloaking piilottaa URLS. Julkaise mustan hatun kampanjoita Google Ads Cloaking -palvelumme avulla. Suorita krypto-, Forex- ja uhkapelimainoksia.","robots":{"index":"index","follow":"follow","max-snippet":"max-snippet:-1","max-image-preview":"max-image-preview:large","max-video-preview":"max-video-preview:-1"},"canonical":"https:\/\/buygoogleadsaccounts.com\/fi\/googleads\/google-mainokset-verhous\/","og_locale":"fi_FI","og_type":"article","og_title":"Google Ads Cloaking","og_description":"Buy Google Ads cloaking to hide your URLS. Publish black hat campaigns with our Google Ads Cloaking service. Run Crypto, Forex, Gambling ads.","og_url":"https:\/\/buygoogleadsaccounts.com\/fi\/googleads\/google-mainokset-verhous\/","og_site_name":"Buy Google Ads Accounts","article_modified_time":"2023-07-28T07:34:40+00:00","og_image":[{"width":500,"height":500,"url":"http:\/\/buygoogleadsaccounts.com\/wp-content\/uploads\/2022\/11\/google-ads-accounts-sale.png","type":"image\/png"}],"twitter_card":"summary_large_image","twitter_misc":{"Arvioitu lukuaika":"1 minuutti"},"schema":{"@context":"https:\/\/schema.org","@graph":[{"@type":"WebPage","@id":"https:\/\/buygoogleadsaccounts.com\/googleads\/google-ads-cloaking\/","url":"https:\/\/buygoogleadsaccounts.com\/googleads\/google-ads-cloaking\/","name":"Google Ads Cloaking - Osta Google Ads -tilit","isPartOf":{"@id":"https:\/\/buygoogleadsaccounts.com\/#website"},"primaryImageOfPage":{"@id":"https:\/\/buygoogleadsaccounts.com\/googleads\/google-ads-cloaking\/#primaryimage"},"image":{"@id":"https:\/\/buygoogleadsaccounts.com\/googleads\/google-ads-cloaking\/#primaryimage"},"thumbnailUrl":"https:\/\/buygoogleadsaccounts.com\/wp-content\/uploads\/2022\/11\/google-ads-accounts-sale.png","datePublished":"2022-11-06T12:56:13+00:00","dateModified":"2023-07-28T07:34:40+00:00","description":"Osta Google Ads cloaking piilottaa URLS. Julkaise mustan hatun kampanjoita Google Ads Cloaking -palvelumme avulla. Suorita krypto-, Forex- ja uhkapelimainoksia.","breadcrumb":{"@id":"https:\/\/buygoogleadsaccounts.com\/googleads\/google-ads-cloaking\/#breadcrumb"},"inLanguage":"fi","potentialAction":[{"@type":"ReadAction","target":["https:\/\/buygoogleadsaccounts.com\/googleads\/google-ads-cloaking\/"]}]},{"@type":"ImageObject","inLanguage":"fi","@id":"https:\/\/buygoogleadsaccounts.com\/googleads\/google-ads-cloaking\/#primaryimage","url":"https:\/\/buygoogleadsaccounts.com\/wp-content\/uploads\/2022\/11\/google-ads-accounts-sale.png","contentUrl":"https:\/\/buygoogleadsaccounts.com\/wp-content\/uploads\/2022\/11\/google-ads-accounts-sale.png","width":500,"height":500},{"@type":"BreadcrumbList","@id":"https:\/\/buygoogleadsaccounts.com\/googleads\/google-ads-cloaking\/#breadcrumb","itemListElement":[{"@type":"ListItem","position":1,"name":"Home","item":"https:\/\/buygoogleadsaccounts.com\/"},{"@type":"ListItem","position":2,"name":"Shop","item":"https:\/\/buygoogleadsaccounts.com\/el\/%ce%ba%ce%b1%cf%84%ce%ac%cf%83%cf%84%ce%b7%ce%bc%ce%b1\/"},{"@type":"ListItem","position":3,"name":"Google Ads Cloaking"}]},{"@type":"WebSite","@id":"https:\/\/buygoogleadsaccounts.com\/#website","url":"https:\/\/buygoogleadsaccounts.com\/","name":"Osta Google Ads -tilit","description":"","publisher":{"@id":"https:\/\/buygoogleadsaccounts.com\/#organization"},"potentialAction":[{"@type":"SearchAction","target":{"@type":"EntryPoint","urlTemplate":"https:\/\/buygoogleadsaccounts.com\/?s={search_term_string}"},"query-input":{"@type":"PropertyValueSpecification","valueRequired":true,"valueName":"search_term_string"}}],"inLanguage":"fi"},{"@type":"Organization","@id":"https:\/\/buygoogleadsaccounts.com\/#organization","name":"Osta Google Ads -tilit","url":"https:\/\/buygoogleadsaccounts.com\/","logo":{"@type":"ImageObject","inLanguage":"fi","@id":"https:\/\/buygoogleadsaccounts.com\/#\/schema\/logo\/image\/","url":"https:\/\/buygoogleadsaccounts.com\/wp-content\/uploads\/2022\/11\/cropped-fav.jpg","contentUrl":"https:\/\/buygoogleadsaccounts.com\/wp-content\/uploads\/2022\/11\/cropped-fav.jpg","width":512,"height":512,"caption":"Buy Google Ads Accounts"},"image":{"@id":"https:\/\/buygoogleadsaccounts.com\/#\/schema\/logo\/image\/"}}]}},"_links":{"self":[{"href":"https:\/\/buygoogleadsaccounts.com\/fi\/wp-json\/wp\/v2\/product\/479","targetHints":{"allow":["GET"]}}],"collection":[{"href":"https:\/\/buygoogleadsaccounts.com\/fi\/wp-json\/wp\/v2\/product"}],"about":[{"href":"https:\/\/buygoogleadsaccounts.com\/fi\/wp-json\/wp\/v2\/types\/product"}],"wp:featuredmedia":[{"embeddable":true,"href":"https:\/\/buygoogleadsaccounts.com\/fi\/wp-json\/wp\/v2\/media\/418"}],"wp:attachment":[{"href":"https:\/\/buygoogleadsaccounts.com\/fi\/wp-json\/wp\/v2\/media?parent=479"}],"wp:term":[{"taxonomy":"product_brand","embeddable":true,"href":"https:\/\/buygoogleadsaccounts.com\/fi\/wp-json\/wp\/v2\/product_brand?post=479"},{"taxonomy":"product_cat","embeddable":true,"href":"https:\/\/buygoogleadsaccounts.com\/fi\/wp-json\/wp\/v2\/product_cat?post=479"},{"taxonomy":"product_tag","embeddable":true,"href":"https:\/\/buygoogleadsaccounts.com\/fi\/wp-json\/wp\/v2\/product_tag?post=479"}],"curies":[{"name":"wp","href":"https:\/\/api.w.org\/{rel}","templated":true}]}}