{"id":480,"date":"2022-11-06T13:08:11","date_gmt":"2022-11-06T13:08:11","guid":{"rendered":"https:\/\/buygoogleadsaccounts.com\/?post_type=product&#038;p=480"},"modified":"2023-12-13T11:01:31","modified_gmt":"2023-12-13T11:01:31","slug":"ucet-obchodniho-centra-google-ads","status":"publish","type":"product","link":"https:\/\/buygoogleadsaccounts.com\/cs\/googleads\/ucet-obchodniho-centra-google-ads\/","title":{"rendered":"\u00da\u010det Google Ads Merchant Center"},"content":{"rendered":"<p><span style=\"font-size: 120%;\">Prod\u00e1vejte sv\u00e9 produkty v N\u00e1kupech Google pomoc\u00ed na\u0161ich ov\u011b\u0159en\u00fdch \u00fa\u010dt\u016f Google Merchant Center. Google Merchant Center je n\u00e1stroj, kter\u00fd v\u00e1m pom\u016f\u017ee nahr\u00e1t \u00fadaje o va\u0161em obchod\u011b a produktech do slu\u017eby Google a zp\u0159\u00edstupnit je pro reklamy v N\u00e1kupech a dal\u0161\u00ed slu\u017eby Google. <\/span><\/p>\n<p><span style=\"font-size: 120%;\">V\u0161echny \u00fa\u010dty jsou ov\u011b\u0159en\u00e9 jako obchodn\u00ed a identitn\u00ed a jsou vytvo\u0159eny agenturou v roce 2018. Tyto \u00fa\u010dty nebyly nikdy pozastaveny a v\u0161echny produkty byly schv\u00e1leny.<\/span><\/p>\n<p><span style=\"font-size: 120%;\">Google v\u00e1s spoj\u00ed se spr\u00e1vn\u00fdmi z\u00e1kazn\u00edky ve vyhled\u00e1v\u00e1n\u00ed, nakupov\u00e1n\u00ed, YouTube a na webu. <\/span><\/p>\n<p><span style=\"font-size: 120%;\">Cena za \u00fa\u010det.<\/span><\/p>\n<h2>V\u00fdznam slu\u017eby Google Ads Merchant Center<\/h2>\n<p>\u00da\u010det Google Ads Merchant Center je pro firmy, kter\u00e9 cht\u011bj\u00ed maximalizovat svou viditelnost online a zv\u00fd\u0161it prodej, kl\u00ed\u010dov\u00fd. Umo\u017e\u0148uje v\u00e1m prezentovat va\u0161e produkty p\u0159\u00edmo na str\u00e1nce s v\u00fdsledky vyhled\u00e1v\u00e1n\u00ed Google, co\u017e potenci\u00e1ln\u00edm z\u00e1kazn\u00edk\u016fm usnad\u0148uje vyhled\u00e1n\u00ed a n\u00e1kup va\u0161ich produkt\u016f.<\/p>\n<p>Z\u00edsk\u00e1n\u00ed \u00fa\u010dtu Google Ads Merchant Center v\u0161ak m\u016f\u017ee b\u00fdt n\u00e1ro\u010dn\u00fd proces. Spole\u010dnost Google m\u00e1 p\u0159\u00edsn\u00e9 pokyny a po\u017eadavky, kter\u00e9 mus\u00ed podniky splnit, aby mohly b\u00fdt jejich \u00fa\u010dty schv\u00e1leny. To m\u016f\u017ee b\u00fdt \u010dasov\u011b n\u00e1ro\u010dn\u00e9 a frustruj\u00edc\u00ed, zejm\u00e9na pro mal\u00e9 podniky nebo ty, kter\u00e9 s online reklamou za\u010d\u00ednaj\u00ed.<\/p>\n<h2>\u0158e\u0161en\u00ed: Koupit \u00fa\u010dty Google Ads Merchant Center<\/h2>\n<p>Jedn\u00edm ze zp\u016fsob\u016f, jak p\u0159ekonat probl\u00e9my spojen\u00e9 se z\u00edsk\u00e1n\u00edm \u00fa\u010dtu Google Ads Merchant Center, je jeho zakoupen\u00ed. Existuj\u00ed renomovan\u00ed prodejci, kte\u0159\u00ed nab\u00edzej\u00ed p\u0159edschv\u00e1len\u00e9 \u00fa\u010dty p\u0159ipraven\u00e9 k pou\u017eit\u00ed. Tato mo\u017enost p\u0159in\u00e1\u0161\u00ed podnik\u016fm n\u011bkolik v\u00fdhod:<\/p>\n<h3>1. \u00daspora \u010dasu a \u00fasil\u00ed<\/h3>\n<p>Zakoupen\u00edm p\u0159edem schv\u00e1len\u00e9ho \u00fa\u010dtu Google Ads Merchant Center mohou firmy p\u0159esko\u010dit zdlouhav\u00fd schvalovac\u00ed proces a za\u010d\u00edt ihned inzerovat sv\u00e9 produkty. U\u0161et\u0159\u00ed tak cenn\u00fd \u010das a \u00fasil\u00ed, kter\u00e9 mohou l\u00e9pe vyu\u017e\u00edt v jin\u00fdch oblastech podnik\u00e1n\u00ed.<\/p>\n<h3>2. P\u0159\u00edstup k N\u00e1kup\u016fm Google<\/h3>\n<p>N\u00e1kupy Google je v\u00fdkonn\u00e1 reklamn\u00ed platforma, kter\u00e1 umo\u017e\u0148uje firm\u00e1m prezentovat sv\u00e9 produkty s obr\u00e1zky, cenami a dal\u0161\u00edmi d\u016fle\u017eit\u00fdmi \u00fadaji. S p\u0159edem schv\u00e1len\u00fdm \u00fa\u010dtem Merchant Center mohou firmy vyu\u017e\u00edt obrovsk\u00fd potenci\u00e1l slu\u017eby Google Shopping a oslovit miliony potenci\u00e1ln\u00edch z\u00e1kazn\u00edk\u016f.<\/p>\n<h3>3. Odbornost a podpora<\/h3>\n<p>Renomovan\u00ed prodejci \u00fa\u010dt\u016f Google Ads Merchant Center \u010dasto poskytuj\u00ed dal\u0161\u00ed podporu a poradenstv\u00ed, aby pomohli firm\u00e1m co nejl\u00e9pe vyu\u017e\u00edt jejich \u00fa\u010dty. To m\u016f\u017ee zahrnovat tipy na optimalizaci datov\u00fdch kan\u00e1l\u016f produkt\u016f, nastaven\u00ed efektivn\u00edch reklamn\u00edch kampan\u00ed a maximalizaci n\u00e1vratnosti investic.<\/p>\n<h3>4. V\u011bt\u0161\u00ed viditelnost online<\/h3>\n<p>D\u00edky \u00fa\u010dtu Google Ads Merchant Center mohou firmy zv\u00fd\u0161it svou viditelnost online a oslovit \u0161ir\u0161\u00ed publikum. Prezentac\u00ed produkt\u016f p\u0159\u00edmo na str\u00e1nce s v\u00fdsledky vyhled\u00e1v\u00e1n\u00ed Google mohou podniky p\u0159il\u00e1kat v\u00edce potenci\u00e1ln\u00edch z\u00e1kazn\u00edk\u016f a zv\u00fd\u0161it n\u00e1v\u0161t\u011bvnost sv\u00fdch webov\u00fdch str\u00e1nek.<\/p>\n<h3>5. Konkuren\u010dn\u00ed v\u00fdhoda<\/h3>\n<p>Zakoupen\u00edm p\u0159edem schv\u00e1len\u00e9ho \u00fa\u010dtu Google Ads Merchant Center mohou firmy z\u00edskat konkuren\u010dn\u00ed v\u00fdhodu. Umo\u017e\u0148uje jim okam\u017eit\u011b za\u010d\u00edt inzerovat v N\u00e1kupech Google, zat\u00edmco jejich konkurenti mohou st\u00e1le bojovat o schv\u00e1len\u00ed sv\u00fdch \u00fa\u010dt\u016f. Tento v\u010dasn\u00fd vstup na trh m\u016f\u017ee v\u00e9st ke zv\u00fd\u0161en\u00ed prodeje a uzn\u00e1n\u00ed zna\u010dky.<\/p>\n<h2>Z\u00e1v\u011br<\/h2>\n<p>Z\u00edsk\u00e1n\u00ed \u00fa\u010dtu Google Ads Merchant Center m\u016f\u017ee b\u00fdt n\u00e1ro\u010dn\u00fd proces, ale zakoupen\u00ed p\u0159edem schv\u00e1len\u00e9ho \u00fa\u010dtu m\u016f\u017ee podnik\u016fm poskytnout zkratku k \u00fasp\u011bchu. \u0160et\u0159\u00ed \u010das a \u00fasil\u00ed, poskytuje p\u0159\u00edstup k N\u00e1kup\u016fm Google, nab\u00edz\u00ed odborn\u00e9 znalosti a podporu, zvy\u0161uje viditelnost na internetu a poskytuje konkuren\u010dn\u00ed v\u00fdhodu. Pokud chcete maximalizovat sv\u00e9 \u00fasil\u00ed v oblasti online reklamy a oslovit \u0161ir\u0161\u00ed publikum, m\u016f\u017ee b\u00fdt zakoupen\u00ed \u00fa\u010dtu Google Ads Merchant Center pro va\u0161i firmu tou spr\u00e1vnou volbou.<\/p>","protected":false},"excerpt":{"rendered":"<p>Sell your products on Google Shopping with our Verified Google Merchant Center accounts. Google Merchant Center is a tool that helps you upload your shop and product data to Google and make it available for Shopping ads and other Google services. All accounts are Business and Identity verified and are agency created in 2018. These [&#8230;]\n","protected":false},"featured_media":418,"template":"","meta":[],"product_brand":[],"product_cat":[78],"product_tag":[211,209,114,210,207,208],"class_list":{"0":"post-480","1":"product","2":"type-product","3":"status-publish","4":"has-post-thumbnail","6":"product_cat-buy-google-ads-services","7":"product_tag-buy-google-ads-merchant-center","8":"product_tag-google-ads-merchant-account","9":"product_tag-google-ads-merchant-center","10":"product_tag-google-ads-merchant-center-accounts","11":"product_tag-google-merchant-center","12":"product_tag-google-merchant-center-accounts","14":"first","15":"instock","16":"shipping-taxable","17":"purchasable","18":"product-type-simple"},"yoast_head":"<!-- This site is optimized with the Yoast SEO Premium plugin v27.2 (Yoast SEO v27.4) - https:\/\/yoast.com\/product\/yoast-seo-premium-wordpress\/ -->\n<title>Google Ads Merchant Center Account - Buy Google Ads Accounts<\/title>\n<meta name=\"description\" content=\"Buy a Verified Google Merchant Center Account and advertise your products instantly. Run ads on Google Ads with our Google Merchant Center accounts.\" \/>\n<meta name=\"robots\" content=\"index, follow, max-snippet:-1, max-image-preview:large, max-video-preview:-1\" \/>\n<link rel=\"canonical\" href=\"https:\/\/buygoogleadsaccounts.com\/cs\/googleads\/ucet-obchodniho-centra-google-ads\/\" \/>\n<meta property=\"og:locale\" content=\"cs_CZ\" \/>\n<meta property=\"og:type\" content=\"article\" \/>\n<meta property=\"og:title\" content=\"Google Ads Merchant Center Account\" \/>\n<meta property=\"og:description\" content=\"Buy a Verified Google Merchant Center Account and advertise your products instantly. Run ads on Google Ads with our Google Merchant Center accounts.\" \/>\n<meta property=\"og:url\" content=\"https:\/\/buygoogleadsaccounts.com\/cs\/googleads\/ucet-obchodniho-centra-google-ads\/\" \/>\n<meta property=\"og:site_name\" content=\"Buy Google Ads Accounts\" \/>\n<meta property=\"article:modified_time\" content=\"2023-12-13T11:01:31+00:00\" \/>\n<meta property=\"og:image\" content=\"http:\/\/buygoogleadsaccounts.com\/wp-content\/uploads\/2022\/11\/google-ads-accounts-sale.png\" \/>\n\t<meta property=\"og:image:width\" content=\"500\" \/>\n\t<meta property=\"og:image:height\" content=\"500\" \/>\n\t<meta property=\"og:image:type\" content=\"image\/png\" \/>\n<meta name=\"twitter:card\" content=\"summary_large_image\" \/>\n<meta name=\"twitter:label1\" content=\"Odhadovan\u00e1 doba \u010dten\u00ed\" \/>\n\t<meta name=\"twitter:data1\" content=\"3 minuty\" \/>\n<script type=\"application\/ld+json\" class=\"yoast-schema-graph\">{\"@context\":\"https:\\\/\\\/schema.org\",\"@graph\":[{\"@type\":\"WebPage\",\"@id\":\"https:\\\/\\\/buygoogleadsaccounts.com\\\/googleads\\\/google-ads-merchant-center-account\\\/\",\"url\":\"https:\\\/\\\/buygoogleadsaccounts.com\\\/googleads\\\/google-ads-merchant-center-account\\\/\",\"name\":\"Google Ads Merchant Center Account - Buy Google Ads Accounts\",\"isPartOf\":{\"@id\":\"https:\\\/\\\/buygoogleadsaccounts.com\\\/#website\"},\"primaryImageOfPage\":{\"@id\":\"https:\\\/\\\/buygoogleadsaccounts.com\\\/googleads\\\/google-ads-merchant-center-account\\\/#primaryimage\"},\"image\":{\"@id\":\"https:\\\/\\\/buygoogleadsaccounts.com\\\/googleads\\\/google-ads-merchant-center-account\\\/#primaryimage\"},\"thumbnailUrl\":\"https:\\\/\\\/buygoogleadsaccounts.com\\\/wp-content\\\/uploads\\\/2022\\\/11\\\/google-ads-accounts-sale.png\",\"datePublished\":\"2022-11-06T13:08:11+00:00\",\"dateModified\":\"2023-12-13T11:01:31+00:00\",\"description\":\"Buy a Verified Google Merchant Center Account and advertise your products instantly. Run ads on Google Ads with our Google Merchant Center accounts.\",\"breadcrumb\":{\"@id\":\"https:\\\/\\\/buygoogleadsaccounts.com\\\/googleads\\\/google-ads-merchant-center-account\\\/#breadcrumb\"},\"inLanguage\":\"cs\",\"potentialAction\":[{\"@type\":\"ReadAction\",\"target\":[\"https:\\\/\\\/buygoogleadsaccounts.com\\\/googleads\\\/google-ads-merchant-center-account\\\/\"]}]},{\"@type\":\"ImageObject\",\"inLanguage\":\"cs\",\"@id\":\"https:\\\/\\\/buygoogleadsaccounts.com\\\/googleads\\\/google-ads-merchant-center-account\\\/#primaryimage\",\"url\":\"https:\\\/\\\/buygoogleadsaccounts.com\\\/wp-content\\\/uploads\\\/2022\\\/11\\\/google-ads-accounts-sale.png\",\"contentUrl\":\"https:\\\/\\\/buygoogleadsaccounts.com\\\/wp-content\\\/uploads\\\/2022\\\/11\\\/google-ads-accounts-sale.png\",\"width\":500,\"height\":500},{\"@type\":\"BreadcrumbList\",\"@id\":\"https:\\\/\\\/buygoogleadsaccounts.com\\\/googleads\\\/google-ads-merchant-center-account\\\/#breadcrumb\",\"itemListElement\":[{\"@type\":\"ListItem\",\"position\":1,\"name\":\"Home\",\"item\":\"https:\\\/\\\/buygoogleadsaccounts.com\\\/\"},{\"@type\":\"ListItem\",\"position\":2,\"name\":\"Shop\",\"item\":\"https:\\\/\\\/buygoogleadsaccounts.com\\\/el\\\/%ce%ba%ce%b1%cf%84%ce%ac%cf%83%cf%84%ce%b7%ce%bc%ce%b1\\\/\"},{\"@type\":\"ListItem\",\"position\":3,\"name\":\"Google Ads Merchant Center Account\"}]},{\"@type\":\"WebSite\",\"@id\":\"https:\\\/\\\/buygoogleadsaccounts.com\\\/#website\",\"url\":\"https:\\\/\\\/buygoogleadsaccounts.com\\\/\",\"name\":\"Buy Google Ads Accounts\",\"description\":\"\",\"publisher\":{\"@id\":\"https:\\\/\\\/buygoogleadsaccounts.com\\\/#organization\"},\"potentialAction\":[{\"@type\":\"SearchAction\",\"target\":{\"@type\":\"EntryPoint\",\"urlTemplate\":\"https:\\\/\\\/buygoogleadsaccounts.com\\\/?s={search_term_string}\"},\"query-input\":{\"@type\":\"PropertyValueSpecification\",\"valueRequired\":true,\"valueName\":\"search_term_string\"}}],\"inLanguage\":\"cs\"},{\"@type\":\"Organization\",\"@id\":\"https:\\\/\\\/buygoogleadsaccounts.com\\\/#organization\",\"name\":\"Buy Google Ads Accounts\",\"url\":\"https:\\\/\\\/buygoogleadsaccounts.com\\\/\",\"logo\":{\"@type\":\"ImageObject\",\"inLanguage\":\"cs\",\"@id\":\"https:\\\/\\\/buygoogleadsaccounts.com\\\/#\\\/schema\\\/logo\\\/image\\\/\",\"url\":\"https:\\\/\\\/buygoogleadsaccounts.com\\\/wp-content\\\/uploads\\\/2022\\\/11\\\/cropped-fav.jpg\",\"contentUrl\":\"https:\\\/\\\/buygoogleadsaccounts.com\\\/wp-content\\\/uploads\\\/2022\\\/11\\\/cropped-fav.jpg\",\"width\":512,\"height\":512,\"caption\":\"Buy Google Ads Accounts\"},\"image\":{\"@id\":\"https:\\\/\\\/buygoogleadsaccounts.com\\\/#\\\/schema\\\/logo\\\/image\\\/\"}}]}<\/script>\n<!-- \/ Yoast SEO Premium plugin. -->","yoast_head_json":{"title":"\u00da\u010det Google Ads Merchant Center - Koupit \u00fa\u010dty Google Ads","description":"Kupte si ov\u011b\u0159en\u00fd \u00fa\u010det Google Merchant Center a inzerujte sv\u00e9 produkty okam\u017eit\u011b. Spou\u0161t\u011bjte reklamy v Google Ads pomoc\u00ed na\u0161ich \u00fa\u010dt\u016f Google Merchant Center.","robots":{"index":"index","follow":"follow","max-snippet":"max-snippet:-1","max-image-preview":"max-image-preview:large","max-video-preview":"max-video-preview:-1"},"canonical":"https:\/\/buygoogleadsaccounts.com\/cs\/googleads\/ucet-obchodniho-centra-google-ads\/","og_locale":"cs_CZ","og_type":"article","og_title":"Google Ads Merchant Center Account","og_description":"Buy a Verified Google Merchant Center Account and advertise your products instantly. Run ads on Google Ads with our Google Merchant Center accounts.","og_url":"https:\/\/buygoogleadsaccounts.com\/cs\/googleads\/ucet-obchodniho-centra-google-ads\/","og_site_name":"Buy Google Ads Accounts","article_modified_time":"2023-12-13T11:01:31+00:00","og_image":[{"width":500,"height":500,"url":"http:\/\/buygoogleadsaccounts.com\/wp-content\/uploads\/2022\/11\/google-ads-accounts-sale.png","type":"image\/png"}],"twitter_card":"summary_large_image","twitter_misc":{"Odhadovan\u00e1 doba \u010dten\u00ed":"3 minuty"},"schema":{"@context":"https:\/\/schema.org","@graph":[{"@type":"WebPage","@id":"https:\/\/buygoogleadsaccounts.com\/googleads\/google-ads-merchant-center-account\/","url":"https:\/\/buygoogleadsaccounts.com\/googleads\/google-ads-merchant-center-account\/","name":"\u00da\u010det Google Ads Merchant Center - Koupit \u00fa\u010dty Google Ads","isPartOf":{"@id":"https:\/\/buygoogleadsaccounts.com\/#website"},"primaryImageOfPage":{"@id":"https:\/\/buygoogleadsaccounts.com\/googleads\/google-ads-merchant-center-account\/#primaryimage"},"image":{"@id":"https:\/\/buygoogleadsaccounts.com\/googleads\/google-ads-merchant-center-account\/#primaryimage"},"thumbnailUrl":"https:\/\/buygoogleadsaccounts.com\/wp-content\/uploads\/2022\/11\/google-ads-accounts-sale.png","datePublished":"2022-11-06T13:08:11+00:00","dateModified":"2023-12-13T11:01:31+00:00","description":"Kupte si ov\u011b\u0159en\u00fd \u00fa\u010det Google Merchant Center a inzerujte sv\u00e9 produkty okam\u017eit\u011b. Spou\u0161t\u011bjte reklamy v Google Ads pomoc\u00ed na\u0161ich \u00fa\u010dt\u016f Google Merchant Center.","breadcrumb":{"@id":"https:\/\/buygoogleadsaccounts.com\/googleads\/google-ads-merchant-center-account\/#breadcrumb"},"inLanguage":"cs","potentialAction":[{"@type":"ReadAction","target":["https:\/\/buygoogleadsaccounts.com\/googleads\/google-ads-merchant-center-account\/"]}]},{"@type":"ImageObject","inLanguage":"cs","@id":"https:\/\/buygoogleadsaccounts.com\/googleads\/google-ads-merchant-center-account\/#primaryimage","url":"https:\/\/buygoogleadsaccounts.com\/wp-content\/uploads\/2022\/11\/google-ads-accounts-sale.png","contentUrl":"https:\/\/buygoogleadsaccounts.com\/wp-content\/uploads\/2022\/11\/google-ads-accounts-sale.png","width":500,"height":500},{"@type":"BreadcrumbList","@id":"https:\/\/buygoogleadsaccounts.com\/googleads\/google-ads-merchant-center-account\/#breadcrumb","itemListElement":[{"@type":"ListItem","position":1,"name":"Home","item":"https:\/\/buygoogleadsaccounts.com\/"},{"@type":"ListItem","position":2,"name":"Shop","item":"https:\/\/buygoogleadsaccounts.com\/el\/%ce%ba%ce%b1%cf%84%ce%ac%cf%83%cf%84%ce%b7%ce%bc%ce%b1\/"},{"@type":"ListItem","position":3,"name":"Google Ads Merchant Center Account"}]},{"@type":"WebSite","@id":"https:\/\/buygoogleadsaccounts.com\/#website","url":"https:\/\/buygoogleadsaccounts.com\/","name":"Koupit \u00fa\u010dty Google Ads","description":"","publisher":{"@id":"https:\/\/buygoogleadsaccounts.com\/#organization"},"potentialAction":[{"@type":"SearchAction","target":{"@type":"EntryPoint","urlTemplate":"https:\/\/buygoogleadsaccounts.com\/?s={search_term_string}"},"query-input":{"@type":"PropertyValueSpecification","valueRequired":true,"valueName":"search_term_string"}}],"inLanguage":"cs"},{"@type":"Organization","@id":"https:\/\/buygoogleadsaccounts.com\/#organization","name":"Koupit \u00fa\u010dty Google Ads","url":"https:\/\/buygoogleadsaccounts.com\/","logo":{"@type":"ImageObject","inLanguage":"cs","@id":"https:\/\/buygoogleadsaccounts.com\/#\/schema\/logo\/image\/","url":"https:\/\/buygoogleadsaccounts.com\/wp-content\/uploads\/2022\/11\/cropped-fav.jpg","contentUrl":"https:\/\/buygoogleadsaccounts.com\/wp-content\/uploads\/2022\/11\/cropped-fav.jpg","width":512,"height":512,"caption":"Buy Google Ads Accounts"},"image":{"@id":"https:\/\/buygoogleadsaccounts.com\/#\/schema\/logo\/image\/"}}]}},"_links":{"self":[{"href":"https:\/\/buygoogleadsaccounts.com\/cs\/wp-json\/wp\/v2\/product\/480","targetHints":{"allow":["GET"]}}],"collection":[{"href":"https:\/\/buygoogleadsaccounts.com\/cs\/wp-json\/wp\/v2\/product"}],"about":[{"href":"https:\/\/buygoogleadsaccounts.com\/cs\/wp-json\/wp\/v2\/types\/product"}],"wp:featuredmedia":[{"embeddable":true,"href":"https:\/\/buygoogleadsaccounts.com\/cs\/wp-json\/wp\/v2\/media\/418"}],"wp:attachment":[{"href":"https:\/\/buygoogleadsaccounts.com\/cs\/wp-json\/wp\/v2\/media?parent=480"}],"wp:term":[{"taxonomy":"product_brand","embeddable":true,"href":"https:\/\/buygoogleadsaccounts.com\/cs\/wp-json\/wp\/v2\/product_brand?post=480"},{"taxonomy":"product_cat","embeddable":true,"href":"https:\/\/buygoogleadsaccounts.com\/cs\/wp-json\/wp\/v2\/product_cat?post=480"},{"taxonomy":"product_tag","embeddable":true,"href":"https:\/\/buygoogleadsaccounts.com\/cs\/wp-json\/wp\/v2\/product_tag?post=480"}],"curies":[{"name":"wp","href":"https:\/\/api.w.org\/{rel}","templated":true}]}}